{"id":4123,"date":"2025-07-25T02:40:42","date_gmt":"2025-07-25T02:40:42","guid":{"rendered":"https:\/\/jinancuchem.com\/?post_type=product&#038;p=4123"},"modified":"2025-07-28T00:23:45","modified_gmt":"2025-07-28T00:23:45","slug":"ethyl-formate","status":"publish","type":"product","link":"https:\/\/jinancuchem.com\/es\/producto\/ethyl-formate\/","title":{"rendered":"Formiato de etilo"},"content":{"rendered":"<p>\u3010CAS\u3011109-94-4<\/p>\n<p>Alias: \u00c9STER ET\u00cdLICO DEL \u00c1CIDO F\u00d3RMICO;\u00c9TER F\u00d3RMICO;METANOATO DE ETILO<\/p>\n<p>F\u00f3rmula molecular: C<sub>3<\/sub>H<sub>6<\/sub>O<sub>2<\/sub>\u00a0\u00a0Masa molecular relativa: 74,08<\/p>\n<p>F\u00f3rmula estructural:<img alt=\"\" decoding=\"async\" class=\"alignnone size-full wp-image-4130\" src=\"https:\/\/jinancuchem.com\/wp-content\/uploads\/2025\/07\/\u56fe\u72472-4.png\" width=\"150\" height=\"34\" srcset=\"https:\/\/jinancuchem.com\/wp-content\/uploads\/2025\/07\/\u56fe\u72472-4.png 150w, https:\/\/jinancuchem.com\/wp-content\/uploads\/2025\/07\/\u56fe\u72472-4-18x4.png 18w\" sizes=\"(max-width: 150px) 100vw, 150px\" \/><\/p>\n<p>&nbsp;<\/p>\n<h4>1.Propiedad del producto<\/h4>\n<p>El formiato de etilo es un l\u00edquido incoloro ligeramente soluble en agua y soluble en la mayor\u00eda de disolventes org\u00e1nicos como el benceno, el etanol y el \u00e9ter. Se utiliza principalmente como disolvente del \u00e1cido ac\u00e9tico o la nitrocelulosa, as\u00ed como en la s\u00edntesis de fragancias y en la producci\u00f3n farmac\u00e9utica.<\/p>\n<p>&nbsp;<\/p>\n<h4>2.<\/h4>\n<table>\n<tbody>\n<tr>\n<td><strong><b>Par\u00e1metro<\/b><\/strong><\/td>\n<td><strong><b>Grado industrial<\/b><\/strong><\/td>\n<td><strong><b>Grado alimentario (FEMA 2434)<\/b><\/strong><\/td>\n<\/tr>\n<tr>\n<td><strong><b>Pureza<\/b><\/strong><\/td>\n<td>\u226598.0%<\/td>\n<td>\u226599.0%<\/td>\n<\/tr>\n<tr>\n<td><strong><b>Apariencia<\/b><\/strong><\/td>\n<td>L\u00edquido incoloro<\/td>\n<td>L\u00edquido incoloro<\/td>\n<\/tr>\n<tr>\n<td><strong><b>Olor<\/b><\/strong><\/td>\n<td>Et\u00e9reo, parecido al ron<\/td>\n<td>Dulce, afrutado<\/td>\n<\/tr>\n<tr>\n<td><strong><b>Densidad (20\u00b0C)<\/b><\/strong><\/td>\n<td>0,915-0,925 g\/cm\u00b3<\/td>\n<td>0,917-0,923 g\/cm\u00b3<\/td>\n<\/tr>\n<tr>\n<td><strong><b>\u00cdndice de refracci\u00f3n (20\u00b0C)<\/b><\/strong><\/td>\n<td>1.359-1.363<\/td>\n<td>1.360-1.362<\/td>\n<\/tr>\n<tr>\n<td><strong><b>Acidez (como \u00e1cido f\u00f3rmico)<\/b><\/strong><\/td>\n<td>\u22640.05%<\/td>\n<td>\u22640.02%<\/td>\n<\/tr>\n<tr>\n<td><strong><b>Contenido en agua<\/b><\/strong><\/td>\n<td>\u22640.1%<\/td>\n<td>\u22640.05%<\/td>\n<\/tr>\n<\/tbody>\n<\/table>\n<p>&nbsp;<\/p>\n<h4>3.\u00c1mbito de aplicaci\u00f3n y uso<\/h4>\n<p>El formiato de etilo se utiliza como disolvente para nitrocelulosa, acetato de celulosa, etc., y como bactericida, larvicida y fumigante para alimentos, cigarrillos, cereales y frutos secos. El formiato de etilo tambi\u00e9n puede utilizarse como esencia para mezclar las fragancias de melocotones, pl\u00e1tanos, manzanas, albaricoques, pi\u00f1as, bayas, etc., y tambi\u00e9n como agente aromatizante de mantequilla, brandy, vino dulce y whisky.<\/p>\n<p>&nbsp;<\/p>\n<h4>4.Embalaje y almacenamiento<\/h4>\n<p>El formiato de etilo se envasa en bidones de pl\u00e1stico HDPE de 25 kg o en bidones de aluminio. Para los productos de grado alimentario, debe llenarse con nitr\u00f3geno para su protecci\u00f3n. Debe almacenarse en un almac\u00e9n a prueba de incendios (&lt; 25\u2103), estrictamente alejado de fuentes de fuego, protegido de la luz y de la toma de tierra, y almacenado con ventilaci\u00f3n. La vida \u00fatil es de 12 meses.<\/p>","protected":false},"excerpt":{"rendered":"<p>\u3010CAS\u3011109-94-4 Alias: FORMIC ACID ETHYL ESTER;FORMIC ETHER;ETHYL METHANOATE Molecular formula: C3H6O2\u00a0\u00a0Relative molecular mass: 74.08 Structural formula: &nbsp; 1.Product Property Ethyl formate is a colorless liquid that is slightly soluble in water and soluble in most organic solvents such as benzene, ethanol, and ether. It is mainly used as a solvent for acetic acid or nitrocellulose, [&hellip;]<\/p>\n","protected":false},"featured_media":4126,"template":"","meta":{"_seopress_robots_primary_cat":"none","_seopress_titles_title":"","_seopress_titles_desc":"","_seopress_robots_index":"","_uag_custom_page_level_css":"","site-sidebar-layout":"default","site-content-layout":"","ast-site-content-layout":"default","site-content-style":"default","site-sidebar-style":"default","ast-global-header-display":"","ast-banner-title-visibility":"","ast-main-header-display":"","ast-hfb-above-header-display":"","ast-hfb-below-header-display":"","ast-hfb-mobile-header-display":"","site-post-title":"","ast-breadcrumbs-content":"","ast-featured-img":"","footer-sml-layout":"","theme-transparent-header-meta":"default","adv-header-id-meta":"","stick-header-meta":"default","header-above-stick-meta":"","header-main-stick-meta":"","header-below-stick-meta":"","astra-migrate-meta-layouts":"set","ast-page-background-enabled":"default","ast-page-background-meta":{"desktop":{"background-color":"","background-image":"","background-repeat":"repeat","background-position":"center center","background-size":"auto","background-attachment":"scroll","background-type":"","background-media":"","overlay-type":"","overlay-color":"","overlay-opacity":"","overlay-gradient":""},"tablet":{"background-color":"","background-image":"","background-repeat":"repeat","background-position":"center center","background-size":"auto","background-attachment":"scroll","background-type":"","background-media":"","overlay-type":"","overlay-color":"","overlay-opacity":"","overlay-gradient":""},"mobile":{"background-color":"","background-image":"","background-repeat":"repeat","background-position":"center center","background-size":"auto","background-attachment":"scroll","background-type":"","background-media":"","overlay-type":"","overlay-color":"","overlay-opacity":"","overlay-gradient":""}},"ast-content-background-meta":{"desktop":{"background-color":"var(--ast-global-color-5)","background-image":"","background-repeat":"repeat","background-position":"center center","background-size":"auto","background-attachment":"scroll","background-type":"","background-media":"","overlay-type":"","overlay-color":"","overlay-opacity":"","overlay-gradient":""},"tablet":{"background-color":"var(--ast-global-color-5)","background-image":"","background-repeat":"repeat","background-position":"center center","background-size":"auto","background-attachment":"scroll","background-type":"","background-media":"","overlay-type":"","overlay-color":"","overlay-opacity":"","overlay-gradient":""},"mobile":{"background-color":"var(--ast-global-color-5)","background-image":"","background-repeat":"repeat","background-position":"center center","background-size":"auto","background-attachment":"scroll","background-type":"","background-media":"","overlay-type":"","overlay-color":"","overlay-opacity":"","overlay-gradient":""}}},"product_brand":[],"product_cat":[67],"product_tag":[],"class_list":{"0":"post-4123","1":"product","2":"type-product","3":"status-publish","4":"has-post-thumbnail","6":"product_cat-food-additives","7":"desktop-align-left","8":"tablet-align-left","9":"mobile-align-left","10":"ast-product-gallery-layout-horizontal-slider","11":"ast-product-gallery-with-no-image","12":"ast-product-tabs-layout-horizontal","14":"first","15":"instock","16":"shipping-taxable","17":"product-type-simple"},"uagb_featured_image_src":{"full":["https:\/\/jinancuchem.com\/wp-content\/uploads\/2025\/07\/\u672a\u6807\u9898-1-2.png",800,800,false],"thumbnail":["https:\/\/jinancuchem.com\/wp-content\/uploads\/2025\/07\/\u672a\u6807\u9898-1-2-150x150.png",150,150,true],"medium":["https:\/\/jinancuchem.com\/wp-content\/uploads\/2025\/07\/\u672a\u6807\u9898-1-2-300x300.png",300,300,true],"medium_large":["https:\/\/jinancuchem.com\/wp-content\/uploads\/2025\/07\/\u672a\u6807\u9898-1-2-768x768.png",768,768,true],"large":["https:\/\/jinancuchem.com\/wp-content\/uploads\/2025\/07\/\u672a\u6807\u9898-1-2.png",800,800,false],"1536x1536":["https:\/\/jinancuchem.com\/wp-content\/uploads\/2025\/07\/\u672a\u6807\u9898-1-2.png",800,800,false],"2048x2048":["https:\/\/jinancuchem.com\/wp-content\/uploads\/2025\/07\/\u672a\u6807\u9898-1-2.png",800,800,false],"trp-custom-language-flag":["https:\/\/jinancuchem.com\/wp-content\/uploads\/2025\/07\/\u672a\u6807\u9898-1-2-12x12.png",12,12,true],"woocommerce_thumbnail":["https:\/\/jinancuchem.com\/wp-content\/uploads\/2025\/07\/\u672a\u6807\u9898-1-2-300x300.png",300,300,true],"woocommerce_single":["https:\/\/jinancuchem.com\/wp-content\/uploads\/2025\/07\/\u672a\u6807\u9898-1-2-600x600.png",500,500,true],"woocommerce_gallery_thumbnail":["https:\/\/jinancuchem.com\/wp-content\/uploads\/2025\/07\/\u672a\u6807\u9898-1-2-100x100.png",100,100,true]},"uagb_author_info":{"display_name":"jinxing6611@gmail.com","author_link":"https:\/\/jinancuchem.com\/es\/author\/"},"uagb_comment_info":0,"uagb_excerpt":"\u3010CAS\u3011109-94-4 Alias: FORMIC ACID ETHYL ESTER;FORMIC ETHER;ETHYL METHANOATE Molecular formula: C3H6O2\u00a0\u00a0Relative molecular mass: 74.08 Structural formula: &nbsp; 1.Product Property Ethyl formate is a colorless liquid that is slightly soluble in water and soluble in most organic solvents such as benzene, ethanol, and ether. It is mainly used as a solvent for acetic acid or nitrocellulose,&hellip;","_links":{"self":[{"href":"https:\/\/jinancuchem.com\/es\/wp-json\/wp\/v2\/product\/4123","targetHints":{"allow":["GET"]}}],"collection":[{"href":"https:\/\/jinancuchem.com\/es\/wp-json\/wp\/v2\/product"}],"about":[{"href":"https:\/\/jinancuchem.com\/es\/wp-json\/wp\/v2\/types\/product"}],"wp:featuredmedia":[{"embeddable":true,"href":"https:\/\/jinancuchem.com\/es\/wp-json\/wp\/v2\/media\/4126"}],"wp:attachment":[{"href":"https:\/\/jinancuchem.com\/es\/wp-json\/wp\/v2\/media?parent=4123"}],"wp:term":[{"taxonomy":"product_brand","embeddable":true,"href":"https:\/\/jinancuchem.com\/es\/wp-json\/wp\/v2\/product_brand?post=4123"},{"taxonomy":"product_cat","embeddable":true,"href":"https:\/\/jinancuchem.com\/es\/wp-json\/wp\/v2\/product_cat?post=4123"},{"taxonomy":"product_tag","embeddable":true,"href":"https:\/\/jinancuchem.com\/es\/wp-json\/wp\/v2\/product_tag?post=4123"}],"curies":[{"name":"wp","href":"https:\/\/api.w.org\/{rel}","templated":true}]}}