{"id":4127,"date":"2025-07-25T02:43:45","date_gmt":"2025-07-25T02:43:45","guid":{"rendered":"https:\/\/jinancuchem.com\/?post_type=product&#038;p=4127"},"modified":"2025-07-25T02:43:45","modified_gmt":"2025-07-25T02:43:45","slug":"hydrolyzed-polymaleic-anhydride%ef%bc%88hpma%ef%bc%89","status":"publish","type":"product","link":"https:\/\/jinancuchem.com\/es\/producto\/hydrolyzed-polymaleic-anhydride%ef%bc%88hpma%ef%bc%89\/","title":{"rendered":"Anh\u00eddrido polimaleico hidrolizado\uff08HPMA\uff09"},"content":{"rendered":"<p>Anh\u00eddrido polimaleico hidrolizado<\/p>\n<p>Descripci\u00f3n del producto: HPMA es un pol\u00edmero de bajo peso molecular, con un peso molecular medio de 400-800. Sin toxicidad, soluble en agua, alta estabilidad qu\u00edmica y t\u00e9rmica, temperatura de descomposici\u00f3n superior a 330\u2103.<\/p>\n<p>CAS\u3011 26099-09-02<\/p>\n<p>Dequest\uff1aP9000<\/p>\n<p>F\u00f3rmula estructural\uff1a<img alt=\"\" fetchpriority=\"high\" decoding=\"async\" class=\"alignnone size-full wp-image-4139\" src=\"https:\/\/jinancuchem.com\/wp-content\/uploads\/2025\/07\/\u672a\u6807\u9898-1.jpg\" width=\"800\" height=\"800\" srcset=\"https:\/\/jinancuchem.com\/wp-content\/uploads\/2025\/07\/\u672a\u6807\u9898-1.jpg 800w, https:\/\/jinancuchem.com\/wp-content\/uploads\/2025\/07\/\u672a\u6807\u9898-1-300x300.jpg 300w, https:\/\/jinancuchem.com\/wp-content\/uploads\/2025\/07\/\u672a\u6807\u9898-1-150x150.jpg 150w, https:\/\/jinancuchem.com\/wp-content\/uploads\/2025\/07\/\u672a\u6807\u9898-1-768x768.jpg 768w, https:\/\/jinancuchem.com\/wp-content\/uploads\/2025\/07\/\u672a\u6807\u9898-1-12x12.jpg 12w, https:\/\/jinancuchem.com\/wp-content\/uploads\/2025\/07\/\u672a\u6807\u9898-1-600x600.jpg 600w, https:\/\/jinancuchem.com\/wp-content\/uploads\/2025\/07\/\u672a\u6807\u9898-1-100x100.jpg 100w\" sizes=\"(max-width: 800px) 100vw, 800px\" \/><\/p>\n<ol>\n<li>Propiedad del producto<\/li>\n<\/ol>\n<p>El HPMA es un pol\u00edmero de bajo peso molecular, con un peso molecular medio de 400-800. No es t\u00f3xico. No es t\u00f3xico, es soluble en agua, tiene gran estabilidad qu\u00edmica y t\u00e9rmica, y su temperatura de descomposici\u00f3n es superior a 330\u2103. HPMA tiene un efecto de umbral obvio bajo alta temperatura (350\u2103) y alto nivel de pH (8.3), adecuado para ser usado en sistema de agua alcalina o construido con agentes. Tiene una buena inhibici\u00f3n de incrustaciones de carbonatos y fosfatos a temperaturas de 300 \u2103, con un tiempo de eficacia de hasta 100 horas. Debido a sus buenas propiedades de inhibici\u00f3n de incrustaciones y tolerancia a altas temperaturas, HPMA se utiliza ampliamente en plantas desalinizadoras de equipos de vaporizaci\u00f3n flash, calderas de baja presi\u00f3n, locomotoras de vapor, evaporaci\u00f3n de petr\u00f3leo crudo, oleoductos y sistemas industriales de circulaci\u00f3n de agua fr\u00eda. Adem\u00e1s, HPMA tiene un buen efecto de inhibici\u00f3n de la corrosi\u00f3n cuando se utiliza junto con sal de zinc.<\/p>\n<p>El HPMA tambi\u00e9n puede utilizarse como aditivo para el cemento.<\/p>\n<ol>\n<li>\u00cdndice de calidad:<\/li>\n<\/ol>\n<table>\n<tbody>\n<tr>\n<td>Art\u00edculos<\/td>\n<td>\u00cdndice<\/td>\n<\/tr>\n<tr>\n<td>Apariencia<\/td>\n<td>L\u00edquido transparente amarillo claro-marr\u00f3n rojizo<\/td>\n<\/tr>\n<tr>\n<td>Contenido en s\u00f3lidos \uff05<\/td>\n<td>48.0<\/td>\n<\/tr>\n<tr>\n<td>Valor de bromo mg\/g<\/td>\n<td>80.0<\/td>\n<\/tr>\n<tr>\n<td>Peso molecular medio<\/td>\n<td>450<\/td>\n<\/tr>\n<tr>\n<td>PH (soluci\u00f3n al 1\uff05)<\/td>\n<td>2.0~3.0<\/td>\n<\/tr>\n<tr>\n<td>Densidad \uff0820\u2103\uff09g\/cm3<\/td>\n<td>1.18<\/td>\n<\/tr>\n<\/tbody>\n<\/table>\n<p>III. Utilizaci\u00f3n<\/p>\n<p>HPMA se utiliza normalmente junto con fosfonato org\u00e1nico en dosis de 1-15ppm para sistemas de circulaci\u00f3n de agua fr\u00eda, agua de relleno de yacimientos petrol\u00edferos, deshidrataci\u00f3n de petr\u00f3leo crudo y calderas de baja presi\u00f3n. HPMA tiene buenas propiedades de inhibici\u00f3n de incrustaciones (98%) y de eliminaci\u00f3n de incrustaciones. Cuando se utiliza junto con sales de zinc, puede inhibir eficazmente la corrosi\u00f3n del acero al carbono.<\/p>\n<p>\u2163. Seguridad y protecci\u00f3n:<\/p>\n<p>Este producto tiene acidez. Evitar el contacto con los ojos y la piel. Una vez en contacto, lavar con agua.<\/p>\n<ol>\n<li>Embalaje y almacenamiento<\/li>\n<\/ol>\n<p>Normalmente se envasa en bidones de pl\u00e1stico de 25 kg o en los que solicite el cliente. Puede almacenarse durante 10 meses.<\/p>","protected":false},"excerpt":{"rendered":"<p>Hydrolyzed Polymaleic Anhydride Product description: HPMA is a low molecular weight polymeride, with average molecular weight 400-800. No toxicity, soluble in water, high chemical and thermal stability, decomposed temperature above 330\u2103. CAS\u3011\u00a026099-09-02 Dequest\uff1aP9000 Structural formula\uff1a Product Property HPMA is a low molecular weight polymeride, with average molecular weight 400-800. No toxicity, soluble in water, high [&hellip;]<\/p>\n","protected":false},"featured_media":4139,"template":"","meta":{"_seopress_robots_primary_cat":"","_seopress_titles_title":"","_seopress_titles_desc":"","_seopress_robots_index":"","_uag_custom_page_level_css":"","site-sidebar-layout":"default","site-content-layout":"","ast-site-content-layout":"default","site-content-style":"default","site-sidebar-style":"default","ast-global-header-display":"","ast-banner-title-visibility":"","ast-main-header-display":"","ast-hfb-above-header-display":"","ast-hfb-below-header-display":"","ast-hfb-mobile-header-display":"","site-post-title":"","ast-breadcrumbs-content":"","ast-featured-img":"","footer-sml-layout":"","theme-transparent-header-meta":"default","adv-header-id-meta":"","stick-header-meta":"default","header-above-stick-meta":"","header-main-stick-meta":"","header-below-stick-meta":"","astra-migrate-meta-layouts":"set","ast-page-background-enabled":"default","ast-page-background-meta":{"desktop":{"background-color":"","background-image":"","background-repeat":"repeat","background-position":"center center","background-size":"auto","background-attachment":"scroll","background-type":"","background-media":"","overlay-type":"","overlay-color":"","overlay-opacity":"","overlay-gradient":""},"tablet":{"background-color":"","background-image":"","background-repeat":"repeat","background-position":"center center","background-size":"auto","background-attachment":"scroll","background-type":"","background-media":"","overlay-type":"","overlay-color":"","overlay-opacity":"","overlay-gradient":""},"mobile":{"background-color":"","background-image":"","background-repeat":"repeat","background-position":"center center","background-size":"auto","background-attachment":"scroll","background-type":"","background-media":"","overlay-type":"","overlay-color":"","overlay-opacity":"","overlay-gradient":""}},"ast-content-background-meta":{"desktop":{"background-color":"var(--ast-global-color-5)","background-image":"","background-repeat":"repeat","background-position":"center center","background-size":"auto","background-attachment":"scroll","background-type":"","background-media":"","overlay-type":"","overlay-color":"","overlay-opacity":"","overlay-gradient":""},"tablet":{"background-color":"var(--ast-global-color-5)","background-image":"","background-repeat":"repeat","background-position":"center center","background-size":"auto","background-attachment":"scroll","background-type":"","background-media":"","overlay-type":"","overlay-color":"","overlay-opacity":"","overlay-gradient":""},"mobile":{"background-color":"var(--ast-global-color-5)","background-image":"","background-repeat":"repeat","background-position":"center center","background-size":"auto","background-attachment":"scroll","background-type":"","background-media":"","overlay-type":"","overlay-color":"","overlay-opacity":"","overlay-gradient":""}}},"product_brand":[],"product_cat":[66],"product_tag":[],"class_list":{"0":"post-4127","1":"product","2":"type-product","3":"status-publish","4":"has-post-thumbnail","6":"product_cat-water-treatment-raw-materials","7":"desktop-align-left","8":"tablet-align-left","9":"mobile-align-left","10":"ast-product-gallery-layout-horizontal-slider","11":"ast-product-gallery-with-no-image","12":"ast-product-tabs-layout-horizontal","14":"first","15":"instock","16":"shipping-taxable","17":"product-type-simple"},"uagb_featured_image_src":{"full":["https:\/\/jinancuchem.com\/wp-content\/uploads\/2025\/07\/\u672a\u6807\u9898-1.jpg",800,800,false],"thumbnail":["https:\/\/jinancuchem.com\/wp-content\/uploads\/2025\/07\/\u672a\u6807\u9898-1-150x150.jpg",150,150,true],"medium":["https:\/\/jinancuchem.com\/wp-content\/uploads\/2025\/07\/\u672a\u6807\u9898-1-300x300.jpg",300,300,true],"medium_large":["https:\/\/jinancuchem.com\/wp-content\/uploads\/2025\/07\/\u672a\u6807\u9898-1-768x768.jpg",768,768,true],"large":["https:\/\/jinancuchem.com\/wp-content\/uploads\/2025\/07\/\u672a\u6807\u9898-1.jpg",800,800,false],"1536x1536":["https:\/\/jinancuchem.com\/wp-content\/uploads\/2025\/07\/\u672a\u6807\u9898-1.jpg",800,800,false],"2048x2048":["https:\/\/jinancuchem.com\/wp-content\/uploads\/2025\/07\/\u672a\u6807\u9898-1.jpg",800,800,false],"trp-custom-language-flag":["https:\/\/jinancuchem.com\/wp-content\/uploads\/2025\/07\/\u672a\u6807\u9898-1-12x12.jpg",12,12,true],"woocommerce_thumbnail":["https:\/\/jinancuchem.com\/wp-content\/uploads\/2025\/07\/\u672a\u6807\u9898-1-300x300.jpg",300,300,true],"woocommerce_single":["https:\/\/jinancuchem.com\/wp-content\/uploads\/2025\/07\/\u672a\u6807\u9898-1-600x600.jpg",500,500,true],"woocommerce_gallery_thumbnail":["https:\/\/jinancuchem.com\/wp-content\/uploads\/2025\/07\/\u672a\u6807\u9898-1-100x100.jpg",100,100,true]},"uagb_author_info":{"display_name":"jinxing6611@gmail.com","author_link":"https:\/\/jinancuchem.com\/es\/author\/"},"uagb_comment_info":0,"uagb_excerpt":"Hydrolyzed Polymaleic Anhydride Product description: HPMA is a low molecular weight polymeride, with average molecular weight 400-800. No toxicity, soluble in water, high chemical and thermal stability, decomposed temperature above 330\u2103. CAS\u3011\u00a026099-09-02 Dequest\uff1aP9000 Structural formula\uff1a Product Property HPMA is a low molecular weight polymeride, with average molecular weight 400-800. No toxicity, soluble in water, high&hellip;","_links":{"self":[{"href":"https:\/\/jinancuchem.com\/es\/wp-json\/wp\/v2\/product\/4127","targetHints":{"allow":["GET"]}}],"collection":[{"href":"https:\/\/jinancuchem.com\/es\/wp-json\/wp\/v2\/product"}],"about":[{"href":"https:\/\/jinancuchem.com\/es\/wp-json\/wp\/v2\/types\/product"}],"wp:featuredmedia":[{"embeddable":true,"href":"https:\/\/jinancuchem.com\/es\/wp-json\/wp\/v2\/media\/4139"}],"wp:attachment":[{"href":"https:\/\/jinancuchem.com\/es\/wp-json\/wp\/v2\/media?parent=4127"}],"wp:term":[{"taxonomy":"product_brand","embeddable":true,"href":"https:\/\/jinancuchem.com\/es\/wp-json\/wp\/v2\/product_brand?post=4127"},{"taxonomy":"product_cat","embeddable":true,"href":"https:\/\/jinancuchem.com\/es\/wp-json\/wp\/v2\/product_cat?post=4127"},{"taxonomy":"product_tag","embeddable":true,"href":"https:\/\/jinancuchem.com\/es\/wp-json\/wp\/v2\/product_tag?post=4127"}],"curies":[{"name":"wp","href":"https:\/\/api.w.org\/{rel}","templated":true}]}}