{"id":4136,"date":"2025-07-25T02:45:32","date_gmt":"2025-07-25T02:45:32","guid":{"rendered":"https:\/\/jinancuchem.com\/?post_type=product&#038;p=4136"},"modified":"2025-07-28T00:25:48","modified_gmt":"2025-07-28T00:25:48","slug":"hexyl-acetate","status":"publish","type":"product","link":"https:\/\/jinancuchem.com\/es\/producto\/hexyl-acetate\/","title":{"rendered":"Acetato de hexilo"},"content":{"rendered":"<p>\u3010CAS\u3011142-92-7<\/p>\n<p>Alias: HEXILACETATO(SG);Hexilacetato;HEXILACETATO CON GC<\/p>\n<p>F\u00f3rmula molecular: C<sub>8<\/sub>H<sub>16<\/sub>O<sub>2<\/sub>\u00a0\u00a0\u00a0Masa molecular relativa: 144,21<\/p>\n<p>F\u00f3rmula estructural:<img alt=\"\" decoding=\"async\" class=\"alignnone size-full wp-image-4146\" src=\"https:\/\/jinancuchem.com\/wp-content\/uploads\/2025\/07\/\u56fe\u72474-4.png\" width=\"285\" height=\"78\" srcset=\"https:\/\/jinancuchem.com\/wp-content\/uploads\/2025\/07\/\u56fe\u72474-4.png 285w, https:\/\/jinancuchem.com\/wp-content\/uploads\/2025\/07\/\u56fe\u72474-4-18x5.png 18w\" sizes=\"(max-width: 285px) 100vw, 285px\" \/><\/p>\n<p>&nbsp;<\/p>\n<h4>1.Propiedad del producto<\/h4>\n<p>El acetato de hexilo, tambi\u00e9n conocido como acetato de etilo, es un compuesto org\u00e1nico. Es un l\u00edquido transparente incoloro con un fuerte aroma afrutado. Es muy soluble en disolventes org\u00e1nicos como el etanol y el \u00e9ter, pero insoluble en agua.<\/p>\n<p>&nbsp;<\/p>\n<h4>2.<\/h4>\n<table>\n<tbody>\n<tr>\n<td><strong><b>Par\u00e1metro<\/b><\/strong><\/td>\n<td><strong><b>Grado industrial<\/b><\/strong><\/td>\n<td><strong><b>Grado alimentario (FEMA 2565)<\/b><\/strong><\/td>\n<\/tr>\n<tr>\n<td><strong><b>Pureza<\/b><\/strong><\/td>\n<td>\u226598.0%<\/td>\n<td>\u226599.0%<\/td>\n<\/tr>\n<tr>\n<td><strong><b>Apariencia<\/b><\/strong><\/td>\n<td>L\u00edquido incoloro<\/td>\n<td>L\u00edquido incoloro<\/td>\n<\/tr>\n<tr>\n<td><strong><b>Olor<\/b><\/strong><\/td>\n<td>Afrutado, parecido a la pera<\/td>\n<td>Dulce, floral<\/td>\n<\/tr>\n<tr>\n<td><strong><b>Densidad (20\u00b0C)<\/b><\/strong><\/td>\n<td>0,867-0,873 g\/cm\u00b3<\/td>\n<td>0,869-0,872 g\/cm\u00b3<\/td>\n<\/tr>\n<tr>\n<td><strong><b>\u00cdndice de refracci\u00f3n (20\u00b0C)<\/b><\/strong><\/td>\n<td>1.409-1.413<\/td>\n<td>1.410-1.412<\/td>\n<\/tr>\n<tr>\n<td><strong><b>Acidez (como \u00e1cido ac\u00e9tico)<\/b><\/strong><\/td>\n<td>\u22640.02%<\/td>\n<td>\u22640.01%<\/td>\n<\/tr>\n<tr>\n<td><strong><b>Metales pesados (Pb)<\/b><\/strong><\/td>\n<td>\u22645 ppm<\/td>\n<td>\u22642 ppm<\/td>\n<\/tr>\n<\/tbody>\n<\/table>\n<p>&nbsp;<\/p>\n<h4>3.\u00c1mbito de aplicaci\u00f3n y uso<\/h4>\n<p>Se utiliza principalmente como especia comestible y se emplea para formular fragancias a base de frutas, como las fragancias de manzana y pera. Tambi\u00e9n puede utilizarse como disolvente para \u00e9steres de celulosa y resinas. 4.Envasado y almacenamiento.<br \/>\nEl hexanoato de etilo se envasa en bidones de pl\u00e1stico HDPE de 25 kg o en bidones de aluminio. Para productos de grado alimentario, debe llenarse con nitr\u00f3geno para su protecci\u00f3n. Debe almacenarse en un lugar fresco y oscuro (&lt; 25\u2103), sellarse herm\u00e9ticamente para evitar la oxidaci\u00f3n y mantenerse alejado de fuentes de fuego y \u00e1cidos fuertes. La vida \u00fatil es de 24 meses.<\/p>","protected":false},"excerpt":{"rendered":"<p>\u3010CAS\u3011142-92-7 Alias: HEXYLACETATE(SG);Hexylacetat;HEXYLACETATE WITH GC Molecular formula: C8H16O2\u00a0\u00a0\u00a0Relative molecular mass: 144.21 Structural formula: &nbsp; 1.Product Property Hexyl acetate, also known as ethyl acetate, is an organic compound. It is a colorless transparent liquid with a strong fruity aroma. It is highly soluble in organic solvents such as ethanol and ether, but insoluble in water. &nbsp; [&hellip;]<\/p>\n","protected":false},"featured_media":4142,"template":"","meta":{"_seopress_robots_primary_cat":"none","_seopress_titles_title":"","_seopress_titles_desc":"","_seopress_robots_index":"","_uag_custom_page_level_css":"","site-sidebar-layout":"default","site-content-layout":"","ast-site-content-layout":"default","site-content-style":"default","site-sidebar-style":"default","ast-global-header-display":"","ast-banner-title-visibility":"","ast-main-header-display":"","ast-hfb-above-header-display":"","ast-hfb-below-header-display":"","ast-hfb-mobile-header-display":"","site-post-title":"","ast-breadcrumbs-content":"","ast-featured-img":"","footer-sml-layout":"","theme-transparent-header-meta":"default","adv-header-id-meta":"","stick-header-meta":"default","header-above-stick-meta":"","header-main-stick-meta":"","header-below-stick-meta":"","astra-migrate-meta-layouts":"set","ast-page-background-enabled":"default","ast-page-background-meta":{"desktop":{"background-color":"","background-image":"","background-repeat":"repeat","background-position":"center center","background-size":"auto","background-attachment":"scroll","background-type":"","background-media":"","overlay-type":"","overlay-color":"","overlay-opacity":"","overlay-gradient":""},"tablet":{"background-color":"","background-image":"","background-repeat":"repeat","background-position":"center center","background-size":"auto","background-attachment":"scroll","background-type":"","background-media":"","overlay-type":"","overlay-color":"","overlay-opacity":"","overlay-gradient":""},"mobile":{"background-color":"","background-image":"","background-repeat":"repeat","background-position":"center center","background-size":"auto","background-attachment":"scroll","background-type":"","background-media":"","overlay-type":"","overlay-color":"","overlay-opacity":"","overlay-gradient":""}},"ast-content-background-meta":{"desktop":{"background-color":"var(--ast-global-color-5)","background-image":"","background-repeat":"repeat","background-position":"center center","background-size":"auto","background-attachment":"scroll","background-type":"","background-media":"","overlay-type":"","overlay-color":"","overlay-opacity":"","overlay-gradient":""},"tablet":{"background-color":"var(--ast-global-color-5)","background-image":"","background-repeat":"repeat","background-position":"center center","background-size":"auto","background-attachment":"scroll","background-type":"","background-media":"","overlay-type":"","overlay-color":"","overlay-opacity":"","overlay-gradient":""},"mobile":{"background-color":"var(--ast-global-color-5)","background-image":"","background-repeat":"repeat","background-position":"center center","background-size":"auto","background-attachment":"scroll","background-type":"","background-media":"","overlay-type":"","overlay-color":"","overlay-opacity":"","overlay-gradient":""}}},"product_brand":[],"product_cat":[67],"product_tag":[],"class_list":{"0":"post-4136","1":"product","2":"type-product","3":"status-publish","4":"has-post-thumbnail","6":"product_cat-food-additives","7":"desktop-align-left","8":"tablet-align-left","9":"mobile-align-left","10":"ast-product-gallery-layout-horizontal-slider","11":"ast-product-gallery-with-no-image","12":"ast-product-tabs-layout-horizontal","14":"first","15":"instock","16":"shipping-taxable","17":"product-type-simple"},"uagb_featured_image_src":{"full":["https:\/\/jinancuchem.com\/wp-content\/uploads\/2025\/07\/3.png",800,800,false],"thumbnail":["https:\/\/jinancuchem.com\/wp-content\/uploads\/2025\/07\/3-150x150.png",150,150,true],"medium":["https:\/\/jinancuchem.com\/wp-content\/uploads\/2025\/07\/3-300x300.png",300,300,true],"medium_large":["https:\/\/jinancuchem.com\/wp-content\/uploads\/2025\/07\/3-768x768.png",768,768,true],"large":["https:\/\/jinancuchem.com\/wp-content\/uploads\/2025\/07\/3.png",800,800,false],"1536x1536":["https:\/\/jinancuchem.com\/wp-content\/uploads\/2025\/07\/3.png",800,800,false],"2048x2048":["https:\/\/jinancuchem.com\/wp-content\/uploads\/2025\/07\/3.png",800,800,false],"trp-custom-language-flag":["https:\/\/jinancuchem.com\/wp-content\/uploads\/2025\/07\/3-12x12.png",12,12,true],"woocommerce_thumbnail":["https:\/\/jinancuchem.com\/wp-content\/uploads\/2025\/07\/3-300x300.png",300,300,true],"woocommerce_single":["https:\/\/jinancuchem.com\/wp-content\/uploads\/2025\/07\/3-600x600.png",500,500,true],"woocommerce_gallery_thumbnail":["https:\/\/jinancuchem.com\/wp-content\/uploads\/2025\/07\/3-100x100.png",100,100,true]},"uagb_author_info":{"display_name":"jinxing6611@gmail.com","author_link":"https:\/\/jinancuchem.com\/es\/author\/"},"uagb_comment_info":0,"uagb_excerpt":"\u3010CAS\u3011142-92-7 Alias: HEXYLACETATE(SG);Hexylacetat;HEXYLACETATE WITH GC Molecular formula: C8H16O2\u00a0\u00a0\u00a0Relative molecular mass: 144.21 Structural formula: &nbsp; 1.Product Property Hexyl acetate, also known as ethyl acetate, is an organic compound. It is a colorless transparent liquid with a strong fruity aroma. It is highly soluble in organic solvents such as ethanol and ether, but insoluble in water. &nbsp;&hellip;","_links":{"self":[{"href":"https:\/\/jinancuchem.com\/es\/wp-json\/wp\/v2\/product\/4136","targetHints":{"allow":["GET"]}}],"collection":[{"href":"https:\/\/jinancuchem.com\/es\/wp-json\/wp\/v2\/product"}],"about":[{"href":"https:\/\/jinancuchem.com\/es\/wp-json\/wp\/v2\/types\/product"}],"wp:featuredmedia":[{"embeddable":true,"href":"https:\/\/jinancuchem.com\/es\/wp-json\/wp\/v2\/media\/4142"}],"wp:attachment":[{"href":"https:\/\/jinancuchem.com\/es\/wp-json\/wp\/v2\/media?parent=4136"}],"wp:term":[{"taxonomy":"product_brand","embeddable":true,"href":"https:\/\/jinancuchem.com\/es\/wp-json\/wp\/v2\/product_brand?post=4136"},{"taxonomy":"product_cat","embeddable":true,"href":"https:\/\/jinancuchem.com\/es\/wp-json\/wp\/v2\/product_cat?post=4136"},{"taxonomy":"product_tag","embeddable":true,"href":"https:\/\/jinancuchem.com\/es\/wp-json\/wp\/v2\/product_tag?post=4136"}],"curies":[{"name":"wp","href":"https:\/\/api.w.org\/{rel}","templated":true}]}}