{"id":4141,"date":"2025-07-25T02:46:45","date_gmt":"2025-07-25T02:46:45","guid":{"rendered":"https:\/\/jinancuchem.com\/?post_type=product&#038;p=4141"},"modified":"2025-07-25T02:46:45","modified_gmt":"2025-07-25T02:46:45","slug":"copolymer-of-maleic-and-acylic-acid","status":"publish","type":"product","link":"https:\/\/jinancuchem.com\/es\/producto\/copolymer-of-maleic-and-acylic-acid\/","title":{"rendered":"Copol\u00edmero de \u00e1cido maleico y \u00e1cido ac\u00edlico"},"content":{"rendered":"<p>MA-AA<\/p>\n<p>Copol\u00edmero de \u00e1cido maleico y \u00e1cido ac\u00edlico<\/p>\n<p>Descripci\u00f3n del producto: MA\/AA es un polielectrolito de bajo peso molecular, un copol\u00edmero de anh\u00eddrido maleico y \u00e1cido acr\u00edlico.<\/p>\n<p>\u3010CAS\u301126677-99-6<\/p>\n<p>F\u00f3rmula estructural:<img alt=\"\" fetchpriority=\"high\" decoding=\"async\" class=\"alignnone size-full wp-image-4147\" src=\"https:\/\/jinancuchem.com\/wp-content\/uploads\/2025\/07\/\u672a\u6807\u9898-1-1.jpg\" width=\"800\" height=\"800\" srcset=\"https:\/\/jinancuchem.com\/wp-content\/uploads\/2025\/07\/\u672a\u6807\u9898-1-1.jpg 800w, https:\/\/jinancuchem.com\/wp-content\/uploads\/2025\/07\/\u672a\u6807\u9898-1-1-300x300.jpg 300w, https:\/\/jinancuchem.com\/wp-content\/uploads\/2025\/07\/\u672a\u6807\u9898-1-1-150x150.jpg 150w, https:\/\/jinancuchem.com\/wp-content\/uploads\/2025\/07\/\u672a\u6807\u9898-1-1-768x768.jpg 768w, https:\/\/jinancuchem.com\/wp-content\/uploads\/2025\/07\/\u672a\u6807\u9898-1-1-12x12.jpg 12w, https:\/\/jinancuchem.com\/wp-content\/uploads\/2025\/07\/\u672a\u6807\u9898-1-1-600x600.jpg 600w, https:\/\/jinancuchem.com\/wp-content\/uploads\/2025\/07\/\u672a\u6807\u9898-1-1-100x100.jpg 100w\" sizes=\"(max-width: 800px) 100vw, 800px\" \/><\/p>\n<ol>\n<li>Propiedad del producto<\/li>\n<\/ol>\n<p>MA\/AA es un polielectrolito de bajo peso molecular, un copol\u00edmero de anh\u00eddrido maleico y \u00e1cido acr\u00edlico. Tiene un buen rendimiento dispersante contra el carbonato y la inhibici\u00f3n de incrustaciones de fosfato. Tiene buena estabilidad t\u00e9rmica, puede utilizarse a alta temperatura (300\u2103). MA\/AA tiene buena compatibilidad cuando se utiliza junto con otros agentes. MA\/AA es ampliamente utilizado en calderas de baja presi\u00f3n, calefacci\u00f3n centralizada, aire acondicionado centralizado y sistemas de refrigeraci\u00f3n circulante. Tambi\u00e9n se puede utilizar como dispersantes quelantes en tejidos y te\u00f1idos.<\/p>\n<ol>\n<li>\u00cdndice t\u00e9cnico<\/li>\n<\/ol>\n<table>\n<tbody>\n<tr>\n<td width=\"234\">Art\u00edculos<\/td>\n<td width=\"249\">\u00cdndice<\/td>\n<\/tr>\n<tr>\n<td width=\"234\">Apariencia<\/td>\n<td width=\"249\">L\u00edquido marr\u00f3n claro<\/td>\n<\/tr>\n<tr>\n<td width=\"234\">Contenido en s\u00f3lidos \uff05<\/td>\n<td width=\"249\">48<\/td>\n<\/tr>\n<tr>\n<td width=\"234\">Mon\u00f3mero libre ( MA) %,<\/td>\n<td width=\"249\">9.0<\/td>\n<\/tr>\n<tr>\n<td width=\"234\">Densidad \uff0820\u2103\uff09g\/cm3<\/td>\n<td width=\"249\">1.18min<\/td>\n<\/tr>\n<tr>\n<td width=\"234\">pH(1\uff05soluci\u00f3n)<\/td>\n<td width=\"249\">2.0~3.0<\/td>\n<\/tr>\n<\/tbody>\n<\/table>\n<p>III. \u00c1mbito de aplicaci\u00f3n<\/p>\n<p>MA\/AA se utiliza en sistemas de circulaci\u00f3n de agua fr\u00eda, calderas de presi\u00f3n media o baja y sistemas de destilaci\u00f3n en los que suele haber altas temperaturas. Cuando MA\/AA se utiliza junto con otros fosfatos org\u00e1nicos, se prefiere la dosis de 2-10mg\/L.<\/p>\n<p>La dosificaci\u00f3n para su uso como detergente para tejidos y tintes y como detergente accesorio debe determinarse mediante experimentos.<\/p>\n<ol>\n<li>Seguridad y protecci\u00f3n:<\/li>\n<\/ol>\n<p>Este producto es \u00e1cido. Evitar el contacto con los ojos y la piel. En caso de contacto, lavar con agua.<\/p>\n<ol>\n<li>Embalaje y almacenamiento<\/li>\n<\/ol>\n<p>Normalmente se envasa en bidones de pl\u00e1stico de 25 kg o 200 kg y se almacena durante 12 meses.<\/p>","protected":false},"excerpt":{"rendered":"<p>MA-AA Copolymer of Maleic and Acylic Acid Product description: MA\/AA is a low molecular weight polyelectrolyte, a copolymer of maleic anhydride and acrylic acid. \u3010CAS\u301126677-99-6 Structural formula: Product Property MA\/AA is a low molecular weight polyelectrolyte, a copolymer of maleic anhydride and acrylic acid. It has good dispersant performance against carbonate and scale inhibition for [&hellip;]<\/p>\n","protected":false},"featured_media":4147,"template":"","meta":{"_seopress_robots_primary_cat":"","_seopress_titles_title":"","_seopress_titles_desc":"","_seopress_robots_index":"","_uag_custom_page_level_css":"","site-sidebar-layout":"default","site-content-layout":"","ast-site-content-layout":"default","site-content-style":"default","site-sidebar-style":"default","ast-global-header-display":"","ast-banner-title-visibility":"","ast-main-header-display":"","ast-hfb-above-header-display":"","ast-hfb-below-header-display":"","ast-hfb-mobile-header-display":"","site-post-title":"","ast-breadcrumbs-content":"","ast-featured-img":"","footer-sml-layout":"","theme-transparent-header-meta":"default","adv-header-id-meta":"","stick-header-meta":"default","header-above-stick-meta":"","header-main-stick-meta":"","header-below-stick-meta":"","astra-migrate-meta-layouts":"set","ast-page-background-enabled":"default","ast-page-background-meta":{"desktop":{"background-color":"","background-image":"","background-repeat":"repeat","background-position":"center center","background-size":"auto","background-attachment":"scroll","background-type":"","background-media":"","overlay-type":"","overlay-color":"","overlay-opacity":"","overlay-gradient":""},"tablet":{"background-color":"","background-image":"","background-repeat":"repeat","background-position":"center center","background-size":"auto","background-attachment":"scroll","background-type":"","background-media":"","overlay-type":"","overlay-color":"","overlay-opacity":"","overlay-gradient":""},"mobile":{"background-color":"","background-image":"","background-repeat":"repeat","background-position":"center center","background-size":"auto","background-attachment":"scroll","background-type":"","background-media":"","overlay-type":"","overlay-color":"","overlay-opacity":"","overlay-gradient":""}},"ast-content-background-meta":{"desktop":{"background-color":"var(--ast-global-color-5)","background-image":"","background-repeat":"repeat","background-position":"center center","background-size":"auto","background-attachment":"scroll","background-type":"","background-media":"","overlay-type":"","overlay-color":"","overlay-opacity":"","overlay-gradient":""},"tablet":{"background-color":"var(--ast-global-color-5)","background-image":"","background-repeat":"repeat","background-position":"center center","background-size":"auto","background-attachment":"scroll","background-type":"","background-media":"","overlay-type":"","overlay-color":"","overlay-opacity":"","overlay-gradient":""},"mobile":{"background-color":"var(--ast-global-color-5)","background-image":"","background-repeat":"repeat","background-position":"center center","background-size":"auto","background-attachment":"scroll","background-type":"","background-media":"","overlay-type":"","overlay-color":"","overlay-opacity":"","overlay-gradient":""}}},"product_brand":[],"product_cat":[66],"product_tag":[],"class_list":{"0":"post-4141","1":"product","2":"type-product","3":"status-publish","4":"has-post-thumbnail","6":"product_cat-water-treatment-raw-materials","7":"desktop-align-left","8":"tablet-align-left","9":"mobile-align-left","10":"ast-product-gallery-layout-horizontal-slider","11":"ast-product-gallery-with-no-image","12":"ast-product-tabs-layout-horizontal","14":"first","15":"instock","16":"shipping-taxable","17":"product-type-simple"},"uagb_featured_image_src":{"full":["https:\/\/jinancuchem.com\/wp-content\/uploads\/2025\/07\/\u672a\u6807\u9898-1-1.jpg",800,800,false],"thumbnail":["https:\/\/jinancuchem.com\/wp-content\/uploads\/2025\/07\/\u672a\u6807\u9898-1-1-150x150.jpg",150,150,true],"medium":["https:\/\/jinancuchem.com\/wp-content\/uploads\/2025\/07\/\u672a\u6807\u9898-1-1-300x300.jpg",300,300,true],"medium_large":["https:\/\/jinancuchem.com\/wp-content\/uploads\/2025\/07\/\u672a\u6807\u9898-1-1-768x768.jpg",768,768,true],"large":["https:\/\/jinancuchem.com\/wp-content\/uploads\/2025\/07\/\u672a\u6807\u9898-1-1.jpg",800,800,false],"1536x1536":["https:\/\/jinancuchem.com\/wp-content\/uploads\/2025\/07\/\u672a\u6807\u9898-1-1.jpg",800,800,false],"2048x2048":["https:\/\/jinancuchem.com\/wp-content\/uploads\/2025\/07\/\u672a\u6807\u9898-1-1.jpg",800,800,false],"trp-custom-language-flag":["https:\/\/jinancuchem.com\/wp-content\/uploads\/2025\/07\/\u672a\u6807\u9898-1-1-12x12.jpg",12,12,true],"woocommerce_thumbnail":["https:\/\/jinancuchem.com\/wp-content\/uploads\/2025\/07\/\u672a\u6807\u9898-1-1-300x300.jpg",300,300,true],"woocommerce_single":["https:\/\/jinancuchem.com\/wp-content\/uploads\/2025\/07\/\u672a\u6807\u9898-1-1-600x600.jpg",500,500,true],"woocommerce_gallery_thumbnail":["https:\/\/jinancuchem.com\/wp-content\/uploads\/2025\/07\/\u672a\u6807\u9898-1-1-100x100.jpg",100,100,true]},"uagb_author_info":{"display_name":"jinxing6611@gmail.com","author_link":"https:\/\/jinancuchem.com\/es\/author\/"},"uagb_comment_info":0,"uagb_excerpt":"MA-AA Copolymer of Maleic and Acylic Acid Product description: MA\/AA is a low molecular weight polyelectrolyte, a copolymer of maleic anhydride and acrylic acid. \u3010CAS\u301126677-99-6 Structural formula: Product Property MA\/AA is a low molecular weight polyelectrolyte, a copolymer of maleic anhydride and acrylic acid. It has good dispersant performance against carbonate and scale inhibition for&hellip;","_links":{"self":[{"href":"https:\/\/jinancuchem.com\/es\/wp-json\/wp\/v2\/product\/4141","targetHints":{"allow":["GET"]}}],"collection":[{"href":"https:\/\/jinancuchem.com\/es\/wp-json\/wp\/v2\/product"}],"about":[{"href":"https:\/\/jinancuchem.com\/es\/wp-json\/wp\/v2\/types\/product"}],"wp:featuredmedia":[{"embeddable":true,"href":"https:\/\/jinancuchem.com\/es\/wp-json\/wp\/v2\/media\/4147"}],"wp:attachment":[{"href":"https:\/\/jinancuchem.com\/es\/wp-json\/wp\/v2\/media?parent=4141"}],"wp:term":[{"taxonomy":"product_brand","embeddable":true,"href":"https:\/\/jinancuchem.com\/es\/wp-json\/wp\/v2\/product_brand?post=4141"},{"taxonomy":"product_cat","embeddable":true,"href":"https:\/\/jinancuchem.com\/es\/wp-json\/wp\/v2\/product_cat?post=4141"},{"taxonomy":"product_tag","embeddable":true,"href":"https:\/\/jinancuchem.com\/es\/wp-json\/wp\/v2\/product_tag?post=4141"}],"curies":[{"name":"wp","href":"https:\/\/api.w.org\/{rel}","templated":true}]}}