{"id":4151,"date":"2025-07-25T02:49:06","date_gmt":"2025-07-25T02:49:06","guid":{"rendered":"https:\/\/jinancuchem.com\/?post_type=product&#038;p=4151"},"modified":"2025-07-25T02:49:06","modified_gmt":"2025-07-25T02:49:06","slug":"acrylic-acid-2-hydroxypropyl-acrylate-copolymer%ef%bc%88t-225%ef%bc%89","status":"publish","type":"product","link":"https:\/\/jinancuchem.com\/es\/producto\/acrylic-acid-2-hydroxypropyl-acrylate-copolymer%ef%bc%88t-225%ef%bc%89\/","title":{"rendered":"Copol\u00edmero de \u00e1cido acr\u00edlico-2-hidroxipropilacrilato\uff08T-225\uff09"},"content":{"rendered":"<p>Copol\u00edmero de \u00e1cido acr\u00edlico y acrilato de 2-hidroxipropilo<\/p>\n<p>Descripci\u00f3n del producto: El copol\u00edmero MA-AA es un agente de tratamiento del agua formado por la copolimerizaci\u00f3n de \u00e1cido maleico y \u00e1cido acr\u00edlico en una determinada proporci\u00f3n. Este producto tiene un fuerte efecto dispersante sobre los carbonatos y otras sustancias. Posee una gran estabilidad t\u00e9rmica y puede utilizarse en condiciones duras, como temperaturas elevadas de 300\u2103. Se utiliza como inhibidor de incrustaciones dispersante en la industria de tratamiento de aguas industriales y como agente quelante dispersante en la industria de te\u00f1ido.<\/p>\n<p>\u3010CAS\u3011 26677-99-6 Alias\uff1a MA\/AA<\/p>\n<p>F\u00f3rmula estructural<img alt=\"\" fetchpriority=\"high\" decoding=\"async\" class=\"alignnone size-full wp-image-4147\" src=\"https:\/\/jinancuchem.com\/wp-content\/uploads\/2025\/07\/\u672a\u6807\u9898-1-1.jpg\" width=\"800\" height=\"800\" srcset=\"https:\/\/jinancuchem.com\/wp-content\/uploads\/2025\/07\/\u672a\u6807\u9898-1-1.jpg 800w, https:\/\/jinancuchem.com\/wp-content\/uploads\/2025\/07\/\u672a\u6807\u9898-1-1-300x300.jpg 300w, https:\/\/jinancuchem.com\/wp-content\/uploads\/2025\/07\/\u672a\u6807\u9898-1-1-150x150.jpg 150w, https:\/\/jinancuchem.com\/wp-content\/uploads\/2025\/07\/\u672a\u6807\u9898-1-1-768x768.jpg 768w, https:\/\/jinancuchem.com\/wp-content\/uploads\/2025\/07\/\u672a\u6807\u9898-1-1-12x12.jpg 12w, https:\/\/jinancuchem.com\/wp-content\/uploads\/2025\/07\/\u672a\u6807\u9898-1-1-600x600.jpg 600w, https:\/\/jinancuchem.com\/wp-content\/uploads\/2025\/07\/\u672a\u6807\u9898-1-1-100x100.jpg 100w\" sizes=\"(max-width: 800px) 100vw, 800px\" \/><\/p>\n<ol start=\"2\">\n<li>Propiedades:<\/li>\n<\/ol>\n<p>Est\u00e1 provisto de mejores caracteres de inhibici\u00f3n y dispersi\u00f3n de incrustaciones en comparaci\u00f3n con el producto similar T-225 de la empresa Kurita, que puede construirse junto con fosfato org\u00e1nico, con un efecto especial de inhibici\u00f3n y dispersi\u00f3n sobre el fosfato c\u00e1lcico, el \u00f3xido f\u00e9rrico y la suciedad, dispersando la arcilla y la mancha grasienta con cierta funci\u00f3n de inhibici\u00f3n de la corrosi\u00f3n.<\/p>\n<ol start=\"3\">\n<li>Uso:<\/li>\n<\/ol>\n<p>El copol\u00edmero de acrilato est\u00e1 provisto de una funci\u00f3n de inhibici\u00f3n y dispersi\u00f3n en sistemas abiertos de circulaci\u00f3n de agua fr\u00eda y puede ser utilizado independientemente o junto con otros productos qu\u00edmicos en sistemas de agua tales como agua de refrigeraci\u00f3n o agua de caldera.<\/p>\n<ol start=\"4\">\n<li>\u00cdndice de calidad:<\/li>\n<\/ol>\n<table>\n<tbody>\n<tr>\n<td rowspan=\"2\" width=\"211\">art\u00edculos<\/td>\n<td colspan=\"2\">\u00edndice<\/td>\n<\/tr>\n<tr>\n<td>Neutro<\/td>\n<td>\u00c1cido<\/td>\n<\/tr>\n<tr>\n<td width=\"211\">Apariencia<\/td>\n<td colspan=\"2\" width=\"350\">L\u00edquido entre incoloro y amarillo<\/td>\n<\/tr>\n<tr>\n<td width=\"211\">Contenido s\u00f3lido %<\/td>\n<td width=\"175\">30.0 min<\/td>\n<td width=\"174\">30.0 min<\/td>\n<\/tr>\n<tr>\n<td width=\"211\">Mon\u00f3mero libre (como AA )%<\/td>\n<td width=\"175\">0,5 m\u00e1x.<\/td>\n<td width=\"174\">0,5 m\u00e1x.<\/td>\n<\/tr>\n<tr>\n<td width=\"211\">pH(soluci\u00f3n acuosa 1%)<\/td>\n<td width=\"175\">7.5\u00b11.0<\/td>\n<td width=\"174\">2.5\u00b10.5<\/td>\n<\/tr>\n<tr>\n<td width=\"211\">\u00cdndice de viscosidad l\u00edmite (30\u2103) dl\/g<\/td>\n<td colspan=\"2\" width=\"350\">0.065~0.095<\/td>\n<\/tr>\n<tr>\n<td width=\"211\">Densidad (20\u2103)g\/cm3<\/td>\n<td colspan=\"2\" width=\"350\">1.10 m<\/td>\n<\/tr>\n<\/tbody>\n<\/table>\n<ol start=\"5\">\n<li>Embalaje y almacenamiento:<\/li>\n<\/ol>\n<p>Se envasa en cubos de pl\u00e1stico con un peso neto de 25 kg y se almacena en condiciones ambientales de \u3009-5\u2103.<\/p>","protected":false},"excerpt":{"rendered":"<p>Acrylic Acid-2-Hydroxypropyl Acrylate Copolymer Product Description: The copolymer MA-AA is a water treatment agent formed by the copolymerization of maleic acid and acrylic acid in a certain ratio. This product has a strong dispersing effect on carbonates and other substances. It has high thermal stability and can be used under harsh conditions such as 300\u2103 [&hellip;]<\/p>\n","protected":false},"featured_media":4147,"template":"","meta":{"_seopress_robots_primary_cat":"","_seopress_titles_title":"","_seopress_titles_desc":"","_seopress_robots_index":"","_uag_custom_page_level_css":"","site-sidebar-layout":"default","site-content-layout":"","ast-site-content-layout":"default","site-content-style":"default","site-sidebar-style":"default","ast-global-header-display":"","ast-banner-title-visibility":"","ast-main-header-display":"","ast-hfb-above-header-display":"","ast-hfb-below-header-display":"","ast-hfb-mobile-header-display":"","site-post-title":"","ast-breadcrumbs-content":"","ast-featured-img":"","footer-sml-layout":"","theme-transparent-header-meta":"default","adv-header-id-meta":"","stick-header-meta":"default","header-above-stick-meta":"","header-main-stick-meta":"","header-below-stick-meta":"","astra-migrate-meta-layouts":"set","ast-page-background-enabled":"default","ast-page-background-meta":{"desktop":{"background-color":"","background-image":"","background-repeat":"repeat","background-position":"center center","background-size":"auto","background-attachment":"scroll","background-type":"","background-media":"","overlay-type":"","overlay-color":"","overlay-opacity":"","overlay-gradient":""},"tablet":{"background-color":"","background-image":"","background-repeat":"repeat","background-position":"center center","background-size":"auto","background-attachment":"scroll","background-type":"","background-media":"","overlay-type":"","overlay-color":"","overlay-opacity":"","overlay-gradient":""},"mobile":{"background-color":"","background-image":"","background-repeat":"repeat","background-position":"center center","background-size":"auto","background-attachment":"scroll","background-type":"","background-media":"","overlay-type":"","overlay-color":"","overlay-opacity":"","overlay-gradient":""}},"ast-content-background-meta":{"desktop":{"background-color":"var(--ast-global-color-5)","background-image":"","background-repeat":"repeat","background-position":"center center","background-size":"auto","background-attachment":"scroll","background-type":"","background-media":"","overlay-type":"","overlay-color":"","overlay-opacity":"","overlay-gradient":""},"tablet":{"background-color":"var(--ast-global-color-5)","background-image":"","background-repeat":"repeat","background-position":"center center","background-size":"auto","background-attachment":"scroll","background-type":"","background-media":"","overlay-type":"","overlay-color":"","overlay-opacity":"","overlay-gradient":""},"mobile":{"background-color":"var(--ast-global-color-5)","background-image":"","background-repeat":"repeat","background-position":"center center","background-size":"auto","background-attachment":"scroll","background-type":"","background-media":"","overlay-type":"","overlay-color":"","overlay-opacity":"","overlay-gradient":""}}},"product_brand":[],"product_cat":[66],"product_tag":[],"class_list":{"0":"post-4151","1":"product","2":"type-product","3":"status-publish","4":"has-post-thumbnail","6":"product_cat-water-treatment-raw-materials","7":"desktop-align-left","8":"tablet-align-left","9":"mobile-align-left","10":"ast-product-gallery-layout-horizontal-slider","11":"ast-product-gallery-with-no-image","12":"ast-product-tabs-layout-horizontal","14":"first","15":"instock","16":"shipping-taxable","17":"product-type-simple"},"uagb_featured_image_src":{"full":["https:\/\/jinancuchem.com\/wp-content\/uploads\/2025\/07\/\u672a\u6807\u9898-1-1.jpg",800,800,false],"thumbnail":["https:\/\/jinancuchem.com\/wp-content\/uploads\/2025\/07\/\u672a\u6807\u9898-1-1-150x150.jpg",150,150,true],"medium":["https:\/\/jinancuchem.com\/wp-content\/uploads\/2025\/07\/\u672a\u6807\u9898-1-1-300x300.jpg",300,300,true],"medium_large":["https:\/\/jinancuchem.com\/wp-content\/uploads\/2025\/07\/\u672a\u6807\u9898-1-1-768x768.jpg",768,768,true],"large":["https:\/\/jinancuchem.com\/wp-content\/uploads\/2025\/07\/\u672a\u6807\u9898-1-1.jpg",800,800,false],"1536x1536":["https:\/\/jinancuchem.com\/wp-content\/uploads\/2025\/07\/\u672a\u6807\u9898-1-1.jpg",800,800,false],"2048x2048":["https:\/\/jinancuchem.com\/wp-content\/uploads\/2025\/07\/\u672a\u6807\u9898-1-1.jpg",800,800,false],"trp-custom-language-flag":["https:\/\/jinancuchem.com\/wp-content\/uploads\/2025\/07\/\u672a\u6807\u9898-1-1-12x12.jpg",12,12,true],"woocommerce_thumbnail":["https:\/\/jinancuchem.com\/wp-content\/uploads\/2025\/07\/\u672a\u6807\u9898-1-1-300x300.jpg",300,300,true],"woocommerce_single":["https:\/\/jinancuchem.com\/wp-content\/uploads\/2025\/07\/\u672a\u6807\u9898-1-1-600x600.jpg",500,500,true],"woocommerce_gallery_thumbnail":["https:\/\/jinancuchem.com\/wp-content\/uploads\/2025\/07\/\u672a\u6807\u9898-1-1-100x100.jpg",100,100,true]},"uagb_author_info":{"display_name":"jinxing6611@gmail.com","author_link":"https:\/\/jinancuchem.com\/es\/author\/"},"uagb_comment_info":0,"uagb_excerpt":"Acrylic Acid-2-Hydroxypropyl Acrylate Copolymer Product Description: The copolymer MA-AA is a water treatment agent formed by the copolymerization of maleic acid and acrylic acid in a certain ratio. This product has a strong dispersing effect on carbonates and other substances. It has high thermal stability and can be used under harsh conditions such as 300\u2103&hellip;","_links":{"self":[{"href":"https:\/\/jinancuchem.com\/es\/wp-json\/wp\/v2\/product\/4151","targetHints":{"allow":["GET"]}}],"collection":[{"href":"https:\/\/jinancuchem.com\/es\/wp-json\/wp\/v2\/product"}],"about":[{"href":"https:\/\/jinancuchem.com\/es\/wp-json\/wp\/v2\/types\/product"}],"wp:featuredmedia":[{"embeddable":true,"href":"https:\/\/jinancuchem.com\/es\/wp-json\/wp\/v2\/media\/4147"}],"wp:attachment":[{"href":"https:\/\/jinancuchem.com\/es\/wp-json\/wp\/v2\/media?parent=4151"}],"wp:term":[{"taxonomy":"product_brand","embeddable":true,"href":"https:\/\/jinancuchem.com\/es\/wp-json\/wp\/v2\/product_brand?post=4151"},{"taxonomy":"product_cat","embeddable":true,"href":"https:\/\/jinancuchem.com\/es\/wp-json\/wp\/v2\/product_cat?post=4151"},{"taxonomy":"product_tag","embeddable":true,"href":"https:\/\/jinancuchem.com\/es\/wp-json\/wp\/v2\/product_tag?post=4151"}],"curies":[{"name":"wp","href":"https:\/\/api.w.org\/{rel}","templated":true}]}}