{"id":4163,"date":"2025-07-25T02:51:11","date_gmt":"2025-07-25T02:51:11","guid":{"rendered":"https:\/\/jinancuchem.com\/?post_type=product&#038;p=4163"},"modified":"2025-07-28T00:28:51","modified_gmt":"2025-07-28T00:28:51","slug":"ethyl-acetoacetate","status":"publish","type":"product","link":"https:\/\/jinancuchem.com\/es\/producto\/ethyl-acetoacetate\/","title":{"rendered":"Acetoacetato de etilo"},"content":{"rendered":"<p>\u3010CAS\u3011141-97-9<\/p>\n<p>Alias: \u00c1cido acetoac\u00e9tico et\u00edlico;Acetoacetato de etilo,\u00c9ster acetoac\u00e9tico<\/p>\n<p>F\u00f3rmula molecular: C6H10O3 Masa molecular relativa: 130,14<\/p>\n<p>F\u00f3rmula estructural:<img alt=\"\" decoding=\"async\" class=\"alignnone size-full wp-image-4168\" src=\"https:\/\/jinancuchem.com\/wp-content\/uploads\/2025\/07\/\u56fe\u72477-5.png\" width=\"216\" height=\"78\" srcset=\"https:\/\/jinancuchem.com\/wp-content\/uploads\/2025\/07\/\u56fe\u72477-5.png 216w, https:\/\/jinancuchem.com\/wp-content\/uploads\/2025\/07\/\u56fe\u72477-5-18x7.png 18w\" sizes=\"(max-width: 216px) 100vw, 216px\" \/><\/p>\n<p>&nbsp;<\/p>\n<h4>1.Propiedad del producto<\/h4>\n<p>El acetoacetato de etilo es una importante materia prima sint\u00e9tica org\u00e1nica. Es un l\u00edquido transparente incoloro o ligeramente amarillo con un aroma afrutado. Se utiliza en la s\u00edntesis de tintes y f\u00e1rmacos, y tambi\u00e9n es un intermediario importante en otras s\u00edntesis org\u00e1nicas.<\/p>\n<p>&nbsp;<\/p>\n<h4>2.<\/h4>\n<table>\n<tbody>\n<tr>\n<td width=\"245\"><strong><b>Par\u00e1metro<\/b><\/strong><\/td>\n<td width=\"255\"><strong><b>Especificaci\u00f3n<\/b><\/strong><\/td>\n<\/tr>\n<tr>\n<td width=\"245\"><strong><b>Pureza (GC-FID)<\/b><\/strong><\/td>\n<td width=\"255\">\u226599.0%<\/td>\n<\/tr>\n<tr>\n<td width=\"245\"><strong><b>Apariencia<\/b><\/strong><\/td>\n<td width=\"255\">L\u00edquido transparente e incoloro<\/td>\n<\/tr>\n<tr>\n<td width=\"245\"><strong><b>Olor<\/b><\/strong><\/td>\n<td width=\"255\">Caracter\u00edstica afrutada<\/td>\n<\/tr>\n<tr>\n<td width=\"245\"><strong><b>\u00cdndice de refracci\u00f3n (20\u00b0C)<\/b><\/strong><\/td>\n<td width=\"255\">1.419 &#8211; 1.421<\/td>\n<\/tr>\n<tr>\n<td width=\"245\"><strong><b>Densidad (20\u00b0C)<\/b><\/strong><\/td>\n<td width=\"255\">1,028 - 1,032 g\/cm\u00b3<\/td>\n<\/tr>\n<tr>\n<td width=\"245\"><strong><b>Acidez (como \u00e1cido ac\u00e9tico)<\/b><\/strong><\/td>\n<td width=\"255\">\u22640.05%<\/td>\n<\/tr>\n<tr>\n<td width=\"245\"><strong><b>Contenido en agua<\/b><\/strong><\/td>\n<td width=\"255\">\u22640.1%<\/td>\n<\/tr>\n<tr>\n<td width=\"245\"><strong><b>Metales pesados (Pb)<\/b><\/strong><\/td>\n<td width=\"255\">\u22642 ppm<\/td>\n<\/tr>\n<tr>\n<td width=\"245\"><strong><b>Disolventes residuales<\/b><\/strong><\/td>\n<td width=\"255\">\u226450 ppm (total)<\/td>\n<\/tr>\n<\/tbody>\n<\/table>\n<p>&nbsp;<\/p>\n<h4>3.\u00c1mbito de aplicaci\u00f3n y uso<\/h4>\n<p>El acetoacetato de etilo, como aditivo alimentario, se utiliza principalmente en la producci\u00f3n de esencias sint\u00e9ticas artificiales de frutas y esencias alcoh\u00f3licas, y en peque\u00f1as cantidades en productos de panader\u00eda y dulces.<\/p>\n<p>&nbsp;<\/p>\n<h4>4.Embalaje y almacenamiento<\/h4>\n<p>El acetoacetato de etilo se envasa en bidones de aluminio de 25 kg (protegidos con nitr\u00f3geno), con un revestimiento interior de pel\u00edcula de PE de calidad alimentaria. Debe almacenarse refrigerado (a 2-8\u2103), estrictamente protegido de la luz y la humedad, y alejado de oxidantes. Una vez abierto, debe almacenarse en atm\u00f3sfera de nitr\u00f3geno. La vida \u00fatil es de 6 meses (sensible a la hidr\u00f3lisis).<\/p>","protected":false},"excerpt":{"rendered":"<p>\u3010CAS\u3011141-97-9 Alias: Acetoacetic acid ethyl;Ethyl acetoacetate,Acetoacetic ester Molecular formula: C6H10O3 \u00a0\u00a0Relative molecular mass: 130.14 Structural formula: &nbsp; 1.Product Property Ethyl Acetoacetate is an important organic synthetic raw material. It is a colorless or slightly yellow transparent liquid with a fruity aroma. It is used in the synthesis of dyes and drugs\uff0c and is also an [&hellip;]<\/p>\n","protected":false},"featured_media":4170,"template":"","meta":{"_seopress_robots_primary_cat":"none","_seopress_titles_title":"","_seopress_titles_desc":"","_seopress_robots_index":"","_uag_custom_page_level_css":"","site-sidebar-layout":"default","site-content-layout":"","ast-site-content-layout":"default","site-content-style":"default","site-sidebar-style":"default","ast-global-header-display":"","ast-banner-title-visibility":"","ast-main-header-display":"","ast-hfb-above-header-display":"","ast-hfb-below-header-display":"","ast-hfb-mobile-header-display":"","site-post-title":"","ast-breadcrumbs-content":"","ast-featured-img":"","footer-sml-layout":"","theme-transparent-header-meta":"default","adv-header-id-meta":"","stick-header-meta":"default","header-above-stick-meta":"","header-main-stick-meta":"","header-below-stick-meta":"","astra-migrate-meta-layouts":"set","ast-page-background-enabled":"default","ast-page-background-meta":{"desktop":{"background-color":"","background-image":"","background-repeat":"repeat","background-position":"center center","background-size":"auto","background-attachment":"scroll","background-type":"","background-media":"","overlay-type":"","overlay-color":"","overlay-opacity":"","overlay-gradient":""},"tablet":{"background-color":"","background-image":"","background-repeat":"repeat","background-position":"center center","background-size":"auto","background-attachment":"scroll","background-type":"","background-media":"","overlay-type":"","overlay-color":"","overlay-opacity":"","overlay-gradient":""},"mobile":{"background-color":"","background-image":"","background-repeat":"repeat","background-position":"center center","background-size":"auto","background-attachment":"scroll","background-type":"","background-media":"","overlay-type":"","overlay-color":"","overlay-opacity":"","overlay-gradient":""}},"ast-content-background-meta":{"desktop":{"background-color":"var(--ast-global-color-5)","background-image":"","background-repeat":"repeat","background-position":"center center","background-size":"auto","background-attachment":"scroll","background-type":"","background-media":"","overlay-type":"","overlay-color":"","overlay-opacity":"","overlay-gradient":""},"tablet":{"background-color":"var(--ast-global-color-5)","background-image":"","background-repeat":"repeat","background-position":"center center","background-size":"auto","background-attachment":"scroll","background-type":"","background-media":"","overlay-type":"","overlay-color":"","overlay-opacity":"","overlay-gradient":""},"mobile":{"background-color":"var(--ast-global-color-5)","background-image":"","background-repeat":"repeat","background-position":"center center","background-size":"auto","background-attachment":"scroll","background-type":"","background-media":"","overlay-type":"","overlay-color":"","overlay-opacity":"","overlay-gradient":""}}},"product_brand":[],"product_cat":[67],"product_tag":[],"class_list":{"0":"post-4163","1":"product","2":"type-product","3":"status-publish","4":"has-post-thumbnail","6":"product_cat-food-additives","7":"desktop-align-left","8":"tablet-align-left","9":"mobile-align-left","10":"ast-product-gallery-layout-horizontal-slider","11":"ast-product-gallery-with-no-image","12":"ast-product-tabs-layout-horizontal","14":"first","15":"instock","16":"shipping-taxable","17":"product-type-simple"},"uagb_featured_image_src":{"full":["https:\/\/jinancuchem.com\/wp-content\/uploads\/2025\/07\/7.png",800,800,false],"thumbnail":["https:\/\/jinancuchem.com\/wp-content\/uploads\/2025\/07\/7-150x150.png",150,150,true],"medium":["https:\/\/jinancuchem.com\/wp-content\/uploads\/2025\/07\/7-300x300.png",300,300,true],"medium_large":["https:\/\/jinancuchem.com\/wp-content\/uploads\/2025\/07\/7-768x768.png",768,768,true],"large":["https:\/\/jinancuchem.com\/wp-content\/uploads\/2025\/07\/7.png",800,800,false],"1536x1536":["https:\/\/jinancuchem.com\/wp-content\/uploads\/2025\/07\/7.png",800,800,false],"2048x2048":["https:\/\/jinancuchem.com\/wp-content\/uploads\/2025\/07\/7.png",800,800,false],"trp-custom-language-flag":["https:\/\/jinancuchem.com\/wp-content\/uploads\/2025\/07\/7-12x12.png",12,12,true],"woocommerce_thumbnail":["https:\/\/jinancuchem.com\/wp-content\/uploads\/2025\/07\/7-300x300.png",300,300,true],"woocommerce_single":["https:\/\/jinancuchem.com\/wp-content\/uploads\/2025\/07\/7-600x600.png",500,500,true],"woocommerce_gallery_thumbnail":["https:\/\/jinancuchem.com\/wp-content\/uploads\/2025\/07\/7-100x100.png",100,100,true]},"uagb_author_info":{"display_name":"jinxing6611@gmail.com","author_link":"https:\/\/jinancuchem.com\/es\/author\/"},"uagb_comment_info":0,"uagb_excerpt":"\u3010CAS\u3011141-97-9 Alias: Acetoacetic acid ethyl;Ethyl acetoacetate,Acetoacetic ester Molecular formula: C6H10O3 \u00a0\u00a0Relative molecular mass: 130.14 Structural formula: &nbsp; 1.Product Property Ethyl Acetoacetate is an important organic synthetic raw material. It is a colorless or slightly yellow transparent liquid with a fruity aroma. It is used in the synthesis of dyes and drugs\uff0c and is also an&hellip;","_links":{"self":[{"href":"https:\/\/jinancuchem.com\/es\/wp-json\/wp\/v2\/product\/4163","targetHints":{"allow":["GET"]}}],"collection":[{"href":"https:\/\/jinancuchem.com\/es\/wp-json\/wp\/v2\/product"}],"about":[{"href":"https:\/\/jinancuchem.com\/es\/wp-json\/wp\/v2\/types\/product"}],"wp:featuredmedia":[{"embeddable":true,"href":"https:\/\/jinancuchem.com\/es\/wp-json\/wp\/v2\/media\/4170"}],"wp:attachment":[{"href":"https:\/\/jinancuchem.com\/es\/wp-json\/wp\/v2\/media?parent=4163"}],"wp:term":[{"taxonomy":"product_brand","embeddable":true,"href":"https:\/\/jinancuchem.com\/es\/wp-json\/wp\/v2\/product_brand?post=4163"},{"taxonomy":"product_cat","embeddable":true,"href":"https:\/\/jinancuchem.com\/es\/wp-json\/wp\/v2\/product_cat?post=4163"},{"taxonomy":"product_tag","embeddable":true,"href":"https:\/\/jinancuchem.com\/es\/wp-json\/wp\/v2\/product_tag?post=4163"}],"curies":[{"name":"wp","href":"https:\/\/api.w.org\/{rel}","templated":true}]}}