{"id":4186,"date":"2025-07-25T02:55:55","date_gmt":"2025-07-25T02:55:55","guid":{"rendered":"https:\/\/jinancuchem.com\/?post_type=product&#038;p=4186"},"modified":"2025-07-28T00:31:31","modified_gmt":"2025-07-28T00:31:31","slug":"gamma-undecalactone","status":"publish","type":"product","link":"https:\/\/jinancuchem.com\/es\/producto\/gamma-undecalactone\/","title":{"rendered":"Gamma Undecalactona"},"content":{"rendered":"<p>\u3010CAS\u3011104-67-6<\/p>\n<p>Alias: ALDEH\u00cdDO DE MELOCOT\u00d3N;GAMMA-UNDECALACTONA;GAMMA-UNDECANOLACTONA;<\/p>\n<p>F\u00f3rmula molecular: C<sub>11<\/sub>H<sub>20<\/sub>O<sub>2<\/sub>\u00a0\u00a0\u00a0Masa molecular relativa: 184,28<\/p>\n<p>F\u00f3rmula estructural:<img alt=\"\" decoding=\"async\" class=\"alignnone size-full wp-image-4190\" src=\"https:\/\/jinancuchem.com\/wp-content\/uploads\/2025\/07\/\u56fe\u724710-4.png\" width=\"358\" height=\"78\" srcset=\"https:\/\/jinancuchem.com\/wp-content\/uploads\/2025\/07\/\u56fe\u724710-4.png 358w, https:\/\/jinancuchem.com\/wp-content\/uploads\/2025\/07\/\u56fe\u724710-4-300x65.png 300w, https:\/\/jinancuchem.com\/wp-content\/uploads\/2025\/07\/\u56fe\u724710-4-18x4.png 18w\" sizes=\"(max-width: 358px) 100vw, 358px\" \/><\/p>\n<p>&nbsp;<\/p>\n<p>&nbsp;<\/p>\n<h4>1.Propiedad del producto<\/h4>\n<p>L\u00edquido incoloro a amarillo p\u00e1lido, ligeramente viscoso y transparente. Tiene un fuerte aroma que recuerda al melocot\u00f3n. Punto de ebullici\u00f3n: 297\u2103; Punto de inflamaci\u00f3n: 137\u2103.<\/p>\n<p>&nbsp;<\/p>\n<h4>2.<\/h4>\n<table>\n<tbody>\n<tr>\n<td><strong><b>Par\u00e1metro<\/b><\/strong><\/td>\n<td width=\"343\"><strong><b>Especificaci\u00f3n<\/b><\/strong><\/td>\n<\/tr>\n<tr>\n<td><strong><b>Pureza (GC-FID)<\/b><\/strong><\/td>\n<td width=\"343\">\u226598.0%<\/td>\n<\/tr>\n<tr>\n<td><strong><b>Apariencia<\/b><\/strong><\/td>\n<td width=\"343\">L\u00edquido incoloro a amarillo p\u00e1lido<\/td>\n<\/tr>\n<tr>\n<td><strong><b>Olor<\/b><\/strong><\/td>\n<td width=\"343\">Melocot\u00f3n intenso, cremoso<\/td>\n<\/tr>\n<tr>\n<td><strong><b>\u00cdndice de refracci\u00f3n (20\u00b0C)<\/b><\/strong><\/td>\n<td width=\"343\">1.446 &#8211; 1.451<\/td>\n<\/tr>\n<tr>\n<td><strong><b>Densidad (20\u00b0C)<\/b><\/strong><\/td>\n<td width=\"343\">0,940 - 0,950 g\/cm\u00b3<\/td>\n<\/tr>\n<tr>\n<td><strong><b>\u00cdndice de acidez<\/b><\/strong><\/td>\n<td width=\"343\">\u22641,0 mg KOH\/g<\/td>\n<\/tr>\n<tr>\n<td><strong><b>Contenido en agua<\/b><\/strong><\/td>\n<td width=\"343\">\u22640.1%<\/td>\n<\/tr>\n<tr>\n<td><strong><b>Metales pesados (Pb)<\/b><\/strong><\/td>\n<td width=\"343\">\u22642 ppm<\/td>\n<\/tr>\n<\/tbody>\n<\/table>\n<p>&nbsp;<\/p>\n<h4>3.\u00c1mbito de aplicaci\u00f3n y uso<\/h4>\n<p>La gamma undecalactona se utiliza como aditivo alimentario (FEMA 3091), principalmente para mezclar sabores de alta gama como melocot\u00f3n, nata y coco. Se utiliza espec\u00edficamente en productos l\u00e1cteos de primera calidad (mantequilla, queso), postres (mousse, pudding), bebidas alcoh\u00f3licas (licores aromatizados) y chocolates de lujo.<\/p>\n<p>&nbsp;<\/p>\n<h4>4.Embalaje y almacenamiento<\/h4>\n<p>Gamma Undecalactone se envasa en un tanque de vac\u00edo de acero inoxidable de 10 kg (lleno de nitr\u00f3geno) o en una botella de vidrio marr\u00f3n, con un revestimiento interior de grado alimentario de una membrana inerte. Debe almacenarse en condiciones estrictas de cadena de fr\u00edo a 2-8\u2103. Una vez abierto, debe llenarse inmediatamente con nitr\u00f3geno y utilizarse en el plazo de un mes. La vida \u00fatil es de 18 meses (sin abrir).<\/p>","protected":false},"excerpt":{"rendered":"<p>\u3010CAS\u3011104-67-6 Alias: PEACH ALDEHYDE;GAMMA-UNDECALACTONE;GAMMA-UNDECANOLACTONE; Molecular formula: C11H20O2\u00a0\u00a0\u00a0Relative molecular mass: 184.28 Structural formula: &nbsp; &nbsp; 1.Product Property Colorless to pale yellow, slightly viscous and transparent liquid. It has a strong aroma reminiscent of peach. Boiling point: 297\u2103; Flash point: 137\u2103. &nbsp; 2. Parameter Specification Purity (GC-FID) \u226598.0% Appearance Colorless to pale yellow liquid Odor Intense peach, [&hellip;]<\/p>\n","protected":false},"featured_media":4193,"template":"","meta":{"_seopress_robots_primary_cat":"none","_seopress_titles_title":"","_seopress_titles_desc":"","_seopress_robots_index":"","_uag_custom_page_level_css":"","site-sidebar-layout":"default","site-content-layout":"","ast-site-content-layout":"default","site-content-style":"default","site-sidebar-style":"default","ast-global-header-display":"","ast-banner-title-visibility":"","ast-main-header-display":"","ast-hfb-above-header-display":"","ast-hfb-below-header-display":"","ast-hfb-mobile-header-display":"","site-post-title":"","ast-breadcrumbs-content":"","ast-featured-img":"","footer-sml-layout":"","theme-transparent-header-meta":"default","adv-header-id-meta":"","stick-header-meta":"default","header-above-stick-meta":"","header-main-stick-meta":"","header-below-stick-meta":"","astra-migrate-meta-layouts":"set","ast-page-background-enabled":"default","ast-page-background-meta":{"desktop":{"background-color":"","background-image":"","background-repeat":"repeat","background-position":"center center","background-size":"auto","background-attachment":"scroll","background-type":"","background-media":"","overlay-type":"","overlay-color":"","overlay-opacity":"","overlay-gradient":""},"tablet":{"background-color":"","background-image":"","background-repeat":"repeat","background-position":"center center","background-size":"auto","background-attachment":"scroll","background-type":"","background-media":"","overlay-type":"","overlay-color":"","overlay-opacity":"","overlay-gradient":""},"mobile":{"background-color":"","background-image":"","background-repeat":"repeat","background-position":"center center","background-size":"auto","background-attachment":"scroll","background-type":"","background-media":"","overlay-type":"","overlay-color":"","overlay-opacity":"","overlay-gradient":""}},"ast-content-background-meta":{"desktop":{"background-color":"var(--ast-global-color-5)","background-image":"","background-repeat":"repeat","background-position":"center center","background-size":"auto","background-attachment":"scroll","background-type":"","background-media":"","overlay-type":"","overlay-color":"","overlay-opacity":"","overlay-gradient":""},"tablet":{"background-color":"var(--ast-global-color-5)","background-image":"","background-repeat":"repeat","background-position":"center center","background-size":"auto","background-attachment":"scroll","background-type":"","background-media":"","overlay-type":"","overlay-color":"","overlay-opacity":"","overlay-gradient":""},"mobile":{"background-color":"var(--ast-global-color-5)","background-image":"","background-repeat":"repeat","background-position":"center center","background-size":"auto","background-attachment":"scroll","background-type":"","background-media":"","overlay-type":"","overlay-color":"","overlay-opacity":"","overlay-gradient":""}}},"product_brand":[],"product_cat":[67],"product_tag":[],"class_list":{"0":"post-4186","1":"product","2":"type-product","3":"status-publish","4":"has-post-thumbnail","6":"product_cat-food-additives","7":"desktop-align-left","8":"tablet-align-left","9":"mobile-align-left","10":"ast-product-gallery-layout-horizontal-slider","11":"ast-product-gallery-with-no-image","12":"ast-product-tabs-layout-horizontal","14":"first","15":"instock","16":"shipping-taxable","17":"product-type-simple"},"uagb_featured_image_src":{"full":["https:\/\/jinancuchem.com\/wp-content\/uploads\/2025\/07\/10.png",800,800,false],"thumbnail":["https:\/\/jinancuchem.com\/wp-content\/uploads\/2025\/07\/10-150x150.png",150,150,true],"medium":["https:\/\/jinancuchem.com\/wp-content\/uploads\/2025\/07\/10-300x300.png",300,300,true],"medium_large":["https:\/\/jinancuchem.com\/wp-content\/uploads\/2025\/07\/10-768x768.png",768,768,true],"large":["https:\/\/jinancuchem.com\/wp-content\/uploads\/2025\/07\/10.png",800,800,false],"1536x1536":["https:\/\/jinancuchem.com\/wp-content\/uploads\/2025\/07\/10.png",800,800,false],"2048x2048":["https:\/\/jinancuchem.com\/wp-content\/uploads\/2025\/07\/10.png",800,800,false],"trp-custom-language-flag":["https:\/\/jinancuchem.com\/wp-content\/uploads\/2025\/07\/10-12x12.png",12,12,true],"woocommerce_thumbnail":["https:\/\/jinancuchem.com\/wp-content\/uploads\/2025\/07\/10-300x300.png",300,300,true],"woocommerce_single":["https:\/\/jinancuchem.com\/wp-content\/uploads\/2025\/07\/10-600x600.png",500,500,true],"woocommerce_gallery_thumbnail":["https:\/\/jinancuchem.com\/wp-content\/uploads\/2025\/07\/10-100x100.png",100,100,true]},"uagb_author_info":{"display_name":"jinxing6611@gmail.com","author_link":"https:\/\/jinancuchem.com\/es\/author\/"},"uagb_comment_info":0,"uagb_excerpt":"\u3010CAS\u3011104-67-6 Alias: PEACH ALDEHYDE;GAMMA-UNDECALACTONE;GAMMA-UNDECANOLACTONE; Molecular formula: C11H20O2\u00a0\u00a0\u00a0Relative molecular mass: 184.28 Structural formula: &nbsp; &nbsp; 1.Product Property Colorless to pale yellow, slightly viscous and transparent liquid. It has a strong aroma reminiscent of peach. Boiling point: 297\u2103; Flash point: 137\u2103. &nbsp; 2. Parameter Specification Purity (GC-FID) \u226598.0% Appearance Colorless to pale yellow liquid Odor Intense peach,&hellip;","_links":{"self":[{"href":"https:\/\/jinancuchem.com\/es\/wp-json\/wp\/v2\/product\/4186","targetHints":{"allow":["GET"]}}],"collection":[{"href":"https:\/\/jinancuchem.com\/es\/wp-json\/wp\/v2\/product"}],"about":[{"href":"https:\/\/jinancuchem.com\/es\/wp-json\/wp\/v2\/types\/product"}],"wp:featuredmedia":[{"embeddable":true,"href":"https:\/\/jinancuchem.com\/es\/wp-json\/wp\/v2\/media\/4193"}],"wp:attachment":[{"href":"https:\/\/jinancuchem.com\/es\/wp-json\/wp\/v2\/media?parent=4186"}],"wp:term":[{"taxonomy":"product_brand","embeddable":true,"href":"https:\/\/jinancuchem.com\/es\/wp-json\/wp\/v2\/product_brand?post=4186"},{"taxonomy":"product_cat","embeddable":true,"href":"https:\/\/jinancuchem.com\/es\/wp-json\/wp\/v2\/product_cat?post=4186"},{"taxonomy":"product_tag","embeddable":true,"href":"https:\/\/jinancuchem.com\/es\/wp-json\/wp\/v2\/product_tag?post=4186"}],"curies":[{"name":"wp","href":"https:\/\/api.w.org\/{rel}","templated":true}]}}