{"id":4188,"date":"2025-07-25T02:57:11","date_gmt":"2025-07-25T02:57:11","guid":{"rendered":"https:\/\/jinancuchem.com\/?post_type=product&#038;p=4188"},"modified":"2025-07-25T02:57:11","modified_gmt":"2025-07-25T02:57:11","slug":"sodium-of-plyaspartic-acid%ef%bc%88pasp%ef%bc%89","status":"publish","type":"product","link":"https:\/\/jinancuchem.com\/es\/producto\/sodium-of-plyaspartic-acid%ef%bc%88pasp%ef%bc%89\/","title":{"rendered":"Sodio del \u00e1cido gliasp\u00e1rtico\uff08PASP\uff09"},"content":{"rendered":"<p>Descripci\u00f3n del producto: El PASP es un pol\u00edmero soluble en agua. Es un agente de tratamiento de agua verde, con propiedades de no f\u00f3sforo, no contaminaci\u00f3n y biodegradaci\u00f3n completa.<\/p>\n<p>\u3010CAS\u3011 55719-33-0<\/p>\n<p>F\u00f3rmula molecular: C4H6NO3(C4H5NO3)C4H6NO4 Masa molecular relativa:1000-5000<\/p>\n<p>F\u00f3rmula estructural:<img alt=\"\" fetchpriority=\"high\" decoding=\"async\" class=\"alignnone size-full wp-image-4197\" src=\"https:\/\/jinancuchem.com\/wp-content\/uploads\/2025\/07\/\u672a\u6807\u9898-1-5.jpg\" width=\"800\" height=\"800\" srcset=\"https:\/\/jinancuchem.com\/wp-content\/uploads\/2025\/07\/\u672a\u6807\u9898-1-5.jpg 800w, https:\/\/jinancuchem.com\/wp-content\/uploads\/2025\/07\/\u672a\u6807\u9898-1-5-300x300.jpg 300w, https:\/\/jinancuchem.com\/wp-content\/uploads\/2025\/07\/\u672a\u6807\u9898-1-5-150x150.jpg 150w, https:\/\/jinancuchem.com\/wp-content\/uploads\/2025\/07\/\u672a\u6807\u9898-1-5-768x768.jpg 768w, https:\/\/jinancuchem.com\/wp-content\/uploads\/2025\/07\/\u672a\u6807\u9898-1-5-12x12.jpg 12w, https:\/\/jinancuchem.com\/wp-content\/uploads\/2025\/07\/\u672a\u6807\u9898-1-5-600x600.jpg 600w, https:\/\/jinancuchem.com\/wp-content\/uploads\/2025\/07\/\u672a\u6807\u9898-1-5-100x100.jpg 100w\" sizes=\"(max-width: 800px) 100vw, 800px\" \/><\/p>\n<p>&nbsp;<\/p>\n<ol>\n<li>Propiedad del producto<\/li>\n<\/ol>\n<p>El PASP es un pol\u00edmero soluble en agua. Es un agente ecol\u00f3gico de tratamiento del agua, con propiedades de no fosforescencia, no contaminaci\u00f3n y biodegradaci\u00f3n total. El PASP tiene una excelente quelaci\u00f3n a los iones y posee la doble virtud de inhibir la corrosi\u00f3n y las incrustaciones. El PASP inhibe bien las incrustaciones de carbonato c\u00e1lcico, sulfato c\u00e1lcico, sulfato de bario, fosfato c\u00e1lcico, etc. Su \u00edndice de inhibici\u00f3n de incrustaciones en carbonato c\u00e1lcico es de 100%. Adem\u00e1s, el PASP tiene propiedades de dispersi\u00f3n e inhibici\u00f3n de la corrosi\u00f3n en equipos met\u00e1licos.<\/p>\n<p>PASP es una alternativa a los productos qu\u00edmicos para el tratamiento del agua que contienen f\u00f3sforo, con el efecto de evitar la eutrofizaci\u00f3n del sistema h\u00eddrico y la segunda contaminaci\u00f3n.<\/p>\n<ol>\n<li>\u00cdndice de calidad<\/li>\n<\/ol>\n<table>\n<tbody>\n<tr>\n<td width=\"224\">Art\u00edculos<\/td>\n<td width=\"197\">\u00cdndice<\/td>\n<\/tr>\n<tr>\n<td width=\"224\">Apariencia<\/td>\n<td width=\"197\">L\u00edquido amarillo transparente<\/td>\n<\/tr>\n<tr>\n<td width=\"224\">Contenido s\u00f3lido %<\/td>\n<td width=\"197\">40.0<\/td>\n<\/tr>\n<tr>\n<td width=\"224\">Densidad (20\u2103) g\/cm3<\/td>\n<td width=\"197\">1.20<\/td>\n<\/tr>\n<tr>\n<td width=\"224\">PH (soluci\u00f3n acuosa al 1\uff05)<\/td>\n<td width=\"197\">9.0 ~ 11.0<\/td>\n<\/tr>\n<\/tbody>\n<\/table>\n<p>&nbsp;<\/p>\n<p>III. \u00c1mbito de aplicaci\u00f3n<\/p>\n<ol>\n<li>El PASP puede utilizarse como inhibidor de incrustaciones y corrosi\u00f3n en agua de circulaci\u00f3n industrial, agua de calderas, \u00f3smosis inversa, agua de yacimientos petrol\u00edferos y desalinizaci\u00f3n. Los efectos ser\u00e1n incluso mejores que los de las organofosfinas ordinarias cuando se utilicen en condiciones de alta dureza, alta alcalinidad, alto valor de pH y alto \u00edndice de concentraci\u00f3n. Cuando se combina con PBTCA, la sinergia es evidente.<\/li>\n<li>Debido a su car\u00e1cter ecol\u00f3gico y no contaminante para el medio ambiente, el PASP puede utilizarse como ingrediente accesorio en productos qu\u00edmicos cotidianos y finos.<\/li>\n<li>El PASP puede utilizarse en agricultura como intensificador de la absorci\u00f3n de nutrientes para mejorar la producci\u00f3n de hortalizas, melones, frutas y flores. Si se utiliza junto con plaguicidas, se mejoran sus efectos.<\/li>\n<li>Embalaje y almacenamiento<\/li>\n<\/ol>\n<p>Suele envasarse en bidones de pl\u00e1stico de 25 kg o 200 kg, o lo que determinen los usuarios, y puede almacenarse durante diez meses en un lugar sombreado y seco en condiciones ambientales.<\/p>\n<ol>\n<li>Protecci\u00f3n de seguridad<\/li>\n<\/ol>\n<p>Este producto es alcalino. Evitar el contacto con los ojos, la piel o la ropa. Aclarar con abundante agua poco despu\u00e9s de haber sido manchado corporalmente.<\/p>","protected":false},"excerpt":{"rendered":"<p>Product description: PASP is a water soluble polymer. It is a green water treatment agent, with properties of non-phosphor, non-pollution and fully biodegradation. \u3010CAS\u3011\u00a055719-33-0 Molecular formula: C4H6NO3(C4H5NO3)C4H6NO4\u00a0Relative molecular mass:1000-5000 Structural formula: &nbsp; Product Property PASP is a water soluble polymer. It is a green water treatment agent, with properties of non-phosphor, non-pollution and fully biodegradation. [&hellip;]<\/p>\n","protected":false},"featured_media":4197,"template":"","meta":{"_seopress_robots_primary_cat":"","_seopress_titles_title":"","_seopress_titles_desc":"","_seopress_robots_index":"","_uag_custom_page_level_css":"","site-sidebar-layout":"default","site-content-layout":"","ast-site-content-layout":"default","site-content-style":"default","site-sidebar-style":"default","ast-global-header-display":"","ast-banner-title-visibility":"","ast-main-header-display":"","ast-hfb-above-header-display":"","ast-hfb-below-header-display":"","ast-hfb-mobile-header-display":"","site-post-title":"","ast-breadcrumbs-content":"","ast-featured-img":"","footer-sml-layout":"","theme-transparent-header-meta":"default","adv-header-id-meta":"","stick-header-meta":"default","header-above-stick-meta":"","header-main-stick-meta":"","header-below-stick-meta":"","astra-migrate-meta-layouts":"set","ast-page-background-enabled":"default","ast-page-background-meta":{"desktop":{"background-color":"","background-image":"","background-repeat":"repeat","background-position":"center center","background-size":"auto","background-attachment":"scroll","background-type":"","background-media":"","overlay-type":"","overlay-color":"","overlay-opacity":"","overlay-gradient":""},"tablet":{"background-color":"","background-image":"","background-repeat":"repeat","background-position":"center center","background-size":"auto","background-attachment":"scroll","background-type":"","background-media":"","overlay-type":"","overlay-color":"","overlay-opacity":"","overlay-gradient":""},"mobile":{"background-color":"","background-image":"","background-repeat":"repeat","background-position":"center center","background-size":"auto","background-attachment":"scroll","background-type":"","background-media":"","overlay-type":"","overlay-color":"","overlay-opacity":"","overlay-gradient":""}},"ast-content-background-meta":{"desktop":{"background-color":"var(--ast-global-color-5)","background-image":"","background-repeat":"repeat","background-position":"center center","background-size":"auto","background-attachment":"scroll","background-type":"","background-media":"","overlay-type":"","overlay-color":"","overlay-opacity":"","overlay-gradient":""},"tablet":{"background-color":"var(--ast-global-color-5)","background-image":"","background-repeat":"repeat","background-position":"center center","background-size":"auto","background-attachment":"scroll","background-type":"","background-media":"","overlay-type":"","overlay-color":"","overlay-opacity":"","overlay-gradient":""},"mobile":{"background-color":"var(--ast-global-color-5)","background-image":"","background-repeat":"repeat","background-position":"center center","background-size":"auto","background-attachment":"scroll","background-type":"","background-media":"","overlay-type":"","overlay-color":"","overlay-opacity":"","overlay-gradient":""}}},"product_brand":[],"product_cat":[66],"product_tag":[],"class_list":{"0":"post-4188","1":"product","2":"type-product","3":"status-publish","4":"has-post-thumbnail","6":"product_cat-water-treatment-raw-materials","7":"desktop-align-left","8":"tablet-align-left","9":"mobile-align-left","10":"ast-product-gallery-layout-horizontal-slider","11":"ast-product-gallery-with-no-image","12":"ast-product-tabs-layout-horizontal","14":"first","15":"instock","16":"shipping-taxable","17":"product-type-simple"},"uagb_featured_image_src":{"full":["https:\/\/jinancuchem.com\/wp-content\/uploads\/2025\/07\/\u672a\u6807\u9898-1-5.jpg",800,800,false],"thumbnail":["https:\/\/jinancuchem.com\/wp-content\/uploads\/2025\/07\/\u672a\u6807\u9898-1-5-150x150.jpg",150,150,true],"medium":["https:\/\/jinancuchem.com\/wp-content\/uploads\/2025\/07\/\u672a\u6807\u9898-1-5-300x300.jpg",300,300,true],"medium_large":["https:\/\/jinancuchem.com\/wp-content\/uploads\/2025\/07\/\u672a\u6807\u9898-1-5-768x768.jpg",768,768,true],"large":["https:\/\/jinancuchem.com\/wp-content\/uploads\/2025\/07\/\u672a\u6807\u9898-1-5.jpg",800,800,false],"1536x1536":["https:\/\/jinancuchem.com\/wp-content\/uploads\/2025\/07\/\u672a\u6807\u9898-1-5.jpg",800,800,false],"2048x2048":["https:\/\/jinancuchem.com\/wp-content\/uploads\/2025\/07\/\u672a\u6807\u9898-1-5.jpg",800,800,false],"trp-custom-language-flag":["https:\/\/jinancuchem.com\/wp-content\/uploads\/2025\/07\/\u672a\u6807\u9898-1-5-12x12.jpg",12,12,true],"woocommerce_thumbnail":["https:\/\/jinancuchem.com\/wp-content\/uploads\/2025\/07\/\u672a\u6807\u9898-1-5-300x300.jpg",300,300,true],"woocommerce_single":["https:\/\/jinancuchem.com\/wp-content\/uploads\/2025\/07\/\u672a\u6807\u9898-1-5-600x600.jpg",500,500,true],"woocommerce_gallery_thumbnail":["https:\/\/jinancuchem.com\/wp-content\/uploads\/2025\/07\/\u672a\u6807\u9898-1-5-100x100.jpg",100,100,true]},"uagb_author_info":{"display_name":"jinxing6611@gmail.com","author_link":"https:\/\/jinancuchem.com\/es\/author\/"},"uagb_comment_info":0,"uagb_excerpt":"Product description: PASP is a water soluble polymer. It is a green water treatment agent, with properties of non-phosphor, non-pollution and fully biodegradation. \u3010CAS\u3011\u00a055719-33-0 Molecular formula: C4H6NO3(C4H5NO3)C4H6NO4\u00a0Relative molecular mass:1000-5000 Structural formula: &nbsp; Product Property PASP is a water soluble polymer. It is a green water treatment agent, with properties of non-phosphor, non-pollution and fully biodegradation.&hellip;","_links":{"self":[{"href":"https:\/\/jinancuchem.com\/es\/wp-json\/wp\/v2\/product\/4188","targetHints":{"allow":["GET"]}}],"collection":[{"href":"https:\/\/jinancuchem.com\/es\/wp-json\/wp\/v2\/product"}],"about":[{"href":"https:\/\/jinancuchem.com\/es\/wp-json\/wp\/v2\/types\/product"}],"wp:featuredmedia":[{"embeddable":true,"href":"https:\/\/jinancuchem.com\/es\/wp-json\/wp\/v2\/media\/4197"}],"wp:attachment":[{"href":"https:\/\/jinancuchem.com\/es\/wp-json\/wp\/v2\/media?parent=4188"}],"wp:term":[{"taxonomy":"product_brand","embeddable":true,"href":"https:\/\/jinancuchem.com\/es\/wp-json\/wp\/v2\/product_brand?post=4188"},{"taxonomy":"product_cat","embeddable":true,"href":"https:\/\/jinancuchem.com\/es\/wp-json\/wp\/v2\/product_cat?post=4188"},{"taxonomy":"product_tag","embeddable":true,"href":"https:\/\/jinancuchem.com\/es\/wp-json\/wp\/v2\/product_tag?post=4188"}],"curies":[{"name":"wp","href":"https:\/\/api.w.org\/{rel}","templated":true}]}}