{"id":4194,"date":"2025-07-25T02:57:41","date_gmt":"2025-07-25T02:57:41","guid":{"rendered":"https:\/\/jinancuchem.com\/?post_type=product&#038;p=4194"},"modified":"2025-07-28T00:32:20","modified_gmt":"2025-07-28T00:32:20","slug":"gamma-dodecalactone","status":"publish","type":"product","link":"https:\/\/jinancuchem.com\/es\/producto\/gamma-dodecalactone\/","title":{"rendered":"Gamma Dodecalactona"},"content":{"rendered":"<p>\u3010CAS\u30112305-05-7<\/p>\n<p>Alias: \u03b3-dodecalactona,4-dodecanolida,dihidro-5-octil-2(3H)-furanona<\/p>\n<p>F\u00f3rmula molecular: C<sub>12<\/sub>H<sub>22<\/sub>O<sub>2<\/sub>\u00a0\u00a0\u00a0Masa molecular relativa: 198,3<\/p>\n<p>F\u00f3rmula estructural:<img alt=\"\" decoding=\"async\" class=\"alignnone size-full wp-image-4198\" src=\"https:\/\/jinancuchem.com\/wp-content\/uploads\/2025\/07\/\u56fe\u724711-5.png\" width=\"393\" height=\"77\" srcset=\"https:\/\/jinancuchem.com\/wp-content\/uploads\/2025\/07\/\u56fe\u724711-5.png 393w, https:\/\/jinancuchem.com\/wp-content\/uploads\/2025\/07\/\u56fe\u724711-5-300x59.png 300w, https:\/\/jinancuchem.com\/wp-content\/uploads\/2025\/07\/\u56fe\u724711-5-18x4.png 18w\" sizes=\"(max-width: 393px) 100vw, 393px\" \/><\/p>\n<p>&nbsp;<\/p>\n<h4>1.Propiedad del producto<\/h4>\n<p>El \u03b3-decanol es un tipo de aditivo alimentario lact\u00f3nico. A temperatura ambiente, es un l\u00edquido entre incoloro y amarillo p\u00e1lido con aroma a nata, melocot\u00f3n y frutas parecidas a la pera. Su punto de ebullici\u00f3n es de 131\u2103 (200 kPa).<\/p>\n<p>&nbsp;<\/p>\n<h4>2.<\/h4>\n<table>\n<tbody>\n<tr>\n<td><strong><b>Par\u00e1metro<\/b><\/strong><\/td>\n<td width=\"352\"><strong><b>Especificaci\u00f3n<\/b><\/strong><\/td>\n<\/tr>\n<tr>\n<td><strong><b>Pureza (GC-FID)<\/b><\/strong><\/td>\n<td width=\"352\">\u226597.0%<\/td>\n<\/tr>\n<tr>\n<td><strong><b>Apariencia<\/b><\/strong><\/td>\n<td width=\"352\">L\u00edquido incoloro a amarillo p\u00e1lido<\/td>\n<\/tr>\n<tr>\n<td><strong><b>Olor<\/b><\/strong><\/td>\n<td width=\"352\">Cremoso, graso, parecido al melocot\u00f3n<\/td>\n<\/tr>\n<tr>\n<td><strong><b>\u00cdndice de refracci\u00f3n (20\u00b0C)<\/b><\/strong><\/td>\n<td width=\"352\">1.452 &#8211; 1.458<\/td>\n<\/tr>\n<tr>\n<td><strong><b>Densidad (20\u00b0C)<\/b><\/strong><\/td>\n<td width=\"352\">0,930 - 0,940 g\/cm\u00b3<\/td>\n<\/tr>\n<tr>\n<td><strong><b>\u00cdndice de acidez<\/b><\/strong><\/td>\n<td width=\"352\">\u22642,0 mg KOH\/g<\/td>\n<\/tr>\n<tr>\n<td><strong><b>Contenido en agua<\/b><\/strong><\/td>\n<td width=\"352\">\u22640.2%<\/td>\n<\/tr>\n<tr>\n<td><strong><b>Metales pesados (Pb)<\/b><\/strong><\/td>\n<td width=\"352\">\u22643 ppm<\/td>\n<\/tr>\n<\/tbody>\n<\/table>\n<p>&nbsp;<\/p>\n<h4>3.\u00c1mbito de aplicaci\u00f3n y uso<\/h4>\n<p>La \u03b3-dodecalactona (un aditivo alimentario, FEMA 2400) se utiliza principalmente para mezclar sabores ricos como nata, melocot\u00f3n y coco. Se aplica espec\u00edficamente a productos l\u00e1cteos de alta gama (como mantequilla y queso), postres (como mousse y helado), dulces de alta gama (como chocolate y toffees) y bebidas alcoh\u00f3licas (como licores aromatizados).<\/p>\n<p>&nbsp;<\/p>\n<h4>4.Embalaje y almacenamiento<\/h4>\n<p>El \u03b3-dodecanol se envasa en un dep\u00f3sito de vac\u00edo de acero inoxidable de 5 kg (lleno de nitr\u00f3geno) o en una botella de vidrio marr\u00f3n, con un revestimiento interior de membrana inerte apto para alimentos. Debe almacenarse en condiciones estrictas de cadena de fr\u00edo (2-8\u2103) en un lugar oscuro. Una vez abierto, debe llenarse inmediatamente con nitr\u00f3geno y utilizarse en un plazo de 2 semanas. La vida \u00fatil es de 12 meses (sin abrir).<\/p>","protected":false},"excerpt":{"rendered":"<p>\u3010CAS\u30112305-05-7 Alias: \u03b3-dodecalactone,4-dodecanolide,dihydro-5-octyl-2(3H)-furanone Molecular formula: C12H22O2\u00a0\u00a0\u00a0Relative molecular mass: 198.3 Structural formula: &nbsp; 1.Product Property \u03b3-Dodecanol is a type of lactone food additive. At room temperature, it is a colorless to pale yellow liquid with the aroma of cream, peach, and pear-like fruits. Its boiling point is 131\u2103 (200 kPa). &nbsp; 2. Parameter Specification Purity (GC-FID) [&hellip;]<\/p>\n","protected":false},"featured_media":4201,"template":"","meta":{"_seopress_robots_primary_cat":"none","_seopress_titles_title":"","_seopress_titles_desc":"","_seopress_robots_index":"","_uag_custom_page_level_css":"","site-sidebar-layout":"default","site-content-layout":"","ast-site-content-layout":"default","site-content-style":"default","site-sidebar-style":"default","ast-global-header-display":"","ast-banner-title-visibility":"","ast-main-header-display":"","ast-hfb-above-header-display":"","ast-hfb-below-header-display":"","ast-hfb-mobile-header-display":"","site-post-title":"","ast-breadcrumbs-content":"","ast-featured-img":"","footer-sml-layout":"","theme-transparent-header-meta":"default","adv-header-id-meta":"","stick-header-meta":"default","header-above-stick-meta":"","header-main-stick-meta":"","header-below-stick-meta":"","astra-migrate-meta-layouts":"set","ast-page-background-enabled":"default","ast-page-background-meta":{"desktop":{"background-color":"","background-image":"","background-repeat":"repeat","background-position":"center center","background-size":"auto","background-attachment":"scroll","background-type":"","background-media":"","overlay-type":"","overlay-color":"","overlay-opacity":"","overlay-gradient":""},"tablet":{"background-color":"","background-image":"","background-repeat":"repeat","background-position":"center center","background-size":"auto","background-attachment":"scroll","background-type":"","background-media":"","overlay-type":"","overlay-color":"","overlay-opacity":"","overlay-gradient":""},"mobile":{"background-color":"","background-image":"","background-repeat":"repeat","background-position":"center center","background-size":"auto","background-attachment":"scroll","background-type":"","background-media":"","overlay-type":"","overlay-color":"","overlay-opacity":"","overlay-gradient":""}},"ast-content-background-meta":{"desktop":{"background-color":"var(--ast-global-color-5)","background-image":"","background-repeat":"repeat","background-position":"center center","background-size":"auto","background-attachment":"scroll","background-type":"","background-media":"","overlay-type":"","overlay-color":"","overlay-opacity":"","overlay-gradient":""},"tablet":{"background-color":"var(--ast-global-color-5)","background-image":"","background-repeat":"repeat","background-position":"center center","background-size":"auto","background-attachment":"scroll","background-type":"","background-media":"","overlay-type":"","overlay-color":"","overlay-opacity":"","overlay-gradient":""},"mobile":{"background-color":"var(--ast-global-color-5)","background-image":"","background-repeat":"repeat","background-position":"center center","background-size":"auto","background-attachment":"scroll","background-type":"","background-media":"","overlay-type":"","overlay-color":"","overlay-opacity":"","overlay-gradient":""}}},"product_brand":[],"product_cat":[67],"product_tag":[],"class_list":{"0":"post-4194","1":"product","2":"type-product","3":"status-publish","4":"has-post-thumbnail","6":"product_cat-food-additives","7":"desktop-align-left","8":"tablet-align-left","9":"mobile-align-left","10":"ast-product-gallery-layout-horizontal-slider","11":"ast-product-gallery-with-no-image","12":"ast-product-tabs-layout-horizontal","14":"first","15":"instock","16":"shipping-taxable","17":"product-type-simple"},"uagb_featured_image_src":{"full":["https:\/\/jinancuchem.com\/wp-content\/uploads\/2025\/07\/11-1.png",800,800,false],"thumbnail":["https:\/\/jinancuchem.com\/wp-content\/uploads\/2025\/07\/11-1-150x150.png",150,150,true],"medium":["https:\/\/jinancuchem.com\/wp-content\/uploads\/2025\/07\/11-1-300x300.png",300,300,true],"medium_large":["https:\/\/jinancuchem.com\/wp-content\/uploads\/2025\/07\/11-1-768x768.png",768,768,true],"large":["https:\/\/jinancuchem.com\/wp-content\/uploads\/2025\/07\/11-1.png",800,800,false],"1536x1536":["https:\/\/jinancuchem.com\/wp-content\/uploads\/2025\/07\/11-1.png",800,800,false],"2048x2048":["https:\/\/jinancuchem.com\/wp-content\/uploads\/2025\/07\/11-1.png",800,800,false],"trp-custom-language-flag":["https:\/\/jinancuchem.com\/wp-content\/uploads\/2025\/07\/11-1-12x12.png",12,12,true],"woocommerce_thumbnail":["https:\/\/jinancuchem.com\/wp-content\/uploads\/2025\/07\/11-1-300x300.png",300,300,true],"woocommerce_single":["https:\/\/jinancuchem.com\/wp-content\/uploads\/2025\/07\/11-1-600x600.png",500,500,true],"woocommerce_gallery_thumbnail":["https:\/\/jinancuchem.com\/wp-content\/uploads\/2025\/07\/11-1-100x100.png",100,100,true]},"uagb_author_info":{"display_name":"jinxing6611@gmail.com","author_link":"https:\/\/jinancuchem.com\/es\/author\/"},"uagb_comment_info":0,"uagb_excerpt":"\u3010CAS\u30112305-05-7 Alias: \u03b3-dodecalactone,4-dodecanolide,dihydro-5-octyl-2(3H)-furanone Molecular formula: C12H22O2\u00a0\u00a0\u00a0Relative molecular mass: 198.3 Structural formula: &nbsp; 1.Product Property \u03b3-Dodecanol is a type of lactone food additive. At room temperature, it is a colorless to pale yellow liquid with the aroma of cream, peach, and pear-like fruits. Its boiling point is 131\u2103 (200 kPa). &nbsp; 2. Parameter Specification Purity (GC-FID)&hellip;","_links":{"self":[{"href":"https:\/\/jinancuchem.com\/es\/wp-json\/wp\/v2\/product\/4194","targetHints":{"allow":["GET"]}}],"collection":[{"href":"https:\/\/jinancuchem.com\/es\/wp-json\/wp\/v2\/product"}],"about":[{"href":"https:\/\/jinancuchem.com\/es\/wp-json\/wp\/v2\/types\/product"}],"wp:featuredmedia":[{"embeddable":true,"href":"https:\/\/jinancuchem.com\/es\/wp-json\/wp\/v2\/media\/4201"}],"wp:attachment":[{"href":"https:\/\/jinancuchem.com\/es\/wp-json\/wp\/v2\/media?parent=4194"}],"wp:term":[{"taxonomy":"product_brand","embeddable":true,"href":"https:\/\/jinancuchem.com\/es\/wp-json\/wp\/v2\/product_brand?post=4194"},{"taxonomy":"product_cat","embeddable":true,"href":"https:\/\/jinancuchem.com\/es\/wp-json\/wp\/v2\/product_cat?post=4194"},{"taxonomy":"product_tag","embeddable":true,"href":"https:\/\/jinancuchem.com\/es\/wp-json\/wp\/v2\/product_tag?post=4194"}],"curies":[{"name":"wp","href":"https:\/\/api.w.org\/{rel}","templated":true}]}}