{"id":4202,"date":"2025-07-25T02:59:53","date_gmt":"2025-07-25T02:59:53","guid":{"rendered":"https:\/\/jinancuchem.com\/?post_type=product&#038;p=4202"},"modified":"2025-07-25T02:59:53","modified_gmt":"2025-07-25T02:59:53","slug":"sodium-of-polyeposysuecinic-acid%ef%bc%88pesa%ef%bc%89","status":"publish","type":"product","link":"https:\/\/jinancuchem.com\/es\/producto\/sodium-of-polyeposysuecinic-acid%ef%bc%88pesa%ef%bc%89\/","title":{"rendered":"Sodio del \u00e1cido polieposisuec\u00ednico\uff08PESA\uff09"},"content":{"rendered":"<p>Descripci\u00f3n del producto: PESA es un inhibidor multivariable de incrustaciones y corrosi\u00f3n con las caracter\u00edsticas m\u00e1s destacadas de no contener f\u00f3sforo ni nitr\u00f3geno y ser respetuoso con el medio ambiente.<\/p>\n<p>odium del \u00e1cido polieposisuec\u00ednico<\/p>\n<p>F\u00f3rmula molecular: HO (C4H2O5M2) nH Masa molecular relativa: 400-5000<\/p>\n<p>F\u00f3rmula estructural:<img alt=\"\" fetchpriority=\"high\" decoding=\"async\" class=\"alignnone size-full wp-image-4205\" src=\"https:\/\/jinancuchem.com\/wp-content\/uploads\/2025\/07\/\u672a\u6807\u9898-1-6.jpg\" width=\"800\" height=\"800\" srcset=\"https:\/\/jinancuchem.com\/wp-content\/uploads\/2025\/07\/\u672a\u6807\u9898-1-6.jpg 800w, https:\/\/jinancuchem.com\/wp-content\/uploads\/2025\/07\/\u672a\u6807\u9898-1-6-300x300.jpg 300w, https:\/\/jinancuchem.com\/wp-content\/uploads\/2025\/07\/\u672a\u6807\u9898-1-6-150x150.jpg 150w, https:\/\/jinancuchem.com\/wp-content\/uploads\/2025\/07\/\u672a\u6807\u9898-1-6-768x768.jpg 768w, https:\/\/jinancuchem.com\/wp-content\/uploads\/2025\/07\/\u672a\u6807\u9898-1-6-12x12.jpg 12w, https:\/\/jinancuchem.com\/wp-content\/uploads\/2025\/07\/\u672a\u6807\u9898-1-6-600x600.jpg 600w, https:\/\/jinancuchem.com\/wp-content\/uploads\/2025\/07\/\u672a\u6807\u9898-1-6-100x100.jpg 100w\" sizes=\"(max-width: 800px) 100vw, 800px\" \/><\/p>\n<p>&nbsp;<\/p>\n<ol>\n<li>Propiedad del producto<\/li>\n<\/ol>\n<p>PESA es un inhibidor multivariante de incrustaciones y corrosi\u00f3n con las caracter\u00edsticas m\u00e1s destacadas de no contener f\u00f3sforo ni nitr\u00f3geno y ser respetuoso con el medio ambiente. Tiene una buena inhibici\u00f3n y dispersi\u00f3n de incrustaciones de carbonato c\u00e1lcico, sulfato c\u00e1lcico, fluoruro c\u00e1lcico y s\u00edlice, con mejores efectos que las organofosfinas ordinarias. Cuando se combina con organofosfatos, los efectos sin\u00e9rgicos son evidentes. Con una calidad de producto estable y un buen rendimiento de formulaci\u00f3n, este producto posee un efecto obvio de formulaci\u00f3n y sinergismo. Por lo tanto, PESA es un inhibidor de incrustaciones multivariable con efecto de inhibici\u00f3n de la corrosi\u00f3n en cierto grado.<\/p>\n<p>PESA tiene buenas propiedades de biodegradaci\u00f3n y se puede utilizar ampliamente en sistemas de circulaci\u00f3n de agua fr\u00eda con alto valor alcalino, alta dureza y alto pH. PESA puede funcionar con un alto \u00edndice de concentraci\u00f3n. PESA tiene una buena sinergia con el cloro y otros productos qu\u00edmicos para el tratamiento del agua.<\/p>\n<ol>\n<li>\u00cdndice de calidad<\/li>\n<\/ol>\n<table>\n<tbody>\n<tr>\n<td width=\"224\">Art\u00edculos<\/td>\n<td width=\"197\">\u00cdndice<\/td>\n<\/tr>\n<tr>\n<td width=\"224\">Apariencia<\/td>\n<td width=\"197\">L\u00edquido incoloro o amblemente transparente<\/td>\n<\/tr>\n<tr>\n<td width=\"224\">Contenido s\u00f3lido %<\/td>\n<td width=\"197\">40.0<\/td>\n<\/tr>\n<tr>\n<td width=\"224\">Densidad(20\u2103) g\/cm3<\/td>\n<td width=\"197\">1.30<\/td>\n<\/tr>\n<tr>\n<td width=\"224\">PH\u503c(1%soluci\u00f3n acuosa)<\/td>\n<td width=\"197\">9.0 ~ 12.0<\/td>\n<\/tr>\n<\/tbody>\n<\/table>\n<p>III. \u00c1mbito de aplicaci\u00f3n<\/p>\n<ol>\n<li>PESA puede utilizarse en sistemas de agua de relleno de yacimientos petrol\u00edferos, deshidrataci\u00f3n de crudo y calderas.<\/li>\n<li>PESA puede utilizarse en sistemas de circulaci\u00f3n de agua fr\u00eda en acer\u00edas, petroqu\u00edmicas, centrales el\u00e9ctricas y medicinas.<\/li>\n<li>PESA puede utilizarse en agua de calderas, agua fr\u00eda circulante, plantas desalinizadoras y separaci\u00f3n por membranas en condiciones de alta alcalinidad, alta dureza, alto valor de pH y alto \u00edndice de concentraci\u00f3n.<\/li>\n<li>PESA puede utilizarse en el campo de los detergentes.<\/li>\n<li>Embalaje y almacenamiento<\/li>\n<\/ol>\n<p>Suele envasarse en bidones de pl\u00e1stico de 25 kg o en los que determinen los usuarios y puede almacenarse durante diez (10) meses en un lugar sombreado y seco en condiciones ambientales.<\/p>\n<ol>\n<li>Protecci\u00f3n de seguridad<\/li>\n<\/ol>\n<p>Este producto es alcalino. Evitar el contacto con los ojos, la piel o la ropa. Aclarar con abundante agua poco despu\u00e9s de haber sido manchado corporalmente.<\/p>","protected":false},"excerpt":{"rendered":"<p>Product description: PESA is a multivariate scale and corrosion inhibitor with the most outstanding features of non-phosphor, non-nitrogen and environmental friendliness. odium of Polyeposysuecinic Acid Molecular formula: HO (C4H2O5M2) nH \u00a0 \u00a0 \u00a0 \u00a0 \u00a0Relative molecular mass: 400-5000 Structural formula: &nbsp; Product Property PESA is a multivariate scale and corrosion inhibitor with the most outstanding [&hellip;]<\/p>\n","protected":false},"featured_media":4205,"template":"","meta":{"_seopress_robots_primary_cat":"","_seopress_titles_title":"","_seopress_titles_desc":"","_seopress_robots_index":"","_uag_custom_page_level_css":"","site-sidebar-layout":"default","site-content-layout":"","ast-site-content-layout":"default","site-content-style":"default","site-sidebar-style":"default","ast-global-header-display":"","ast-banner-title-visibility":"","ast-main-header-display":"","ast-hfb-above-header-display":"","ast-hfb-below-header-display":"","ast-hfb-mobile-header-display":"","site-post-title":"","ast-breadcrumbs-content":"","ast-featured-img":"","footer-sml-layout":"","theme-transparent-header-meta":"default","adv-header-id-meta":"","stick-header-meta":"default","header-above-stick-meta":"","header-main-stick-meta":"","header-below-stick-meta":"","astra-migrate-meta-layouts":"set","ast-page-background-enabled":"default","ast-page-background-meta":{"desktop":{"background-color":"","background-image":"","background-repeat":"repeat","background-position":"center center","background-size":"auto","background-attachment":"scroll","background-type":"","background-media":"","overlay-type":"","overlay-color":"","overlay-opacity":"","overlay-gradient":""},"tablet":{"background-color":"","background-image":"","background-repeat":"repeat","background-position":"center center","background-size":"auto","background-attachment":"scroll","background-type":"","background-media":"","overlay-type":"","overlay-color":"","overlay-opacity":"","overlay-gradient":""},"mobile":{"background-color":"","background-image":"","background-repeat":"repeat","background-position":"center center","background-size":"auto","background-attachment":"scroll","background-type":"","background-media":"","overlay-type":"","overlay-color":"","overlay-opacity":"","overlay-gradient":""}},"ast-content-background-meta":{"desktop":{"background-color":"var(--ast-global-color-5)","background-image":"","background-repeat":"repeat","background-position":"center center","background-size":"auto","background-attachment":"scroll","background-type":"","background-media":"","overlay-type":"","overlay-color":"","overlay-opacity":"","overlay-gradient":""},"tablet":{"background-color":"var(--ast-global-color-5)","background-image":"","background-repeat":"repeat","background-position":"center center","background-size":"auto","background-attachment":"scroll","background-type":"","background-media":"","overlay-type":"","overlay-color":"","overlay-opacity":"","overlay-gradient":""},"mobile":{"background-color":"var(--ast-global-color-5)","background-image":"","background-repeat":"repeat","background-position":"center center","background-size":"auto","background-attachment":"scroll","background-type":"","background-media":"","overlay-type":"","overlay-color":"","overlay-opacity":"","overlay-gradient":""}}},"product_brand":[],"product_cat":[66],"product_tag":[],"class_list":{"0":"post-4202","1":"product","2":"type-product","3":"status-publish","4":"has-post-thumbnail","6":"product_cat-water-treatment-raw-materials","7":"desktop-align-left","8":"tablet-align-left","9":"mobile-align-left","10":"ast-product-gallery-layout-horizontal-slider","11":"ast-product-gallery-with-no-image","12":"ast-product-tabs-layout-horizontal","14":"first","15":"instock","16":"shipping-taxable","17":"product-type-simple"},"uagb_featured_image_src":{"full":["https:\/\/jinancuchem.com\/wp-content\/uploads\/2025\/07\/\u672a\u6807\u9898-1-6.jpg",800,800,false],"thumbnail":["https:\/\/jinancuchem.com\/wp-content\/uploads\/2025\/07\/\u672a\u6807\u9898-1-6-150x150.jpg",150,150,true],"medium":["https:\/\/jinancuchem.com\/wp-content\/uploads\/2025\/07\/\u672a\u6807\u9898-1-6-300x300.jpg",300,300,true],"medium_large":["https:\/\/jinancuchem.com\/wp-content\/uploads\/2025\/07\/\u672a\u6807\u9898-1-6-768x768.jpg",768,768,true],"large":["https:\/\/jinancuchem.com\/wp-content\/uploads\/2025\/07\/\u672a\u6807\u9898-1-6.jpg",800,800,false],"1536x1536":["https:\/\/jinancuchem.com\/wp-content\/uploads\/2025\/07\/\u672a\u6807\u9898-1-6.jpg",800,800,false],"2048x2048":["https:\/\/jinancuchem.com\/wp-content\/uploads\/2025\/07\/\u672a\u6807\u9898-1-6.jpg",800,800,false],"trp-custom-language-flag":["https:\/\/jinancuchem.com\/wp-content\/uploads\/2025\/07\/\u672a\u6807\u9898-1-6-12x12.jpg",12,12,true],"woocommerce_thumbnail":["https:\/\/jinancuchem.com\/wp-content\/uploads\/2025\/07\/\u672a\u6807\u9898-1-6-300x300.jpg",300,300,true],"woocommerce_single":["https:\/\/jinancuchem.com\/wp-content\/uploads\/2025\/07\/\u672a\u6807\u9898-1-6-600x600.jpg",500,500,true],"woocommerce_gallery_thumbnail":["https:\/\/jinancuchem.com\/wp-content\/uploads\/2025\/07\/\u672a\u6807\u9898-1-6-100x100.jpg",100,100,true]},"uagb_author_info":{"display_name":"jinxing6611@gmail.com","author_link":"https:\/\/jinancuchem.com\/es\/author\/"},"uagb_comment_info":0,"uagb_excerpt":"Product description: PESA is a multivariate scale and corrosion inhibitor with the most outstanding features of non-phosphor, non-nitrogen and environmental friendliness. odium of Polyeposysuecinic Acid Molecular formula: HO (C4H2O5M2) nH \u00a0 \u00a0 \u00a0 \u00a0 \u00a0Relative molecular mass: 400-5000 Structural formula: &nbsp; Product Property PESA is a multivariate scale and corrosion inhibitor with the most outstanding&hellip;","_links":{"self":[{"href":"https:\/\/jinancuchem.com\/es\/wp-json\/wp\/v2\/product\/4202","targetHints":{"allow":["GET"]}}],"collection":[{"href":"https:\/\/jinancuchem.com\/es\/wp-json\/wp\/v2\/product"}],"about":[{"href":"https:\/\/jinancuchem.com\/es\/wp-json\/wp\/v2\/types\/product"}],"wp:featuredmedia":[{"embeddable":true,"href":"https:\/\/jinancuchem.com\/es\/wp-json\/wp\/v2\/media\/4205"}],"wp:attachment":[{"href":"https:\/\/jinancuchem.com\/es\/wp-json\/wp\/v2\/media?parent=4202"}],"wp:term":[{"taxonomy":"product_brand","embeddable":true,"href":"https:\/\/jinancuchem.com\/es\/wp-json\/wp\/v2\/product_brand?post=4202"},{"taxonomy":"product_cat","embeddable":true,"href":"https:\/\/jinancuchem.com\/es\/wp-json\/wp\/v2\/product_cat?post=4202"},{"taxonomy":"product_tag","embeddable":true,"href":"https:\/\/jinancuchem.com\/es\/wp-json\/wp\/v2\/product_tag?post=4202"}],"curies":[{"name":"wp","href":"https:\/\/api.w.org\/{rel}","templated":true}]}}