{"id":4226,"date":"2025-07-25T03:07:32","date_gmt":"2025-07-25T03:07:32","guid":{"rendered":"https:\/\/jinancuchem.com\/?post_type=product&#038;p=4226"},"modified":"2025-07-25T03:07:32","modified_gmt":"2025-07-25T03:07:32","slug":"sodium-dichloroisocyanurate","status":"publish","type":"product","link":"https:\/\/jinancuchem.com\/es\/producto\/sodium-dichloroisocyanurate\/","title":{"rendered":"Dicloroisocianurato de sodio"},"content":{"rendered":"<p>Oxalicina<\/p>\n<p>Desinfectante oxidante<\/p>\n<p>Agente de tratamiento del agua<\/p>\n<p>Desinfectante y eliminador de algas<\/p>\n<p>Descripci\u00f3n del producto: La oxalicina, dicloroisocianurato s\u00f3dico, es un desinfectante oxidante. Es soluble en agua y tiene las caracter\u00edsticas de alta eficacia, acci\u00f3n r\u00e1pida, amplio espectro y seguridad. Cuando se utiliza como desinfectante y eliminador de algas, tiene un efecto letal muy potente. A 20 ppm, la tasa de desinfecci\u00f3n alcanza 99%. Como agente de tratamiento del agua, se utiliza ampliamente en el agua de circulaci\u00f3n industrial.<\/p>\n<p>\u3010CAS\u30112893-78-9<\/p>\n<p>F\u00f3rmula estructural:<img alt=\"\" fetchpriority=\"high\" decoding=\"async\" class=\"alignnone size-full wp-image-4233\" src=\"https:\/\/jinancuchem.com\/wp-content\/uploads\/2025\/07\/\u672a\u6807\u9898-1-9.jpg\" width=\"800\" height=\"800\" srcset=\"https:\/\/jinancuchem.com\/wp-content\/uploads\/2025\/07\/\u672a\u6807\u9898-1-9.jpg 800w, https:\/\/jinancuchem.com\/wp-content\/uploads\/2025\/07\/\u672a\u6807\u9898-1-9-300x300.jpg 300w, https:\/\/jinancuchem.com\/wp-content\/uploads\/2025\/07\/\u672a\u6807\u9898-1-9-150x150.jpg 150w, https:\/\/jinancuchem.com\/wp-content\/uploads\/2025\/07\/\u672a\u6807\u9898-1-9-768x768.jpg 768w, https:\/\/jinancuchem.com\/wp-content\/uploads\/2025\/07\/\u672a\u6807\u9898-1-9-12x12.jpg 12w, https:\/\/jinancuchem.com\/wp-content\/uploads\/2025\/07\/\u672a\u6807\u9898-1-9-600x600.jpg 600w, https:\/\/jinancuchem.com\/wp-content\/uploads\/2025\/07\/\u672a\u6807\u9898-1-9-100x100.jpg 100w\" sizes=\"(max-width: 800px) 100vw, 800px\" \/><\/p>\n<p>&nbsp;<\/p>\n<ol>\n<li>Rendimiento del producto<\/li>\n<\/ol>\n<p>El cloruro de ozono, dicloroisocianurato de sodio, es muy soluble en agua y posee las caracter\u00edsticas de alta eficacia, acci\u00f3n r\u00e1pida, amplio espectro y seguridad. Tiene un efecto bactericida extremadamente fuerte. A una concentraci\u00f3n de 20 ppm, la tasa de esterilizaci\u00f3n alcanza 99%.<\/p>\n<p>Ozonein (dicloroisocianurato s\u00f3dico) tiene propiedades estables. Cuando se almacena en condiciones secas, el contenido de cloro disponible no disminuye en m\u00e1s de 1% en medio a\u00f1o. No se deteriora ni se incendia cuando se almacena a temperaturas inferiores a 120\u2103.<\/p>\n<ol>\n<li>M\u00e9todo de utilizaci\u00f3n<\/li>\n<\/ol>\n<p>El diisocianurato s\u00f3dico de \u00e1cido ox\u00e1lico (tambi\u00e9n conocido como ozono) se utiliza ampliamente como agente bactericida y algicida en sistemas de circulaci\u00f3n de agua de refrigeraci\u00f3n y piscinas para su desinfecci\u00f3n. Cuando se utiliza como bactericida en el sistema de agua de refrigeraci\u00f3n circulante, este producto debe a\u00f1adirse a una dosis de 15-20 ppm cada 2-3 d\u00edas en verano, una vez cada 3-5 d\u00edas en primavera y oto\u00f1o, y una vez cada 5-7 d\u00edas en invierno. Para garantizar el efecto bactericida, tambi\u00e9n se pueden a\u00f1adir regularmente bactericidas no oxidantes. Como agente de tratamiento del agua, se utiliza ampliamente en el agua de circulaci\u00f3n industrial.<\/p>\n<p>III. Envasado y almacenamiento<\/p>\n<p>Oxine (dicloroisocianurato s\u00f3dico) se presenta en bolsas tejidas interiores de pl\u00e1stico de polietileno, con un peso neto de 25 kg por bolsa. Almac\u00e9nelo en un lugar fresco y seco en interiores, prot\u00e9jalo de la humedad y evite la exposici\u00f3n a la luz solar. Su vida \u00fatil es de doce meses.<\/p>\n<ol>\n<li>Seguridad y protecci\u00f3n<\/li>\n<\/ol>\n<p>La oxina (dicloroisocianurato s\u00f3dico) irrita la piel y los ojos. Cuando se utilice, deben llevarse gafas protectoras y guantes de goma. En caso de contacto con la piel o los ojos, lavar inmediatamente con abundante agua.<\/p>\n<p>&nbsp;<\/p>","protected":false},"excerpt":{"rendered":"<p>Oxalicin Oxidizing disinfectant Water treatment agent Disinfectant and algae remover Product description: Oxalicin, sodium dichloroisocyanurate, is an oxidizing disinfectant. It is soluble in water and has the characteristics of high efficiency, rapid action, broad-spectrum, and safety. When used as a disinfectant and algae remover, it has a very strong killing effect. At 20 ppm, the [&hellip;]<\/p>\n","protected":false},"featured_media":4233,"template":"","meta":{"_seopress_robots_primary_cat":"","_seopress_titles_title":"","_seopress_titles_desc":"","_seopress_robots_index":"","_uag_custom_page_level_css":"","site-sidebar-layout":"default","site-content-layout":"","ast-site-content-layout":"default","site-content-style":"default","site-sidebar-style":"default","ast-global-header-display":"","ast-banner-title-visibility":"","ast-main-header-display":"","ast-hfb-above-header-display":"","ast-hfb-below-header-display":"","ast-hfb-mobile-header-display":"","site-post-title":"","ast-breadcrumbs-content":"","ast-featured-img":"","footer-sml-layout":"","theme-transparent-header-meta":"default","adv-header-id-meta":"","stick-header-meta":"default","header-above-stick-meta":"","header-main-stick-meta":"","header-below-stick-meta":"","astra-migrate-meta-layouts":"set","ast-page-background-enabled":"default","ast-page-background-meta":{"desktop":{"background-color":"","background-image":"","background-repeat":"repeat","background-position":"center center","background-size":"auto","background-attachment":"scroll","background-type":"","background-media":"","overlay-type":"","overlay-color":"","overlay-opacity":"","overlay-gradient":""},"tablet":{"background-color":"","background-image":"","background-repeat":"repeat","background-position":"center center","background-size":"auto","background-attachment":"scroll","background-type":"","background-media":"","overlay-type":"","overlay-color":"","overlay-opacity":"","overlay-gradient":""},"mobile":{"background-color":"","background-image":"","background-repeat":"repeat","background-position":"center center","background-size":"auto","background-attachment":"scroll","background-type":"","background-media":"","overlay-type":"","overlay-color":"","overlay-opacity":"","overlay-gradient":""}},"ast-content-background-meta":{"desktop":{"background-color":"var(--ast-global-color-5)","background-image":"","background-repeat":"repeat","background-position":"center center","background-size":"auto","background-attachment":"scroll","background-type":"","background-media":"","overlay-type":"","overlay-color":"","overlay-opacity":"","overlay-gradient":""},"tablet":{"background-color":"var(--ast-global-color-5)","background-image":"","background-repeat":"repeat","background-position":"center center","background-size":"auto","background-attachment":"scroll","background-type":"","background-media":"","overlay-type":"","overlay-color":"","overlay-opacity":"","overlay-gradient":""},"mobile":{"background-color":"var(--ast-global-color-5)","background-image":"","background-repeat":"repeat","background-position":"center center","background-size":"auto","background-attachment":"scroll","background-type":"","background-media":"","overlay-type":"","overlay-color":"","overlay-opacity":"","overlay-gradient":""}}},"product_brand":[],"product_cat":[66],"product_tag":[],"class_list":{"0":"post-4226","1":"product","2":"type-product","3":"status-publish","4":"has-post-thumbnail","6":"product_cat-water-treatment-raw-materials","7":"desktop-align-left","8":"tablet-align-left","9":"mobile-align-left","10":"ast-product-gallery-layout-horizontal-slider","11":"ast-product-gallery-with-no-image","12":"ast-product-tabs-layout-horizontal","14":"first","15":"instock","16":"shipping-taxable","17":"product-type-simple"},"uagb_featured_image_src":{"full":["https:\/\/jinancuchem.com\/wp-content\/uploads\/2025\/07\/\u672a\u6807\u9898-1-9.jpg",800,800,false],"thumbnail":["https:\/\/jinancuchem.com\/wp-content\/uploads\/2025\/07\/\u672a\u6807\u9898-1-9-150x150.jpg",150,150,true],"medium":["https:\/\/jinancuchem.com\/wp-content\/uploads\/2025\/07\/\u672a\u6807\u9898-1-9-300x300.jpg",300,300,true],"medium_large":["https:\/\/jinancuchem.com\/wp-content\/uploads\/2025\/07\/\u672a\u6807\u9898-1-9-768x768.jpg",768,768,true],"large":["https:\/\/jinancuchem.com\/wp-content\/uploads\/2025\/07\/\u672a\u6807\u9898-1-9.jpg",800,800,false],"1536x1536":["https:\/\/jinancuchem.com\/wp-content\/uploads\/2025\/07\/\u672a\u6807\u9898-1-9.jpg",800,800,false],"2048x2048":["https:\/\/jinancuchem.com\/wp-content\/uploads\/2025\/07\/\u672a\u6807\u9898-1-9.jpg",800,800,false],"trp-custom-language-flag":["https:\/\/jinancuchem.com\/wp-content\/uploads\/2025\/07\/\u672a\u6807\u9898-1-9-12x12.jpg",12,12,true],"woocommerce_thumbnail":["https:\/\/jinancuchem.com\/wp-content\/uploads\/2025\/07\/\u672a\u6807\u9898-1-9-300x300.jpg",300,300,true],"woocommerce_single":["https:\/\/jinancuchem.com\/wp-content\/uploads\/2025\/07\/\u672a\u6807\u9898-1-9-600x600.jpg",500,500,true],"woocommerce_gallery_thumbnail":["https:\/\/jinancuchem.com\/wp-content\/uploads\/2025\/07\/\u672a\u6807\u9898-1-9-100x100.jpg",100,100,true]},"uagb_author_info":{"display_name":"jinxing6611@gmail.com","author_link":"https:\/\/jinancuchem.com\/es\/author\/"},"uagb_comment_info":0,"uagb_excerpt":"Oxalicin Oxidizing disinfectant Water treatment agent Disinfectant and algae remover Product description: Oxalicin, sodium dichloroisocyanurate, is an oxidizing disinfectant. It is soluble in water and has the characteristics of high efficiency, rapid action, broad-spectrum, and safety. When used as a disinfectant and algae remover, it has a very strong killing effect. At 20 ppm, the&hellip;","_links":{"self":[{"href":"https:\/\/jinancuchem.com\/es\/wp-json\/wp\/v2\/product\/4226","targetHints":{"allow":["GET"]}}],"collection":[{"href":"https:\/\/jinancuchem.com\/es\/wp-json\/wp\/v2\/product"}],"about":[{"href":"https:\/\/jinancuchem.com\/es\/wp-json\/wp\/v2\/types\/product"}],"wp:featuredmedia":[{"embeddable":true,"href":"https:\/\/jinancuchem.com\/es\/wp-json\/wp\/v2\/media\/4233"}],"wp:attachment":[{"href":"https:\/\/jinancuchem.com\/es\/wp-json\/wp\/v2\/media?parent=4226"}],"wp:term":[{"taxonomy":"product_brand","embeddable":true,"href":"https:\/\/jinancuchem.com\/es\/wp-json\/wp\/v2\/product_brand?post=4226"},{"taxonomy":"product_cat","embeddable":true,"href":"https:\/\/jinancuchem.com\/es\/wp-json\/wp\/v2\/product_cat?post=4226"},{"taxonomy":"product_tag","embeddable":true,"href":"https:\/\/jinancuchem.com\/es\/wp-json\/wp\/v2\/product_tag?post=4226"}],"curies":[{"name":"wp","href":"https:\/\/api.w.org\/{rel}","templated":true}]}}