{"id":4267,"date":"2025-07-25T03:16:00","date_gmt":"2025-07-25T03:16:00","guid":{"rendered":"https:\/\/jinancuchem.com\/?post_type=product&#038;p=4267"},"modified":"2025-07-25T03:16:00","modified_gmt":"2025-07-25T03:16:00","slug":"isoamyl-propionate","status":"publish","type":"product","link":"https:\/\/jinancuchem.com\/es\/producto\/isoamyl-propionate\/","title":{"rendered":"Propionato de isoamilo"},"content":{"rendered":"<p>\u3010CAS\u3011105-68-0<\/p>\n<p>Alias: isoamilo;n-propionato de isoamilo;alcohol isopent\u00edlico, propionato<\/p>\n<p>F\u00f3rmula molecular: C<sub>8<\/sub>H<sub>16<\/sub>O<sub>2<\/sub>\u00a0\u00a0\u00a0Masa molecular relativa: 144,21<\/p>\n<p>F\u00f3rmula estructural:<img alt=\"\" decoding=\"async\" class=\"alignnone size-full wp-image-4271\" src=\"https:\/\/jinancuchem.com\/wp-content\/uploads\/2025\/07\/\u56fe\u724720-6.png\" width=\"250\" height=\"78\" srcset=\"https:\/\/jinancuchem.com\/wp-content\/uploads\/2025\/07\/\u56fe\u724720-6.png 250w, https:\/\/jinancuchem.com\/wp-content\/uploads\/2025\/07\/\u56fe\u724720-6-18x6.png 18w\" sizes=\"(max-width: 250px) 100vw, 250px\" \/><\/p>\n<p>&nbsp;<\/p>\n<p>1.Propiedad del producto<br \/>\nL\u00edquido incoloro. Tiene un aroma afrutado dulce, que recuerda al albaricoque, la grosella y la pi\u00f1a. Es insoluble en agua y glicerina, pero soluble en disolventes org\u00e1nicos como el etanol.<\/p>\n<p>2.<\/p>\n<table>\n<tbody>\n<tr>\n<td><strong><b>Par\u00e1metro<\/b><\/strong><\/td>\n<td width=\"356\"><strong><b>Especificaci\u00f3n<\/b><\/strong><\/td>\n<\/tr>\n<tr>\n<td><strong><b>Pureza (GC-FID)<\/b><\/strong><\/td>\n<td width=\"356\">\u226597.0%<\/td>\n<\/tr>\n<tr>\n<td><strong><b>Apariencia<\/b><\/strong><\/td>\n<td width=\"356\">L\u00edquido incoloro<\/td>\n<\/tr>\n<tr>\n<td><strong><b>Olor<\/b><\/strong><\/td>\n<td width=\"356\">Afrutado, parecido al pl\u00e1tano<\/td>\n<\/tr>\n<tr>\n<td><strong><b>\u00cdndice de refracci\u00f3n (20\u00b0C)<\/b><\/strong><\/td>\n<td width=\"356\">1.405 &#8211; 1.409<\/td>\n<\/tr>\n<tr>\n<td><strong><b>Densidad (20\u00b0C)<\/b><\/strong><\/td>\n<td width=\"356\">0,870 - 0,880 g\/cm\u00b3<\/td>\n<\/tr>\n<tr>\n<td><strong><b>Acidez (como \u00e1cido propi\u00f3nico)<\/b><\/strong><\/td>\n<td width=\"356\">\u22640.05%<\/td>\n<\/tr>\n<tr>\n<td><strong><b>Contenido en agua<\/b><\/strong><\/td>\n<td width=\"356\">\u22640.2%<\/td>\n<\/tr>\n<tr>\n<td><strong><b>Metales pesados (Pb)<\/b><\/strong><\/td>\n<td width=\"356\">\u22643 ppm<\/td>\n<\/tr>\n<\/tbody>\n<\/table>\n<p>&nbsp;<\/p>\n<p>3.\u00c1mbito de aplicaci\u00f3n y uso<br \/>\nSe utiliza como especia para mezclar los aromas de manzanas, pi\u00f1as, peras, fresas, etc., y tambi\u00e9n se emplea en aceites esenciales de flores artificiales. Se utiliza como agente aromatizante para alimentos fr\u00edos, pan y chicles. Tambi\u00e9n se utiliza como disolvente para disolver nitrocelulosa, laca nitrocelul\u00f3sica y resinas, y tambi\u00e9n puede utilizarse como extractante.<\/p>\n<p>4.Embalaje y almacenamiento<br \/>\nEl caproato de isopropilo se envasa en bidones de aluminio de 25 kg o en bidones de pl\u00e1stico HDPE (protegidos con nitr\u00f3geno). Est\u00e1 forrado con pel\u00edcula de PE de calidad alimentaria. Debe almacenarse en un lugar fresco y ventilado (&lt; 25\u2103), lejos de fuentes de fuego y oxidantes. La vida \u00fatil es de 18 meses. Una vez abierto, se recomienda utilizarlo en un plazo de 6 meses.<\/p>","protected":false},"excerpt":{"rendered":"<p>\u3010CAS\u3011105-68-0 Alias: isoamyl;iso-Amyl n-propionate;Isopentyl alcohol, propionate Molecular formula: C8H16O2\u00a0\u00a0\u00a0Relative molecular mass: 144.21 Structural formula: &nbsp; 1.Product Property Colorless liquid. It has a sweet fruity aroma, reminiscent of apricots, currants, and pineapple. It is insoluble in water and glycerin, but soluble in organic solvents such as ethanol. 2. Parameter Specification Purity (GC-FID) \u226597.0% Appearance Colorless liquid [&hellip;]<\/p>\n","protected":false},"featured_media":4272,"template":"","meta":{"_seopress_robots_primary_cat":"","_seopress_titles_title":"","_seopress_titles_desc":"","_seopress_robots_index":"","_uag_custom_page_level_css":"","site-sidebar-layout":"default","site-content-layout":"","ast-site-content-layout":"default","site-content-style":"default","site-sidebar-style":"default","ast-global-header-display":"","ast-banner-title-visibility":"","ast-main-header-display":"","ast-hfb-above-header-display":"","ast-hfb-below-header-display":"","ast-hfb-mobile-header-display":"","site-post-title":"","ast-breadcrumbs-content":"","ast-featured-img":"","footer-sml-layout":"","theme-transparent-header-meta":"default","adv-header-id-meta":"","stick-header-meta":"default","header-above-stick-meta":"","header-main-stick-meta":"","header-below-stick-meta":"","astra-migrate-meta-layouts":"set","ast-page-background-enabled":"default","ast-page-background-meta":{"desktop":{"background-color":"","background-image":"","background-repeat":"repeat","background-position":"center center","background-size":"auto","background-attachment":"scroll","background-type":"","background-media":"","overlay-type":"","overlay-color":"","overlay-opacity":"","overlay-gradient":""},"tablet":{"background-color":"","background-image":"","background-repeat":"repeat","background-position":"center center","background-size":"auto","background-attachment":"scroll","background-type":"","background-media":"","overlay-type":"","overlay-color":"","overlay-opacity":"","overlay-gradient":""},"mobile":{"background-color":"","background-image":"","background-repeat":"repeat","background-position":"center center","background-size":"auto","background-attachment":"scroll","background-type":"","background-media":"","overlay-type":"","overlay-color":"","overlay-opacity":"","overlay-gradient":""}},"ast-content-background-meta":{"desktop":{"background-color":"var(--ast-global-color-5)","background-image":"","background-repeat":"repeat","background-position":"center center","background-size":"auto","background-attachment":"scroll","background-type":"","background-media":"","overlay-type":"","overlay-color":"","overlay-opacity":"","overlay-gradient":""},"tablet":{"background-color":"var(--ast-global-color-5)","background-image":"","background-repeat":"repeat","background-position":"center center","background-size":"auto","background-attachment":"scroll","background-type":"","background-media":"","overlay-type":"","overlay-color":"","overlay-opacity":"","overlay-gradient":""},"mobile":{"background-color":"var(--ast-global-color-5)","background-image":"","background-repeat":"repeat","background-position":"center center","background-size":"auto","background-attachment":"scroll","background-type":"","background-media":"","overlay-type":"","overlay-color":"","overlay-opacity":"","overlay-gradient":""}}},"product_brand":[],"product_cat":[67],"product_tag":[],"class_list":{"0":"post-4267","1":"product","2":"type-product","3":"status-publish","4":"has-post-thumbnail","6":"product_cat-food-additives","7":"desktop-align-left","8":"tablet-align-left","9":"mobile-align-left","10":"ast-product-gallery-layout-horizontal-slider","11":"ast-product-gallery-with-no-image","12":"ast-product-tabs-layout-horizontal","14":"first","15":"instock","16":"shipping-taxable","17":"product-type-simple"},"uagb_featured_image_src":{"full":["https:\/\/jinancuchem.com\/wp-content\/uploads\/2025\/07\/20.png",800,800,false],"thumbnail":["https:\/\/jinancuchem.com\/wp-content\/uploads\/2025\/07\/20-150x150.png",150,150,true],"medium":["https:\/\/jinancuchem.com\/wp-content\/uploads\/2025\/07\/20-300x300.png",300,300,true],"medium_large":["https:\/\/jinancuchem.com\/wp-content\/uploads\/2025\/07\/20-768x768.png",768,768,true],"large":["https:\/\/jinancuchem.com\/wp-content\/uploads\/2025\/07\/20.png",800,800,false],"1536x1536":["https:\/\/jinancuchem.com\/wp-content\/uploads\/2025\/07\/20.png",800,800,false],"2048x2048":["https:\/\/jinancuchem.com\/wp-content\/uploads\/2025\/07\/20.png",800,800,false],"trp-custom-language-flag":["https:\/\/jinancuchem.com\/wp-content\/uploads\/2025\/07\/20-12x12.png",12,12,true],"woocommerce_thumbnail":["https:\/\/jinancuchem.com\/wp-content\/uploads\/2025\/07\/20-300x300.png",300,300,true],"woocommerce_single":["https:\/\/jinancuchem.com\/wp-content\/uploads\/2025\/07\/20-600x600.png",500,500,true],"woocommerce_gallery_thumbnail":["https:\/\/jinancuchem.com\/wp-content\/uploads\/2025\/07\/20-100x100.png",100,100,true]},"uagb_author_info":{"display_name":"jinxing6611@gmail.com","author_link":"https:\/\/jinancuchem.com\/es\/author\/"},"uagb_comment_info":0,"uagb_excerpt":"\u3010CAS\u3011105-68-0 Alias: isoamyl;iso-Amyl n-propionate;Isopentyl alcohol, propionate Molecular formula: C8H16O2\u00a0\u00a0\u00a0Relative molecular mass: 144.21 Structural formula: &nbsp; 1.Product Property Colorless liquid. It has a sweet fruity aroma, reminiscent of apricots, currants, and pineapple. It is insoluble in water and glycerin, but soluble in organic solvents such as ethanol. 2. Parameter Specification Purity (GC-FID) \u226597.0% Appearance Colorless liquid&hellip;","_links":{"self":[{"href":"https:\/\/jinancuchem.com\/es\/wp-json\/wp\/v2\/product\/4267","targetHints":{"allow":["GET"]}}],"collection":[{"href":"https:\/\/jinancuchem.com\/es\/wp-json\/wp\/v2\/product"}],"about":[{"href":"https:\/\/jinancuchem.com\/es\/wp-json\/wp\/v2\/types\/product"}],"wp:featuredmedia":[{"embeddable":true,"href":"https:\/\/jinancuchem.com\/es\/wp-json\/wp\/v2\/media\/4272"}],"wp:attachment":[{"href":"https:\/\/jinancuchem.com\/es\/wp-json\/wp\/v2\/media?parent=4267"}],"wp:term":[{"taxonomy":"product_brand","embeddable":true,"href":"https:\/\/jinancuchem.com\/es\/wp-json\/wp\/v2\/product_brand?post=4267"},{"taxonomy":"product_cat","embeddable":true,"href":"https:\/\/jinancuchem.com\/es\/wp-json\/wp\/v2\/product_cat?post=4267"},{"taxonomy":"product_tag","embeddable":true,"href":"https:\/\/jinancuchem.com\/es\/wp-json\/wp\/v2\/product_tag?post=4267"}],"curies":[{"name":"wp","href":"https:\/\/api.w.org\/{rel}","templated":true}]}}