{"id":4276,"date":"2025-07-25T03:18:48","date_gmt":"2025-07-25T03:18:48","guid":{"rendered":"https:\/\/jinancuchem.com\/?post_type=product&#038;p=4276"},"modified":"2025-07-25T03:18:48","modified_gmt":"2025-07-25T03:18:48","slug":"ethyl-butyrate","status":"publish","type":"product","link":"https:\/\/jinancuchem.com\/es\/producto\/ethyl-butyrate\/","title":{"rendered":"Butirato de etilo"},"content":{"rendered":"<p>\u3010CAS\u3011105-54-4<\/p>\n<p>Alias: ;\u00c1cido butanoico et\u00edlico;\u00c1cido but\u00edrico et\u00edlico ;BUTIRATO DE ETILO NATURAL<\/p>\n<p>F\u00f3rmula molecular: C<sub>6<\/sub>H<sub>12<\/sub>O<sub>2<\/sub>\u00a0\u00a0\u00a0Masa molecular relativa: 116,16<\/p>\n<p>F\u00f3rmula estructural:<img alt=\"\" decoding=\"async\" class=\"alignnone size-full wp-image-4280\" src=\"https:\/\/jinancuchem.com\/wp-content\/uploads\/2025\/07\/\u56fe\u724721-3.png\" width=\"216\" height=\"78\" srcset=\"https:\/\/jinancuchem.com\/wp-content\/uploads\/2025\/07\/\u56fe\u724721-3.png 216w, https:\/\/jinancuchem.com\/wp-content\/uploads\/2025\/07\/\u56fe\u724721-3-18x7.png 18w\" sizes=\"(max-width: 216px) 100vw, 216px\" \/><\/p>\n<p>&nbsp;<\/p>\n<p>1.Propiedad del producto<br \/>\nL\u00edquido incoloro y transparente, con fragancia a pi\u00f1a. Puede disolverse en disolventes org\u00e1nicos como etanol y \u00e9ter. A 20\u2103, su solubilidad en agua es de 0,49%.<\/p>\n<p>2.<\/p>\n<table>\n<tbody>\n<tr>\n<td><strong><b>Par\u00e1metro<\/b><\/strong><\/td>\n<td width=\"355\"><strong><b>Especificaci\u00f3n<\/b><\/strong><\/td>\n<\/tr>\n<tr>\n<td><strong><b>Pureza (GC-FID)<\/b><\/strong><\/td>\n<td width=\"355\">\u226599.0%<\/td>\n<\/tr>\n<tr>\n<td><strong><b>Apariencia<\/b><\/strong><\/td>\n<td width=\"355\">L\u00edquido incoloro<\/td>\n<\/tr>\n<tr>\n<td><strong><b>Olor<\/b><\/strong><\/td>\n<td width=\"355\">Fuerte, afrutado (pi\u00f1a)<\/td>\n<\/tr>\n<tr>\n<td><strong><b>\u00cdndice de refracci\u00f3n (20\u00b0C)<\/b><\/strong><\/td>\n<td width=\"355\">1.391 &#8211; 1.395<\/td>\n<\/tr>\n<tr>\n<td><strong><b>Densidad (20\u00b0C)<\/b><\/strong><\/td>\n<td width=\"355\">0,878 - 0,883 g\/cm\u00b3<\/td>\n<\/tr>\n<tr>\n<td><strong><b>Acidez (como \u00e1cido but\u00edrico)<\/b><\/strong><\/td>\n<td width=\"355\">\u22640.02%<\/td>\n<\/tr>\n<tr>\n<td><strong><b>Contenido en agua<\/b><\/strong><\/td>\n<td width=\"355\">\u22640.05%<\/td>\n<\/tr>\n<tr>\n<td><strong><b>Metales pesados (Pb)<\/b><\/strong><\/td>\n<td width=\"355\">\u22641 ppm<\/td>\n<\/tr>\n<\/tbody>\n<\/table>\n<p>&nbsp;<\/p>\n<p>3.\u00c1mbito de aplicaci\u00f3n y uso<br \/>\nEl butirato de etilo se utiliza habitualmente en la producci\u00f3n de esencias comestibles con sabor a fruta, como las de manzana, pl\u00e1tano y pi\u00f1a, as\u00ed como en la producci\u00f3n de esencias con sabor a whisky. Tambi\u00e9n puede utilizarse en la aromatizaci\u00f3n de esencias de nata.<\/p>\n<p>4.Embalaje y almacenamiento<br \/>\nEl butirato de etilo se envasa en bidones de aluminio de 25 kg o en bidones de hierro galvanizado con un revestimiento interior de pel\u00edcula de PE de calidad alimentaria. Debe almacenarse en un lugar fresco y ventilado (&lt; 25\u2103), lejos de fuentes de fuego y oxidantes. La caducidad es de 24 meses.<\/p>","protected":false},"excerpt":{"rendered":"<p>\u3010CAS\u3011105-54-4 Alias: ;Butanoic acid ethyl;Butyric acid ethyl ;NATURAL ETHYL BUTYRATE Molecular formula: C6H12O2\u00a0\u00a0\u00a0Relative molecular mass: 116.16 Structural formula: &nbsp; 1.Product Property Colorless and transparent liquid, with a pineapple-like fragrance. It can be dissolved in organic solvents such as ethanol and ether. At 20\u2103, its solubility in water is 0.49%. 2. Parameter Specification Purity (GC-FID) \u226599.0% [&hellip;]<\/p>\n","protected":false},"featured_media":4281,"template":"","meta":{"_seopress_robots_primary_cat":"","_seopress_titles_title":"","_seopress_titles_desc":"","_seopress_robots_index":"","_uag_custom_page_level_css":"","site-sidebar-layout":"default","site-content-layout":"","ast-site-content-layout":"default","site-content-style":"default","site-sidebar-style":"default","ast-global-header-display":"","ast-banner-title-visibility":"","ast-main-header-display":"","ast-hfb-above-header-display":"","ast-hfb-below-header-display":"","ast-hfb-mobile-header-display":"","site-post-title":"","ast-breadcrumbs-content":"","ast-featured-img":"","footer-sml-layout":"","theme-transparent-header-meta":"default","adv-header-id-meta":"","stick-header-meta":"default","header-above-stick-meta":"","header-main-stick-meta":"","header-below-stick-meta":"","astra-migrate-meta-layouts":"set","ast-page-background-enabled":"default","ast-page-background-meta":{"desktop":{"background-color":"","background-image":"","background-repeat":"repeat","background-position":"center center","background-size":"auto","background-attachment":"scroll","background-type":"","background-media":"","overlay-type":"","overlay-color":"","overlay-opacity":"","overlay-gradient":""},"tablet":{"background-color":"","background-image":"","background-repeat":"repeat","background-position":"center center","background-size":"auto","background-attachment":"scroll","background-type":"","background-media":"","overlay-type":"","overlay-color":"","overlay-opacity":"","overlay-gradient":""},"mobile":{"background-color":"","background-image":"","background-repeat":"repeat","background-position":"center center","background-size":"auto","background-attachment":"scroll","background-type":"","background-media":"","overlay-type":"","overlay-color":"","overlay-opacity":"","overlay-gradient":""}},"ast-content-background-meta":{"desktop":{"background-color":"var(--ast-global-color-5)","background-image":"","background-repeat":"repeat","background-position":"center center","background-size":"auto","background-attachment":"scroll","background-type":"","background-media":"","overlay-type":"","overlay-color":"","overlay-opacity":"","overlay-gradient":""},"tablet":{"background-color":"var(--ast-global-color-5)","background-image":"","background-repeat":"repeat","background-position":"center center","background-size":"auto","background-attachment":"scroll","background-type":"","background-media":"","overlay-type":"","overlay-color":"","overlay-opacity":"","overlay-gradient":""},"mobile":{"background-color":"var(--ast-global-color-5)","background-image":"","background-repeat":"repeat","background-position":"center center","background-size":"auto","background-attachment":"scroll","background-type":"","background-media":"","overlay-type":"","overlay-color":"","overlay-opacity":"","overlay-gradient":""}}},"product_brand":[],"product_cat":[67],"product_tag":[],"class_list":{"0":"post-4276","1":"product","2":"type-product","3":"status-publish","4":"has-post-thumbnail","6":"product_cat-food-additives","7":"desktop-align-left","8":"tablet-align-left","9":"mobile-align-left","10":"ast-product-gallery-layout-horizontal-slider","11":"ast-product-gallery-with-no-image","12":"ast-product-tabs-layout-horizontal","14":"first","15":"instock","16":"shipping-taxable","17":"product-type-simple"},"uagb_featured_image_src":{"full":["https:\/\/jinancuchem.com\/wp-content\/uploads\/2025\/07\/21.png",800,800,false],"thumbnail":["https:\/\/jinancuchem.com\/wp-content\/uploads\/2025\/07\/21-150x150.png",150,150,true],"medium":["https:\/\/jinancuchem.com\/wp-content\/uploads\/2025\/07\/21-300x300.png",300,300,true],"medium_large":["https:\/\/jinancuchem.com\/wp-content\/uploads\/2025\/07\/21-768x768.png",768,768,true],"large":["https:\/\/jinancuchem.com\/wp-content\/uploads\/2025\/07\/21.png",800,800,false],"1536x1536":["https:\/\/jinancuchem.com\/wp-content\/uploads\/2025\/07\/21.png",800,800,false],"2048x2048":["https:\/\/jinancuchem.com\/wp-content\/uploads\/2025\/07\/21.png",800,800,false],"trp-custom-language-flag":["https:\/\/jinancuchem.com\/wp-content\/uploads\/2025\/07\/21-12x12.png",12,12,true],"woocommerce_thumbnail":["https:\/\/jinancuchem.com\/wp-content\/uploads\/2025\/07\/21-300x300.png",300,300,true],"woocommerce_single":["https:\/\/jinancuchem.com\/wp-content\/uploads\/2025\/07\/21-600x600.png",500,500,true],"woocommerce_gallery_thumbnail":["https:\/\/jinancuchem.com\/wp-content\/uploads\/2025\/07\/21-100x100.png",100,100,true]},"uagb_author_info":{"display_name":"jinxing6611@gmail.com","author_link":"https:\/\/jinancuchem.com\/es\/author\/"},"uagb_comment_info":0,"uagb_excerpt":"\u3010CAS\u3011105-54-4 Alias: ;Butanoic acid ethyl;Butyric acid ethyl ;NATURAL ETHYL BUTYRATE Molecular formula: C6H12O2\u00a0\u00a0\u00a0Relative molecular mass: 116.16 Structural formula: &nbsp; 1.Product Property Colorless and transparent liquid, with a pineapple-like fragrance. It can be dissolved in organic solvents such as ethanol and ether. At 20\u2103, its solubility in water is 0.49%. 2. Parameter Specification Purity (GC-FID) \u226599.0%&hellip;","_links":{"self":[{"href":"https:\/\/jinancuchem.com\/es\/wp-json\/wp\/v2\/product\/4276","targetHints":{"allow":["GET"]}}],"collection":[{"href":"https:\/\/jinancuchem.com\/es\/wp-json\/wp\/v2\/product"}],"about":[{"href":"https:\/\/jinancuchem.com\/es\/wp-json\/wp\/v2\/types\/product"}],"wp:featuredmedia":[{"embeddable":true,"href":"https:\/\/jinancuchem.com\/es\/wp-json\/wp\/v2\/media\/4281"}],"wp:attachment":[{"href":"https:\/\/jinancuchem.com\/es\/wp-json\/wp\/v2\/media?parent=4276"}],"wp:term":[{"taxonomy":"product_brand","embeddable":true,"href":"https:\/\/jinancuchem.com\/es\/wp-json\/wp\/v2\/product_brand?post=4276"},{"taxonomy":"product_cat","embeddable":true,"href":"https:\/\/jinancuchem.com\/es\/wp-json\/wp\/v2\/product_cat?post=4276"},{"taxonomy":"product_tag","embeddable":true,"href":"https:\/\/jinancuchem.com\/es\/wp-json\/wp\/v2\/product_tag?post=4276"}],"curies":[{"name":"wp","href":"https:\/\/api.w.org\/{rel}","templated":true}]}}