{"id":4282,"date":"2025-07-25T03:20:02","date_gmt":"2025-07-25T03:20:02","guid":{"rendered":"https:\/\/jinancuchem.com\/?post_type=product&#038;p=4282"},"modified":"2025-07-25T03:20:02","modified_gmt":"2025-07-25T03:20:02","slug":"butyl-butyrate","status":"publish","type":"product","link":"https:\/\/jinancuchem.com\/es\/producto\/butyl-butyrate\/","title":{"rendered":"Butirato de butilo"},"content":{"rendered":"<p>\u3010CAS\u3011109-21-7<\/p>\n<p>Alias: N-BUTIRATO DE N-BUTILO;BUTIRATO DE N-BUTILO;\u00c9STER N-BUT\u00cdLICO DEL \u00c1CIDO N-BUT\u00cdRICO;<\/p>\n<p>F\u00f3rmula molecular: C<sub>8<\/sub>H<sub>16<\/sub>O<sub>2<\/sub>\u00a0\u00a0\u00a0Masa molecular relativa: 144,21<\/p>\n<p>F\u00f3rmula estructural:<img alt=\"\" decoding=\"async\" class=\"alignnone size-full wp-image-4286\" src=\"https:\/\/jinancuchem.com\/wp-content\/uploads\/2025\/07\/\u56fe\u724722-3.png\" width=\"284\" height=\"78\" srcset=\"https:\/\/jinancuchem.com\/wp-content\/uploads\/2025\/07\/\u56fe\u724722-3.png 284w, https:\/\/jinancuchem.com\/wp-content\/uploads\/2025\/07\/\u56fe\u724722-3-18x5.png 18w\" sizes=\"(max-width: 284px) 100vw, 284px\" \/><\/p>\n<p>&nbsp;<\/p>\n<p>&nbsp;<\/p>\n<p>1.Propiedad del producto<br \/>\nL\u00edquido incoloro y transparente. Tiene una fragancia parecida a la manzana. No se disuelve en agua, pero es f\u00e1cilmente soluble en disolventes org\u00e1nicos como etanol y \u00e9ter.<\/p>\n<p>2.<\/p>\n<table>\n<tbody>\n<tr>\n<td><strong><b>Par\u00e1metro<\/b><\/strong><\/td>\n<td width=\"346\"><strong><b>Especificaci\u00f3n<\/b><\/strong><\/td>\n<\/tr>\n<tr>\n<td><strong><b>Pureza (GC-FID)<\/b><\/strong><\/td>\n<td width=\"346\">\u226598.0%<\/td>\n<\/tr>\n<tr>\n<td><strong><b>Apariencia<\/b><\/strong><\/td>\n<td width=\"346\">L\u00edquido incoloro<\/td>\n<\/tr>\n<tr>\n<td><strong><b>Olor<\/b><\/strong><\/td>\n<td width=\"346\">Afrutado, parecido a la pi\u00f1a<\/td>\n<\/tr>\n<tr>\n<td><strong><b>\u00cdndice de refracci\u00f3n (20\u00b0C)<\/b><\/strong><\/td>\n<td width=\"346\">1.405 &#8211; 1.409<\/td>\n<\/tr>\n<tr>\n<td><strong><b>Densidad (20\u00b0C)<\/b><\/strong><\/td>\n<td width=\"346\">0,870 - 0,880 g\/cm\u00b3<\/td>\n<\/tr>\n<tr>\n<td><strong><b>Acidez (como \u00e1cido but\u00edrico)<\/b><\/strong><\/td>\n<td width=\"346\">\u22640.03%<\/td>\n<\/tr>\n<tr>\n<td><strong><b>Contenido en agua<\/b><\/strong><\/td>\n<td width=\"346\">\u22640.1%<\/td>\n<\/tr>\n<tr>\n<td><strong><b>Metales pesados (Pb)<\/b><\/strong><\/td>\n<td width=\"346\">\u22642 ppm<\/td>\n<\/tr>\n<\/tbody>\n<\/table>\n<p>&nbsp;<\/p>\n<p>3.\u00c1mbito de aplicaci\u00f3n y uso<br \/>\nUtilizado principalmente como especia, se emplea para preparar fragancias comestibles, para fumar y para jabones, as\u00ed como para mezclar los aromas de manzanas, pi\u00f1as, etc. Tambi\u00e9n puede utilizarse como disolvente, sustancia patr\u00f3n para an\u00e1lisis cromatogr\u00e1ficos y para s\u00edntesis org\u00e1nica.<\/p>\n<p>4.Embalaje y almacenamiento<br \/>\nEl butirato de butilo se envasa en bidones de aluminio de 25 kg o en bidones de pl\u00e1stico HDPE con un revestimiento interior alimentario de pel\u00edcula de PE. Debe almacenarse en un lugar fresco y ventilado (&lt; 25\u2103), lejos de fuentes de fuego y oxidantes. La caducidad es de 24 meses.<\/p>","protected":false},"excerpt":{"rendered":"<p>\u3010CAS\u3011109-21-7 Alias: N-BUTYL N-BUTYRATE;N-BUTYL BUTYRATE;N-BUTYRIC ACID N-BUTYL ESTER; Molecular formula: C8H16O2\u00a0\u00a0\u00a0Relative molecular mass: 144.21 Structural formula: &nbsp; &nbsp; 1.Product Property Colorless and transparent liquid. Has an apple-like fragrance. Does not dissolve in water, but is easily soluble in organic solvents such as ethanol and ether. 2. Parameter Specification Purity (GC-FID) \u226598.0% Appearance Colorless liquid Odor [&hellip;]<\/p>\n","protected":false},"featured_media":4287,"template":"","meta":{"_seopress_robots_primary_cat":"","_seopress_titles_title":"","_seopress_titles_desc":"","_seopress_robots_index":"","_uag_custom_page_level_css":"","site-sidebar-layout":"default","site-content-layout":"","ast-site-content-layout":"default","site-content-style":"default","site-sidebar-style":"default","ast-global-header-display":"","ast-banner-title-visibility":"","ast-main-header-display":"","ast-hfb-above-header-display":"","ast-hfb-below-header-display":"","ast-hfb-mobile-header-display":"","site-post-title":"","ast-breadcrumbs-content":"","ast-featured-img":"","footer-sml-layout":"","theme-transparent-header-meta":"default","adv-header-id-meta":"","stick-header-meta":"default","header-above-stick-meta":"","header-main-stick-meta":"","header-below-stick-meta":"","astra-migrate-meta-layouts":"set","ast-page-background-enabled":"default","ast-page-background-meta":{"desktop":{"background-color":"","background-image":"","background-repeat":"repeat","background-position":"center center","background-size":"auto","background-attachment":"scroll","background-type":"","background-media":"","overlay-type":"","overlay-color":"","overlay-opacity":"","overlay-gradient":""},"tablet":{"background-color":"","background-image":"","background-repeat":"repeat","background-position":"center center","background-size":"auto","background-attachment":"scroll","background-type":"","background-media":"","overlay-type":"","overlay-color":"","overlay-opacity":"","overlay-gradient":""},"mobile":{"background-color":"","background-image":"","background-repeat":"repeat","background-position":"center center","background-size":"auto","background-attachment":"scroll","background-type":"","background-media":"","overlay-type":"","overlay-color":"","overlay-opacity":"","overlay-gradient":""}},"ast-content-background-meta":{"desktop":{"background-color":"var(--ast-global-color-5)","background-image":"","background-repeat":"repeat","background-position":"center center","background-size":"auto","background-attachment":"scroll","background-type":"","background-media":"","overlay-type":"","overlay-color":"","overlay-opacity":"","overlay-gradient":""},"tablet":{"background-color":"var(--ast-global-color-5)","background-image":"","background-repeat":"repeat","background-position":"center center","background-size":"auto","background-attachment":"scroll","background-type":"","background-media":"","overlay-type":"","overlay-color":"","overlay-opacity":"","overlay-gradient":""},"mobile":{"background-color":"var(--ast-global-color-5)","background-image":"","background-repeat":"repeat","background-position":"center center","background-size":"auto","background-attachment":"scroll","background-type":"","background-media":"","overlay-type":"","overlay-color":"","overlay-opacity":"","overlay-gradient":""}}},"product_brand":[],"product_cat":[67],"product_tag":[],"class_list":{"0":"post-4282","1":"product","2":"type-product","3":"status-publish","4":"has-post-thumbnail","6":"product_cat-food-additives","7":"desktop-align-left","8":"tablet-align-left","9":"mobile-align-left","10":"ast-product-gallery-layout-horizontal-slider","11":"ast-product-gallery-with-no-image","12":"ast-product-tabs-layout-horizontal","14":"first","15":"instock","16":"shipping-taxable","17":"product-type-simple"},"uagb_featured_image_src":{"full":["https:\/\/jinancuchem.com\/wp-content\/uploads\/2025\/07\/22.png",800,800,false],"thumbnail":["https:\/\/jinancuchem.com\/wp-content\/uploads\/2025\/07\/22-150x150.png",150,150,true],"medium":["https:\/\/jinancuchem.com\/wp-content\/uploads\/2025\/07\/22-300x300.png",300,300,true],"medium_large":["https:\/\/jinancuchem.com\/wp-content\/uploads\/2025\/07\/22-768x768.png",768,768,true],"large":["https:\/\/jinancuchem.com\/wp-content\/uploads\/2025\/07\/22.png",800,800,false],"1536x1536":["https:\/\/jinancuchem.com\/wp-content\/uploads\/2025\/07\/22.png",800,800,false],"2048x2048":["https:\/\/jinancuchem.com\/wp-content\/uploads\/2025\/07\/22.png",800,800,false],"trp-custom-language-flag":["https:\/\/jinancuchem.com\/wp-content\/uploads\/2025\/07\/22-12x12.png",12,12,true],"woocommerce_thumbnail":["https:\/\/jinancuchem.com\/wp-content\/uploads\/2025\/07\/22-300x300.png",300,300,true],"woocommerce_single":["https:\/\/jinancuchem.com\/wp-content\/uploads\/2025\/07\/22-600x600.png",500,500,true],"woocommerce_gallery_thumbnail":["https:\/\/jinancuchem.com\/wp-content\/uploads\/2025\/07\/22-100x100.png",100,100,true]},"uagb_author_info":{"display_name":"jinxing6611@gmail.com","author_link":"https:\/\/jinancuchem.com\/es\/author\/"},"uagb_comment_info":0,"uagb_excerpt":"\u3010CAS\u3011109-21-7 Alias: N-BUTYL N-BUTYRATE;N-BUTYL BUTYRATE;N-BUTYRIC ACID N-BUTYL ESTER; Molecular formula: C8H16O2\u00a0\u00a0\u00a0Relative molecular mass: 144.21 Structural formula: &nbsp; &nbsp; 1.Product Property Colorless and transparent liquid. Has an apple-like fragrance. Does not dissolve in water, but is easily soluble in organic solvents such as ethanol and ether. 2. Parameter Specification Purity (GC-FID) \u226598.0% Appearance Colorless liquid Odor&hellip;","_links":{"self":[{"href":"https:\/\/jinancuchem.com\/es\/wp-json\/wp\/v2\/product\/4282","targetHints":{"allow":["GET"]}}],"collection":[{"href":"https:\/\/jinancuchem.com\/es\/wp-json\/wp\/v2\/product"}],"about":[{"href":"https:\/\/jinancuchem.com\/es\/wp-json\/wp\/v2\/types\/product"}],"wp:featuredmedia":[{"embeddable":true,"href":"https:\/\/jinancuchem.com\/es\/wp-json\/wp\/v2\/media\/4287"}],"wp:attachment":[{"href":"https:\/\/jinancuchem.com\/es\/wp-json\/wp\/v2\/media?parent=4282"}],"wp:term":[{"taxonomy":"product_brand","embeddable":true,"href":"https:\/\/jinancuchem.com\/es\/wp-json\/wp\/v2\/product_brand?post=4282"},{"taxonomy":"product_cat","embeddable":true,"href":"https:\/\/jinancuchem.com\/es\/wp-json\/wp\/v2\/product_cat?post=4282"},{"taxonomy":"product_tag","embeddable":true,"href":"https:\/\/jinancuchem.com\/es\/wp-json\/wp\/v2\/product_tag?post=4282"}],"curies":[{"name":"wp","href":"https:\/\/api.w.org\/{rel}","templated":true}]}}