{"id":4288,"date":"2025-07-25T03:21:26","date_gmt":"2025-07-25T03:21:26","guid":{"rendered":"https:\/\/jinancuchem.com\/?post_type=product&#038;p=4288"},"modified":"2025-07-25T03:21:26","modified_gmt":"2025-07-25T03:21:26","slug":"butyl-butyryl-lactate","status":"publish","type":"product","link":"https:\/\/jinancuchem.com\/es\/producto\/butyl-butyryl-lactate\/","title":{"rendered":"Butil butiril lactato"},"content":{"rendered":"<p>\u3010CAS\u30117492-70-8<\/p>\n<p>Alias: BUTYL BUTYRYLLACTATE;Butyl 2-butyroxypropanoate;butyl butyryl lctate<\/p>\n<p>F\u00f3rmula molecular: C<sub>11<\/sub>H<sub>20<\/sub>O<sub>4<\/sub>\u00a0\u00a0\u00a0Masa molecular relativa: 216,27<\/p>\n<p>F\u00f3rmula estructural:<img alt=\"\" decoding=\"async\" class=\"alignnone size-full wp-image-4291\" src=\"https:\/\/jinancuchem.com\/wp-content\/uploads\/2025\/07\/\u56fe\u724723-2.png\" width=\"388\" height=\"118\" srcset=\"https:\/\/jinancuchem.com\/wp-content\/uploads\/2025\/07\/\u56fe\u724723-2.png 388w, https:\/\/jinancuchem.com\/wp-content\/uploads\/2025\/07\/\u56fe\u724723-2-300x91.png 300w, https:\/\/jinancuchem.com\/wp-content\/uploads\/2025\/07\/\u56fe\u724723-2-18x5.png 18w\" sizes=\"(max-width: 388px) 100vw, 388px\" \/><\/p>\n<p>&nbsp;<\/p>\n<p>1.Propiedad del producto<br \/>\nEl diacetato de butilo es un l\u00edquido incoloro con un aroma suave, cremoso y a pan tostado. Tiene olores a nata, leche, cera y verde.<\/p>\n<p>2.<\/p>\n<table>\n<tbody>\n<tr>\n<td><strong><b>Par\u00e1metro<\/b><\/strong><\/td>\n<td width=\"371\"><strong><b>Especificaci\u00f3n<\/b><\/strong><\/td>\n<\/tr>\n<tr>\n<td><strong><b>Pureza (GC-FID)<\/b><\/strong><\/td>\n<td width=\"371\">\u226595.0%<\/td>\n<\/tr>\n<tr>\n<td><strong><b>Apariencia<\/b><\/strong><\/td>\n<td width=\"371\">L\u00edquido incoloro a amarillo p\u00e1lido<\/td>\n<\/tr>\n<tr>\n<td><strong><b>Olor<\/b><\/strong><\/td>\n<td width=\"371\">Mantecoso, cremoso<\/td>\n<\/tr>\n<tr>\n<td><strong><b>\u00cdndice de refracci\u00f3n (20\u00b0C)<\/b><\/strong><\/td>\n<td width=\"371\">1.420 &#8211; 1.425<\/td>\n<\/tr>\n<tr>\n<td><strong><b>Densidad (20\u00b0C)<\/b><\/strong><\/td>\n<td width=\"371\">0,980 - 0,990 g\/cm\u00b3<\/td>\n<\/tr>\n<tr>\n<td><strong><b>\u00cdndice de acidez<\/b><\/strong><\/td>\n<td width=\"371\">\u22645,0 mg KOH\/g<\/td>\n<\/tr>\n<tr>\n<td><strong><b>Contenido en agua<\/b><\/strong><\/td>\n<td width=\"371\">\u22640.5%<\/td>\n<\/tr>\n<tr>\n<td><strong><b>Metales pesados (Pb)<\/b><\/strong><\/td>\n<td width=\"371\">\u22645 ppm<\/td>\n<\/tr>\n<\/tbody>\n<\/table>\n<p>&nbsp;<\/p>\n<p>3.\u00c1mbito de aplicaci\u00f3n y uso<br \/>\nEl di\u00e9ster de butil lactato, como aditivo alimentario (FEMA 2190), se utiliza principalmente para realzar el sabor de la mantequilla y la nata, y se aplica espec\u00edficamente a productos l\u00e1cteos (mantequilla, queso), productos horneados (pasteles, galletas), aperitivos (palomitas, patatas fritas) y condimentos.<\/p>\n<p>4.Embalaje y almacenamiento<br \/>\nEl butilato de dialactato se envasa en botellas de vidrio marr\u00f3n de 5 kg o en latas de aluminio (llenas de nitr\u00f3geno), con un revestimiento interior alimentario de pel\u00edcula inerte. Debe almacenarse en un lugar oscuro a una temperatura &lt;20\u2103. Una vez abierto, debe llenarse con nitr\u00f3geno y utilizarse en el plazo de 1 mes. La vida \u00fatil es de 12 meses.<\/p>","protected":false},"excerpt":{"rendered":"<p>\u3010CAS\u30117492-70-8 Alias: BUTYL BUTYRYLLACTATE;Butyl 2-butyroxypropanoate;butyl butyryl lctate Molecular formula: C11H20O4\u00a0\u00a0\u00a0Relative molecular mass: 216.27 Structural formula: &nbsp; 1.Product Property Butyl diacetate is a colorless liquid with a soft, creamy and toasted bread aroma. It has the scents of cream, milk, wax, and green. 2. Parameter Specification Purity (GC-FID) \u226595.0% Appearance Colorless to pale yellow liquid Odor [&hellip;]<\/p>\n","protected":false},"featured_media":4292,"template":"","meta":{"_seopress_robots_primary_cat":"","_seopress_titles_title":"","_seopress_titles_desc":"","_seopress_robots_index":"","_uag_custom_page_level_css":"","site-sidebar-layout":"default","site-content-layout":"","ast-site-content-layout":"default","site-content-style":"default","site-sidebar-style":"default","ast-global-header-display":"","ast-banner-title-visibility":"","ast-main-header-display":"","ast-hfb-above-header-display":"","ast-hfb-below-header-display":"","ast-hfb-mobile-header-display":"","site-post-title":"","ast-breadcrumbs-content":"","ast-featured-img":"","footer-sml-layout":"","theme-transparent-header-meta":"default","adv-header-id-meta":"","stick-header-meta":"default","header-above-stick-meta":"","header-main-stick-meta":"","header-below-stick-meta":"","astra-migrate-meta-layouts":"set","ast-page-background-enabled":"default","ast-page-background-meta":{"desktop":{"background-color":"","background-image":"","background-repeat":"repeat","background-position":"center center","background-size":"auto","background-attachment":"scroll","background-type":"","background-media":"","overlay-type":"","overlay-color":"","overlay-opacity":"","overlay-gradient":""},"tablet":{"background-color":"","background-image":"","background-repeat":"repeat","background-position":"center center","background-size":"auto","background-attachment":"scroll","background-type":"","background-media":"","overlay-type":"","overlay-color":"","overlay-opacity":"","overlay-gradient":""},"mobile":{"background-color":"","background-image":"","background-repeat":"repeat","background-position":"center center","background-size":"auto","background-attachment":"scroll","background-type":"","background-media":"","overlay-type":"","overlay-color":"","overlay-opacity":"","overlay-gradient":""}},"ast-content-background-meta":{"desktop":{"background-color":"var(--ast-global-color-5)","background-image":"","background-repeat":"repeat","background-position":"center center","background-size":"auto","background-attachment":"scroll","background-type":"","background-media":"","overlay-type":"","overlay-color":"","overlay-opacity":"","overlay-gradient":""},"tablet":{"background-color":"var(--ast-global-color-5)","background-image":"","background-repeat":"repeat","background-position":"center center","background-size":"auto","background-attachment":"scroll","background-type":"","background-media":"","overlay-type":"","overlay-color":"","overlay-opacity":"","overlay-gradient":""},"mobile":{"background-color":"var(--ast-global-color-5)","background-image":"","background-repeat":"repeat","background-position":"center center","background-size":"auto","background-attachment":"scroll","background-type":"","background-media":"","overlay-type":"","overlay-color":"","overlay-opacity":"","overlay-gradient":""}}},"product_brand":[],"product_cat":[67],"product_tag":[],"class_list":{"0":"post-4288","1":"product","2":"type-product","3":"status-publish","4":"has-post-thumbnail","6":"product_cat-food-additives","7":"desktop-align-left","8":"tablet-align-left","9":"mobile-align-left","10":"ast-product-gallery-layout-horizontal-slider","11":"ast-product-gallery-with-no-image","12":"ast-product-tabs-layout-horizontal","14":"first","15":"instock","16":"shipping-taxable","17":"product-type-simple"},"uagb_featured_image_src":{"full":["https:\/\/jinancuchem.com\/wp-content\/uploads\/2025\/07\/23.png",800,800,false],"thumbnail":["https:\/\/jinancuchem.com\/wp-content\/uploads\/2025\/07\/23-150x150.png",150,150,true],"medium":["https:\/\/jinancuchem.com\/wp-content\/uploads\/2025\/07\/23-300x300.png",300,300,true],"medium_large":["https:\/\/jinancuchem.com\/wp-content\/uploads\/2025\/07\/23-768x768.png",768,768,true],"large":["https:\/\/jinancuchem.com\/wp-content\/uploads\/2025\/07\/23.png",800,800,false],"1536x1536":["https:\/\/jinancuchem.com\/wp-content\/uploads\/2025\/07\/23.png",800,800,false],"2048x2048":["https:\/\/jinancuchem.com\/wp-content\/uploads\/2025\/07\/23.png",800,800,false],"trp-custom-language-flag":["https:\/\/jinancuchem.com\/wp-content\/uploads\/2025\/07\/23-12x12.png",12,12,true],"woocommerce_thumbnail":["https:\/\/jinancuchem.com\/wp-content\/uploads\/2025\/07\/23-300x300.png",300,300,true],"woocommerce_single":["https:\/\/jinancuchem.com\/wp-content\/uploads\/2025\/07\/23-600x600.png",500,500,true],"woocommerce_gallery_thumbnail":["https:\/\/jinancuchem.com\/wp-content\/uploads\/2025\/07\/23-100x100.png",100,100,true]},"uagb_author_info":{"display_name":"jinxing6611@gmail.com","author_link":"https:\/\/jinancuchem.com\/es\/author\/"},"uagb_comment_info":0,"uagb_excerpt":"\u3010CAS\u30117492-70-8 Alias: BUTYL BUTYRYLLACTATE;Butyl 2-butyroxypropanoate;butyl butyryl lctate Molecular formula: C11H20O4\u00a0\u00a0\u00a0Relative molecular mass: 216.27 Structural formula: &nbsp; 1.Product Property Butyl diacetate is a colorless liquid with a soft, creamy and toasted bread aroma. It has the scents of cream, milk, wax, and green. 2. Parameter Specification Purity (GC-FID) \u226595.0% Appearance Colorless to pale yellow liquid Odor&hellip;","_links":{"self":[{"href":"https:\/\/jinancuchem.com\/es\/wp-json\/wp\/v2\/product\/4288","targetHints":{"allow":["GET"]}}],"collection":[{"href":"https:\/\/jinancuchem.com\/es\/wp-json\/wp\/v2\/product"}],"about":[{"href":"https:\/\/jinancuchem.com\/es\/wp-json\/wp\/v2\/types\/product"}],"wp:featuredmedia":[{"embeddable":true,"href":"https:\/\/jinancuchem.com\/es\/wp-json\/wp\/v2\/media\/4292"}],"wp:attachment":[{"href":"https:\/\/jinancuchem.com\/es\/wp-json\/wp\/v2\/media?parent=4288"}],"wp:term":[{"taxonomy":"product_brand","embeddable":true,"href":"https:\/\/jinancuchem.com\/es\/wp-json\/wp\/v2\/product_brand?post=4288"},{"taxonomy":"product_cat","embeddable":true,"href":"https:\/\/jinancuchem.com\/es\/wp-json\/wp\/v2\/product_cat?post=4288"},{"taxonomy":"product_tag","embeddable":true,"href":"https:\/\/jinancuchem.com\/es\/wp-json\/wp\/v2\/product_tag?post=4288"}],"curies":[{"name":"wp","href":"https:\/\/api.w.org\/{rel}","templated":true}]}}