{"id":4303,"date":"2025-07-25T03:26:26","date_gmt":"2025-07-25T03:26:26","guid":{"rendered":"https:\/\/jinancuchem.com\/?post_type=product&#038;p=4303"},"modified":"2025-07-25T03:26:26","modified_gmt":"2025-07-25T03:26:26","slug":"diethylene-triamine-penta-methylene-phosphonic-acid%ef%bc%88dtpmpa%ef%bc%89","status":"publish","type":"product","link":"https:\/\/jinancuchem.com\/es\/producto\/diethylene-triamine-penta-methylene-phosphonic-acid%ef%bc%88dtpmpa%ef%bc%89\/","title":{"rendered":"Dietileno Triamina Penta (\u00c1cido Metileno Fosf\u00f3nico)\uff08DTPMPA\uff09"},"content":{"rendered":"<p>\u3010CAS\u3011 15827-60-80<\/p>\n<p>Alias: Dietileno Triamina Penta (\u00c1cido Metileno Fosf\u00f3nico) Dequet: 2060<\/p>\n<p>F\u00f3rmula molecular: C9H28O15N3P5 Masa molecular relativa: 573.2<\/p>\n<p>F\u00f3rmula estructural:<img alt=\"\" fetchpriority=\"high\" decoding=\"async\" class=\"alignnone size-medium wp-image-4310\" src=\"https:\/\/jinancuchem.com\/wp-content\/uploads\/2025\/07\/\u672a\u6807\u9898-1-12-300x300.jpg\" width=\"300\" height=\"300\" srcset=\"https:\/\/jinancuchem.com\/wp-content\/uploads\/2025\/07\/\u672a\u6807\u9898-1-12-300x300.jpg 300w, https:\/\/jinancuchem.com\/wp-content\/uploads\/2025\/07\/\u672a\u6807\u9898-1-12-150x150.jpg 150w, https:\/\/jinancuchem.com\/wp-content\/uploads\/2025\/07\/\u672a\u6807\u9898-1-12-768x768.jpg 768w, https:\/\/jinancuchem.com\/wp-content\/uploads\/2025\/07\/\u672a\u6807\u9898-1-12-12x12.jpg 12w, https:\/\/jinancuchem.com\/wp-content\/uploads\/2025\/07\/\u672a\u6807\u9898-1-12-600x600.jpg 600w, https:\/\/jinancuchem.com\/wp-content\/uploads\/2025\/07\/\u672a\u6807\u9898-1-12-100x100.jpg 100w, https:\/\/jinancuchem.com\/wp-content\/uploads\/2025\/07\/\u672a\u6807\u9898-1-12.jpg 800w\" sizes=\"(max-width: 300px) 100vw, 300px\" \/><\/p>\n<p>&nbsp;<\/p>\n<ol>\n<li>Propiedad del producto<\/li>\n<\/ol>\n<p>El DTPMPA es inocuo, f\u00e1cil de disolver en soluci\u00f3n \u00e1cida. El DTPMPA tiene una excelente inhibici\u00f3n de las incrustaciones y la corrosi\u00f3n y una buena capacidad de tolerancia t\u00e9rmica. El DTPMPA puede inhibir la formaci\u00f3n de incrustaciones de carbonato, sulfato y fosfato. En situaciones de ambiente alcalino y alta temperatura (por encima de 210\u2103) el DTPMPA tiene mejor efecto de inhibici\u00f3n de incrustaciones y corrosi\u00f3n que otras organofosfinas.<\/p>\n<p>2.<\/p>\n<table>\n<tbody>\n<tr>\n<td width=\"220\">art\u00edculos<\/td>\n<td>\u00edndice<\/td>\n<\/tr>\n<tr>\n<td width=\"220\">Apariencia<\/td>\n<td width=\"249\">L\u00edquido marr\u00f3n transparente<\/td>\n<\/tr>\n<tr>\n<td width=\"220\">\u00c1cido activo %<\/td>\n<td width=\"249\">48.0-52.0<\/td>\n<\/tr>\n<tr>\n<td width=\"220\">\u00c1cido fosforoso (como PO<sub>3<\/sub><sup>3-<\/sup>)%<\/td>\n<td width=\"249\">5.0max<\/td>\n<\/tr>\n<tr>\n<td width=\"220\">Cloruro (como Cl-)%<\/td>\n<td width=\"249\">14-17<\/td>\n<\/tr>\n<tr>\n<td width=\"220\">Densidad (20\u2103) g\/cm<sup>3<\/sup><\/td>\n<td width=\"249\">1.35-1.45<\/td>\n<\/tr>\n<tr>\n<td width=\"220\">pH (soluci\u00f3n 1%)<\/td>\n<td width=\"249\">2,0m\u00e1x<\/td>\n<\/tr>\n<tr>\n<td width=\"220\">Fe\uff0cmg\/L<\/td>\n<td width=\"249\">35 m\u00e1x.<\/td>\n<\/tr>\n<\/tbody>\n<\/table>\n<ol start=\"3\">\n<li>\u00c1mbito de aplicaci\u00f3n y uso<\/li>\n<\/ol>\n<p>El DTPMPA puede utilizarse como inhibidor de incrustaciones y corrosi\u00f3n en sistemas de circulaci\u00f3n de agua fr\u00eda y agua de caldera, especialmente en sistemas de circulaci\u00f3n de agua fr\u00eda alcalina sin regulaci\u00f3n adicional del pH. Tambi\u00e9n puede utilizarse en agua de relleno de campos petrol\u00edferos, agua fr\u00eda y agua de caldera con alta concentraci\u00f3n de carbonato de bario. Cuando se utiliza solo, se encuentran pocos sedimentos calc\u00e1reos incluso sin utilizar dispersante.<\/p>\n<p>El DTPMPA tambi\u00e9n puede utilizarse como estabilizador de per\u00f3xidos, agente quelante en la industria de tejidos y tintes, dispersante de pigmentos, agente portador de microelementos en fertilizantes y modificador del hormig\u00f3n. Adem\u00e1s, el DTPMPA se utiliza en la fabricaci\u00f3n de papel, galvanoplastia, limpieza \u00e1cida y cosm\u00e9tica.<\/p>\n<ol start=\"4\">\n<li>4. Embalaje y almacenamiento<\/li>\n<\/ol>\n<p>Se envasa en un bid\u00f3n de pl\u00e1stico de 30 kg, o seg\u00fan determinen los usuarios. Se puede almacenar durante diez meses en un lugar sombreado y seco en condiciones ambientales.<\/p>\n<ol start=\"5\">\n<li>Protecci\u00f3n de seguridad<\/li>\n<\/ol>\n<p>Este producto tiene acidez. Evitar el contacto con los ojos y la piel. Aclarar con abundante agua poco despu\u00e9s de haber sido manchado corporalmente.<\/p>","protected":false},"excerpt":{"rendered":"<p>\u3010CAS\u3011 15827-60-80 Alias: Diethylene Triamine Penta (Methylene Phosphonic Acid)\u00a0\u00a0\u00a0\u00a0 Dequet: 2060 Molecular formula: C9H28O15N3P5 Relative molecular mass: 573.2 Structural formula: &nbsp; Product Property DTPMPA is innocuous, easy to be dissolved in acid solution. DTPMPA has excellent scale and corrosion inhibition and good thermal tolerance ability. DTPMPA can inhibit the scale formation of carbonate, sulfate and [&hellip;]<\/p>\n","protected":false},"featured_media":4310,"template":"","meta":{"_seopress_robots_primary_cat":"","_seopress_titles_title":"","_seopress_titles_desc":"","_seopress_robots_index":"","_uag_custom_page_level_css":"","site-sidebar-layout":"default","site-content-layout":"","ast-site-content-layout":"default","site-content-style":"default","site-sidebar-style":"default","ast-global-header-display":"","ast-banner-title-visibility":"","ast-main-header-display":"","ast-hfb-above-header-display":"","ast-hfb-below-header-display":"","ast-hfb-mobile-header-display":"","site-post-title":"","ast-breadcrumbs-content":"","ast-featured-img":"","footer-sml-layout":"","theme-transparent-header-meta":"default","adv-header-id-meta":"","stick-header-meta":"default","header-above-stick-meta":"","header-main-stick-meta":"","header-below-stick-meta":"","astra-migrate-meta-layouts":"set","ast-page-background-enabled":"default","ast-page-background-meta":{"desktop":{"background-color":"","background-image":"","background-repeat":"repeat","background-position":"center center","background-size":"auto","background-attachment":"scroll","background-type":"","background-media":"","overlay-type":"","overlay-color":"","overlay-opacity":"","overlay-gradient":""},"tablet":{"background-color":"","background-image":"","background-repeat":"repeat","background-position":"center center","background-size":"auto","background-attachment":"scroll","background-type":"","background-media":"","overlay-type":"","overlay-color":"","overlay-opacity":"","overlay-gradient":""},"mobile":{"background-color":"","background-image":"","background-repeat":"repeat","background-position":"center center","background-size":"auto","background-attachment":"scroll","background-type":"","background-media":"","overlay-type":"","overlay-color":"","overlay-opacity":"","overlay-gradient":""}},"ast-content-background-meta":{"desktop":{"background-color":"var(--ast-global-color-5)","background-image":"","background-repeat":"repeat","background-position":"center center","background-size":"auto","background-attachment":"scroll","background-type":"","background-media":"","overlay-type":"","overlay-color":"","overlay-opacity":"","overlay-gradient":""},"tablet":{"background-color":"var(--ast-global-color-5)","background-image":"","background-repeat":"repeat","background-position":"center center","background-size":"auto","background-attachment":"scroll","background-type":"","background-media":"","overlay-type":"","overlay-color":"","overlay-opacity":"","overlay-gradient":""},"mobile":{"background-color":"var(--ast-global-color-5)","background-image":"","background-repeat":"repeat","background-position":"center center","background-size":"auto","background-attachment":"scroll","background-type":"","background-media":"","overlay-type":"","overlay-color":"","overlay-opacity":"","overlay-gradient":""}}},"product_brand":[],"product_cat":[66],"product_tag":[],"class_list":{"0":"post-4303","1":"product","2":"type-product","3":"status-publish","4":"has-post-thumbnail","6":"product_cat-water-treatment-raw-materials","7":"desktop-align-left","8":"tablet-align-left","9":"mobile-align-left","10":"ast-product-gallery-layout-horizontal-slider","11":"ast-product-gallery-with-no-image","12":"ast-product-tabs-layout-horizontal","14":"first","15":"instock","16":"shipping-taxable","17":"product-type-simple"},"uagb_featured_image_src":{"full":["https:\/\/jinancuchem.com\/wp-content\/uploads\/2025\/07\/\u672a\u6807\u9898-1-12.jpg",800,800,false],"thumbnail":["https:\/\/jinancuchem.com\/wp-content\/uploads\/2025\/07\/\u672a\u6807\u9898-1-12-150x150.jpg",150,150,true],"medium":["https:\/\/jinancuchem.com\/wp-content\/uploads\/2025\/07\/\u672a\u6807\u9898-1-12-300x300.jpg",300,300,true],"medium_large":["https:\/\/jinancuchem.com\/wp-content\/uploads\/2025\/07\/\u672a\u6807\u9898-1-12-768x768.jpg",768,768,true],"large":["https:\/\/jinancuchem.com\/wp-content\/uploads\/2025\/07\/\u672a\u6807\u9898-1-12.jpg",800,800,false],"1536x1536":["https:\/\/jinancuchem.com\/wp-content\/uploads\/2025\/07\/\u672a\u6807\u9898-1-12.jpg",800,800,false],"2048x2048":["https:\/\/jinancuchem.com\/wp-content\/uploads\/2025\/07\/\u672a\u6807\u9898-1-12.jpg",800,800,false],"trp-custom-language-flag":["https:\/\/jinancuchem.com\/wp-content\/uploads\/2025\/07\/\u672a\u6807\u9898-1-12-12x12.jpg",12,12,true],"woocommerce_thumbnail":["https:\/\/jinancuchem.com\/wp-content\/uploads\/2025\/07\/\u672a\u6807\u9898-1-12-300x300.jpg",300,300,true],"woocommerce_single":["https:\/\/jinancuchem.com\/wp-content\/uploads\/2025\/07\/\u672a\u6807\u9898-1-12-600x600.jpg",500,500,true],"woocommerce_gallery_thumbnail":["https:\/\/jinancuchem.com\/wp-content\/uploads\/2025\/07\/\u672a\u6807\u9898-1-12-100x100.jpg",100,100,true]},"uagb_author_info":{"display_name":"jinxing6611@gmail.com","author_link":"https:\/\/jinancuchem.com\/es\/author\/"},"uagb_comment_info":0,"uagb_excerpt":"\u3010CAS\u3011 15827-60-80 Alias: Diethylene Triamine Penta (Methylene Phosphonic Acid)\u00a0\u00a0\u00a0\u00a0 Dequet: 2060 Molecular formula: C9H28O15N3P5 Relative molecular mass: 573.2 Structural formula: &nbsp; Product Property DTPMPA is innocuous, easy to be dissolved in acid solution. DTPMPA has excellent scale and corrosion inhibition and good thermal tolerance ability. DTPMPA can inhibit the scale formation of carbonate, sulfate and&hellip;","_links":{"self":[{"href":"https:\/\/jinancuchem.com\/es\/wp-json\/wp\/v2\/product\/4303","targetHints":{"allow":["GET"]}}],"collection":[{"href":"https:\/\/jinancuchem.com\/es\/wp-json\/wp\/v2\/product"}],"about":[{"href":"https:\/\/jinancuchem.com\/es\/wp-json\/wp\/v2\/types\/product"}],"wp:featuredmedia":[{"embeddable":true,"href":"https:\/\/jinancuchem.com\/es\/wp-json\/wp\/v2\/media\/4310"}],"wp:attachment":[{"href":"https:\/\/jinancuchem.com\/es\/wp-json\/wp\/v2\/media?parent=4303"}],"wp:term":[{"taxonomy":"product_brand","embeddable":true,"href":"https:\/\/jinancuchem.com\/es\/wp-json\/wp\/v2\/product_brand?post=4303"},{"taxonomy":"product_cat","embeddable":true,"href":"https:\/\/jinancuchem.com\/es\/wp-json\/wp\/v2\/product_cat?post=4303"},{"taxonomy":"product_tag","embeddable":true,"href":"https:\/\/jinancuchem.com\/es\/wp-json\/wp\/v2\/product_tag?post=4303"}],"curies":[{"name":"wp","href":"https:\/\/api.w.org\/{rel}","templated":true}]}}