{"id":4312,"date":"2025-07-25T03:26:39","date_gmt":"2025-07-25T03:26:39","guid":{"rendered":"https:\/\/jinancuchem.com\/?post_type=product&#038;p=4312"},"modified":"2025-07-25T03:26:39","modified_gmt":"2025-07-25T03:26:39","slug":"delta-dodecalactone","status":"publish","type":"product","link":"https:\/\/jinancuchem.com\/es\/producto\/delta-dodecalactone\/","title":{"rendered":"Delta -Dodecalactona"},"content":{"rendered":"<p>\u3010CAS\u3011713-95-1<\/p>\n<p>Alias: 2H-piran-2-ona, tetrahidro-6-heptilo;\u00e1cido 5-hidroxidecanoico, lactona<\/p>\n<p>F\u00f3rmula molecular: C<sub>12<\/sub>H<sub>22<\/sub>O<sub>2<\/sub>\u00a0\u00a0\u00a0Masa molecular relativa: 198,3<\/p>\n<p>F\u00f3rmula estructural:<img alt=\"\" decoding=\"async\" class=\"alignnone size-medium wp-image-4315\" src=\"https:\/\/jinancuchem.com\/wp-content\/uploads\/2025\/07\/\u56fe\u724727-2-300x77.png\" width=\"300\" height=\"77\" srcset=\"https:\/\/jinancuchem.com\/wp-content\/uploads\/2025\/07\/\u56fe\u724727-2-300x77.png 300w, https:\/\/jinancuchem.com\/wp-content\/uploads\/2025\/07\/\u56fe\u724727-2-18x5.png 18w, https:\/\/jinancuchem.com\/wp-content\/uploads\/2025\/07\/\u56fe\u724727-2.png 358w\" sizes=\"(max-width: 300px) 100vw, 300px\" \/><\/p>\n<p>&nbsp;<\/p>\n<p>1.Propiedad del producto<br \/>\nLa delta-dodecalactona es un l\u00edquido transparente entre incoloro y amarillo p\u00e1lido con una fragancia cremosa y un aroma afrutado.<\/p>\n<p>2.<\/p>\n<table>\n<tbody>\n<tr>\n<td><strong><b>Par\u00e1metro<\/b><\/strong><\/td>\n<td width=\"387\"><strong><b>Especificaci\u00f3n<\/b><\/strong><\/td>\n<\/tr>\n<tr>\n<td><strong><b>Pureza (GC-FID)<\/b><\/strong><\/td>\n<td width=\"387\">\u226595.0%<\/td>\n<\/tr>\n<tr>\n<td><strong><b>Apariencia<\/b><\/strong><\/td>\n<td width=\"387\">S\u00f3lido cristalino blanco<\/td>\n<\/tr>\n<tr>\n<td><strong><b>Olor<\/b><\/strong><\/td>\n<td width=\"387\">Cremoso, graso, parecido al melocot\u00f3n<\/td>\n<\/tr>\n<tr>\n<td><strong><b>Punto de fusi\u00f3n<\/b><\/strong><\/td>\n<td width=\"387\">36-38\u00b0C<\/td>\n<\/tr>\n<tr>\n<td><strong><b>\u00cdndice de acidez<\/b><\/strong><\/td>\n<td width=\"387\">\u22641,5 mg KOH\/g<\/td>\n<\/tr>\n<tr>\n<td><strong><b>Contenido en agua<\/b><\/strong><\/td>\n<td width=\"387\">\u22640.2%<\/td>\n<\/tr>\n<tr>\n<td><strong><b>Metales pesados (Pb)<\/b><\/strong><\/td>\n<td width=\"387\">\u22643 ppm<\/td>\n<\/tr>\n<\/tbody>\n<\/table>\n<p>&nbsp;<\/p>\n<p>3.\u00c1mbito de aplicaci\u00f3n y uso<br \/>\nLa delta-dodecalactona se utiliza principalmente en la aromatizaci\u00f3n de alimentos, como aromatizantes de gama alta, aromatizantes de uso diario y otros aditivos funcionales.<\/p>\n<p>4.Embalaje y almacenamiento<br \/>\nDelta -Dodecalactona se envasa en una bolsa de vac\u00edo de papel de aluminio de 100 g (llena de nitr\u00f3geno), con un revestimiento interior de grado alimentario de una pel\u00edcula inerte. Se almacena estrictamente a -18\u2103 en el congelador. Una vez abierto, debe protegerse con nitr\u00f3geno y consumirse en 24 horas. Su vida \u00fatil es de 12 meses (sin abrir).<\/p>","protected":false},"excerpt":{"rendered":"<p>\u3010CAS\u3011713-95-1 Alias: 2H-Pyran-2-one, tetrahydro-6-heptyl;5-Hydroxydodecanoic acid, lactone Molecular formula: C12H22O2\u00a0\u00a0\u00a0Relative molecular mass: 198.3 Structural formula: &nbsp; 1.Product Property Delta \u2013Dodecalactone is a colorless to pale yellow clear liquid with a creamy fragrance and fruity aroma. 2. Parameter Specification Purity (GC-FID) \u226595.0% Appearance White crystalline solid Odor Creamy, fatty, peach-like Melting Point 36-38\u00b0C Acid Value \u22641.5 mg [&hellip;]<\/p>\n","protected":false},"featured_media":4316,"template":"","meta":{"_seopress_robots_primary_cat":"","_seopress_titles_title":"","_seopress_titles_desc":"","_seopress_robots_index":"","_uag_custom_page_level_css":"","site-sidebar-layout":"default","site-content-layout":"","ast-site-content-layout":"default","site-content-style":"default","site-sidebar-style":"default","ast-global-header-display":"","ast-banner-title-visibility":"","ast-main-header-display":"","ast-hfb-above-header-display":"","ast-hfb-below-header-display":"","ast-hfb-mobile-header-display":"","site-post-title":"","ast-breadcrumbs-content":"","ast-featured-img":"","footer-sml-layout":"","theme-transparent-header-meta":"default","adv-header-id-meta":"","stick-header-meta":"default","header-above-stick-meta":"","header-main-stick-meta":"","header-below-stick-meta":"","astra-migrate-meta-layouts":"set","ast-page-background-enabled":"default","ast-page-background-meta":{"desktop":{"background-color":"","background-image":"","background-repeat":"repeat","background-position":"center center","background-size":"auto","background-attachment":"scroll","background-type":"","background-media":"","overlay-type":"","overlay-color":"","overlay-opacity":"","overlay-gradient":""},"tablet":{"background-color":"","background-image":"","background-repeat":"repeat","background-position":"center center","background-size":"auto","background-attachment":"scroll","background-type":"","background-media":"","overlay-type":"","overlay-color":"","overlay-opacity":"","overlay-gradient":""},"mobile":{"background-color":"","background-image":"","background-repeat":"repeat","background-position":"center center","background-size":"auto","background-attachment":"scroll","background-type":"","background-media":"","overlay-type":"","overlay-color":"","overlay-opacity":"","overlay-gradient":""}},"ast-content-background-meta":{"desktop":{"background-color":"var(--ast-global-color-5)","background-image":"","background-repeat":"repeat","background-position":"center center","background-size":"auto","background-attachment":"scroll","background-type":"","background-media":"","overlay-type":"","overlay-color":"","overlay-opacity":"","overlay-gradient":""},"tablet":{"background-color":"var(--ast-global-color-5)","background-image":"","background-repeat":"repeat","background-position":"center center","background-size":"auto","background-attachment":"scroll","background-type":"","background-media":"","overlay-type":"","overlay-color":"","overlay-opacity":"","overlay-gradient":""},"mobile":{"background-color":"var(--ast-global-color-5)","background-image":"","background-repeat":"repeat","background-position":"center center","background-size":"auto","background-attachment":"scroll","background-type":"","background-media":"","overlay-type":"","overlay-color":"","overlay-opacity":"","overlay-gradient":""}}},"product_brand":[],"product_cat":[67],"product_tag":[],"class_list":{"0":"post-4312","1":"product","2":"type-product","3":"status-publish","4":"has-post-thumbnail","6":"product_cat-food-additives","7":"desktop-align-left","8":"tablet-align-left","9":"mobile-align-left","10":"ast-product-gallery-layout-horizontal-slider","11":"ast-product-gallery-with-no-image","12":"ast-product-tabs-layout-horizontal","14":"first","15":"instock","16":"shipping-taxable","17":"product-type-simple"},"uagb_featured_image_src":{"full":["https:\/\/jinancuchem.com\/wp-content\/uploads\/2025\/07\/27.png",800,800,false],"thumbnail":["https:\/\/jinancuchem.com\/wp-content\/uploads\/2025\/07\/27-150x150.png",150,150,true],"medium":["https:\/\/jinancuchem.com\/wp-content\/uploads\/2025\/07\/27-300x300.png",300,300,true],"medium_large":["https:\/\/jinancuchem.com\/wp-content\/uploads\/2025\/07\/27-768x768.png",768,768,true],"large":["https:\/\/jinancuchem.com\/wp-content\/uploads\/2025\/07\/27.png",800,800,false],"1536x1536":["https:\/\/jinancuchem.com\/wp-content\/uploads\/2025\/07\/27.png",800,800,false],"2048x2048":["https:\/\/jinancuchem.com\/wp-content\/uploads\/2025\/07\/27.png",800,800,false],"trp-custom-language-flag":["https:\/\/jinancuchem.com\/wp-content\/uploads\/2025\/07\/27-12x12.png",12,12,true],"woocommerce_thumbnail":["https:\/\/jinancuchem.com\/wp-content\/uploads\/2025\/07\/27-300x300.png",300,300,true],"woocommerce_single":["https:\/\/jinancuchem.com\/wp-content\/uploads\/2025\/07\/27-600x600.png",500,500,true],"woocommerce_gallery_thumbnail":["https:\/\/jinancuchem.com\/wp-content\/uploads\/2025\/07\/27-100x100.png",100,100,true]},"uagb_author_info":{"display_name":"jinxing6611@gmail.com","author_link":"https:\/\/jinancuchem.com\/es\/author\/"},"uagb_comment_info":0,"uagb_excerpt":"\u3010CAS\u3011713-95-1 Alias: 2H-Pyran-2-one, tetrahydro-6-heptyl;5-Hydroxydodecanoic acid, lactone Molecular formula: C12H22O2\u00a0\u00a0\u00a0Relative molecular mass: 198.3 Structural formula: &nbsp; 1.Product Property Delta \u2013Dodecalactone is a colorless to pale yellow clear liquid with a creamy fragrance and fruity aroma. 2. Parameter Specification Purity (GC-FID) \u226595.0% Appearance White crystalline solid Odor Creamy, fatty, peach-like Melting Point 36-38\u00b0C Acid Value \u22641.5 mg&hellip;","_links":{"self":[{"href":"https:\/\/jinancuchem.com\/es\/wp-json\/wp\/v2\/product\/4312","targetHints":{"allow":["GET"]}}],"collection":[{"href":"https:\/\/jinancuchem.com\/es\/wp-json\/wp\/v2\/product"}],"about":[{"href":"https:\/\/jinancuchem.com\/es\/wp-json\/wp\/v2\/types\/product"}],"wp:featuredmedia":[{"embeddable":true,"href":"https:\/\/jinancuchem.com\/es\/wp-json\/wp\/v2\/media\/4316"}],"wp:attachment":[{"href":"https:\/\/jinancuchem.com\/es\/wp-json\/wp\/v2\/media?parent=4312"}],"wp:term":[{"taxonomy":"product_brand","embeddable":true,"href":"https:\/\/jinancuchem.com\/es\/wp-json\/wp\/v2\/product_brand?post=4312"},{"taxonomy":"product_cat","embeddable":true,"href":"https:\/\/jinancuchem.com\/es\/wp-json\/wp\/v2\/product_cat?post=4312"},{"taxonomy":"product_tag","embeddable":true,"href":"https:\/\/jinancuchem.com\/es\/wp-json\/wp\/v2\/product_tag?post=4312"}],"curies":[{"name":"wp","href":"https:\/\/api.w.org\/{rel}","templated":true}]}}