{"id":4346,"date":"2025-07-25T03:36:30","date_gmt":"2025-07-25T03:36:30","guid":{"rendered":"https:\/\/jinancuchem.com\/?post_type=product&#038;p=4346"},"modified":"2025-07-25T03:36:30","modified_gmt":"2025-07-25T03:36:30","slug":"polyamino-polyether-methylene-phosphonae%ef%bc%88papemp%ef%bc%89","status":"publish","type":"product","link":"https:\/\/jinancuchem.com\/es\/producto\/polyamino-polyether-methylene-phosphonae%ef%bc%88papemp%ef%bc%89\/","title":{"rendered":"Poliamino Poli\u00e9ter Metileno Fosfonae\uff08PAPEMP\uff09"},"content":{"rendered":"<p>Masa molecular relativa: 600<\/p>\n<p>F\u00f3rmula estructural:<img alt=\"\" fetchpriority=\"high\" decoding=\"async\" class=\"alignnone size-medium wp-image-4349\" src=\"https:\/\/jinancuchem.com\/wp-content\/uploads\/2025\/07\/\u672a\u6807\u9898-1-15-300x300.jpg\" width=\"300\" height=\"300\" srcset=\"https:\/\/jinancuchem.com\/wp-content\/uploads\/2025\/07\/\u672a\u6807\u9898-1-15-300x300.jpg 300w, https:\/\/jinancuchem.com\/wp-content\/uploads\/2025\/07\/\u672a\u6807\u9898-1-15-150x150.jpg 150w, https:\/\/jinancuchem.com\/wp-content\/uploads\/2025\/07\/\u672a\u6807\u9898-1-15-768x768.jpg 768w, https:\/\/jinancuchem.com\/wp-content\/uploads\/2025\/07\/\u672a\u6807\u9898-1-15-12x12.jpg 12w, https:\/\/jinancuchem.com\/wp-content\/uploads\/2025\/07\/\u672a\u6807\u9898-1-15-600x600.jpg 600w, https:\/\/jinancuchem.com\/wp-content\/uploads\/2025\/07\/\u672a\u6807\u9898-1-15-100x100.jpg 100w, https:\/\/jinancuchem.com\/wp-content\/uploads\/2025\/07\/\u672a\u6807\u9898-1-15.jpg 800w\" sizes=\"(max-width: 300px) 100vw, 300px\" \/><\/p>\n<p>&nbsp;<\/p>\n<p>1.Propiedad del producto<\/p>\n<p>PAPEMP es un polifosfato org\u00e1nico multifuncional para el tratamiento del agua. Tiene una alta tolerancia al calcio a altas concentraciones y una gran capacidad de inhibici\u00f3n contra el carbonato c\u00e1lcico y las incrustaciones de fosfato c\u00e1lcico. Puede utilizarse en combinaci\u00f3n con pol\u00edmeros AA\/AMPS y es adecuado para aguas con pH alto y dureza elevada. Tiene un excelente rendimiento de dispersi\u00f3n y complejaci\u00f3n para \u00f3xidos met\u00e1licos como \u00f3xido f\u00e9rrico, hidr\u00f3xido f\u00e9rrico e hidr\u00f3xido de zinc. PAPEMP tambi\u00e9n puede aplicarse en sistemas de agua circulante con alto contenido en hierro y turbidez relativamente alta.<\/p>\n<p>2.<\/p>\n<table>\n<tbody>\n<tr>\n<td width=\"262\">Art\u00edculos<\/td>\n<td width=\"282\">\u00cdndice<\/td>\n<\/tr>\n<tr>\n<td width=\"262\">Apariencia<\/td>\n<td width=\"282\">L\u00edquido entre amarillo claro y amarillo transparente<\/td>\n<\/tr>\n<tr>\n<td width=\"262\">Contenido activo %<\/td>\n<td width=\"282\">40.0 min<\/td>\n<\/tr>\n<tr>\n<td width=\"262\">\u00c1cido fosforoso (como PO<sub>4<\/sub><sup>3-<\/sup>)%<\/td>\n<td width=\"282\">1,0 m\u00e1x.<\/td>\n<\/tr>\n<tr>\n<td width=\"262\">Densidad (20\u2103) g\/cm<sup>3<\/sup><\/td>\n<td width=\"282\">1.15 min<\/td>\n<\/tr>\n<tr>\n<td width=\"262\">pH (soluci\u00f3n acuosa 1%)<\/td>\n<td width=\"282\">2,0 m\u00e1x.<\/td>\n<\/tr>\n<\/tbody>\n<\/table>\n<ol start=\"3\">\n<li>3.\u00c1mbito de aplicaci\u00f3n y uso<\/li>\n<\/ol>\n<p>El PAPEMP se utiliza ampliamente en sistemas industriales de agua de refrigeraci\u00f3n circulante, sistemas de membranas de \u00f3smosis inversa, tratamiento de aguas producidas en yacimientos petrol\u00edferos, y agentes de tratamiento de aguas e inhibidores de incrustaciones de membranas en la eficiente industria de fabricaci\u00f3n de detergentes. Tambi\u00e9n puede utilizarse como auxiliar de pretratamiento en la industria de te\u00f1ido. La cantidad normal de uso es de 15-80 ppm.<\/p>\n<ol start=\"4\">\n<li>Embalaje y almacenamiento<\/li>\n<\/ol>\n<p>Este producto est\u00e1 envasado en bidones de pl\u00e1stico, conteniendo cada bid\u00f3n 25 kg. Almac\u00e9nelo en un lugar fresco y seco bajo techo. La caducidad es de diez meses.<\/p>\n<ol start=\"5\">\n<li>5.Protecci\u00f3n de seguridad<\/li>\n<\/ol>\n<p>PAPEMP es una sustancia d\u00e9bilmente \u00e1cida. Cuando se utilice, debe llevarse equipo de protecci\u00f3n personal. Debe evitarse que entre en contacto con los ojos y la piel. Si entra en contacto con el cuerpo, debe enjuagarse inmediatamente con abundante agua.<\/p>","protected":false},"excerpt":{"rendered":"<p>Relative molecular mass: 600 Structural formula: &nbsp; 1.Product Property PAPEMP is a multifunctional organic polyphosphate water treatment agent. It has a high calcium tolerance at high concentration ratios and strong inhibition ability against calcium carbonate and calcium phosphate scale. It can be used in combination with AA\/AMPS polymers and is suitable for water with high [&hellip;]<\/p>\n","protected":false},"featured_media":4349,"template":"","meta":{"_seopress_robots_primary_cat":"","_seopress_titles_title":"","_seopress_titles_desc":"","_seopress_robots_index":"","_uag_custom_page_level_css":"","site-sidebar-layout":"default","site-content-layout":"","ast-site-content-layout":"default","site-content-style":"default","site-sidebar-style":"default","ast-global-header-display":"","ast-banner-title-visibility":"","ast-main-header-display":"","ast-hfb-above-header-display":"","ast-hfb-below-header-display":"","ast-hfb-mobile-header-display":"","site-post-title":"","ast-breadcrumbs-content":"","ast-featured-img":"","footer-sml-layout":"","theme-transparent-header-meta":"default","adv-header-id-meta":"","stick-header-meta":"default","header-above-stick-meta":"","header-main-stick-meta":"","header-below-stick-meta":"","astra-migrate-meta-layouts":"set","ast-page-background-enabled":"default","ast-page-background-meta":{"desktop":{"background-color":"","background-image":"","background-repeat":"repeat","background-position":"center center","background-size":"auto","background-attachment":"scroll","background-type":"","background-media":"","overlay-type":"","overlay-color":"","overlay-opacity":"","overlay-gradient":""},"tablet":{"background-color":"","background-image":"","background-repeat":"repeat","background-position":"center center","background-size":"auto","background-attachment":"scroll","background-type":"","background-media":"","overlay-type":"","overlay-color":"","overlay-opacity":"","overlay-gradient":""},"mobile":{"background-color":"","background-image":"","background-repeat":"repeat","background-position":"center center","background-size":"auto","background-attachment":"scroll","background-type":"","background-media":"","overlay-type":"","overlay-color":"","overlay-opacity":"","overlay-gradient":""}},"ast-content-background-meta":{"desktop":{"background-color":"var(--ast-global-color-5)","background-image":"","background-repeat":"repeat","background-position":"center center","background-size":"auto","background-attachment":"scroll","background-type":"","background-media":"","overlay-type":"","overlay-color":"","overlay-opacity":"","overlay-gradient":""},"tablet":{"background-color":"var(--ast-global-color-5)","background-image":"","background-repeat":"repeat","background-position":"center center","background-size":"auto","background-attachment":"scroll","background-type":"","background-media":"","overlay-type":"","overlay-color":"","overlay-opacity":"","overlay-gradient":""},"mobile":{"background-color":"var(--ast-global-color-5)","background-image":"","background-repeat":"repeat","background-position":"center center","background-size":"auto","background-attachment":"scroll","background-type":"","background-media":"","overlay-type":"","overlay-color":"","overlay-opacity":"","overlay-gradient":""}}},"product_brand":[],"product_cat":[66],"product_tag":[],"class_list":{"0":"post-4346","1":"product","2":"type-product","3":"status-publish","4":"has-post-thumbnail","6":"product_cat-water-treatment-raw-materials","7":"desktop-align-left","8":"tablet-align-left","9":"mobile-align-left","10":"ast-product-gallery-layout-horizontal-slider","11":"ast-product-gallery-with-no-image","12":"ast-product-tabs-layout-horizontal","14":"first","15":"instock","16":"shipping-taxable","17":"product-type-simple"},"uagb_featured_image_src":{"full":["https:\/\/jinancuchem.com\/wp-content\/uploads\/2025\/07\/\u672a\u6807\u9898-1-15.jpg",800,800,false],"thumbnail":["https:\/\/jinancuchem.com\/wp-content\/uploads\/2025\/07\/\u672a\u6807\u9898-1-15-150x150.jpg",150,150,true],"medium":["https:\/\/jinancuchem.com\/wp-content\/uploads\/2025\/07\/\u672a\u6807\u9898-1-15-300x300.jpg",300,300,true],"medium_large":["https:\/\/jinancuchem.com\/wp-content\/uploads\/2025\/07\/\u672a\u6807\u9898-1-15-768x768.jpg",768,768,true],"large":["https:\/\/jinancuchem.com\/wp-content\/uploads\/2025\/07\/\u672a\u6807\u9898-1-15.jpg",800,800,false],"1536x1536":["https:\/\/jinancuchem.com\/wp-content\/uploads\/2025\/07\/\u672a\u6807\u9898-1-15.jpg",800,800,false],"2048x2048":["https:\/\/jinancuchem.com\/wp-content\/uploads\/2025\/07\/\u672a\u6807\u9898-1-15.jpg",800,800,false],"trp-custom-language-flag":["https:\/\/jinancuchem.com\/wp-content\/uploads\/2025\/07\/\u672a\u6807\u9898-1-15-12x12.jpg",12,12,true],"woocommerce_thumbnail":["https:\/\/jinancuchem.com\/wp-content\/uploads\/2025\/07\/\u672a\u6807\u9898-1-15-300x300.jpg",300,300,true],"woocommerce_single":["https:\/\/jinancuchem.com\/wp-content\/uploads\/2025\/07\/\u672a\u6807\u9898-1-15-600x600.jpg",500,500,true],"woocommerce_gallery_thumbnail":["https:\/\/jinancuchem.com\/wp-content\/uploads\/2025\/07\/\u672a\u6807\u9898-1-15-100x100.jpg",100,100,true]},"uagb_author_info":{"display_name":"jinxing6611@gmail.com","author_link":"https:\/\/jinancuchem.com\/es\/author\/"},"uagb_comment_info":0,"uagb_excerpt":"Relative molecular mass: 600 Structural formula: &nbsp; 1.Product Property PAPEMP is a multifunctional organic polyphosphate water treatment agent. It has a high calcium tolerance at high concentration ratios and strong inhibition ability against calcium carbonate and calcium phosphate scale. It can be used in combination with AA\/AMPS polymers and is suitable for water with high&hellip;","_links":{"self":[{"href":"https:\/\/jinancuchem.com\/es\/wp-json\/wp\/v2\/product\/4346","targetHints":{"allow":["GET"]}}],"collection":[{"href":"https:\/\/jinancuchem.com\/es\/wp-json\/wp\/v2\/product"}],"about":[{"href":"https:\/\/jinancuchem.com\/es\/wp-json\/wp\/v2\/types\/product"}],"wp:featuredmedia":[{"embeddable":true,"href":"https:\/\/jinancuchem.com\/es\/wp-json\/wp\/v2\/media\/4349"}],"wp:attachment":[{"href":"https:\/\/jinancuchem.com\/es\/wp-json\/wp\/v2\/media?parent=4346"}],"wp:term":[{"taxonomy":"product_brand","embeddable":true,"href":"https:\/\/jinancuchem.com\/es\/wp-json\/wp\/v2\/product_brand?post=4346"},{"taxonomy":"product_cat","embeddable":true,"href":"https:\/\/jinancuchem.com\/es\/wp-json\/wp\/v2\/product_cat?post=4346"},{"taxonomy":"product_tag","embeddable":true,"href":"https:\/\/jinancuchem.com\/es\/wp-json\/wp\/v2\/product_tag?post=4346"}],"curies":[{"name":"wp","href":"https:\/\/api.w.org\/{rel}","templated":true}]}}