{"id":4350,"date":"2025-07-25T03:36:58","date_gmt":"2025-07-25T03:36:58","guid":{"rendered":"https:\/\/jinancuchem.com\/?post_type=product&#038;p=4350"},"modified":"2025-07-25T05:53:02","modified_gmt":"2025-07-25T05:53:02","slug":"benzyl-benzoate","status":"publish","type":"product","link":"https:\/\/jinancuchem.com\/es\/producto\/benzyl-benzoate\/","title":{"rendered":"Benzoato de bencilo"},"content":{"rendered":"<p>\u3010CAS\u3011120-51-4<\/p>\n<p>Alias: Benilato;Alcohol benc\u00edlico \u00e9ster benzoico;Ester benc\u00edlico<\/p>\n<p>F\u00f3rmula molecular: C<sub>14<\/sub>H<sub>12<\/sub>O<sub>2 <\/sub>\u00a0\u00a0Masa molecular relativa: 212,24<\/p>\n<p>F\u00f3rmula estructural:<img alt=\"\" decoding=\"async\" class=\"alignnone size-full wp-image-4353\" src=\"https:\/\/jinancuchem.com\/wp-content\/uploads\/2025\/07\/\u56fe\u724732.png\" width=\"286\" height=\"134\" srcset=\"https:\/\/jinancuchem.com\/wp-content\/uploads\/2025\/07\/\u56fe\u724732.png 286w, https:\/\/jinancuchem.com\/wp-content\/uploads\/2025\/07\/\u56fe\u724732-18x8.png 18w\" sizes=\"(max-width: 286px) 100vw, 286px\" \/><\/p>\n<p>&nbsp;<\/p>\n<h4>1.Propiedad del producto<\/h4>\n<p>El benzoato de bencilo (grado alimentario) es un \u00e9ster arom\u00e1tico de gran pureza con la f\u00f3rmula qu\u00edmica C\u2081\u2084H\u2081\u2082O\u2082, que se presenta como un l\u00edquido transparente, entre incoloro y amarillo p\u00e1lido, con un ligero olor floral.<\/p>\n<h4><\/h4>\n<h4>2.<\/h4>\n<table>\n<tbody>\n<tr>\n<td><strong><b>Par\u00e1metro<\/b><\/strong><\/td>\n<td width=\"353\"><strong><b>Especificaci\u00f3n (grado alimentario)<\/b><\/strong><\/td>\n<\/tr>\n<tr>\n<td><strong><b>Apariencia<\/b><\/strong><\/td>\n<td width=\"353\">L\u00edquido claro, entre incoloro y amarillo p\u00e1lido<\/td>\n<\/tr>\n<tr>\n<td><strong><b>Ensayo (GC)<\/b><\/strong><\/td>\n<td width=\"353\">\u2265 99.0%<\/td>\n<\/tr>\n<tr>\n<td><strong><b>Olor<\/b><\/strong><\/td>\n<td width=\"353\">Olor arom\u00e1tico d\u00e9bil<\/td>\n<\/tr>\n<tr>\n<td><strong><b>Acidez (como \u00e1cido benzoico)<\/b><\/strong><\/td>\n<td width=\"353\">\u2264 0,1%<\/td>\n<\/tr>\n<tr>\n<td><strong><b>\u00cdndice de refracci\u00f3n (20\u00b0C)<\/b><\/strong><\/td>\n<td width=\"353\">1.568 - 1.570<\/td>\n<\/tr>\n<tr>\n<td><strong><b>Densidad (20\u00b0C)<\/b><\/strong><\/td>\n<td width=\"353\">1,116 - 1,120 g\/cm\u00b3<\/td>\n<\/tr>\n<tr>\n<td><strong><b>Metales pesados (como Pb)<\/b><\/strong><\/td>\n<td width=\"353\">\u2264 10 ppm<\/td>\n<\/tr>\n<tr>\n<td><strong><b>Ars\u00e9nico (As)<\/b><\/strong><\/td>\n<td width=\"353\">\u2264 3 ppm<\/td>\n<\/tr>\n<\/tbody>\n<\/table>\n<p>&nbsp;<\/p>\n<h4>3.\u00c1mbito de aplicaci\u00f3n y uso<\/h4>\n<p>Se utiliza principalmente como fijador. Se utiliza para preparar fragancias comestibles a base de frutas, como fresa, pi\u00f1a y cereza, as\u00ed como fragancias a base de alcohol. Tambi\u00e9n se utiliza en fragancias de cuidado diario como el jazm\u00edn, el lirio de los valles, el ylang-ylang, la gardenia, el ylang-ylang y la lila.<\/p>\n<p>&nbsp;<\/p>\n<h4>4.Embalaje y almacenamiento<\/h4>\n<p>El benzoato benzoico (de calidad alimentaria) debe envasarse en recipientes herm\u00e9ticos de acero inoxidable, aluminio o pl\u00e1stico de calidad alimentaria, y almacenarse en un lugar fresco, seco y bien ventilado, evitando la luz solar directa y las altas temperaturas (se recomienda que la temperatura de almacenamiento sea inferior a 30\u2103). La vida \u00fatil suele ser de 12-24 meses.<\/p>","protected":false},"excerpt":{"rendered":"<p>\u3010CAS\u3011120-51-4 Alias: Benylate;Benzyl alcohol benzoic ester;Benzyl ester Molecular formula: C14H12O2 \u00a0\u00a0Relative molecular mass: 212.24 Structural formula: &nbsp; 1.Product Property Benzyl Benzoate (Food Grade) is a high-purity aromatic ester with the chemical formula C\u2081\u2084H\u2081\u2082O\u2082, appearing as a clear, colorless to pale yellow liquid with a faint floral odor. 2. Parameter Specification (Food Grade) Appearance Clear, colorless [&hellip;]<\/p>\n","protected":false},"featured_media":4354,"template":"","meta":{"_seopress_robots_primary_cat":"none","_seopress_titles_title":"","_seopress_titles_desc":"","_seopress_robots_index":"","_uag_custom_page_level_css":"","site-sidebar-layout":"default","site-content-layout":"","ast-site-content-layout":"default","site-content-style":"default","site-sidebar-style":"default","ast-global-header-display":"","ast-banner-title-visibility":"","ast-main-header-display":"","ast-hfb-above-header-display":"","ast-hfb-below-header-display":"","ast-hfb-mobile-header-display":"","site-post-title":"","ast-breadcrumbs-content":"","ast-featured-img":"","footer-sml-layout":"","theme-transparent-header-meta":"default","adv-header-id-meta":"","stick-header-meta":"default","header-above-stick-meta":"","header-main-stick-meta":"","header-below-stick-meta":"","astra-migrate-meta-layouts":"set","ast-page-background-enabled":"default","ast-page-background-meta":{"desktop":{"background-color":"","background-image":"","background-repeat":"repeat","background-position":"center center","background-size":"auto","background-attachment":"scroll","background-type":"","background-media":"","overlay-type":"","overlay-color":"","overlay-opacity":"","overlay-gradient":""},"tablet":{"background-color":"","background-image":"","background-repeat":"repeat","background-position":"center center","background-size":"auto","background-attachment":"scroll","background-type":"","background-media":"","overlay-type":"","overlay-color":"","overlay-opacity":"","overlay-gradient":""},"mobile":{"background-color":"","background-image":"","background-repeat":"repeat","background-position":"center center","background-size":"auto","background-attachment":"scroll","background-type":"","background-media":"","overlay-type":"","overlay-color":"","overlay-opacity":"","overlay-gradient":""}},"ast-content-background-meta":{"desktop":{"background-color":"var(--ast-global-color-5)","background-image":"","background-repeat":"repeat","background-position":"center center","background-size":"auto","background-attachment":"scroll","background-type":"","background-media":"","overlay-type":"","overlay-color":"","overlay-opacity":"","overlay-gradient":""},"tablet":{"background-color":"var(--ast-global-color-5)","background-image":"","background-repeat":"repeat","background-position":"center center","background-size":"auto","background-attachment":"scroll","background-type":"","background-media":"","overlay-type":"","overlay-color":"","overlay-opacity":"","overlay-gradient":""},"mobile":{"background-color":"var(--ast-global-color-5)","background-image":"","background-repeat":"repeat","background-position":"center center","background-size":"auto","background-attachment":"scroll","background-type":"","background-media":"","overlay-type":"","overlay-color":"","overlay-opacity":"","overlay-gradient":""}}},"product_brand":[],"product_cat":[67],"product_tag":[],"class_list":{"0":"post-4350","1":"product","2":"type-product","3":"status-publish","4":"has-post-thumbnail","6":"product_cat-food-additives","7":"desktop-align-left","8":"tablet-align-left","9":"mobile-align-left","10":"ast-product-gallery-layout-horizontal-slider","11":"ast-product-gallery-with-no-image","12":"ast-product-tabs-layout-horizontal","14":"first","15":"instock","16":"shipping-taxable","17":"product-type-simple"},"uagb_featured_image_src":{"full":["https:\/\/jinancuchem.com\/wp-content\/uploads\/2025\/07\/32-1.png",800,800,false],"thumbnail":["https:\/\/jinancuchem.com\/wp-content\/uploads\/2025\/07\/32-1-150x150.png",150,150,true],"medium":["https:\/\/jinancuchem.com\/wp-content\/uploads\/2025\/07\/32-1-300x300.png",300,300,true],"medium_large":["https:\/\/jinancuchem.com\/wp-content\/uploads\/2025\/07\/32-1-768x768.png",768,768,true],"large":["https:\/\/jinancuchem.com\/wp-content\/uploads\/2025\/07\/32-1.png",800,800,false],"1536x1536":["https:\/\/jinancuchem.com\/wp-content\/uploads\/2025\/07\/32-1.png",800,800,false],"2048x2048":["https:\/\/jinancuchem.com\/wp-content\/uploads\/2025\/07\/32-1.png",800,800,false],"trp-custom-language-flag":["https:\/\/jinancuchem.com\/wp-content\/uploads\/2025\/07\/32-1-12x12.png",12,12,true],"woocommerce_thumbnail":["https:\/\/jinancuchem.com\/wp-content\/uploads\/2025\/07\/32-1-300x300.png",300,300,true],"woocommerce_single":["https:\/\/jinancuchem.com\/wp-content\/uploads\/2025\/07\/32-1-600x600.png",500,500,true],"woocommerce_gallery_thumbnail":["https:\/\/jinancuchem.com\/wp-content\/uploads\/2025\/07\/32-1-100x100.png",100,100,true]},"uagb_author_info":{"display_name":"jinxing6611@gmail.com","author_link":"https:\/\/jinancuchem.com\/es\/author\/"},"uagb_comment_info":0,"uagb_excerpt":"\u3010CAS\u3011120-51-4 Alias: Benylate;Benzyl alcohol benzoic ester;Benzyl ester Molecular formula: C14H12O2 \u00a0\u00a0Relative molecular mass: 212.24 Structural formula: &nbsp; 1.Product Property Benzyl Benzoate (Food Grade) is a high-purity aromatic ester with the chemical formula C\u2081\u2084H\u2081\u2082O\u2082, appearing as a clear, colorless to pale yellow liquid with a faint floral odor. 2. Parameter Specification (Food Grade) Appearance Clear, colorless&hellip;","_links":{"self":[{"href":"https:\/\/jinancuchem.com\/es\/wp-json\/wp\/v2\/product\/4350","targetHints":{"allow":["GET"]}}],"collection":[{"href":"https:\/\/jinancuchem.com\/es\/wp-json\/wp\/v2\/product"}],"about":[{"href":"https:\/\/jinancuchem.com\/es\/wp-json\/wp\/v2\/types\/product"}],"wp:featuredmedia":[{"embeddable":true,"href":"https:\/\/jinancuchem.com\/es\/wp-json\/wp\/v2\/media\/4354"}],"wp:attachment":[{"href":"https:\/\/jinancuchem.com\/es\/wp-json\/wp\/v2\/media?parent=4350"}],"wp:term":[{"taxonomy":"product_brand","embeddable":true,"href":"https:\/\/jinancuchem.com\/es\/wp-json\/wp\/v2\/product_brand?post=4350"},{"taxonomy":"product_cat","embeddable":true,"href":"https:\/\/jinancuchem.com\/es\/wp-json\/wp\/v2\/product_cat?post=4350"},{"taxonomy":"product_tag","embeddable":true,"href":"https:\/\/jinancuchem.com\/es\/wp-json\/wp\/v2\/product_tag?post=4350"}],"curies":[{"name":"wp","href":"https:\/\/api.w.org\/{rel}","templated":true}]}}