{"id":4355,"date":"2025-07-25T03:37:56","date_gmt":"2025-07-25T03:37:56","guid":{"rendered":"https:\/\/jinancuchem.com\/?post_type=product&#038;p=4355"},"modified":"2025-07-25T03:37:56","modified_gmt":"2025-07-25T03:37:56","slug":"bishexamethylene-triamine-penta-methylene-phosphonic-acid%ef%bc%88bhmtpmpa%ef%bc%89","status":"publish","type":"product","link":"https:\/\/jinancuchem.com\/es\/producto\/bishexamethylene-triamine-penta-methylene-phosphonic-acid%ef%bc%88bhmtpmpa%ef%bc%89\/","title":{"rendered":"Bis(Hexametileno Triamina Penta (Metileno \u00c1cido Fosf\u00f3nico)\uff08BHMTPMPA\uff09"},"content":{"rendered":"<p>\u3010CAS\u301134690-00-1<\/p>\n<p>F\u00f3rmula molecular: C<sub>17<\/sub>H<sub>44<\/sub>O<sub>15<\/sub>N<sub>3<\/sub>P<sub>5<\/sub>\u00a0Masa molecular relativa: 685<\/p>\n<p>F\u00f3rmula estructural:<img alt=\"\" fetchpriority=\"high\" decoding=\"async\" class=\"alignnone size-medium wp-image-4361\" src=\"https:\/\/jinancuchem.com\/wp-content\/uploads\/2025\/07\/\u672a\u6807\u9898-1-16-300x300.jpg\" width=\"300\" height=\"300\" srcset=\"https:\/\/jinancuchem.com\/wp-content\/uploads\/2025\/07\/\u672a\u6807\u9898-1-16-300x300.jpg 300w, https:\/\/jinancuchem.com\/wp-content\/uploads\/2025\/07\/\u672a\u6807\u9898-1-16-150x150.jpg 150w, https:\/\/jinancuchem.com\/wp-content\/uploads\/2025\/07\/\u672a\u6807\u9898-1-16-768x768.jpg 768w, https:\/\/jinancuchem.com\/wp-content\/uploads\/2025\/07\/\u672a\u6807\u9898-1-16-12x12.jpg 12w, https:\/\/jinancuchem.com\/wp-content\/uploads\/2025\/07\/\u672a\u6807\u9898-1-16-600x600.jpg 600w, https:\/\/jinancuchem.com\/wp-content\/uploads\/2025\/07\/\u672a\u6807\u9898-1-16-100x100.jpg 100w, https:\/\/jinancuchem.com\/wp-content\/uploads\/2025\/07\/\u672a\u6807\u9898-1-16.jpg 800w\" sizes=\"(max-width: 300px) 100vw, 300px\" \/><\/p>\n<p>&nbsp;<\/p>\n<ol>\n<li>Propiedad del producto<\/li>\n<\/ol>\n<p>El BHMTPMPA es un inhibidor de incrustaciones para el tratamiento del agua con excelentes propiedades quelantes, y tiene un buen efecto de inhibici\u00f3n de incrustaciones de carbonato y sulfato. Tiene una excelente solubilidad en agua y estabilidad t\u00e9rmica a altas temperaturas, y presenta una alta tolerancia a los iones de calcio.<\/p>\n<p>2.<\/p>\n<table>\n<tbody>\n<tr>\n<td width=\"254\">Art\u00edculos<\/td>\n<td width=\"286\">\u00cdndice<\/td>\n<\/tr>\n<tr>\n<td width=\"254\">Apariencia<\/td>\n<td width=\"286\">L\u00edquido \u00e1mbar oscuro<\/td>\n<\/tr>\n<tr>\n<td width=\"254\">Contenido activo %<\/td>\n<td width=\"286\">43.0-48.0<\/td>\n<\/tr>\n<tr>\n<td width=\"254\">Cloruro (Cl<sup>&#8211;<\/sup>)%<\/td>\n<td width=\"286\">6,0 m\u00e1x.<\/td>\n<\/tr>\n<tr>\n<td width=\"254\">Fe, mg\/L<\/td>\n<td width=\"286\">35,0 m\u00e1x.<\/td>\n<\/tr>\n<tr>\n<td width=\"254\">Densidad(20\u2103)g\/cm<sup>3<\/sup><\/td>\n<td width=\"286\">1.20 min<\/td>\n<\/tr>\n<tr>\n<td width=\"254\">pH(11TP3Soluci\u00f3n acuosa)<\/td>\n<td width=\"286\">2,0 m\u00e1x.<\/td>\n<\/tr>\n<\/tbody>\n<\/table>\n<ol start=\"3\">\n<li>3.\u00c1mbito de aplicaci\u00f3n y uso<\/li>\n<\/ol>\n<p>El BHMTPMPA puede utilizarse como inhibidor de incrustaciones para el tratamiento de aguas producidas en yacimientos petrol\u00edferos y sistemas industriales de agua de refrigeraci\u00f3n circulante; puede utilizarse solo o en combinaci\u00f3n con otros agentes org\u00e1nicos de tratamiento de aguas fosfatadas.<\/p>\n<p>4 Embalaje y almacenamiento<\/p>\n<p>Este producto se envasa en bidones de pl\u00e1stico. Cada bid\u00f3n contiene 25kg o 250kg. Debe almacenarse en un lugar fresco y bajo techo. El periodo de almacenamiento es de diez meses.<\/p>\n<ol start=\"5\">\n<li>Protecci\u00f3n de seguridad<\/li>\n<\/ol>\n<p>El BHMTPMPA es una sustancia d\u00e9bilmente \u00e1cida. Cuando se utilice, debe llevarse equipo de protecci\u00f3n personal. Debe evitarse que entre en contacto con los ojos o la piel. Si entra en contacto con el cuerpo, debe enjuagarse inmediatamente con abundante agua.<\/p>","protected":false},"excerpt":{"rendered":"<p>\u3010CAS\u301134690-00-1 Molecular formula: C17H44O15N3P5\u00a0Relative molecular mass: 685 Structural formula: &nbsp; Product Property BHMTPMPA is a water treatment scale inhibitor with excellent chelating properties, and it has a good scale inhibition effect on carbonate scale and sulfate scale. It has excellent water solubility and thermal stability at high temperatures, and has a high tolerance for calcium [&hellip;]<\/p>\n","protected":false},"featured_media":4361,"template":"","meta":{"_seopress_robots_primary_cat":"","_seopress_titles_title":"","_seopress_titles_desc":"","_seopress_robots_index":"","_uag_custom_page_level_css":"","site-sidebar-layout":"default","site-content-layout":"","ast-site-content-layout":"default","site-content-style":"default","site-sidebar-style":"default","ast-global-header-display":"","ast-banner-title-visibility":"","ast-main-header-display":"","ast-hfb-above-header-display":"","ast-hfb-below-header-display":"","ast-hfb-mobile-header-display":"","site-post-title":"","ast-breadcrumbs-content":"","ast-featured-img":"","footer-sml-layout":"","theme-transparent-header-meta":"default","adv-header-id-meta":"","stick-header-meta":"default","header-above-stick-meta":"","header-main-stick-meta":"","header-below-stick-meta":"","astra-migrate-meta-layouts":"set","ast-page-background-enabled":"default","ast-page-background-meta":{"desktop":{"background-color":"","background-image":"","background-repeat":"repeat","background-position":"center center","background-size":"auto","background-attachment":"scroll","background-type":"","background-media":"","overlay-type":"","overlay-color":"","overlay-opacity":"","overlay-gradient":""},"tablet":{"background-color":"","background-image":"","background-repeat":"repeat","background-position":"center center","background-size":"auto","background-attachment":"scroll","background-type":"","background-media":"","overlay-type":"","overlay-color":"","overlay-opacity":"","overlay-gradient":""},"mobile":{"background-color":"","background-image":"","background-repeat":"repeat","background-position":"center center","background-size":"auto","background-attachment":"scroll","background-type":"","background-media":"","overlay-type":"","overlay-color":"","overlay-opacity":"","overlay-gradient":""}},"ast-content-background-meta":{"desktop":{"background-color":"var(--ast-global-color-5)","background-image":"","background-repeat":"repeat","background-position":"center center","background-size":"auto","background-attachment":"scroll","background-type":"","background-media":"","overlay-type":"","overlay-color":"","overlay-opacity":"","overlay-gradient":""},"tablet":{"background-color":"var(--ast-global-color-5)","background-image":"","background-repeat":"repeat","background-position":"center center","background-size":"auto","background-attachment":"scroll","background-type":"","background-media":"","overlay-type":"","overlay-color":"","overlay-opacity":"","overlay-gradient":""},"mobile":{"background-color":"var(--ast-global-color-5)","background-image":"","background-repeat":"repeat","background-position":"center center","background-size":"auto","background-attachment":"scroll","background-type":"","background-media":"","overlay-type":"","overlay-color":"","overlay-opacity":"","overlay-gradient":""}}},"product_brand":[],"product_cat":[66],"product_tag":[],"class_list":{"0":"post-4355","1":"product","2":"type-product","3":"status-publish","4":"has-post-thumbnail","6":"product_cat-water-treatment-raw-materials","7":"desktop-align-left","8":"tablet-align-left","9":"mobile-align-left","10":"ast-product-gallery-layout-horizontal-slider","11":"ast-product-gallery-with-no-image","12":"ast-product-tabs-layout-horizontal","14":"first","15":"instock","16":"shipping-taxable","17":"product-type-simple"},"uagb_featured_image_src":{"full":["https:\/\/jinancuchem.com\/wp-content\/uploads\/2025\/07\/\u672a\u6807\u9898-1-16.jpg",800,800,false],"thumbnail":["https:\/\/jinancuchem.com\/wp-content\/uploads\/2025\/07\/\u672a\u6807\u9898-1-16-150x150.jpg",150,150,true],"medium":["https:\/\/jinancuchem.com\/wp-content\/uploads\/2025\/07\/\u672a\u6807\u9898-1-16-300x300.jpg",300,300,true],"medium_large":["https:\/\/jinancuchem.com\/wp-content\/uploads\/2025\/07\/\u672a\u6807\u9898-1-16-768x768.jpg",768,768,true],"large":["https:\/\/jinancuchem.com\/wp-content\/uploads\/2025\/07\/\u672a\u6807\u9898-1-16.jpg",800,800,false],"1536x1536":["https:\/\/jinancuchem.com\/wp-content\/uploads\/2025\/07\/\u672a\u6807\u9898-1-16.jpg",800,800,false],"2048x2048":["https:\/\/jinancuchem.com\/wp-content\/uploads\/2025\/07\/\u672a\u6807\u9898-1-16.jpg",800,800,false],"trp-custom-language-flag":["https:\/\/jinancuchem.com\/wp-content\/uploads\/2025\/07\/\u672a\u6807\u9898-1-16-12x12.jpg",12,12,true],"woocommerce_thumbnail":["https:\/\/jinancuchem.com\/wp-content\/uploads\/2025\/07\/\u672a\u6807\u9898-1-16-300x300.jpg",300,300,true],"woocommerce_single":["https:\/\/jinancuchem.com\/wp-content\/uploads\/2025\/07\/\u672a\u6807\u9898-1-16-600x600.jpg",500,500,true],"woocommerce_gallery_thumbnail":["https:\/\/jinancuchem.com\/wp-content\/uploads\/2025\/07\/\u672a\u6807\u9898-1-16-100x100.jpg",100,100,true]},"uagb_author_info":{"display_name":"jinxing6611@gmail.com","author_link":"https:\/\/jinancuchem.com\/es\/author\/"},"uagb_comment_info":0,"uagb_excerpt":"\u3010CAS\u301134690-00-1 Molecular formula: C17H44O15N3P5\u00a0Relative molecular mass: 685 Structural formula: &nbsp; Product Property BHMTPMPA is a water treatment scale inhibitor with excellent chelating properties, and it has a good scale inhibition effect on carbonate scale and sulfate scale. It has excellent water solubility and thermal stability at high temperatures, and has a high tolerance for calcium&hellip;","_links":{"self":[{"href":"https:\/\/jinancuchem.com\/es\/wp-json\/wp\/v2\/product\/4355","targetHints":{"allow":["GET"]}}],"collection":[{"href":"https:\/\/jinancuchem.com\/es\/wp-json\/wp\/v2\/product"}],"about":[{"href":"https:\/\/jinancuchem.com\/es\/wp-json\/wp\/v2\/types\/product"}],"wp:featuredmedia":[{"embeddable":true,"href":"https:\/\/jinancuchem.com\/es\/wp-json\/wp\/v2\/media\/4361"}],"wp:attachment":[{"href":"https:\/\/jinancuchem.com\/es\/wp-json\/wp\/v2\/media?parent=4355"}],"wp:term":[{"taxonomy":"product_brand","embeddable":true,"href":"https:\/\/jinancuchem.com\/es\/wp-json\/wp\/v2\/product_brand?post=4355"},{"taxonomy":"product_cat","embeddable":true,"href":"https:\/\/jinancuchem.com\/es\/wp-json\/wp\/v2\/product_cat?post=4355"},{"taxonomy":"product_tag","embeddable":true,"href":"https:\/\/jinancuchem.com\/es\/wp-json\/wp\/v2\/product_tag?post=4355"}],"curies":[{"name":"wp","href":"https:\/\/api.w.org\/{rel}","templated":true}]}}