{"id":4358,"date":"2025-07-25T03:38:33","date_gmt":"2025-07-25T03:38:33","guid":{"rendered":"https:\/\/jinancuchem.com\/?post_type=product&#038;p=4358"},"modified":"2025-07-25T05:51:10","modified_gmt":"2025-07-25T05:51:10","slug":"ethyl-salicylate","status":"publish","type":"product","link":"https:\/\/jinancuchem.com\/es\/producto\/ethyl-salicylate\/","title":{"rendered":"Salicilato de etilo"},"content":{"rendered":"<p>\u3010CAS\u3011118-61-6<\/p>\n<p>Alias: 2-hidroxi-benzoicacitilester;\u00c1cido benzoico,2-hidroxi-,etilester<\/p>\n<p>F\u00f3rmula molecular: C<sub>9<\/sub>H<sub>10<\/sub>O<sub>3<\/sub>\u00a0\u00a0\u00a0Masa molecular relativa: 166,17<\/p>\n<p>F\u00f3rmula estructural:<img alt=\"\" decoding=\"async\" class=\"alignnone size-full wp-image-4362\" src=\"https:\/\/jinancuchem.com\/wp-content\/uploads\/2025\/07\/\u56fe\u724733.png\" width=\"216\" height=\"138\" srcset=\"https:\/\/jinancuchem.com\/wp-content\/uploads\/2025\/07\/\u56fe\u724733.png 216w, https:\/\/jinancuchem.com\/wp-content\/uploads\/2025\/07\/\u56fe\u724733-18x12.png 18w\" sizes=\"(max-width: 216px) 100vw, 216px\" \/><\/p>\n<p>&nbsp;<\/p>\n<h4>1.Propiedad del producto<\/h4>\n<p>El salicilato de etilo (grado alimentario) es un l\u00edquido transparente entre incoloro y amarillo p\u00e1lido con un olor caracter\u00edstico a gaulteria.<\/p>\n<p>&nbsp;<\/p>\n<h4>2.<\/h4>\n<table>\n<tbody>\n<tr>\n<td><strong><b>Par\u00e1metro<\/b><\/strong><\/td>\n<td width=\"353\"><strong><b>Especificaci\u00f3n (grado alimentario)<\/b><\/strong><\/td>\n<\/tr>\n<tr>\n<td><strong><b>Apariencia<\/b><\/strong><\/td>\n<td width=\"353\">L\u00edquido claro, entre incoloro y amarillo p\u00e1lido<\/td>\n<\/tr>\n<tr>\n<td><strong><b>Ensayo (GC)<\/b><\/strong><\/td>\n<td width=\"353\">\u2265 99.0%<\/td>\n<\/tr>\n<tr>\n<td><strong><b>Olor<\/b><\/strong><\/td>\n<td width=\"353\">Olor caracter\u00edstico a gaulteria<\/td>\n<\/tr>\n<tr>\n<td><strong><b>Acidez (como \u00e1cido salic\u00edlico)<\/b><\/strong><\/td>\n<td width=\"353\">\u2264 0,1%<\/td>\n<\/tr>\n<tr>\n<td><strong><b>\u00cdndice de refracci\u00f3n (20\u00b0C)<\/b><\/strong><\/td>\n<td width=\"353\">1.520 &#8211; 1.523<\/td>\n<\/tr>\n<tr>\n<td><strong><b>Densidad (20\u00b0C)<\/b><\/strong><\/td>\n<td width=\"353\">1,130 - 1,135 g\/cm\u00b3<\/td>\n<\/tr>\n<tr>\n<td><strong><b>Metales pesados (como Pb)<\/b><\/strong><\/td>\n<td width=\"353\">\u2264 10 ppm<\/td>\n<\/tr>\n<tr>\n<td><strong><b>Ars\u00e9nico (As)<\/b><\/strong><\/td>\n<td width=\"353\">\u2264 3 ppm<\/td>\n<\/tr>\n<\/tbody>\n<\/table>\n<p>&nbsp;<\/p>\n<h4>3.\u00c1mbito de aplicaci\u00f3n y uso<\/h4>\n<p>Se utiliza para preparar perfumes para jabones de uso diario, tambi\u00e9n para productos farmac\u00e9uticos, y se aplica ampliamente en campos como la s\u00edntesis org\u00e1nica, la medicina, las fragancias sint\u00e9ticas y los disolventes industriales.<\/p>\n<p>&nbsp;<\/p>\n<h4>4.Embalaje y almacenamiento<\/h4>\n<p>El salicilato de etilo (grado alimentario) debe envasarse en recipientes herm\u00e9ticos y resistentes a la luz y almacenarse en un lugar fresco (&lt;25\u00b0C), seco y bien ventilado, alejado del calor y de la luz solar directa. Evitar el contacto con oxidantes fuertes y metales reactivos (por ejemplo, cobre, aluminio). La vida \u00fatil es normalmente de 24 meses cuando est\u00e1 correctamente sellado.<\/p>","protected":false},"excerpt":{"rendered":"<p>\u3010CAS\u3011118-61-6 Alias: 2-hydroxy-benzoicaciethylester;Benzoicacid,2-hydroxy-,ethylester Molecular formula: C9H10O3\u00a0\u00a0\u00a0Relative molecular mass: 166.17 Structural formula: &nbsp; 1.Product Property Ethyl salicylate (food grade) is a colorless to pale yellow transparent liquid with a characteristic wintergreen odor. &nbsp; 2. Parameter Specification (Food Grade) Appearance Clear, colorless to pale yellow liquid Assay (GC) \u2265 99.0% Odor Characteristic wintergreen odor Acidity (as salicylic [&hellip;]<\/p>\n","protected":false},"featured_media":4366,"template":"","meta":{"_seopress_robots_primary_cat":"none","_seopress_titles_title":"","_seopress_titles_desc":"","_seopress_robots_index":"","_uag_custom_page_level_css":"","site-sidebar-layout":"default","site-content-layout":"","ast-site-content-layout":"default","site-content-style":"default","site-sidebar-style":"default","ast-global-header-display":"","ast-banner-title-visibility":"","ast-main-header-display":"","ast-hfb-above-header-display":"","ast-hfb-below-header-display":"","ast-hfb-mobile-header-display":"","site-post-title":"","ast-breadcrumbs-content":"","ast-featured-img":"","footer-sml-layout":"","theme-transparent-header-meta":"default","adv-header-id-meta":"","stick-header-meta":"default","header-above-stick-meta":"","header-main-stick-meta":"","header-below-stick-meta":"","astra-migrate-meta-layouts":"set","ast-page-background-enabled":"default","ast-page-background-meta":{"desktop":{"background-color":"","background-image":"","background-repeat":"repeat","background-position":"center center","background-size":"auto","background-attachment":"scroll","background-type":"","background-media":"","overlay-type":"","overlay-color":"","overlay-opacity":"","overlay-gradient":""},"tablet":{"background-color":"","background-image":"","background-repeat":"repeat","background-position":"center center","background-size":"auto","background-attachment":"scroll","background-type":"","background-media":"","overlay-type":"","overlay-color":"","overlay-opacity":"","overlay-gradient":""},"mobile":{"background-color":"","background-image":"","background-repeat":"repeat","background-position":"center center","background-size":"auto","background-attachment":"scroll","background-type":"","background-media":"","overlay-type":"","overlay-color":"","overlay-opacity":"","overlay-gradient":""}},"ast-content-background-meta":{"desktop":{"background-color":"var(--ast-global-color-5)","background-image":"","background-repeat":"repeat","background-position":"center center","background-size":"auto","background-attachment":"scroll","background-type":"","background-media":"","overlay-type":"","overlay-color":"","overlay-opacity":"","overlay-gradient":""},"tablet":{"background-color":"var(--ast-global-color-5)","background-image":"","background-repeat":"repeat","background-position":"center center","background-size":"auto","background-attachment":"scroll","background-type":"","background-media":"","overlay-type":"","overlay-color":"","overlay-opacity":"","overlay-gradient":""},"mobile":{"background-color":"var(--ast-global-color-5)","background-image":"","background-repeat":"repeat","background-position":"center center","background-size":"auto","background-attachment":"scroll","background-type":"","background-media":"","overlay-type":"","overlay-color":"","overlay-opacity":"","overlay-gradient":""}}},"product_brand":[],"product_cat":[67],"product_tag":[],"class_list":{"0":"post-4358","1":"product","2":"type-product","3":"status-publish","4":"has-post-thumbnail","6":"product_cat-food-additives","7":"desktop-align-left","8":"tablet-align-left","9":"mobile-align-left","10":"ast-product-gallery-layout-horizontal-slider","11":"ast-product-gallery-with-no-image","12":"ast-product-tabs-layout-horizontal","14":"first","15":"instock","16":"shipping-taxable","17":"product-type-simple"},"uagb_featured_image_src":{"full":["https:\/\/jinancuchem.com\/wp-content\/uploads\/2025\/07\/33-1.png",800,800,false],"thumbnail":["https:\/\/jinancuchem.com\/wp-content\/uploads\/2025\/07\/33-1-150x150.png",150,150,true],"medium":["https:\/\/jinancuchem.com\/wp-content\/uploads\/2025\/07\/33-1-300x300.png",300,300,true],"medium_large":["https:\/\/jinancuchem.com\/wp-content\/uploads\/2025\/07\/33-1-768x768.png",768,768,true],"large":["https:\/\/jinancuchem.com\/wp-content\/uploads\/2025\/07\/33-1.png",800,800,false],"1536x1536":["https:\/\/jinancuchem.com\/wp-content\/uploads\/2025\/07\/33-1.png",800,800,false],"2048x2048":["https:\/\/jinancuchem.com\/wp-content\/uploads\/2025\/07\/33-1.png",800,800,false],"trp-custom-language-flag":["https:\/\/jinancuchem.com\/wp-content\/uploads\/2025\/07\/33-1-12x12.png",12,12,true],"woocommerce_thumbnail":["https:\/\/jinancuchem.com\/wp-content\/uploads\/2025\/07\/33-1-300x300.png",300,300,true],"woocommerce_single":["https:\/\/jinancuchem.com\/wp-content\/uploads\/2025\/07\/33-1-600x600.png",500,500,true],"woocommerce_gallery_thumbnail":["https:\/\/jinancuchem.com\/wp-content\/uploads\/2025\/07\/33-1-100x100.png",100,100,true]},"uagb_author_info":{"display_name":"jinxing6611@gmail.com","author_link":"https:\/\/jinancuchem.com\/es\/author\/"},"uagb_comment_info":0,"uagb_excerpt":"\u3010CAS\u3011118-61-6 Alias: 2-hydroxy-benzoicaciethylester;Benzoicacid,2-hydroxy-,ethylester Molecular formula: C9H10O3\u00a0\u00a0\u00a0Relative molecular mass: 166.17 Structural formula: &nbsp; 1.Product Property Ethyl salicylate (food grade) is a colorless to pale yellow transparent liquid with a characteristic wintergreen odor. &nbsp; 2. Parameter Specification (Food Grade) Appearance Clear, colorless to pale yellow liquid Assay (GC) \u2265 99.0% Odor Characteristic wintergreen odor Acidity (as salicylic&hellip;","_links":{"self":[{"href":"https:\/\/jinancuchem.com\/es\/wp-json\/wp\/v2\/product\/4358","targetHints":{"allow":["GET"]}}],"collection":[{"href":"https:\/\/jinancuchem.com\/es\/wp-json\/wp\/v2\/product"}],"about":[{"href":"https:\/\/jinancuchem.com\/es\/wp-json\/wp\/v2\/types\/product"}],"wp:featuredmedia":[{"embeddable":true,"href":"https:\/\/jinancuchem.com\/es\/wp-json\/wp\/v2\/media\/4366"}],"wp:attachment":[{"href":"https:\/\/jinancuchem.com\/es\/wp-json\/wp\/v2\/media?parent=4358"}],"wp:term":[{"taxonomy":"product_brand","embeddable":true,"href":"https:\/\/jinancuchem.com\/es\/wp-json\/wp\/v2\/product_brand?post=4358"},{"taxonomy":"product_cat","embeddable":true,"href":"https:\/\/jinancuchem.com\/es\/wp-json\/wp\/v2\/product_cat?post=4358"},{"taxonomy":"product_tag","embeddable":true,"href":"https:\/\/jinancuchem.com\/es\/wp-json\/wp\/v2\/product_tag?post=4358"}],"curies":[{"name":"wp","href":"https:\/\/api.w.org\/{rel}","templated":true}]}}