{"id":4372,"date":"2025-07-25T03:41:05","date_gmt":"2025-07-25T03:41:05","guid":{"rendered":"https:\/\/jinancuchem.com\/?post_type=product&#038;p=4372"},"modified":"2025-07-25T03:41:05","modified_gmt":"2025-07-25T03:41:05","slug":"tetra-sodium-of-1-hydroxy-ethylidene-11-diphosphonic-acid","status":"publish","type":"product","link":"https:\/\/jinancuchem.com\/es\/producto\/tetra-sodium-of-1-hydroxy-ethylidene-11-diphosphonic-acid\/","title":{"rendered":"Tetra sodio de \u00e1cido 1-hidroxi-etilideno-1,1-difosf\u00f3nico"},"content":{"rendered":"<p>Sin\u00f3nimos: Etidronato tetras\u00f3dico<\/p>\n<p>\u3010CAS\u301129329-71-3 (x-Na), 3794-83-0 (4-Na)<\/p>\n<p>F\u00f3rmula molecular: C<sub>2<\/sub>H<sub>4<\/sub>O<sub>7<\/sub>P<sub>2<\/sub>Na<sub>4<\/sub>\u00a0Peso molecular: 294<\/p>\n<p><strong> <img alt=\"\" fetchpriority=\"high\" decoding=\"async\" class=\"alignnone size-medium wp-image-4376\" src=\"https:\/\/jinancuchem.com\/wp-content\/uploads\/2025\/07\/\u672a\u6807\u9898-1-18-300x300.jpg\" width=\"300\" height=\"300\" srcset=\"https:\/\/jinancuchem.com\/wp-content\/uploads\/2025\/07\/\u672a\u6807\u9898-1-18-300x300.jpg 300w, https:\/\/jinancuchem.com\/wp-content\/uploads\/2025\/07\/\u672a\u6807\u9898-1-18-150x150.jpg 150w, https:\/\/jinancuchem.com\/wp-content\/uploads\/2025\/07\/\u672a\u6807\u9898-1-18-768x768.jpg 768w, https:\/\/jinancuchem.com\/wp-content\/uploads\/2025\/07\/\u672a\u6807\u9898-1-18-12x12.jpg 12w, https:\/\/jinancuchem.com\/wp-content\/uploads\/2025\/07\/\u672a\u6807\u9898-1-18-600x600.jpg 600w, https:\/\/jinancuchem.com\/wp-content\/uploads\/2025\/07\/\u672a\u6807\u9898-1-18-100x100.jpg 100w, https:\/\/jinancuchem.com\/wp-content\/uploads\/2025\/07\/\u672a\u6807\u9898-1-18.jpg 800w\" sizes=\"(max-width: 300px) 100vw, 300px\" \/><\/strong><\/p>\n<ol>\n<li>Rendimiento del producto<\/li>\n<\/ol>\n<p>HEDP-Na4 es la sal s\u00f3dica de HEDP. Es un excelente inhibidor de incrustaciones y de la corrosi\u00f3n del carbonato c\u00e1lcico. HEDP-Na4 se utiliza principalmente en el tratamiento de agua de calderas de baja presi\u00f3n, tratamiento de agua circulante, agua limpia industrial y municipal para su uso, y la desinfecci\u00f3n de piscinas para la prevenci\u00f3n de la corrosi\u00f3n del metal.<\/p>\n<p>El HEDP-Na4 es un polvo s\u00f3lido blanco f\u00e1cilmente soluble en agua. Es c\u00f3modo de transportar y adecuado para su uso en condiciones de fr\u00edo extremo. Puede formar complejos estables con varios iones met\u00e1licos como el hierro, el cobre y el zinc, y puede disolver los \u00f3xidos de la superficie del metal. Es un estabilizador de la calidad del agua alcalina.<\/p>\n<p>2.<\/p>\n<table>\n<tbody>\n<tr>\n<td width=\"209\">art\u00edculos<\/td>\n<td colspan=\"2\">\u00edndice<\/td>\n<\/tr>\n<tr>\n<td width=\"209\">Apariencia<\/td>\n<td width=\"181\">Polvo blanco<\/td>\n<td width=\"161\">L\u00edquido transparente entre incoloro y amarillento<\/td>\n<\/tr>\n<tr>\n<td width=\"209\">Contenido activo (HEDP)%<\/td>\n<td width=\"181\">56.0 min<\/td>\n<td width=\"161\">20.3-21.7<\/td>\n<\/tr>\n<tr>\n<td width=\"209\">Contenido activo (HEDP-Na<sub>4<\/sub>)%<\/td>\n<td width=\"181\">79,9 min<\/td>\n<td width=\"161\">29.0-31.0<\/td>\n<\/tr>\n<tr>\n<td width=\"209\">\u00c1cido fosf\u00f3rico total (como PO<sub>4<\/sub><sup>3-)<\/sup>\u00a0%<\/td>\n<td width=\"181\">52.0 min<\/td>\n<td width=\"161\">18.4-20.4<\/td>\n<\/tr>\n<tr>\n<td width=\"209\">Fe\uff0cmg\/L<\/td>\n<td width=\"181\">35,0 m\u00e1x.<\/td>\n<td width=\"161\">20,0 m\u00e1x.<\/td>\n<\/tr>\n<tr>\n<td width=\"209\">Humedad\uff0c%<\/td>\n<td width=\"181\">15 m\u00e1ximo<\/td>\n<td width=\"161\">&#8212;<\/td>\n<\/tr>\n<tr>\n<td width=\"209\">Densidad (20\u2103)g\/cm<sup>3<\/sup><\/td>\n<td width=\"181\">&#8212;<\/td>\n<td width=\"161\">1.26-1.36<\/td>\n<\/tr>\n<tr>\n<td width=\"209\">PH<\/td>\n<td>11,0-12,0 (soluci\u00f3n acuosa 1%)<\/td>\n<td width=\"161\">10.0-12.0 (como it)<\/td>\n<\/tr>\n<\/tbody>\n<\/table>\n<ol start=\"3\">\n<li>\u00c1mbito de aplicaci\u00f3n y m\u00e9todos de uso<\/li>\n<\/ol>\n<p>El inhibidor de incrustaciones HEDP-Na4 se utiliza ampliamente en el agua de refrigeraci\u00f3n industrial circulante de las industrias energ\u00e9tica, qu\u00edmica, metal\u00fargica y de fertilizantes, as\u00ed como en calderas de baja presi\u00f3n y agua de reinyecci\u00f3n de yacimientos petrol\u00edferos para la inhibici\u00f3n de incrustaciones y la prevenci\u00f3n de la corrosi\u00f3n. En la industria textil, puede utilizarse como agente de limpieza para metales y no metales, estabilizador de per\u00f3xidos y fijador de color en la industria de impresi\u00f3n y te\u00f1ido, agente complejante de galvanoplastia sin cianuro y aditivo para productos qu\u00edmicos de uso diario.<\/p>\n<ol start=\"4\">\n<li>Embalaje y almacenamiento<\/li>\n<\/ol>\n<p>El l\u00edquido inhibidor de incrustaciones HEDP-Na4 se envasa en bidones de pl\u00e1stico, cada uno de los cuales contiene 30 kg o 250 kg. El s\u00f3lido HEDP-Na4 se envasa en bolsas tejidas de pl\u00e1stico forradas con bolsas de polietileno, con un peso neto de 25 kg cada bolsa. La cantidad puede determinarse en funci\u00f3n de las necesidades del usuario. Almac\u00e9nelo en un lugar interior fresco y seco. La vida \u00fatil es de diez meses.<\/p>\n<ol start=\"5\">\n<li>Protecci\u00f3n de seguridad<\/li>\n<\/ol>\n<p>HEDP-Na4 es alcalino. Debe evitarse que entre en contacto con la piel, los ojos, etc. En caso de contacto, aclarar con abundante agua.<\/p>","protected":false},"excerpt":{"rendered":"<p>Synonyms: Tetrasodium etidronate \u3010CAS\u301129329-71-3 (x-Na), 3794-83-0 (4-Na) Molecular Formula: C2H4O7P2Na4\u00a0Molecular weight: 294 Product Performance HEDP\u00b7Na4 is the sodium salt of HEDP. It is an excellent scale inhibitor and corrosion inhibitor for calcium carbonate. HEDP\u00b7Na4 is mainly used in low-pressure boiler water treatment, circulating water treatment, industrial and municipal clean water for use, and swimming pool [&hellip;]<\/p>\n","protected":false},"featured_media":4376,"template":"","meta":{"_seopress_robots_primary_cat":"","_seopress_titles_title":"","_seopress_titles_desc":"","_seopress_robots_index":"","_uag_custom_page_level_css":"","site-sidebar-layout":"default","site-content-layout":"","ast-site-content-layout":"default","site-content-style":"default","site-sidebar-style":"default","ast-global-header-display":"","ast-banner-title-visibility":"","ast-main-header-display":"","ast-hfb-above-header-display":"","ast-hfb-below-header-display":"","ast-hfb-mobile-header-display":"","site-post-title":"","ast-breadcrumbs-content":"","ast-featured-img":"","footer-sml-layout":"","theme-transparent-header-meta":"default","adv-header-id-meta":"","stick-header-meta":"default","header-above-stick-meta":"","header-main-stick-meta":"","header-below-stick-meta":"","astra-migrate-meta-layouts":"set","ast-page-background-enabled":"default","ast-page-background-meta":{"desktop":{"background-color":"","background-image":"","background-repeat":"repeat","background-position":"center center","background-size":"auto","background-attachment":"scroll","background-type":"","background-media":"","overlay-type":"","overlay-color":"","overlay-opacity":"","overlay-gradient":""},"tablet":{"background-color":"","background-image":"","background-repeat":"repeat","background-position":"center center","background-size":"auto","background-attachment":"scroll","background-type":"","background-media":"","overlay-type":"","overlay-color":"","overlay-opacity":"","overlay-gradient":""},"mobile":{"background-color":"","background-image":"","background-repeat":"repeat","background-position":"center center","background-size":"auto","background-attachment":"scroll","background-type":"","background-media":"","overlay-type":"","overlay-color":"","overlay-opacity":"","overlay-gradient":""}},"ast-content-background-meta":{"desktop":{"background-color":"var(--ast-global-color-5)","background-image":"","background-repeat":"repeat","background-position":"center center","background-size":"auto","background-attachment":"scroll","background-type":"","background-media":"","overlay-type":"","overlay-color":"","overlay-opacity":"","overlay-gradient":""},"tablet":{"background-color":"var(--ast-global-color-5)","background-image":"","background-repeat":"repeat","background-position":"center center","background-size":"auto","background-attachment":"scroll","background-type":"","background-media":"","overlay-type":"","overlay-color":"","overlay-opacity":"","overlay-gradient":""},"mobile":{"background-color":"var(--ast-global-color-5)","background-image":"","background-repeat":"repeat","background-position":"center center","background-size":"auto","background-attachment":"scroll","background-type":"","background-media":"","overlay-type":"","overlay-color":"","overlay-opacity":"","overlay-gradient":""}}},"product_brand":[],"product_cat":[66],"product_tag":[],"class_list":{"0":"post-4372","1":"product","2":"type-product","3":"status-publish","4":"has-post-thumbnail","6":"product_cat-water-treatment-raw-materials","7":"desktop-align-left","8":"tablet-align-left","9":"mobile-align-left","10":"ast-product-gallery-layout-horizontal-slider","11":"ast-product-gallery-with-no-image","12":"ast-product-tabs-layout-horizontal","14":"first","15":"instock","16":"shipping-taxable","17":"product-type-simple"},"uagb_featured_image_src":{"full":["https:\/\/jinancuchem.com\/wp-content\/uploads\/2025\/07\/\u672a\u6807\u9898-1-18.jpg",800,800,false],"thumbnail":["https:\/\/jinancuchem.com\/wp-content\/uploads\/2025\/07\/\u672a\u6807\u9898-1-18-150x150.jpg",150,150,true],"medium":["https:\/\/jinancuchem.com\/wp-content\/uploads\/2025\/07\/\u672a\u6807\u9898-1-18-300x300.jpg",300,300,true],"medium_large":["https:\/\/jinancuchem.com\/wp-content\/uploads\/2025\/07\/\u672a\u6807\u9898-1-18-768x768.jpg",768,768,true],"large":["https:\/\/jinancuchem.com\/wp-content\/uploads\/2025\/07\/\u672a\u6807\u9898-1-18.jpg",800,800,false],"1536x1536":["https:\/\/jinancuchem.com\/wp-content\/uploads\/2025\/07\/\u672a\u6807\u9898-1-18.jpg",800,800,false],"2048x2048":["https:\/\/jinancuchem.com\/wp-content\/uploads\/2025\/07\/\u672a\u6807\u9898-1-18.jpg",800,800,false],"trp-custom-language-flag":["https:\/\/jinancuchem.com\/wp-content\/uploads\/2025\/07\/\u672a\u6807\u9898-1-18-12x12.jpg",12,12,true],"woocommerce_thumbnail":["https:\/\/jinancuchem.com\/wp-content\/uploads\/2025\/07\/\u672a\u6807\u9898-1-18-300x300.jpg",300,300,true],"woocommerce_single":["https:\/\/jinancuchem.com\/wp-content\/uploads\/2025\/07\/\u672a\u6807\u9898-1-18-600x600.jpg",500,500,true],"woocommerce_gallery_thumbnail":["https:\/\/jinancuchem.com\/wp-content\/uploads\/2025\/07\/\u672a\u6807\u9898-1-18-100x100.jpg",100,100,true]},"uagb_author_info":{"display_name":"jinxing6611@gmail.com","author_link":"https:\/\/jinancuchem.com\/es\/author\/"},"uagb_comment_info":0,"uagb_excerpt":"Synonyms: Tetrasodium etidronate \u3010CAS\u301129329-71-3 (x-Na), 3794-83-0 (4-Na) Molecular Formula: C2H4O7P2Na4\u00a0Molecular weight: 294 Product Performance HEDP\u00b7Na4 is the sodium salt of HEDP. It is an excellent scale inhibitor and corrosion inhibitor for calcium carbonate. HEDP\u00b7Na4 is mainly used in low-pressure boiler water treatment, circulating water treatment, industrial and municipal clean water for use, and swimming pool&hellip;","_links":{"self":[{"href":"https:\/\/jinancuchem.com\/es\/wp-json\/wp\/v2\/product\/4372","targetHints":{"allow":["GET"]}}],"collection":[{"href":"https:\/\/jinancuchem.com\/es\/wp-json\/wp\/v2\/product"}],"about":[{"href":"https:\/\/jinancuchem.com\/es\/wp-json\/wp\/v2\/types\/product"}],"wp:featuredmedia":[{"embeddable":true,"href":"https:\/\/jinancuchem.com\/es\/wp-json\/wp\/v2\/media\/4376"}],"wp:attachment":[{"href":"https:\/\/jinancuchem.com\/es\/wp-json\/wp\/v2\/media?parent=4372"}],"wp:term":[{"taxonomy":"product_brand","embeddable":true,"href":"https:\/\/jinancuchem.com\/es\/wp-json\/wp\/v2\/product_brand?post=4372"},{"taxonomy":"product_cat","embeddable":true,"href":"https:\/\/jinancuchem.com\/es\/wp-json\/wp\/v2\/product_cat?post=4372"},{"taxonomy":"product_tag","embeddable":true,"href":"https:\/\/jinancuchem.com\/es\/wp-json\/wp\/v2\/product_tag?post=4372"}],"curies":[{"name":"wp","href":"https:\/\/api.w.org\/{rel}","templated":true}]}}