{"id":4377,"date":"2025-07-25T03:43:31","date_gmt":"2025-07-25T03:43:31","guid":{"rendered":"https:\/\/jinancuchem.com\/?post_type=product&#038;p=4377"},"modified":"2025-07-25T03:43:31","modified_gmt":"2025-07-25T03:43:31","slug":"penta-sodium-salt-of-amino-trimethylene-phosphonic-acidatmpna5","status":"publish","type":"product","link":"https:\/\/jinancuchem.com\/es\/producto\/penta-sodium-salt-of-amino-trimethylene-phosphonic-acidatmpna5\/","title":{"rendered":"Sal penta s\u00f3dica del \u00e1cido amino trimetileno fosf\u00f3nico (ATMP-Na5)"},"content":{"rendered":"<p>\u3010CAS\u301120592-85-2 (x-Na), 2235-43-0 (5-Na)<\/p>\n<p>F\u00f3rmula molecular:  C<sub>3<\/sub>H<sub>7<\/sub>NO<sub>9<\/sub>P<sub>3<\/sub>Na<sub>5<\/sub>\u00a0 Peso molecular: 409<\/p>\n<p>F\u00f3rmula estructural:<\/p>\n<p><img alt=\"\" fetchpriority=\"high\" decoding=\"async\" class=\"alignnone size-medium wp-image-4385\" src=\"https:\/\/jinancuchem.com\/wp-content\/uploads\/2025\/07\/\u672a\u6807\u9898-1-19-300x300.jpg\" width=\"300\" height=\"300\" srcset=\"https:\/\/jinancuchem.com\/wp-content\/uploads\/2025\/07\/\u672a\u6807\u9898-1-19-300x300.jpg 300w, https:\/\/jinancuchem.com\/wp-content\/uploads\/2025\/07\/\u672a\u6807\u9898-1-19-100x100.jpg 100w, https:\/\/jinancuchem.com\/wp-content\/uploads\/2025\/07\/\u672a\u6807\u9898-1-19-500x500.jpg 500w, https:\/\/jinancuchem.com\/wp-content\/uploads\/2025\/07\/\u672a\u6807\u9898-1-19-150x150.jpg 150w, https:\/\/jinancuchem.com\/wp-content\/uploads\/2025\/07\/\u672a\u6807\u9898-1-19-768x768.jpg 768w, https:\/\/jinancuchem.com\/wp-content\/uploads\/2025\/07\/\u672a\u6807\u9898-1-19-12x12.jpg 12w, https:\/\/jinancuchem.com\/wp-content\/uploads\/2025\/07\/\u672a\u6807\u9898-1-19.jpg 800w\" sizes=\"(max-width: 300px) 100vw, 300px\" \/><\/p>\n<ol>\n<li>Rendimiento del producto<\/li>\n<\/ol>\n<p>ATMP-Na5 es una soluci\u00f3n salina de sodio de ATMP, que puede prevenir la formaci\u00f3n de incrustaciones en el agua inhibiendo la formaci\u00f3n de sales formadoras de incrustaciones, especialmente incrustaciones de carbonato c\u00e1lcico. Es un tipo de inhibidor de incrustaciones y de corrosi\u00f3n. Como inhibidor de incrustaciones universal y de bajo coste, el ATMP-Na5 tiene un buen efecto de inhibici\u00f3n de la corrosi\u00f3n de las sales de zinc y los fosfatos, y un buen rendimiento quelante. Tambi\u00e9n puede utilizarse como agente quelante de iones met\u00e1licos.<\/p>\n<p>2.<\/p>\n<table>\n<tbody>\n<tr>\n<td width=\"261\">art\u00edculos<\/td>\n<td width=\"290\">\u00edndice<\/td>\n<\/tr>\n<tr>\n<td width=\"261\">Apariencia<\/td>\n<td width=\"290\">L\u00edquido transparente entre incoloro y amarillo claro<\/td>\n<\/tr>\n<tr>\n<td width=\"261\">Contenido activo (ATMP)%<\/td>\n<td width=\"290\">27.8-30.7<\/td>\n<\/tr>\n<tr>\n<td width=\"261\">Contenido activo (ATMP-Na<sub>5<\/sub>) %<\/td>\n<td width=\"290\">38.0-42.0<\/td>\n<\/tr>\n<tr>\n<td width=\"261\">\u00c1cido fosf\u00f3rico total(PO<sub>4<\/sub><sup>3-<\/sup>) %<\/td>\n<td width=\"290\">26.6-28.6<\/td>\n<\/tr>\n<tr>\n<td width=\"261\">Cloruro (como Cl<sup>&#8211;<\/sup>) %<\/td>\n<td width=\"290\">1,0 m\u00e1x.<\/td>\n<\/tr>\n<tr>\n<td width=\"261\">PH (soluci\u00f3n acuosa 1%)<\/td>\n<td width=\"290\">10.0-11.0<\/td>\n<\/tr>\n<tr>\n<td width=\"261\">Densidad (20\u2103) g\/cm<sup>3<\/sup><\/td>\n<td width=\"290\">1.38-1.48<\/td>\n<\/tr>\n<\/tbody>\n<\/table>\n<ol start=\"3\">\n<li>\u00c1mbito de aplicaci\u00f3n y m\u00e9todo de uso<\/li>\n<\/ol>\n<p>El ATMP-Na5 se utiliza para la inhibici\u00f3n de la corrosi\u00f3n de metales en el tratamiento del agua de calderas, sistemas de inyecci\u00f3n de agua en yacimientos petrol\u00edferos, tratamiento de aguas limpias industriales y municipales y tratamiento del agua de refrigeraci\u00f3n. El ATMP-Na5 puede combinarse con otros fosfatos org\u00e1nicos, \u00e1cidos policarbox\u00edlicos o sales para formar agentes alcalinos org\u00e1nicos para el tratamiento del agua. Se utiliza en diversas condiciones de calidad del agua para sistemas de circulaci\u00f3n de agua de refrigeraci\u00f3n y puede emplearse como retardante en la industria del hormig\u00f3n.<\/p>\n<ol start=\"4\">\n<li>Embalaje y almacenamiento<\/li>\n<\/ol>\n<p>El ATMP-Na5 se envasa en bidones de pl\u00e1stico, cada uno de los cuales contiene 30Kg o 250Kg. La cantidad puede determinarse en funci\u00f3n de las necesidades del usuario. Debe almacenarse en un lugar interior fresco y tiene un periodo de conservaci\u00f3n de diez meses.<\/p>\n<ol start=\"5\">\n<li>Protecci\u00f3n de seguridad<\/li>\n<\/ol>\n<p>ATMP-Na5 es d\u00e9bilmente alcalino. Al utilizarlo, debe llevarse equipo de protecci\u00f3n laboral. Debe evitarse el contacto con la piel, ojos, etc. Tras el contacto, aclarar con abundante agua.<\/p>","protected":false},"excerpt":{"rendered":"<p>\u3010CAS\u301120592-85-2 (x-Na), 2235-43-0 (5-Na) Molecular Formula:\u00a0 C3H7NO9P3Na5\u00a0 Molecular weight: 409 Structural Formula: Product Performance ATMP\u2022Na5 is a sodium salt solution of ATMP, which can prevent the formation of scale in water by inhibiting the formation of scale-forming salts, especially calcium carbonate scale. It is a type of scale inhibitor and corrosion inhibitor. As a universal [&hellip;]<\/p>\n","protected":false},"featured_media":4385,"template":"","meta":{"_seopress_robots_primary_cat":"","_seopress_titles_title":"","_seopress_titles_desc":"","_seopress_robots_index":"","_uag_custom_page_level_css":"","site-sidebar-layout":"default","site-content-layout":"","ast-site-content-layout":"default","site-content-style":"default","site-sidebar-style":"default","ast-global-header-display":"","ast-banner-title-visibility":"","ast-main-header-display":"","ast-hfb-above-header-display":"","ast-hfb-below-header-display":"","ast-hfb-mobile-header-display":"","site-post-title":"","ast-breadcrumbs-content":"","ast-featured-img":"","footer-sml-layout":"","theme-transparent-header-meta":"default","adv-header-id-meta":"","stick-header-meta":"default","header-above-stick-meta":"","header-main-stick-meta":"","header-below-stick-meta":"","astra-migrate-meta-layouts":"set","ast-page-background-enabled":"default","ast-page-background-meta":{"desktop":{"background-color":"","background-image":"","background-repeat":"repeat","background-position":"center center","background-size":"auto","background-attachment":"scroll","background-type":"","background-media":"","overlay-type":"","overlay-color":"","overlay-opacity":"","overlay-gradient":""},"tablet":{"background-color":"","background-image":"","background-repeat":"repeat","background-position":"center center","background-size":"auto","background-attachment":"scroll","background-type":"","background-media":"","overlay-type":"","overlay-color":"","overlay-opacity":"","overlay-gradient":""},"mobile":{"background-color":"","background-image":"","background-repeat":"repeat","background-position":"center center","background-size":"auto","background-attachment":"scroll","background-type":"","background-media":"","overlay-type":"","overlay-color":"","overlay-opacity":"","overlay-gradient":""}},"ast-content-background-meta":{"desktop":{"background-color":"var(--ast-global-color-5)","background-image":"","background-repeat":"repeat","background-position":"center center","background-size":"auto","background-attachment":"scroll","background-type":"","background-media":"","overlay-type":"","overlay-color":"","overlay-opacity":"","overlay-gradient":""},"tablet":{"background-color":"var(--ast-global-color-5)","background-image":"","background-repeat":"repeat","background-position":"center center","background-size":"auto","background-attachment":"scroll","background-type":"","background-media":"","overlay-type":"","overlay-color":"","overlay-opacity":"","overlay-gradient":""},"mobile":{"background-color":"var(--ast-global-color-5)","background-image":"","background-repeat":"repeat","background-position":"center center","background-size":"auto","background-attachment":"scroll","background-type":"","background-media":"","overlay-type":"","overlay-color":"","overlay-opacity":"","overlay-gradient":""}}},"product_brand":[],"product_cat":[66],"product_tag":[],"class_list":{"0":"post-4377","1":"product","2":"type-product","3":"status-publish","4":"has-post-thumbnail","6":"product_cat-water-treatment-raw-materials","7":"desktop-align-left","8":"tablet-align-left","9":"mobile-align-left","10":"ast-product-gallery-layout-horizontal-slider","11":"ast-product-gallery-with-no-image","12":"ast-product-tabs-layout-horizontal","14":"first","15":"instock","16":"shipping-taxable","17":"product-type-simple"},"uagb_featured_image_src":{"full":["https:\/\/jinancuchem.com\/wp-content\/uploads\/2025\/07\/\u672a\u6807\u9898-1-19.jpg",800,800,false],"thumbnail":["https:\/\/jinancuchem.com\/wp-content\/uploads\/2025\/07\/\u672a\u6807\u9898-1-19-150x150.jpg",150,150,true],"medium":["https:\/\/jinancuchem.com\/wp-content\/uploads\/2025\/07\/\u672a\u6807\u9898-1-19-300x300.jpg",300,300,true],"medium_large":["https:\/\/jinancuchem.com\/wp-content\/uploads\/2025\/07\/\u672a\u6807\u9898-1-19-768x768.jpg",768,768,true],"large":["https:\/\/jinancuchem.com\/wp-content\/uploads\/2025\/07\/\u672a\u6807\u9898-1-19.jpg",800,800,false],"1536x1536":["https:\/\/jinancuchem.com\/wp-content\/uploads\/2025\/07\/\u672a\u6807\u9898-1-19.jpg",800,800,false],"2048x2048":["https:\/\/jinancuchem.com\/wp-content\/uploads\/2025\/07\/\u672a\u6807\u9898-1-19.jpg",800,800,false],"trp-custom-language-flag":["https:\/\/jinancuchem.com\/wp-content\/uploads\/2025\/07\/\u672a\u6807\u9898-1-19-12x12.jpg",12,12,true],"woocommerce_thumbnail":["https:\/\/jinancuchem.com\/wp-content\/uploads\/2025\/07\/\u672a\u6807\u9898-1-19-300x300.jpg",300,300,true],"woocommerce_single":["https:\/\/jinancuchem.com\/wp-content\/uploads\/2025\/07\/\u672a\u6807\u9898-1-19-500x500.jpg",500,500,true],"woocommerce_gallery_thumbnail":["https:\/\/jinancuchem.com\/wp-content\/uploads\/2025\/07\/\u672a\u6807\u9898-1-19-100x100.jpg",100,100,true]},"uagb_author_info":{"display_name":"jinxing6611@gmail.com","author_link":"https:\/\/jinancuchem.com\/es\/author\/"},"uagb_comment_info":0,"uagb_excerpt":"\u3010CAS\u301120592-85-2 (x-Na), 2235-43-0 (5-Na) Molecular Formula:\u00a0 C3H7NO9P3Na5\u00a0 Molecular weight: 409 Structural Formula: Product Performance ATMP\u2022Na5 is a sodium salt solution of ATMP, which can prevent the formation of scale in water by inhibiting the formation of scale-forming salts, especially calcium carbonate scale. It is a type of scale inhibitor and corrosion inhibitor. As a universal&hellip;","_links":{"self":[{"href":"https:\/\/jinancuchem.com\/es\/wp-json\/wp\/v2\/product\/4377","targetHints":{"allow":["GET"]}}],"collection":[{"href":"https:\/\/jinancuchem.com\/es\/wp-json\/wp\/v2\/product"}],"about":[{"href":"https:\/\/jinancuchem.com\/es\/wp-json\/wp\/v2\/types\/product"}],"wp:featuredmedia":[{"embeddable":true,"href":"https:\/\/jinancuchem.com\/es\/wp-json\/wp\/v2\/media\/4385"}],"wp:attachment":[{"href":"https:\/\/jinancuchem.com\/es\/wp-json\/wp\/v2\/media?parent=4377"}],"wp:term":[{"taxonomy":"product_brand","embeddable":true,"href":"https:\/\/jinancuchem.com\/es\/wp-json\/wp\/v2\/product_brand?post=4377"},{"taxonomy":"product_cat","embeddable":true,"href":"https:\/\/jinancuchem.com\/es\/wp-json\/wp\/v2\/product_cat?post=4377"},{"taxonomy":"product_tag","embeddable":true,"href":"https:\/\/jinancuchem.com\/es\/wp-json\/wp\/v2\/product_tag?post=4377"}],"curies":[{"name":"wp","href":"https:\/\/api.w.org\/{rel}","templated":true}]}}