{"id":4397,"date":"2025-07-25T03:50:01","date_gmt":"2025-07-25T03:50:01","guid":{"rendered":"https:\/\/jinancuchem.com\/?post_type=product&#038;p=4397"},"modified":"2025-07-25T05:39:21","modified_gmt":"2025-07-25T05:39:21","slug":"acetal","status":"publish","type":"product","link":"https:\/\/jinancuchem.com\/es\/producto\/acetal\/","title":{"rendered":"Acetal"},"content":{"rendered":"<h4>\u3010CAS\u3011105-57-7<\/h4>\n<p>Alias: dietilacetal,1,1-dietoxietano;acetaldeh\u00eddodietilacetal;2-DIETILACETAL<\/p>\n<p>F\u00f3rmula molecular: C<sub>6<\/sub>H<sub>14<\/sub>O<sub>2<\/sub>\u00a0\u00a0Masa molecular relativa: 118,17<\/p>\n<p>F\u00f3rmula estructural:<img alt=\"\" decoding=\"async\" class=\"alignnone size-full wp-image-4403\" src=\"https:\/\/jinancuchem.com\/wp-content\/uploads\/2025\/07\/\u56fe\u724737.png\" width=\"216\" height=\"72\" srcset=\"https:\/\/jinancuchem.com\/wp-content\/uploads\/2025\/07\/\u56fe\u724737.png 216w, https:\/\/jinancuchem.com\/wp-content\/uploads\/2025\/07\/\u56fe\u724737-18x6.png 18w\" sizes=\"(max-width: 216px) 100vw, 216px\" \/><\/p>\n<p>&nbsp;<\/p>\n<h4>1.Propiedad del producto<\/h4>\n<p>El acetato de etilo (grado alimentario) es un l\u00edquido incoloro y transparente con un t\u00edpico olor fragante a \u00e9ter.<\/p>\n<h4><\/h4>\n<h4>2.<\/h4>\n<table>\n<tbody>\n<tr>\n<td><strong><b>Par\u00e1metro<\/b><\/strong><\/td>\n<td width=\"362\"><strong><b>Especificaci\u00f3n (grado alimentario)<\/b><\/strong><\/td>\n<\/tr>\n<tr>\n<td><strong><b>Apariencia<\/b><\/strong><\/td>\n<td width=\"362\">L\u00edquido transparente e incoloro<\/td>\n<\/tr>\n<tr>\n<td><strong><b>Ensayo (GC)<\/b><\/strong><\/td>\n<td width=\"362\">\u2265 98.0%<\/td>\n<\/tr>\n<tr>\n<td><strong><b>Olor<\/b><\/strong><\/td>\n<td width=\"362\">Olor et\u00e9reo caracter\u00edstico<\/td>\n<\/tr>\n<tr>\n<td><strong><b>Densidad (20\u00b0C)<\/b><\/strong><\/td>\n<td width=\"362\">0,825 - 0,835 g\/cm\u00b3<\/td>\n<\/tr>\n<tr>\n<td><strong><b>\u00cdndice de refracci\u00f3n (20\u00b0C)<\/b><\/strong><\/td>\n<td width=\"362\">1.380 &#8211; 1.385<\/td>\n<\/tr>\n<tr>\n<td><strong><b>Acidez (como \u00e1cido ac\u00e9tico)<\/b><\/strong><\/td>\n<td width=\"362\">\u2264 0,1%<\/td>\n<\/tr>\n<tr>\n<td><strong><b>Contenido en agua<\/b><\/strong><\/td>\n<td width=\"362\">\u2264 0,2%<\/td>\n<\/tr>\n<tr>\n<td><strong><b>Contenido en aldeh\u00eddos<\/b><\/strong><\/td>\n<td width=\"362\">\u2264 0,5% (como acetaldeh\u00eddo)<\/td>\n<\/tr>\n<\/tbody>\n<\/table>\n<p>&nbsp;<\/p>\n<h4>3.\u00c1mbito de aplicaci\u00f3n y uso<\/h4>\n<p>El dietil acetal (grado alimentario) se utiliza como agente aromatizante en productos alimentarios, principalmente para proporcionar un aroma fresco, afrutado y et\u00e9reo. Est\u00e1 aprobado para su uso en bebidas alcoh\u00f3licas (por ejemplo, aguardientes de frutas, licores), caramelos, postres de gelatina y productos horneados, donde realza las notas de sabor afrutado y verde.<\/p>\n<p>&nbsp;<\/p>\n<h4>4.Embalaje y almacenamiento<\/h4>\n<p>El etilacetal (grado alimentario) debe sellarse y envasarse en recipientes de acero inoxidable o aluminio. Debe almacenarse en un lugar fresco (&lt;30\u2103), seco y bien ventilado, lejos de fuentes de calor y oxidantes. Debido a su alta inflamabilidad, el \u00e1rea de almacenamiento debe estar protegida contra la electricidad est\u00e1tica y las llamas abiertas est\u00e1n prohibidas. La caducidad es de 18 meses a partir del estado sin abrir. Una vez abierto, se recomienda consumirlo en un plazo de 6 meses.<\/p>","protected":false},"excerpt":{"rendered":"<p>\u3010CAS\u3011105-57-7 Alias: diethylacetal,1,1-diethoxyethane;acetaldehyddiethylacetal;2-DIETHYLACETAL Molecular formula: C6H14O2\u00a0\u00a0Relative molecular mass: 118.17 Structural formula: &nbsp; 1.Product Property Ethyl acetate (food grade) is a colorless and transparent liquid with a typical fragrant ether-like odor. 2. Parameter Specification (Food Grade) Appearance Clear, colorless liquid Assay (GC) \u2265 98.0% Odor Characteristic ethereal odor Density (20\u00b0C) 0.825 &#8211; 0.835 g\/cm\u00b3 Refractive Index [&hellip;]<\/p>\n","protected":false},"featured_media":4404,"template":"","meta":{"_seopress_robots_primary_cat":"none","_seopress_titles_title":"","_seopress_titles_desc":"","_seopress_robots_index":"","_uag_custom_page_level_css":"","site-sidebar-layout":"default","site-content-layout":"","ast-site-content-layout":"default","site-content-style":"default","site-sidebar-style":"default","ast-global-header-display":"","ast-banner-title-visibility":"","ast-main-header-display":"","ast-hfb-above-header-display":"","ast-hfb-below-header-display":"","ast-hfb-mobile-header-display":"","site-post-title":"","ast-breadcrumbs-content":"","ast-featured-img":"","footer-sml-layout":"","theme-transparent-header-meta":"default","adv-header-id-meta":"","stick-header-meta":"default","header-above-stick-meta":"","header-main-stick-meta":"","header-below-stick-meta":"","astra-migrate-meta-layouts":"set","ast-page-background-enabled":"default","ast-page-background-meta":{"desktop":{"background-color":"","background-image":"","background-repeat":"repeat","background-position":"center center","background-size":"auto","background-attachment":"scroll","background-type":"","background-media":"","overlay-type":"","overlay-color":"","overlay-opacity":"","overlay-gradient":""},"tablet":{"background-color":"","background-image":"","background-repeat":"repeat","background-position":"center center","background-size":"auto","background-attachment":"scroll","background-type":"","background-media":"","overlay-type":"","overlay-color":"","overlay-opacity":"","overlay-gradient":""},"mobile":{"background-color":"","background-image":"","background-repeat":"repeat","background-position":"center center","background-size":"auto","background-attachment":"scroll","background-type":"","background-media":"","overlay-type":"","overlay-color":"","overlay-opacity":"","overlay-gradient":""}},"ast-content-background-meta":{"desktop":{"background-color":"var(--ast-global-color-5)","background-image":"","background-repeat":"repeat","background-position":"center center","background-size":"auto","background-attachment":"scroll","background-type":"","background-media":"","overlay-type":"","overlay-color":"","overlay-opacity":"","overlay-gradient":""},"tablet":{"background-color":"var(--ast-global-color-5)","background-image":"","background-repeat":"repeat","background-position":"center center","background-size":"auto","background-attachment":"scroll","background-type":"","background-media":"","overlay-type":"","overlay-color":"","overlay-opacity":"","overlay-gradient":""},"mobile":{"background-color":"var(--ast-global-color-5)","background-image":"","background-repeat":"repeat","background-position":"center center","background-size":"auto","background-attachment":"scroll","background-type":"","background-media":"","overlay-type":"","overlay-color":"","overlay-opacity":"","overlay-gradient":""}}},"product_brand":[],"product_cat":[67],"product_tag":[],"class_list":{"0":"post-4397","1":"product","2":"type-product","3":"status-publish","4":"has-post-thumbnail","6":"product_cat-food-additives","7":"desktop-align-left","8":"tablet-align-left","9":"mobile-align-left","10":"ast-product-gallery-layout-horizontal-slider","11":"ast-product-gallery-with-no-image","12":"ast-product-tabs-layout-horizontal","14":"first","15":"instock","16":"shipping-taxable","17":"product-type-simple"},"uagb_featured_image_src":{"full":["https:\/\/jinancuchem.com\/wp-content\/uploads\/2025\/07\/37.png",800,800,false],"thumbnail":["https:\/\/jinancuchem.com\/wp-content\/uploads\/2025\/07\/37-150x150.png",150,150,true],"medium":["https:\/\/jinancuchem.com\/wp-content\/uploads\/2025\/07\/37-300x300.png",300,300,true],"medium_large":["https:\/\/jinancuchem.com\/wp-content\/uploads\/2025\/07\/37-768x768.png",768,768,true],"large":["https:\/\/jinancuchem.com\/wp-content\/uploads\/2025\/07\/37.png",800,800,false],"1536x1536":["https:\/\/jinancuchem.com\/wp-content\/uploads\/2025\/07\/37.png",800,800,false],"2048x2048":["https:\/\/jinancuchem.com\/wp-content\/uploads\/2025\/07\/37.png",800,800,false],"trp-custom-language-flag":["https:\/\/jinancuchem.com\/wp-content\/uploads\/2025\/07\/37-12x12.png",12,12,true],"woocommerce_thumbnail":["https:\/\/jinancuchem.com\/wp-content\/uploads\/2025\/07\/37-300x300.png",300,300,true],"woocommerce_single":["https:\/\/jinancuchem.com\/wp-content\/uploads\/2025\/07\/37-500x500.png",500,500,true],"woocommerce_gallery_thumbnail":["https:\/\/jinancuchem.com\/wp-content\/uploads\/2025\/07\/37-100x100.png",100,100,true]},"uagb_author_info":{"display_name":"jinxing6611@gmail.com","author_link":"https:\/\/jinancuchem.com\/es\/author\/"},"uagb_comment_info":0,"uagb_excerpt":"\u3010CAS\u3011105-57-7 Alias: diethylacetal,1,1-diethoxyethane;acetaldehyddiethylacetal;2-DIETHYLACETAL Molecular formula: C6H14O2\u00a0\u00a0Relative molecular mass: 118.17 Structural formula: &nbsp; 1.Product Property Ethyl acetate (food grade) is a colorless and transparent liquid with a typical fragrant ether-like odor. 2. Parameter Specification (Food Grade) Appearance Clear, colorless liquid Assay (GC) \u2265 98.0% Odor Characteristic ethereal odor Density (20\u00b0C) 0.825 &#8211; 0.835 g\/cm\u00b3 Refractive Index&hellip;","_links":{"self":[{"href":"https:\/\/jinancuchem.com\/es\/wp-json\/wp\/v2\/product\/4397","targetHints":{"allow":["GET"]}}],"collection":[{"href":"https:\/\/jinancuchem.com\/es\/wp-json\/wp\/v2\/product"}],"about":[{"href":"https:\/\/jinancuchem.com\/es\/wp-json\/wp\/v2\/types\/product"}],"wp:featuredmedia":[{"embeddable":true,"href":"https:\/\/jinancuchem.com\/es\/wp-json\/wp\/v2\/media\/4404"}],"wp:attachment":[{"href":"https:\/\/jinancuchem.com\/es\/wp-json\/wp\/v2\/media?parent=4397"}],"wp:term":[{"taxonomy":"product_brand","embeddable":true,"href":"https:\/\/jinancuchem.com\/es\/wp-json\/wp\/v2\/product_brand?post=4397"},{"taxonomy":"product_cat","embeddable":true,"href":"https:\/\/jinancuchem.com\/es\/wp-json\/wp\/v2\/product_cat?post=4397"},{"taxonomy":"product_tag","embeddable":true,"href":"https:\/\/jinancuchem.com\/es\/wp-json\/wp\/v2\/product_tag?post=4397"}],"curies":[{"name":"wp","href":"https:\/\/api.w.org\/{rel}","templated":true}]}}