{"id":4398,"date":"2025-07-25T03:48:10","date_gmt":"2025-07-25T03:48:10","guid":{"rendered":"https:\/\/jinancuchem.com\/?post_type=product&#038;p=4398"},"modified":"2025-07-25T03:48:10","modified_gmt":"2025-07-25T03:48:10","slug":"diethylene-triamine-penta-methylene-phosphonic-acid-pentasodium-saltdtpmpana5","status":"publish","type":"product","link":"https:\/\/jinancuchem.com\/es\/producto\/diethylene-triamine-penta-methylene-phosphonic-acid-pentasodium-saltdtpmpana5\/","title":{"rendered":"Sal pentas\u00f3dica de dietileno triamina penta (\u00e1cido metileno fosf\u00f3nico) (DTPMPA-Na5)"},"content":{"rendered":"<p>\u3010CAS\u3011 68155-78-2<\/p>\n<p>F\u00f3rmula molecular: C<sub>9<\/sub>H<sub>23<\/sub>O<sub>15<\/sub>N<sub>3<\/sub>P<sub>5<\/sub>Na<sub>5<\/sub>\u00a0\u00a0Masa molecular relativa: 683,2<\/p>\n<p>F\u00f3rmula estructural:<img alt=\"\" fetchpriority=\"high\" decoding=\"async\" class=\"alignnone size-medium wp-image-4405\" src=\"https:\/\/jinancuchem.com\/wp-content\/uploads\/2025\/07\/\u672a\u6807\u9898-1-21-300x300.jpg\" width=\"300\" height=\"300\" srcset=\"https:\/\/jinancuchem.com\/wp-content\/uploads\/2025\/07\/\u672a\u6807\u9898-1-21-300x300.jpg 300w, https:\/\/jinancuchem.com\/wp-content\/uploads\/2025\/07\/\u672a\u6807\u9898-1-21-100x100.jpg 100w, https:\/\/jinancuchem.com\/wp-content\/uploads\/2025\/07\/\u672a\u6807\u9898-1-21-500x500.jpg 500w, https:\/\/jinancuchem.com\/wp-content\/uploads\/2025\/07\/\u672a\u6807\u9898-1-21-150x150.jpg 150w, https:\/\/jinancuchem.com\/wp-content\/uploads\/2025\/07\/\u672a\u6807\u9898-1-21-768x768.jpg 768w, https:\/\/jinancuchem.com\/wp-content\/uploads\/2025\/07\/\u672a\u6807\u9898-1-21-12x12.jpg 12w, https:\/\/jinancuchem.com\/wp-content\/uploads\/2025\/07\/\u672a\u6807\u9898-1-21.jpg 800w\" sizes=\"(max-width: 300px) 100vw, 300px\" \/><\/p>\n<p><strong>\u00a0<\/strong><\/p>\n<ol>\n<li>Rendimiento del producto<\/li>\n<\/ol>\n<p>Este producto tiene excelentes efectos antiincrustantes e inhibidores de la corrosi\u00f3n y una buena resistencia a la temperatura. Puede inhibir la formaci\u00f3n de incrustaciones de carbonatos y sulfatos. En ambientes alcalinos, su efecto antisarro e inhibidor de la corrosi\u00f3n es mejor que el de otros agentes org\u00e1nicos de tratamiento del agua del tipo \u00e1cido fosf\u00f3nico. Tambi\u00e9n puede utilizarse como agente antical para el agua de reinyecci\u00f3n de yacimientos petrol\u00edferos.<\/p>\n<p>2.<\/p>\n<table>\n<tbody>\n<tr>\n<td width=\"246\">Art\u00edculo<\/td>\n<td width=\"249\">\u00edndice<\/td>\n<\/tr>\n<tr>\n<td width=\"246\">Apariencia<\/td>\n<td width=\"249\">L\u00edquido transparente de color \u00e1mbar<\/td>\n<\/tr>\n<tr>\n<td width=\"246\">Componente activo (calculado como DTPMPA) %<\/td>\n<td width=\"249\">24.0-26.0<\/td>\n<\/tr>\n<tr>\n<td width=\"246\">Componente activo (calculado como DTPMP-Na5) %<\/td>\n<td width=\"249\">28.5-31.0<\/td>\n<\/tr>\n<tr>\n<td width=\"246\">Contenido total de f\u00f3sforo (calculado como PO43-) %<\/td>\n<td width=\"249\">19.7-21.7<\/td>\n<\/tr>\n<tr>\n<td width=\"246\">Cloruro (calculado como Cl-) % \u2264<\/td>\n<td width=\"249\">5.0<\/td>\n<\/tr>\n<tr>\n<td width=\"246\">Densidad (a 20\u2103) g\/cm3 \u2265<\/td>\n<td width=\"249\">1.25<\/td>\n<\/tr>\n<tr>\n<td width=\"246\">Contenido de hierro (como Fe2+) ppm \u2264.<\/td>\n<td width=\"249\">20<\/td>\n<\/tr>\n<tr>\n<td width=\"246\">Valor pH (soluci\u00f3n acuosa 1%)<\/td>\n<td width=\"249\">6.0-8.0<\/td>\n<\/tr>\n<\/tbody>\n<\/table>\n<ol start=\"3\">\n<li>\u00c1mbito de aplicaci\u00f3n y m\u00e9todo de uso<\/li>\n<\/ol>\n<p>El DTPMP-Na5 puede utilizarse como dispersante para pigmentos, portador de oligoelementos en fertilizantes, agente quelante para la estampaci\u00f3n y el te\u00f1ido de textiles, estabilizador de per\u00f3xidos y aditivo para hormig\u00f3n; tambi\u00e9n puede utilizarse como inhibidor de incrustaciones y corrosi\u00f3n para agua de refrigeraci\u00f3n circulante y agua de caldera en el tratamiento de aguas; adem\u00e1s, se ha aplicado ampliamente en la fabricaci\u00f3n de papel, galvanoplastia y cosm\u00e9tica, etc.; la dosificaci\u00f3n espec\u00edfica debe determinarse en funci\u00f3n de la dosificaci\u00f3n experimental.<\/p>\n<ol start=\"4\">\n<li>Embalaje y almacenamiento<\/li>\n<\/ol>\n<p>El l\u00edquido DTPMP-Na5 se envasa en bidones de pl\u00e1stico. Cada bid\u00f3n contiene 25 kg o 250 kg. Debe almacenarse en un lugar fresco y seco bajo techo, protegido de la humedad. La caducidad es de diez meses.<\/p>\n<ol start=\"5\">\n<li>Protecci\u00f3n de seguridad<\/li>\n<\/ol>\n<p>El DTPMP-Na5 es neutro. Al utilizarlo, debe llevarse equipo de protecci\u00f3n personal. Debe evitarse que entre en contacto con la piel, los ojos, etc. En caso de contacto, aclarar inmediatamente con abundante agua.<\/p>","protected":false},"excerpt":{"rendered":"<p>\u3010CAS\u3011 68155-78-2 Molecular formula: C9H23O15N3P5Na5\u00a0\u00a0Relative molecular mass: 683.2 Structural Formula: \u00a0 Product Performance This product has excellent anti-scaling and corrosion-inhibiting effects and good temperature resistance. It can inhibit the formation of carbonate and sulfate scale. In alkaline environments, its anti-scaling and corrosion-inhibiting performance is better than that of other organic phosphonic acid type water treatment [&hellip;]<\/p>\n","protected":false},"featured_media":4405,"template":"","meta":{"_seopress_robots_primary_cat":"","_seopress_titles_title":"","_seopress_titles_desc":"","_seopress_robots_index":"","_uag_custom_page_level_css":"","site-sidebar-layout":"default","site-content-layout":"","ast-site-content-layout":"default","site-content-style":"default","site-sidebar-style":"default","ast-global-header-display":"","ast-banner-title-visibility":"","ast-main-header-display":"","ast-hfb-above-header-display":"","ast-hfb-below-header-display":"","ast-hfb-mobile-header-display":"","site-post-title":"","ast-breadcrumbs-content":"","ast-featured-img":"","footer-sml-layout":"","theme-transparent-header-meta":"default","adv-header-id-meta":"","stick-header-meta":"default","header-above-stick-meta":"","header-main-stick-meta":"","header-below-stick-meta":"","astra-migrate-meta-layouts":"set","ast-page-background-enabled":"default","ast-page-background-meta":{"desktop":{"background-color":"","background-image":"","background-repeat":"repeat","background-position":"center center","background-size":"auto","background-attachment":"scroll","background-type":"","background-media":"","overlay-type":"","overlay-color":"","overlay-opacity":"","overlay-gradient":""},"tablet":{"background-color":"","background-image":"","background-repeat":"repeat","background-position":"center center","background-size":"auto","background-attachment":"scroll","background-type":"","background-media":"","overlay-type":"","overlay-color":"","overlay-opacity":"","overlay-gradient":""},"mobile":{"background-color":"","background-image":"","background-repeat":"repeat","background-position":"center center","background-size":"auto","background-attachment":"scroll","background-type":"","background-media":"","overlay-type":"","overlay-color":"","overlay-opacity":"","overlay-gradient":""}},"ast-content-background-meta":{"desktop":{"background-color":"var(--ast-global-color-5)","background-image":"","background-repeat":"repeat","background-position":"center center","background-size":"auto","background-attachment":"scroll","background-type":"","background-media":"","overlay-type":"","overlay-color":"","overlay-opacity":"","overlay-gradient":""},"tablet":{"background-color":"var(--ast-global-color-5)","background-image":"","background-repeat":"repeat","background-position":"center center","background-size":"auto","background-attachment":"scroll","background-type":"","background-media":"","overlay-type":"","overlay-color":"","overlay-opacity":"","overlay-gradient":""},"mobile":{"background-color":"var(--ast-global-color-5)","background-image":"","background-repeat":"repeat","background-position":"center center","background-size":"auto","background-attachment":"scroll","background-type":"","background-media":"","overlay-type":"","overlay-color":"","overlay-opacity":"","overlay-gradient":""}}},"product_brand":[],"product_cat":[66],"product_tag":[],"class_list":{"0":"post-4398","1":"product","2":"type-product","3":"status-publish","4":"has-post-thumbnail","6":"product_cat-water-treatment-raw-materials","7":"desktop-align-left","8":"tablet-align-left","9":"mobile-align-left","10":"ast-product-gallery-layout-horizontal-slider","11":"ast-product-gallery-with-no-image","12":"ast-product-tabs-layout-horizontal","14":"first","15":"instock","16":"shipping-taxable","17":"product-type-simple"},"uagb_featured_image_src":{"full":["https:\/\/jinancuchem.com\/wp-content\/uploads\/2025\/07\/\u672a\u6807\u9898-1-21.jpg",800,800,false],"thumbnail":["https:\/\/jinancuchem.com\/wp-content\/uploads\/2025\/07\/\u672a\u6807\u9898-1-21-150x150.jpg",150,150,true],"medium":["https:\/\/jinancuchem.com\/wp-content\/uploads\/2025\/07\/\u672a\u6807\u9898-1-21-300x300.jpg",300,300,true],"medium_large":["https:\/\/jinancuchem.com\/wp-content\/uploads\/2025\/07\/\u672a\u6807\u9898-1-21-768x768.jpg",768,768,true],"large":["https:\/\/jinancuchem.com\/wp-content\/uploads\/2025\/07\/\u672a\u6807\u9898-1-21.jpg",800,800,false],"1536x1536":["https:\/\/jinancuchem.com\/wp-content\/uploads\/2025\/07\/\u672a\u6807\u9898-1-21.jpg",800,800,false],"2048x2048":["https:\/\/jinancuchem.com\/wp-content\/uploads\/2025\/07\/\u672a\u6807\u9898-1-21.jpg",800,800,false],"trp-custom-language-flag":["https:\/\/jinancuchem.com\/wp-content\/uploads\/2025\/07\/\u672a\u6807\u9898-1-21-12x12.jpg",12,12,true],"woocommerce_thumbnail":["https:\/\/jinancuchem.com\/wp-content\/uploads\/2025\/07\/\u672a\u6807\u9898-1-21-300x300.jpg",300,300,true],"woocommerce_single":["https:\/\/jinancuchem.com\/wp-content\/uploads\/2025\/07\/\u672a\u6807\u9898-1-21-500x500.jpg",500,500,true],"woocommerce_gallery_thumbnail":["https:\/\/jinancuchem.com\/wp-content\/uploads\/2025\/07\/\u672a\u6807\u9898-1-21-100x100.jpg",100,100,true]},"uagb_author_info":{"display_name":"jinxing6611@gmail.com","author_link":"https:\/\/jinancuchem.com\/es\/author\/"},"uagb_comment_info":0,"uagb_excerpt":"\u3010CAS\u3011 68155-78-2 Molecular formula: C9H23O15N3P5Na5\u00a0\u00a0Relative molecular mass: 683.2 Structural Formula: \u00a0 Product Performance This product has excellent anti-scaling and corrosion-inhibiting effects and good temperature resistance. It can inhibit the formation of carbonate and sulfate scale. In alkaline environments, its anti-scaling and corrosion-inhibiting performance is better than that of other organic phosphonic acid type water treatment&hellip;","_links":{"self":[{"href":"https:\/\/jinancuchem.com\/es\/wp-json\/wp\/v2\/product\/4398","targetHints":{"allow":["GET"]}}],"collection":[{"href":"https:\/\/jinancuchem.com\/es\/wp-json\/wp\/v2\/product"}],"about":[{"href":"https:\/\/jinancuchem.com\/es\/wp-json\/wp\/v2\/types\/product"}],"wp:featuredmedia":[{"embeddable":true,"href":"https:\/\/jinancuchem.com\/es\/wp-json\/wp\/v2\/media\/4405"}],"wp:attachment":[{"href":"https:\/\/jinancuchem.com\/es\/wp-json\/wp\/v2\/media?parent=4398"}],"wp:term":[{"taxonomy":"product_brand","embeddable":true,"href":"https:\/\/jinancuchem.com\/es\/wp-json\/wp\/v2\/product_brand?post=4398"},{"taxonomy":"product_cat","embeddable":true,"href":"https:\/\/jinancuchem.com\/es\/wp-json\/wp\/v2\/product_cat?post=4398"},{"taxonomy":"product_tag","embeddable":true,"href":"https:\/\/jinancuchem.com\/es\/wp-json\/wp\/v2\/product_tag?post=4398"}],"curies":[{"name":"wp","href":"https:\/\/api.w.org\/{rel}","templated":true}]}}