{"id":4406,"date":"2025-07-25T03:50:28","date_gmt":"2025-07-25T03:50:28","guid":{"rendered":"https:\/\/jinancuchem.com\/?post_type=product&#038;p=4406"},"modified":"2025-07-25T03:50:28","modified_gmt":"2025-07-25T03:50:28","slug":"hepta-sodium-salt-of-diethylene-triamine-penta-methylene-phosphonic-acid%ef%bc%88dtpmpana7%ef%bc%89","status":"publish","type":"product","link":"https:\/\/jinancuchem.com\/es\/producto\/hepta-sodium-salt-of-diethylene-triamine-penta-methylene-phosphonic-acid%ef%bc%88dtpmpana7%ef%bc%89\/","title":{"rendered":"Sal s\u00f3dica hepta del \u00e1cido dietileno triamina penta (metileno fosf\u00f3nico)\uff08DTPMPA-Na7\uff09."},"content":{"rendered":"<p>\u3010CAS\u301122042-96-2 (x-Na) 68155-78-2 (7-Na)<\/p>\n<p>F\u00f3rmula molecular: C<sub>9<\/sub>H<sub>21<\/sub>O<sub>15<\/sub>N<sub>3<\/sub>P<sub>5<\/sub>Na<sub>7 \u00a0<\/sub>Masa molecular relativa:700<\/p>\n<p>F\u00f3rmula estructural:<\/p>\n<p><img alt=\"\" fetchpriority=\"high\" decoding=\"async\" class=\"alignnone size-medium wp-image-4409\" src=\"https:\/\/jinancuchem.com\/wp-content\/uploads\/2025\/07\/\u672a\u6807\u9898-1-22-300x300.jpg\" width=\"300\" height=\"300\" srcset=\"https:\/\/jinancuchem.com\/wp-content\/uploads\/2025\/07\/\u672a\u6807\u9898-1-22-300x300.jpg 300w, https:\/\/jinancuchem.com\/wp-content\/uploads\/2025\/07\/\u672a\u6807\u9898-1-22-100x100.jpg 100w, https:\/\/jinancuchem.com\/wp-content\/uploads\/2025\/07\/\u672a\u6807\u9898-1-22-500x500.jpg 500w, https:\/\/jinancuchem.com\/wp-content\/uploads\/2025\/07\/\u672a\u6807\u9898-1-22-150x150.jpg 150w, https:\/\/jinancuchem.com\/wp-content\/uploads\/2025\/07\/\u672a\u6807\u9898-1-22-768x768.jpg 768w, https:\/\/jinancuchem.com\/wp-content\/uploads\/2025\/07\/\u672a\u6807\u9898-1-22-12x12.jpg 12w, https:\/\/jinancuchem.com\/wp-content\/uploads\/2025\/07\/\u672a\u6807\u9898-1-22.jpg 800w\" sizes=\"(max-width: 300px) 100vw, 300px\" \/><\/p>\n<ol>\n<li>Rendimiento del producto<\/li>\n<\/ol>\n<p>El DTPMP-Na7 puede utilizarse como inhibidor de incrustaciones, agente quelante eficaz y excelente inhibidor de incrustaciones de BaSO4. Es la sal s\u00f3dica del compuesto DTPMPA. Puede utilizarse en condiciones alcalinas y tiene un buen efecto de inhibici\u00f3n de incrustaciones. Tambi\u00e9n puede utilizarse como inhibidor de incrustaciones para el agua de inyecci\u00f3n de yacimientos petrol\u00edferos.<\/p>\n<p>2.<\/p>\n<table>\n<tbody>\n<tr>\n<td width=\"259\">art\u00edculos<\/td>\n<td width=\"293\">\u00edndice<\/td>\n<\/tr>\n<tr>\n<td width=\"259\">Apariencia<\/td>\n<td width=\"293\">L\u00edquido \u00e1mbar<\/td>\n<\/tr>\n<tr>\n<td width=\"259\">Contenido activo (DTPMPA)% &gt;<\/td>\n<td width=\"293\">31.5-33.5<\/td>\n<\/tr>\n<tr>\n<td width=\"259\">Contenido activo (DTPMPANa<sub>7<\/sub>)%<\/td>\n<td width=\"293\">40.0-42.5<\/td>\n<\/tr>\n<tr>\n<td width=\"259\">\u00c1cido fosf\u00f3rico total(PO<sub>4<\/sub><sup>3-<\/sup>)%<\/td>\n<td width=\"293\">25.9-27.9<\/td>\n<\/tr>\n<tr>\n<td width=\"259\">Cloruro ( como Cl<sup>&#8211;<\/sup>) %<\/td>\n<td width=\"293\">5.0max<\/td>\n<\/tr>\n<tr>\n<td width=\"259\">PH(soluci\u00f3n acuosa 1%)<\/td>\n<td width=\"293\">6.0-8.0<\/td>\n<\/tr>\n<tr>\n<td width=\"259\">Densidad (20\u2103) g\/cm<sup>3<\/sup><\/td>\n<td width=\"293\">1.32 min<\/td>\n<\/tr>\n<\/tbody>\n<\/table>\n<ol start=\"3\">\n<li>3.\u00c1mbito de aplicaci\u00f3n y m\u00e9todo de uso<\/li>\n<\/ol>\n<p>El DTPMP-Na7 puede utilizarse como inhibidor de incrustaciones y de la corrosi\u00f3n, como inhibidor de incrustaciones en aguas de reinyecci\u00f3n de yacimientos petrol\u00edferos, como agente quelante muy eficaz y como excelente inhibidor de incrustaciones de BaSO4. El DTPMP-Na7 se utiliza ampliamente en el tratamiento de aguas de refrigeraci\u00f3n, como estabilizador para el blanqueo con per\u00f3xido, como auxiliar de lavado, en aguas limpias municipales e industriales, en el tratamiento de aguas geot\u00e9rmicas y en la inhibici\u00f3n de incrustaciones en yacimientos petrol\u00edferos.<\/p>\n<ol start=\"4\">\n<li>Embalaje y almacenamiento<\/li>\n<\/ol>\n<p>El DTPMP-Na7 se envasa en bidones de pl\u00e1stico, disponibles en 25kg o 250kg por bid\u00f3n. La cantidad espec\u00edfica puede determinarse en funci\u00f3n de las necesidades del usuario. Debe almacenarse en un lugar interior fresco y tiene una caducidad de diez meses.<\/p>\n<ol start=\"5\">\n<li>Protecci\u00f3n de seguridad<\/li>\n<\/ol>\n<p>El DTPMP-Na7 es neutro. Durante el funcionamiento, preste atenci\u00f3n a la protecci\u00f3n personal. Debe evitarse que entre en contacto con la piel, los ojos, etc. En caso de contacto, aclarar con abundante agua.<\/p>","protected":false},"excerpt":{"rendered":"<p>\u3010CAS\u301122042-96-2 (x-Na) 68155-78-2 (7-Na) Molecular Formula: C9H21O15N3P5Na7 \u00a0Relative molecular mass:700 Structural Formula: Product Performance DTPMP\u2022Na7 can be used as a scale inhibitor, an efficient chelating agent, and an excellent BaSO4 scale inhibitor. It is the sodium salt product of the DTPMPA compound. It can be used under alkaline conditions and has a good scale inhibition [&hellip;]<\/p>\n","protected":false},"featured_media":4405,"template":"","meta":{"_seopress_robots_primary_cat":"","_seopress_titles_title":"","_seopress_titles_desc":"","_seopress_robots_index":"","_uag_custom_page_level_css":"","site-sidebar-layout":"default","site-content-layout":"","ast-site-content-layout":"default","site-content-style":"default","site-sidebar-style":"default","ast-global-header-display":"","ast-banner-title-visibility":"","ast-main-header-display":"","ast-hfb-above-header-display":"","ast-hfb-below-header-display":"","ast-hfb-mobile-header-display":"","site-post-title":"","ast-breadcrumbs-content":"","ast-featured-img":"","footer-sml-layout":"","theme-transparent-header-meta":"default","adv-header-id-meta":"","stick-header-meta":"default","header-above-stick-meta":"","header-main-stick-meta":"","header-below-stick-meta":"","astra-migrate-meta-layouts":"set","ast-page-background-enabled":"default","ast-page-background-meta":{"desktop":{"background-color":"","background-image":"","background-repeat":"repeat","background-position":"center center","background-size":"auto","background-attachment":"scroll","background-type":"","background-media":"","overlay-type":"","overlay-color":"","overlay-opacity":"","overlay-gradient":""},"tablet":{"background-color":"","background-image":"","background-repeat":"repeat","background-position":"center center","background-size":"auto","background-attachment":"scroll","background-type":"","background-media":"","overlay-type":"","overlay-color":"","overlay-opacity":"","overlay-gradient":""},"mobile":{"background-color":"","background-image":"","background-repeat":"repeat","background-position":"center center","background-size":"auto","background-attachment":"scroll","background-type":"","background-media":"","overlay-type":"","overlay-color":"","overlay-opacity":"","overlay-gradient":""}},"ast-content-background-meta":{"desktop":{"background-color":"var(--ast-global-color-5)","background-image":"","background-repeat":"repeat","background-position":"center center","background-size":"auto","background-attachment":"scroll","background-type":"","background-media":"","overlay-type":"","overlay-color":"","overlay-opacity":"","overlay-gradient":""},"tablet":{"background-color":"var(--ast-global-color-5)","background-image":"","background-repeat":"repeat","background-position":"center center","background-size":"auto","background-attachment":"scroll","background-type":"","background-media":"","overlay-type":"","overlay-color":"","overlay-opacity":"","overlay-gradient":""},"mobile":{"background-color":"var(--ast-global-color-5)","background-image":"","background-repeat":"repeat","background-position":"center center","background-size":"auto","background-attachment":"scroll","background-type":"","background-media":"","overlay-type":"","overlay-color":"","overlay-opacity":"","overlay-gradient":""}}},"product_brand":[],"product_cat":[66],"product_tag":[],"class_list":{"0":"post-4406","1":"product","2":"type-product","3":"status-publish","4":"has-post-thumbnail","6":"product_cat-water-treatment-raw-materials","7":"desktop-align-left","8":"tablet-align-left","9":"mobile-align-left","10":"ast-product-gallery-layout-horizontal-slider","11":"ast-product-gallery-with-no-image","12":"ast-product-tabs-layout-horizontal","14":"first","15":"instock","16":"shipping-taxable","17":"product-type-simple"},"uagb_featured_image_src":{"full":["https:\/\/jinancuchem.com\/wp-content\/uploads\/2025\/07\/\u672a\u6807\u9898-1-21.jpg",800,800,false],"thumbnail":["https:\/\/jinancuchem.com\/wp-content\/uploads\/2025\/07\/\u672a\u6807\u9898-1-21-150x150.jpg",150,150,true],"medium":["https:\/\/jinancuchem.com\/wp-content\/uploads\/2025\/07\/\u672a\u6807\u9898-1-21-300x300.jpg",300,300,true],"medium_large":["https:\/\/jinancuchem.com\/wp-content\/uploads\/2025\/07\/\u672a\u6807\u9898-1-21-768x768.jpg",768,768,true],"large":["https:\/\/jinancuchem.com\/wp-content\/uploads\/2025\/07\/\u672a\u6807\u9898-1-21.jpg",800,800,false],"1536x1536":["https:\/\/jinancuchem.com\/wp-content\/uploads\/2025\/07\/\u672a\u6807\u9898-1-21.jpg",800,800,false],"2048x2048":["https:\/\/jinancuchem.com\/wp-content\/uploads\/2025\/07\/\u672a\u6807\u9898-1-21.jpg",800,800,false],"trp-custom-language-flag":["https:\/\/jinancuchem.com\/wp-content\/uploads\/2025\/07\/\u672a\u6807\u9898-1-21-12x12.jpg",12,12,true],"woocommerce_thumbnail":["https:\/\/jinancuchem.com\/wp-content\/uploads\/2025\/07\/\u672a\u6807\u9898-1-21-300x300.jpg",300,300,true],"woocommerce_single":["https:\/\/jinancuchem.com\/wp-content\/uploads\/2025\/07\/\u672a\u6807\u9898-1-21-500x500.jpg",500,500,true],"woocommerce_gallery_thumbnail":["https:\/\/jinancuchem.com\/wp-content\/uploads\/2025\/07\/\u672a\u6807\u9898-1-21-100x100.jpg",100,100,true]},"uagb_author_info":{"display_name":"jinxing6611@gmail.com","author_link":"https:\/\/jinancuchem.com\/es\/author\/"},"uagb_comment_info":0,"uagb_excerpt":"\u3010CAS\u301122042-96-2 (x-Na) 68155-78-2 (7-Na) Molecular Formula: C9H21O15N3P5Na7 \u00a0Relative molecular mass:700 Structural Formula: Product Performance DTPMP\u2022Na7 can be used as a scale inhibitor, an efficient chelating agent, and an excellent BaSO4 scale inhibitor. It is the sodium salt product of the DTPMPA compound. It can be used under alkaline conditions and has a good scale inhibition&hellip;","_links":{"self":[{"href":"https:\/\/jinancuchem.com\/es\/wp-json\/wp\/v2\/product\/4406","targetHints":{"allow":["GET"]}}],"collection":[{"href":"https:\/\/jinancuchem.com\/es\/wp-json\/wp\/v2\/product"}],"about":[{"href":"https:\/\/jinancuchem.com\/es\/wp-json\/wp\/v2\/types\/product"}],"wp:featuredmedia":[{"embeddable":true,"href":"https:\/\/jinancuchem.com\/es\/wp-json\/wp\/v2\/media\/4405"}],"wp:attachment":[{"href":"https:\/\/jinancuchem.com\/es\/wp-json\/wp\/v2\/media?parent=4406"}],"wp:term":[{"taxonomy":"product_brand","embeddable":true,"href":"https:\/\/jinancuchem.com\/es\/wp-json\/wp\/v2\/product_brand?post=4406"},{"taxonomy":"product_cat","embeddable":true,"href":"https:\/\/jinancuchem.com\/es\/wp-json\/wp\/v2\/product_cat?post=4406"},{"taxonomy":"product_tag","embeddable":true,"href":"https:\/\/jinancuchem.com\/es\/wp-json\/wp\/v2\/product_tag?post=4406"}],"curies":[{"name":"wp","href":"https:\/\/api.w.org\/{rel}","templated":true}]}}