{"id":4417,"date":"2025-07-25T03:59:06","date_gmt":"2025-07-25T03:59:06","guid":{"rendered":"https:\/\/jinancuchem.com\/?post_type=product&#038;p=4417"},"modified":"2025-07-25T03:59:06","modified_gmt":"2025-07-25T03:59:06","slug":"polypropylene-glycol","status":"publish","type":"product","link":"https:\/\/jinancuchem.com\/es\/producto\/polypropylene-glycol\/","title":{"rendered":"Polipropilenglicol"},"content":{"rendered":"<p>\u3010CAS\u301125322-69-4<\/p>\n<p>Especificaci\u00f3n: PPG-200\u3001400\u3001600\u30011000\u30011500\u30012000\u30013000 \u30014000\u30016000\u30018000<\/p>\n<p>F\u00f3rmula molecular: HO(C<sub>3<\/sub>H<sub>6<\/sub>O)nC<sub>3<\/sub>H<sub>6<\/sub>OH<\/p>\n<p>F\u00f3rmula estructural:<\/p>\n<p>&nbsp;<\/p>\n<p><img alt=\"\" fetchpriority=\"high\" decoding=\"async\" class=\"alignnone size-medium wp-image-4425\" src=\"https:\/\/jinancuchem.com\/wp-content\/uploads\/2025\/07\/\u672a\u6807\u9898-1-24-300x300.jpg\" width=\"300\" height=\"300\" srcset=\"https:\/\/jinancuchem.com\/wp-content\/uploads\/2025\/07\/\u672a\u6807\u9898-1-24-300x300.jpg 300w, https:\/\/jinancuchem.com\/wp-content\/uploads\/2025\/07\/\u672a\u6807\u9898-1-24-100x100.jpg 100w, https:\/\/jinancuchem.com\/wp-content\/uploads\/2025\/07\/\u672a\u6807\u9898-1-24-500x500.jpg 500w, https:\/\/jinancuchem.com\/wp-content\/uploads\/2025\/07\/\u672a\u6807\u9898-1-24-150x150.jpg 150w, https:\/\/jinancuchem.com\/wp-content\/uploads\/2025\/07\/\u672a\u6807\u9898-1-24-768x768.jpg 768w, https:\/\/jinancuchem.com\/wp-content\/uploads\/2025\/07\/\u672a\u6807\u9898-1-24-12x12.jpg 12w, https:\/\/jinancuchem.com\/wp-content\/uploads\/2025\/07\/\u672a\u6807\u9898-1-24.jpg 800w\" sizes=\"(max-width: 300px) 100vw, 300px\" \/><\/p>\n<p>1.Propiedad del producto<br \/>\nEl polipropilenglicol es un pol\u00edmero, un l\u00edquido viscoso entre incoloro y amarillo p\u00e1lido. No es vol\u00e1til ni corrosivo. Los pol\u00edmeros de menor peso molecular pueden disolverse en agua. Los pol\u00edmeros de mayor peso molecular son s\u00f3lo ligeramente solubles en agua y se disuelven en aceites, muchos hidrocarburos, alcoholes alif\u00e1ticos, cetonas, \u00e9steres, etc.<\/p>\n<p>2.<\/p>\n<table>\n<tbody>\n<tr>\n<td><strong><b>Par\u00e1metro<\/b><\/strong><\/td>\n<td><strong><b>PPG-200<\/b><\/strong><\/td>\n<td><strong><b>PPG-400<\/b><\/strong><\/td>\n<td><strong><b>PPG-600<\/b><\/strong><\/td>\n<\/tr>\n<tr>\n<td><strong><b>Apariencia<\/b><\/strong><\/td>\n<td>L\u00edquido viscoso incoloro<\/td>\n<td>L\u00edquido viscoso incoloro<\/td>\n<td>L\u00edquido viscoso incoloro<\/td>\n<\/tr>\n<tr>\n<td><strong><b>Mn medio<\/b><\/strong><\/td>\n<td>200\u00b120<\/td>\n<td>400\u00b140<\/td>\n<td>600\u00b160<\/td>\n<\/tr>\n<tr>\n<td><strong><b>Valor hidroxilo (mg KOH\/g)<\/b><\/strong><\/td>\n<td>540-600<\/td>\n<td>270-300<\/td>\n<td>180-200<\/td>\n<\/tr>\n<tr>\n<td><strong><b>Contenido de agua (%)<\/b><\/strong><\/td>\n<td>\u22640.2<\/td>\n<td>\u22640.2<\/td>\n<td>\u22640.2<\/td>\n<\/tr>\n<tr>\n<td><strong><b>Viscosidad @25\u00b0C (cSt)<\/b><\/strong><\/td>\n<td>50-70<\/td>\n<td>70-90<\/td>\n<td>90-120<\/td>\n<\/tr>\n<\/tbody>\n<\/table>\n<p>&nbsp;<\/p>\n<table>\n<tbody>\n<tr>\n<td><strong><b>Par\u00e1metro<\/b><\/strong><\/td>\n<td><strong><b>PPG-1000<\/b><\/strong><\/td>\n<td><strong><b>PPG-1500<\/b><\/strong><\/td>\n<td><strong><b>PPG-2000<\/b><\/strong><\/td>\n<\/tr>\n<tr>\n<td><strong><b>Apariencia<\/b><\/strong><\/td>\n<td>L\u00edquido viscoso incoloro<\/td>\n<td>L\u00edquido viscoso incoloro<\/td>\n<td>L\u00edquido viscoso incoloro<\/td>\n<\/tr>\n<tr>\n<td><strong><b>Mn medio<\/b><\/strong><\/td>\n<td>1000\u00b1100<\/td>\n<td>1500\u00b1150<\/td>\n<td>2000\u00b1200<\/td>\n<\/tr>\n<tr>\n<td><strong><b>Valor hidroxilo (mg KOH\/g)<\/b><\/strong><\/td>\n<td>105-120<\/td>\n<td>70-80<\/td>\n<td>52-58<\/td>\n<\/tr>\n<tr>\n<td><strong><b>Contenido de agua (%)<\/b><\/strong><\/td>\n<td>\u22640.2<\/td>\n<td>\u22640.2<\/td>\n<td>\u22640.2<\/td>\n<\/tr>\n<tr>\n<td><strong><b>Viscosidad @25\u00b0C (cSt)<\/b><\/strong><\/td>\n<td>150-200<\/td>\n<td>250-350<\/td>\n<td>350-450<\/td>\n<\/tr>\n<\/tbody>\n<\/table>\n<p>&nbsp;<\/p>\n<table>\n<tbody>\n<tr>\n<td><strong><b>Par\u00e1metro<\/b><\/strong><\/td>\n<td><strong><b>PPG-3000<\/b><\/strong><\/td>\n<td><strong><b>PPG-4000<\/b><\/strong><\/td>\n<td><strong><b>PPG-6000<\/b><\/strong><\/td>\n<td><strong><b>PPG-8000<\/b><\/strong><\/td>\n<\/tr>\n<tr>\n<td><strong><b>Apariencia<\/b><\/strong><\/td>\n<td>S\u00f3lido ceroso blanco<\/td>\n<td>S\u00f3lido ceroso blanco<\/td>\n<td>S\u00f3lido ceroso blanco<\/td>\n<td>S\u00f3lido ceroso blanco<\/td>\n<\/tr>\n<tr>\n<td><strong><b>Mn medio<\/b><\/strong><\/td>\n<td>3000\u00b1300<\/td>\n<td>4000\u00b1400<\/td>\n<td>6000\u00b1600<\/td>\n<td>8000\u00b1800<\/td>\n<\/tr>\n<tr>\n<td><strong><b>Valor hidroxilo (mg KOH\/g)<\/b><\/strong><\/td>\n<td>35-40<\/td>\n<td>26-30<\/td>\n<td>17-20<\/td>\n<td>13-15<\/td>\n<\/tr>\n<tr>\n<td><strong><b>Contenido de agua (%)<\/b><\/strong><\/td>\n<td>\u22640.2<\/td>\n<td>\u22640.2<\/td>\n<td>\u22640.2<\/td>\n<td>\u22640.2<\/td>\n<\/tr>\n<tr>\n<td><strong><b>Viscosidad @25\u00b0C (cSt)<\/b><\/strong><\/td>\n<td>500-700<\/td>\n<td>700-900<\/td>\n<td>900-1200<\/td>\n<td>1200-1500<\/td>\n<\/tr>\n<\/tbody>\n<\/table>\n<p>&nbsp;<\/p>\n<p>3.\u00c1mbito de aplicaci\u00f3n y uso<br \/>\nLa serie PPG puede disolverse en disolventes org\u00e1nicos como tolueno, etanol y tricloroetileno. Los PPG200, 400 y 600 pueden disolverse en agua y poseen propiedades lubricantes, solubilizantes, antiespumantes y antiest\u00e1ticas. El PPG-200 puede utilizarse como dispersante para pigmentos.<\/p>\n<p>En cosm\u00e9tica, el PPG400 se utiliza como humectante, suavizante y lubricante.<\/p>\n<p>Se utiliza como antiespumante en revestimientos y aceites hidr\u00e1ulicos, antiespumante en el procesado de caucho sint\u00e9tico y l\u00e1tex, refrigerante y refrigerante para fluidos de transferencia de calor y mejorador de la viscosidad.<\/p>\n<p>Se utiliza como intermediario en reacciones de esterificaci\u00f3n, eterificaci\u00f3n y polimerizaci\u00f3n.<\/p>\n<p>Se utiliza como agente desmoldeante, solubilizante, aditivo para productos de aceite sint\u00e9tico, aditivo para fluidos de corte solubles en agua, aceites para rodillos y aceites hidr\u00e1ulicos, lubricante para altas temperaturas, lubricante interno y lubricante externo para caucho.<\/p>\n<p>PPG-2000 a 8000 tiene excelentes propiedades lubricantes, antiespumantes, resistentes al calor y al fr\u00edo.<\/p>\n<p>Los PPG-3000 a 8000 se utilizan principalmente como componentes de poli\u00e9teres polim\u00e9ricos y se emplean en la producci\u00f3n de pl\u00e1sticos de espuma de poliuretano.<\/p>\n<p>Los PPG-3000 a 8000 pueden utilizarse directamente o tras esterificaci\u00f3n para la producci\u00f3n de plastificantes y lubricantes.<\/p>\n<p>Este producto puede utilizarse como material de base para cosm\u00e9ticos, medicamentos y ung\u00fcentos.<\/p>\n<p>4.Embalaje y almacenamiento<br \/>\nEnvasado en bidones de hierro de 200 kg y bidones de pl\u00e1stico de 50 kg.<\/p>\n<p>Esta serie de productos no son inflamables y pueden almacenarse y transportarse de acuerdo con los m\u00e9todos de almacenamiento y transporte para productos qu\u00edmicos generales.<\/p>\n<p>Almacenar en un lugar seco y bien ventilado.<\/p>\n<p>Caducidad: dos a\u00f1os.<\/p>","protected":false},"excerpt":{"rendered":"<p>\u3010CAS\u301125322-69-4 Specification: PPG-200\u3001400\u3001600\u30011000\u30011500\u30012000\u30013000 \u30014000\u30016000\u30018000 Molecular formula: HO(C3H6O)nC3H6OH Structural formula: &nbsp; 1.Product Property Polypropylene glycol is a polymer, a colorless to pale yellow viscous liquid. It is non-volatile and non-corrosive. Lower molecular weight polymers can dissolve in water. Higher molecular weight polymers are only slightly soluble in water and dissolve in oils, many hydrocarbons, aliphatic alcohols, [&hellip;]<\/p>\n","protected":false},"featured_media":4425,"template":"","meta":{"_seopress_robots_primary_cat":"","_seopress_titles_title":"","_seopress_titles_desc":"","_seopress_robots_index":"","_uag_custom_page_level_css":"","site-sidebar-layout":"default","site-content-layout":"","ast-site-content-layout":"default","site-content-style":"default","site-sidebar-style":"default","ast-global-header-display":"","ast-banner-title-visibility":"","ast-main-header-display":"","ast-hfb-above-header-display":"","ast-hfb-below-header-display":"","ast-hfb-mobile-header-display":"","site-post-title":"","ast-breadcrumbs-content":"","ast-featured-img":"","footer-sml-layout":"","theme-transparent-header-meta":"default","adv-header-id-meta":"","stick-header-meta":"default","header-above-stick-meta":"","header-main-stick-meta":"","header-below-stick-meta":"","astra-migrate-meta-layouts":"set","ast-page-background-enabled":"default","ast-page-background-meta":{"desktop":{"background-color":"","background-image":"","background-repeat":"repeat","background-position":"center center","background-size":"auto","background-attachment":"scroll","background-type":"","background-media":"","overlay-type":"","overlay-color":"","overlay-opacity":"","overlay-gradient":""},"tablet":{"background-color":"","background-image":"","background-repeat":"repeat","background-position":"center center","background-size":"auto","background-attachment":"scroll","background-type":"","background-media":"","overlay-type":"","overlay-color":"","overlay-opacity":"","overlay-gradient":""},"mobile":{"background-color":"","background-image":"","background-repeat":"repeat","background-position":"center center","background-size":"auto","background-attachment":"scroll","background-type":"","background-media":"","overlay-type":"","overlay-color":"","overlay-opacity":"","overlay-gradient":""}},"ast-content-background-meta":{"desktop":{"background-color":"var(--ast-global-color-5)","background-image":"","background-repeat":"repeat","background-position":"center center","background-size":"auto","background-attachment":"scroll","background-type":"","background-media":"","overlay-type":"","overlay-color":"","overlay-opacity":"","overlay-gradient":""},"tablet":{"background-color":"var(--ast-global-color-5)","background-image":"","background-repeat":"repeat","background-position":"center center","background-size":"auto","background-attachment":"scroll","background-type":"","background-media":"","overlay-type":"","overlay-color":"","overlay-opacity":"","overlay-gradient":""},"mobile":{"background-color":"var(--ast-global-color-5)","background-image":"","background-repeat":"repeat","background-position":"center center","background-size":"auto","background-attachment":"scroll","background-type":"","background-media":"","overlay-type":"","overlay-color":"","overlay-opacity":"","overlay-gradient":""}}},"product_brand":[],"product_cat":[69],"product_tag":[],"class_list":{"0":"post-4417","1":"product","2":"type-product","3":"status-publish","4":"has-post-thumbnail","6":"product_cat-daily-chemical-product","7":"desktop-align-left","8":"tablet-align-left","9":"mobile-align-left","10":"ast-product-gallery-layout-horizontal-slider","11":"ast-product-gallery-with-no-image","12":"ast-product-tabs-layout-horizontal","14":"first","15":"instock","16":"shipping-taxable","17":"product-type-simple"},"uagb_featured_image_src":{"full":["https:\/\/jinancuchem.com\/wp-content\/uploads\/2025\/07\/\u672a\u6807\u9898-1-24.jpg",800,800,false],"thumbnail":["https:\/\/jinancuchem.com\/wp-content\/uploads\/2025\/07\/\u672a\u6807\u9898-1-24-150x150.jpg",150,150,true],"medium":["https:\/\/jinancuchem.com\/wp-content\/uploads\/2025\/07\/\u672a\u6807\u9898-1-24-300x300.jpg",300,300,true],"medium_large":["https:\/\/jinancuchem.com\/wp-content\/uploads\/2025\/07\/\u672a\u6807\u9898-1-24-768x768.jpg",768,768,true],"large":["https:\/\/jinancuchem.com\/wp-content\/uploads\/2025\/07\/\u672a\u6807\u9898-1-24.jpg",800,800,false],"1536x1536":["https:\/\/jinancuchem.com\/wp-content\/uploads\/2025\/07\/\u672a\u6807\u9898-1-24.jpg",800,800,false],"2048x2048":["https:\/\/jinancuchem.com\/wp-content\/uploads\/2025\/07\/\u672a\u6807\u9898-1-24.jpg",800,800,false],"trp-custom-language-flag":["https:\/\/jinancuchem.com\/wp-content\/uploads\/2025\/07\/\u672a\u6807\u9898-1-24-12x12.jpg",12,12,true],"woocommerce_thumbnail":["https:\/\/jinancuchem.com\/wp-content\/uploads\/2025\/07\/\u672a\u6807\u9898-1-24-300x300.jpg",300,300,true],"woocommerce_single":["https:\/\/jinancuchem.com\/wp-content\/uploads\/2025\/07\/\u672a\u6807\u9898-1-24-500x500.jpg",500,500,true],"woocommerce_gallery_thumbnail":["https:\/\/jinancuchem.com\/wp-content\/uploads\/2025\/07\/\u672a\u6807\u9898-1-24-100x100.jpg",100,100,true]},"uagb_author_info":{"display_name":"jinxing6611@gmail.com","author_link":"https:\/\/jinancuchem.com\/es\/author\/"},"uagb_comment_info":0,"uagb_excerpt":"\u3010CAS\u301125322-69-4 Specification: PPG-200\u3001400\u3001600\u30011000\u30011500\u30012000\u30013000 \u30014000\u30016000\u30018000 Molecular formula: HO(C3H6O)nC3H6OH Structural formula: &nbsp; 1.Product Property Polypropylene glycol is a polymer, a colorless to pale yellow viscous liquid. It is non-volatile and non-corrosive. Lower molecular weight polymers can dissolve in water. Higher molecular weight polymers are only slightly soluble in water and dissolve in oils, many hydrocarbons, aliphatic alcohols,&hellip;","_links":{"self":[{"href":"https:\/\/jinancuchem.com\/es\/wp-json\/wp\/v2\/product\/4417","targetHints":{"allow":["GET"]}}],"collection":[{"href":"https:\/\/jinancuchem.com\/es\/wp-json\/wp\/v2\/product"}],"about":[{"href":"https:\/\/jinancuchem.com\/es\/wp-json\/wp\/v2\/types\/product"}],"wp:featuredmedia":[{"embeddable":true,"href":"https:\/\/jinancuchem.com\/es\/wp-json\/wp\/v2\/media\/4425"}],"wp:attachment":[{"href":"https:\/\/jinancuchem.com\/es\/wp-json\/wp\/v2\/media?parent=4417"}],"wp:term":[{"taxonomy":"product_brand","embeddable":true,"href":"https:\/\/jinancuchem.com\/es\/wp-json\/wp\/v2\/product_brand?post=4417"},{"taxonomy":"product_cat","embeddable":true,"href":"https:\/\/jinancuchem.com\/es\/wp-json\/wp\/v2\/product_cat?post=4417"},{"taxonomy":"product_tag","embeddable":true,"href":"https:\/\/jinancuchem.com\/es\/wp-json\/wp\/v2\/product_tag?post=4417"}],"curies":[{"name":"wp","href":"https:\/\/api.w.org\/{rel}","templated":true}]}}