{"id":4435,"date":"2025-07-25T05:35:35","date_gmt":"2025-07-25T05:35:35","guid":{"rendered":"https:\/\/jinancuchem.com\/?post_type=product&#038;p=4435"},"modified":"2025-07-25T05:35:35","modified_gmt":"2025-07-25T05:35:35","slug":"polyhexamethylene-guanidine-hydrochloride-2","status":"publish","type":"product","link":"https:\/\/jinancuchem.com\/es\/producto\/polyhexamethylene-guanidine-hydrochloride-2\/","title":{"rendered":"Clorhidrato de polihexametilenguanidina"},"content":{"rendered":"<p>CAS\u301157028-96-3<\/p>\n<p>Alias: PHMG<\/p>\n<p>F\u00f3rmula molecular: (C<sub>7<\/sub>H<sub>15<\/sub>N<sub>3<\/sub>)n-xHCl Masa molecular relativa:<\/p>\n<p>F\u00f3rmula estructural:<\/p>\n<p><img alt=\"\" fetchpriority=\"high\" decoding=\"async\" class=\"alignnone size-medium wp-image-4438\" src=\"https:\/\/jinancuchem.com\/wp-content\/uploads\/2025\/07\/\u672a\u6807\u9898-1-26-300x300.jpg\" width=\"300\" height=\"300\" srcset=\"https:\/\/jinancuchem.com\/wp-content\/uploads\/2025\/07\/\u672a\u6807\u9898-1-26-300x300.jpg 300w, https:\/\/jinancuchem.com\/wp-content\/uploads\/2025\/07\/\u672a\u6807\u9898-1-26-100x100.jpg 100w, https:\/\/jinancuchem.com\/wp-content\/uploads\/2025\/07\/\u672a\u6807\u9898-1-26-500x500.jpg 500w, https:\/\/jinancuchem.com\/wp-content\/uploads\/2025\/07\/\u672a\u6807\u9898-1-26-150x150.jpg 150w, https:\/\/jinancuchem.com\/wp-content\/uploads\/2025\/07\/\u672a\u6807\u9898-1-26-768x768.jpg 768w, https:\/\/jinancuchem.com\/wp-content\/uploads\/2025\/07\/\u672a\u6807\u9898-1-26-12x12.jpg 12w, https:\/\/jinancuchem.com\/wp-content\/uploads\/2025\/07\/\u672a\u6807\u9898-1-26.jpg 800w\" sizes=\"(max-width: 300px) 100vw, 300px\" \/><\/p>\n<h4>1.Propiedad del producto<\/h4>\n<p>El clorhidrato de polihexametilenguanidina es un pol\u00edmero cati\u00f3nico desinfectante. Su aspecto es de l\u00edquido incoloro o amarillo claro, y tiene buena solubilidad en agua.<\/p>\n<h4><\/h4>\n<h4>2.<\/h4>\n<table>\n<tbody>\n<tr>\n<td><strong><b>Par\u00e1metro<\/b><\/strong><\/td>\n<td width=\"326\"><strong><b>Especificaci\u00f3n<\/b><\/strong><\/td>\n<\/tr>\n<tr>\n<td><strong><b>Apariencia<\/b><\/strong><\/td>\n<td width=\"326\">Polvo entre blanco y amarillo claro<\/td>\n<\/tr>\n<tr>\n<td><strong><b>Pureza (ensayo)<\/b><\/strong><\/td>\n<td width=\"326\">\u2265 95.0%<\/td>\n<\/tr>\n<tr>\n<td><strong><b>pH (soluci\u00f3n acuosa 1%)<\/b><\/strong><\/td>\n<td width=\"326\">4.0 &#8211; 6.0<\/td>\n<\/tr>\n<tr>\n<td><strong><b>Solubilidad<\/b><\/strong><\/td>\n<td width=\"326\">Completamente soluble en agua<\/td>\n<\/tr>\n<tr>\n<td><strong><b>P\u00e9rdida por secado (%)<\/b><\/strong><\/td>\n<td width=\"326\">\u2264 1.0<\/td>\n<\/tr>\n<tr>\n<td><strong><b>Residuos al encender (%)<\/b><\/strong><\/td>\n<td width=\"326\">\u2264 0.5<\/td>\n<\/tr>\n<tr>\n<td><strong><b>Metales pesados (como Pb, ppm)<\/b><\/strong><\/td>\n<td width=\"326\">\u2264 10<\/td>\n<\/tr>\n<tr>\n<td><strong><b>Contenido de cloruro (%)<\/b><\/strong><\/td>\n<td width=\"326\">15.0 &#8211; 17.0<\/td>\n<\/tr>\n<tr>\n<td><strong><b>L\u00edmites microbianos<\/b><\/strong><\/td>\n<td width=\"326\">Recuento total en placa \u2264 100 UFC\/g<\/td>\n<\/tr>\n<tr>\n<td><strong><b>Endotoxina (si es est\u00e9ril)<\/b><\/strong><\/td>\n<td width=\"326\">\u2264 0,5 EU\/mg (para uso m\u00e9dico)<\/td>\n<\/tr>\n<\/tbody>\n<\/table>\n<p>&nbsp;<\/p>\n<h4>3.\u00c1mbito de aplicaci\u00f3n y uso<\/h4>\n<p>Se aplica ampliamente en los campos de la industria qu\u00edmica diaria, la cosm\u00e9tica, la industria textil, la industria papelera, el tratamiento de aguas, la atenci\u00f3n m\u00e9dica y sanitaria, etc. Se utiliza habitualmente en productos como cosm\u00e9ticos, productos para el cuidado de la piel, l\u00edquido antibacteriano, desinfectantes dom\u00e9sticos, desinfectantes para la piel y las heridas, toallitas, agentes de esterilizaci\u00f3n y purificaci\u00f3n, frutas y verduras, acuicultura y desinfectantes de floculaci\u00f3n para el tratamiento de aguas residuales.<\/p>\n<p>&nbsp;<\/p>\n<h4>4.Embalaje y almacenamiento<\/h4>\n<p>Este producto no es inflamable y puede almacenarse y transportarse como los productos qu\u00edmicos normales. Almac\u00e9nelo en un lugar seco y bien ventilado. La vida \u00fatil es de dos a\u00f1os.<\/p>","protected":false},"excerpt":{"rendered":"<p>CAS\u301157028-96-3 Alias: PHMG Molecular formula: (C7H15N3)n\u00b7xHCl \u00a0\u00a0Relative molecular mass: Structural formula: 1.Product Property Polyhexamethylene guanidine hydrochloride is a cationic polymer disinfectant. Its appearance is colorless or light yellow liquid, and it has good water solubility. 2. Parameter Specification Appearance White to light yellow powder Purity (Assay) \u2265 95.0% pH (1% aqueous solution) 4.0 &#8211; 6.0 [&hellip;]<\/p>\n","protected":false},"featured_media":4438,"template":"","meta":{"_seopress_robots_primary_cat":"","_seopress_titles_title":"","_seopress_titles_desc":"","_seopress_robots_index":"","_uag_custom_page_level_css":"","site-sidebar-layout":"default","site-content-layout":"","ast-site-content-layout":"default","site-content-style":"default","site-sidebar-style":"default","ast-global-header-display":"","ast-banner-title-visibility":"","ast-main-header-display":"","ast-hfb-above-header-display":"","ast-hfb-below-header-display":"","ast-hfb-mobile-header-display":"","site-post-title":"","ast-breadcrumbs-content":"","ast-featured-img":"","footer-sml-layout":"","theme-transparent-header-meta":"default","adv-header-id-meta":"","stick-header-meta":"default","header-above-stick-meta":"","header-main-stick-meta":"","header-below-stick-meta":"","astra-migrate-meta-layouts":"set","ast-page-background-enabled":"default","ast-page-background-meta":{"desktop":{"background-color":"","background-image":"","background-repeat":"repeat","background-position":"center center","background-size":"auto","background-attachment":"scroll","background-type":"","background-media":"","overlay-type":"","overlay-color":"","overlay-opacity":"","overlay-gradient":""},"tablet":{"background-color":"","background-image":"","background-repeat":"repeat","background-position":"center center","background-size":"auto","background-attachment":"scroll","background-type":"","background-media":"","overlay-type":"","overlay-color":"","overlay-opacity":"","overlay-gradient":""},"mobile":{"background-color":"","background-image":"","background-repeat":"repeat","background-position":"center center","background-size":"auto","background-attachment":"scroll","background-type":"","background-media":"","overlay-type":"","overlay-color":"","overlay-opacity":"","overlay-gradient":""}},"ast-content-background-meta":{"desktop":{"background-color":"var(--ast-global-color-5)","background-image":"","background-repeat":"repeat","background-position":"center center","background-size":"auto","background-attachment":"scroll","background-type":"","background-media":"","overlay-type":"","overlay-color":"","overlay-opacity":"","overlay-gradient":""},"tablet":{"background-color":"var(--ast-global-color-5)","background-image":"","background-repeat":"repeat","background-position":"center center","background-size":"auto","background-attachment":"scroll","background-type":"","background-media":"","overlay-type":"","overlay-color":"","overlay-opacity":"","overlay-gradient":""},"mobile":{"background-color":"var(--ast-global-color-5)","background-image":"","background-repeat":"repeat","background-position":"center center","background-size":"auto","background-attachment":"scroll","background-type":"","background-media":"","overlay-type":"","overlay-color":"","overlay-opacity":"","overlay-gradient":""}}},"product_brand":[],"product_cat":[69],"product_tag":[],"class_list":{"0":"post-4435","1":"product","2":"type-product","3":"status-publish","4":"has-post-thumbnail","6":"product_cat-daily-chemical-product","7":"desktop-align-left","8":"tablet-align-left","9":"mobile-align-left","10":"ast-product-gallery-layout-horizontal-slider","11":"ast-product-gallery-with-no-image","12":"ast-product-tabs-layout-horizontal","14":"first","15":"instock","16":"shipping-taxable","17":"product-type-simple"},"uagb_featured_image_src":{"full":["https:\/\/jinancuchem.com\/wp-content\/uploads\/2025\/07\/\u672a\u6807\u9898-1-26.jpg",800,800,false],"thumbnail":["https:\/\/jinancuchem.com\/wp-content\/uploads\/2025\/07\/\u672a\u6807\u9898-1-26-150x150.jpg",150,150,true],"medium":["https:\/\/jinancuchem.com\/wp-content\/uploads\/2025\/07\/\u672a\u6807\u9898-1-26-300x300.jpg",300,300,true],"medium_large":["https:\/\/jinancuchem.com\/wp-content\/uploads\/2025\/07\/\u672a\u6807\u9898-1-26-768x768.jpg",768,768,true],"large":["https:\/\/jinancuchem.com\/wp-content\/uploads\/2025\/07\/\u672a\u6807\u9898-1-26.jpg",800,800,false],"1536x1536":["https:\/\/jinancuchem.com\/wp-content\/uploads\/2025\/07\/\u672a\u6807\u9898-1-26.jpg",800,800,false],"2048x2048":["https:\/\/jinancuchem.com\/wp-content\/uploads\/2025\/07\/\u672a\u6807\u9898-1-26.jpg",800,800,false],"trp-custom-language-flag":["https:\/\/jinancuchem.com\/wp-content\/uploads\/2025\/07\/\u672a\u6807\u9898-1-26-12x12.jpg",12,12,true],"woocommerce_thumbnail":["https:\/\/jinancuchem.com\/wp-content\/uploads\/2025\/07\/\u672a\u6807\u9898-1-26-300x300.jpg",300,300,true],"woocommerce_single":["https:\/\/jinancuchem.com\/wp-content\/uploads\/2025\/07\/\u672a\u6807\u9898-1-26-500x500.jpg",500,500,true],"woocommerce_gallery_thumbnail":["https:\/\/jinancuchem.com\/wp-content\/uploads\/2025\/07\/\u672a\u6807\u9898-1-26-100x100.jpg",100,100,true]},"uagb_author_info":{"display_name":"jinxing6611@gmail.com","author_link":"https:\/\/jinancuchem.com\/es\/author\/"},"uagb_comment_info":0,"uagb_excerpt":"CAS\u301157028-96-3 Alias: PHMG Molecular formula: (C7H15N3)n\u00b7xHCl \u00a0\u00a0Relative molecular mass: Structural formula: 1.Product Property Polyhexamethylene guanidine hydrochloride is a cationic polymer disinfectant. Its appearance is colorless or light yellow liquid, and it has good water solubility. 2. Parameter Specification Appearance White to light yellow powder Purity (Assay) \u2265 95.0% pH (1% aqueous solution) 4.0 &#8211; 6.0&hellip;","_links":{"self":[{"href":"https:\/\/jinancuchem.com\/es\/wp-json\/wp\/v2\/product\/4435","targetHints":{"allow":["GET"]}}],"collection":[{"href":"https:\/\/jinancuchem.com\/es\/wp-json\/wp\/v2\/product"}],"about":[{"href":"https:\/\/jinancuchem.com\/es\/wp-json\/wp\/v2\/types\/product"}],"wp:featuredmedia":[{"embeddable":true,"href":"https:\/\/jinancuchem.com\/es\/wp-json\/wp\/v2\/media\/4438"}],"wp:attachment":[{"href":"https:\/\/jinancuchem.com\/es\/wp-json\/wp\/v2\/media?parent=4435"}],"wp:term":[{"taxonomy":"product_brand","embeddable":true,"href":"https:\/\/jinancuchem.com\/es\/wp-json\/wp\/v2\/product_brand?post=4435"},{"taxonomy":"product_cat","embeddable":true,"href":"https:\/\/jinancuchem.com\/es\/wp-json\/wp\/v2\/product_cat?post=4435"},{"taxonomy":"product_tag","embeddable":true,"href":"https:\/\/jinancuchem.com\/es\/wp-json\/wp\/v2\/product_tag?post=4435"}],"curies":[{"name":"wp","href":"https:\/\/api.w.org\/{rel}","templated":true}]}}