{"id":4441,"date":"2025-07-25T05:39:12","date_gmt":"2025-07-25T05:39:12","guid":{"rendered":"https:\/\/jinancuchem.com\/?post_type=product&#038;p=4441"},"modified":"2025-07-25T05:39:12","modified_gmt":"2025-07-25T05:39:12","slug":"glutaric-dialdehyde","status":"publish","type":"product","link":"https:\/\/jinancuchem.com\/es\/producto\/glutaric-dialdehyde\/","title":{"rendered":"Dialdeh\u00eddo glut\u00e1rico"},"content":{"rendered":"<p>\u3010CAS\u3011111-30-8<\/p>\n<p>Alias: Glutaraldeh\u00eddo 25 % soluci\u00f3n en agua;Glutaraldeh\u00eddo 50 % soluci\u00f3n en agua<\/p>\n<p>F\u00f3rmula molecular: C<sub>5<\/sub>H<sub>8<\/sub>O<sub>2<\/sub>\u00a0\u00a0Masa molecular relativa: 100,12<\/p>\n<p>F\u00f3rmula estructural:<img alt=\"\" fetchpriority=\"high\" decoding=\"async\" class=\"alignnone size-medium wp-image-4444\" src=\"https:\/\/jinancuchem.com\/wp-content\/uploads\/2025\/07\/\u672a\u6807\u9898-1-27-300x300.jpg\" width=\"300\" height=\"300\" srcset=\"https:\/\/jinancuchem.com\/wp-content\/uploads\/2025\/07\/\u672a\u6807\u9898-1-27-300x300.jpg 300w, https:\/\/jinancuchem.com\/wp-content\/uploads\/2025\/07\/\u672a\u6807\u9898-1-27-100x100.jpg 100w, https:\/\/jinancuchem.com\/wp-content\/uploads\/2025\/07\/\u672a\u6807\u9898-1-27-500x500.jpg 500w, https:\/\/jinancuchem.com\/wp-content\/uploads\/2025\/07\/\u672a\u6807\u9898-1-27-150x150.jpg 150w, https:\/\/jinancuchem.com\/wp-content\/uploads\/2025\/07\/\u672a\u6807\u9898-1-27-768x768.jpg 768w, https:\/\/jinancuchem.com\/wp-content\/uploads\/2025\/07\/\u672a\u6807\u9898-1-27-12x12.jpg 12w, https:\/\/jinancuchem.com\/wp-content\/uploads\/2025\/07\/\u672a\u6807\u9898-1-27.jpg 800w\" sizes=\"(max-width: 300px) 100vw, 300px\" \/><\/p>\n<h4>1.Propiedad del producto<\/h4>\n<p>&nbsp;<\/p>\n<p>El glutaraldeh\u00eddo es un l\u00edquido aceitoso incoloro y transparente con un olor acre similar al del formaldeh\u00eddo. No es inflamable y puede volatilizarse junto con el vapor de agua.<\/p>\n<h4>2.<\/h4>\n<table>\n<tbody>\n<tr>\n<td><strong><b>Par\u00e1metro<\/b><\/strong><\/td>\n<td><strong><b>Especificaci\u00f3n<\/b><\/strong><\/td>\n<\/tr>\n<tr>\n<td><strong><b>Apariencia<\/b><\/strong><\/td>\n<td>L\u00edquido claro, entre incoloro y amarillo p\u00e1lido<\/td>\n<\/tr>\n<tr>\n<td><strong><b>Pureza (ensayo)<\/b><\/strong><\/td>\n<td>\u2265 50,0% (soluci\u00f3n acuosa) o \u2265 98,0% (puro).<\/td>\n<\/tr>\n<tr>\n<td><strong><b>pH (25\u00b0C)<\/b><\/strong><\/td>\n<td>3,0 - 5,0 (para la soluci\u00f3n 50%)<\/td>\n<\/tr>\n<tr>\n<td><strong><b>Densidad (20\u00b0C, g\/cm\u00b3)<\/b><\/strong><\/td>\n<td>1,060 - 1,070 (soluci\u00f3n 25%)<\/td>\n<\/tr>\n<tr>\n<td><strong><b>Contenido de agua (%)<\/b><\/strong><\/td>\n<td>\u2264 0,5 (para grado puro)<\/td>\n<\/tr>\n<tr>\n<td><strong><b>Acidez (como \u00e1cido f\u00f3rmico, %)<\/b><\/strong><\/td>\n<td>\u2264 0.1<\/td>\n<\/tr>\n<tr>\n<td><strong><b>Residuos al encender (%)<\/b><\/strong><\/td>\n<td>\u2264 0.05<\/td>\n<\/tr>\n<tr>\n<td><strong><b>Metales pesados (como Pb, ppm)<\/b><\/strong><\/td>\n<td>\u2264 5<\/td>\n<\/tr>\n<\/tbody>\n<\/table>\n<h4>3.\u00c1mbito de aplicaci\u00f3n y uso<\/h4>\n<p>&nbsp;<\/p>\n<p>Se utiliza habitualmente como desinfectante, auxiliar de elaboraci\u00f3n en la industria alimentaria, agente esterilizante, curtiente, conservante de la madera, sustancia farmac\u00e9utica y materia prima para la s\u00edntesis de pol\u00edmeros, etc.<\/p>\n<h4>4.Embalaje y almacenamiento<\/h4>\n<p>&nbsp;<\/p>\n<p>Envasado en bidones de hierro de 200 kg y bidones de pl\u00e1stico de 50 kg. Esta serie de productos no son inflamables y pueden almacenarse y transportarse de acuerdo con los m\u00e9todos generales de almacenamiento y transporte de productos qu\u00edmicos. Almacenar en un lugar seco y ventilado. La vida \u00fatil es de dos a\u00f1os.<\/p>","protected":false},"excerpt":{"rendered":"<p>\u3010CAS\u3011111-30-8 Alias: Glutaraldehyde 25 % solution in water;Glutaraldehyde 50 % solution in water Molecular formula: C5H8O2\u00a0\u00a0Relative molecular mass: 100.12 Structural formula: 1.Product Property &nbsp; Glutaraldehyde is a colorless and transparent oily liquid with a pungent odor similar to formaldehyde. It is non-flammable and can volatilize along with water vapor. 2. Parameter Specification Appearance Clear, colorless [&hellip;]<\/p>\n","protected":false},"featured_media":4444,"template":"","meta":{"_seopress_robots_primary_cat":"","_seopress_titles_title":"","_seopress_titles_desc":"","_seopress_robots_index":"","_uag_custom_page_level_css":"","site-sidebar-layout":"default","site-content-layout":"","ast-site-content-layout":"default","site-content-style":"default","site-sidebar-style":"default","ast-global-header-display":"","ast-banner-title-visibility":"","ast-main-header-display":"","ast-hfb-above-header-display":"","ast-hfb-below-header-display":"","ast-hfb-mobile-header-display":"","site-post-title":"","ast-breadcrumbs-content":"","ast-featured-img":"","footer-sml-layout":"","theme-transparent-header-meta":"default","adv-header-id-meta":"","stick-header-meta":"default","header-above-stick-meta":"","header-main-stick-meta":"","header-below-stick-meta":"","astra-migrate-meta-layouts":"set","ast-page-background-enabled":"default","ast-page-background-meta":{"desktop":{"background-color":"","background-image":"","background-repeat":"repeat","background-position":"center center","background-size":"auto","background-attachment":"scroll","background-type":"","background-media":"","overlay-type":"","overlay-color":"","overlay-opacity":"","overlay-gradient":""},"tablet":{"background-color":"","background-image":"","background-repeat":"repeat","background-position":"center center","background-size":"auto","background-attachment":"scroll","background-type":"","background-media":"","overlay-type":"","overlay-color":"","overlay-opacity":"","overlay-gradient":""},"mobile":{"background-color":"","background-image":"","background-repeat":"repeat","background-position":"center center","background-size":"auto","background-attachment":"scroll","background-type":"","background-media":"","overlay-type":"","overlay-color":"","overlay-opacity":"","overlay-gradient":""}},"ast-content-background-meta":{"desktop":{"background-color":"var(--ast-global-color-5)","background-image":"","background-repeat":"repeat","background-position":"center center","background-size":"auto","background-attachment":"scroll","background-type":"","background-media":"","overlay-type":"","overlay-color":"","overlay-opacity":"","overlay-gradient":""},"tablet":{"background-color":"var(--ast-global-color-5)","background-image":"","background-repeat":"repeat","background-position":"center center","background-size":"auto","background-attachment":"scroll","background-type":"","background-media":"","overlay-type":"","overlay-color":"","overlay-opacity":"","overlay-gradient":""},"mobile":{"background-color":"var(--ast-global-color-5)","background-image":"","background-repeat":"repeat","background-position":"center center","background-size":"auto","background-attachment":"scroll","background-type":"","background-media":"","overlay-type":"","overlay-color":"","overlay-opacity":"","overlay-gradient":""}}},"product_brand":[],"product_cat":[69],"product_tag":[],"class_list":{"0":"post-4441","1":"product","2":"type-product","3":"status-publish","4":"has-post-thumbnail","6":"product_cat-daily-chemical-product","7":"desktop-align-left","8":"tablet-align-left","9":"mobile-align-left","10":"ast-product-gallery-layout-horizontal-slider","11":"ast-product-gallery-with-no-image","12":"ast-product-tabs-layout-horizontal","14":"first","15":"instock","16":"shipping-taxable","17":"product-type-simple"},"uagb_featured_image_src":{"full":["https:\/\/jinancuchem.com\/wp-content\/uploads\/2025\/07\/\u672a\u6807\u9898-1-27.jpg",800,800,false],"thumbnail":["https:\/\/jinancuchem.com\/wp-content\/uploads\/2025\/07\/\u672a\u6807\u9898-1-27-150x150.jpg",150,150,true],"medium":["https:\/\/jinancuchem.com\/wp-content\/uploads\/2025\/07\/\u672a\u6807\u9898-1-27-300x300.jpg",300,300,true],"medium_large":["https:\/\/jinancuchem.com\/wp-content\/uploads\/2025\/07\/\u672a\u6807\u9898-1-27-768x768.jpg",768,768,true],"large":["https:\/\/jinancuchem.com\/wp-content\/uploads\/2025\/07\/\u672a\u6807\u9898-1-27.jpg",800,800,false],"1536x1536":["https:\/\/jinancuchem.com\/wp-content\/uploads\/2025\/07\/\u672a\u6807\u9898-1-27.jpg",800,800,false],"2048x2048":["https:\/\/jinancuchem.com\/wp-content\/uploads\/2025\/07\/\u672a\u6807\u9898-1-27.jpg",800,800,false],"trp-custom-language-flag":["https:\/\/jinancuchem.com\/wp-content\/uploads\/2025\/07\/\u672a\u6807\u9898-1-27-12x12.jpg",12,12,true],"woocommerce_thumbnail":["https:\/\/jinancuchem.com\/wp-content\/uploads\/2025\/07\/\u672a\u6807\u9898-1-27-300x300.jpg",300,300,true],"woocommerce_single":["https:\/\/jinancuchem.com\/wp-content\/uploads\/2025\/07\/\u672a\u6807\u9898-1-27-500x500.jpg",500,500,true],"woocommerce_gallery_thumbnail":["https:\/\/jinancuchem.com\/wp-content\/uploads\/2025\/07\/\u672a\u6807\u9898-1-27-100x100.jpg",100,100,true]},"uagb_author_info":{"display_name":"jinxing6611@gmail.com","author_link":"https:\/\/jinancuchem.com\/es\/author\/"},"uagb_comment_info":0,"uagb_excerpt":"\u3010CAS\u3011111-30-8 Alias: Glutaraldehyde 25 % solution in water;Glutaraldehyde 50 % solution in water Molecular formula: C5H8O2\u00a0\u00a0Relative molecular mass: 100.12 Structural formula: 1.Product Property &nbsp; Glutaraldehyde is a colorless and transparent oily liquid with a pungent odor similar to formaldehyde. It is non-flammable and can volatilize along with water vapor. 2. Parameter Specification Appearance Clear, colorless&hellip;","_links":{"self":[{"href":"https:\/\/jinancuchem.com\/es\/wp-json\/wp\/v2\/product\/4441","targetHints":{"allow":["GET"]}}],"collection":[{"href":"https:\/\/jinancuchem.com\/es\/wp-json\/wp\/v2\/product"}],"about":[{"href":"https:\/\/jinancuchem.com\/es\/wp-json\/wp\/v2\/types\/product"}],"wp:featuredmedia":[{"embeddable":true,"href":"https:\/\/jinancuchem.com\/es\/wp-json\/wp\/v2\/media\/4444"}],"wp:attachment":[{"href":"https:\/\/jinancuchem.com\/es\/wp-json\/wp\/v2\/media?parent=4441"}],"wp:term":[{"taxonomy":"product_brand","embeddable":true,"href":"https:\/\/jinancuchem.com\/es\/wp-json\/wp\/v2\/product_brand?post=4441"},{"taxonomy":"product_cat","embeddable":true,"href":"https:\/\/jinancuchem.com\/es\/wp-json\/wp\/v2\/product_cat?post=4441"},{"taxonomy":"product_tag","embeddable":true,"href":"https:\/\/jinancuchem.com\/es\/wp-json\/wp\/v2\/product_tag?post=4441"}],"curies":[{"name":"wp","href":"https:\/\/api.w.org\/{rel}","templated":true}]}}