{"id":4445,"date":"2025-07-25T05:51:02","date_gmt":"2025-07-25T05:51:02","guid":{"rendered":"https:\/\/jinancuchem.com\/?post_type=product&#038;p=4445"},"modified":"2025-07-25T05:56:18","modified_gmt":"2025-07-25T05:56:18","slug":"benzalkoniumchloride","status":"publish","type":"product","link":"https:\/\/jinancuchem.com\/es\/producto\/benzalkoniumchloride\/","title":{"rendered":"Cloruro de benzalconio"},"content":{"rendered":"<p>\u3010CAS\u301163449-41-2<\/p>\n<p>Alias: Compuestos de amonio cuaternario, cloruros de bencil-C8-18-alquildimetilo, roccal.<\/p>\n<p>F\u00f3rmula molecular: C6H5CH2N(CH3)2CnH2n+1Cl\uff08n=8\uff0c10\uff0c12\uff0c14\uff0c16\uff0c18\uff09<\/p>\n<p>F\u00f3rmula estructural:<img alt=\"\" fetchpriority=\"high\" decoding=\"async\" class=\"alignnone size-medium wp-image-4448\" src=\"https:\/\/jinancuchem.com\/wp-content\/uploads\/2025\/07\/\u672a\u6807\u9898-1-28-300x300.jpg\" width=\"300\" height=\"300\" srcset=\"https:\/\/jinancuchem.com\/wp-content\/uploads\/2025\/07\/\u672a\u6807\u9898-1-28-300x300.jpg 300w, https:\/\/jinancuchem.com\/wp-content\/uploads\/2025\/07\/\u672a\u6807\u9898-1-28-100x100.jpg 100w, https:\/\/jinancuchem.com\/wp-content\/uploads\/2025\/07\/\u672a\u6807\u9898-1-28-500x500.jpg 500w, https:\/\/jinancuchem.com\/wp-content\/uploads\/2025\/07\/\u672a\u6807\u9898-1-28-150x150.jpg 150w, https:\/\/jinancuchem.com\/wp-content\/uploads\/2025\/07\/\u672a\u6807\u9898-1-28-768x768.jpg 768w, https:\/\/jinancuchem.com\/wp-content\/uploads\/2025\/07\/\u672a\u6807\u9898-1-28-12x12.jpg 12w, https:\/\/jinancuchem.com\/wp-content\/uploads\/2025\/07\/\u672a\u6807\u9898-1-28.jpg 800w\" sizes=\"(max-width: 300px) 100vw, 300px\" \/><\/p>\n<p>&nbsp;<\/p>\n<h4>1.Propiedad del producto<\/h4>\n<p>El cloruro de benzalconio es un tensioactivo cati\u00f3nico, perteneciente a los desinfectantes no oxidantes. Tiene un amplio espectro y una capacidad muy eficaz para matar bacterias y algas, y puede controlar eficazmente la reproducci\u00f3n de bacterias y algas, as\u00ed como el crecimiento de limo en el agua. Tambi\u00e9n tiene buenos efectos de eliminaci\u00f3n de lodos y cierta capacidad de dispersi\u00f3n y penetraci\u00f3n. Al mismo tiempo, tiene ciertas capacidades de eliminaci\u00f3n de aceite, desodorizaci\u00f3n y prevenci\u00f3n de la corrosi\u00f3n.<\/p>\n<h4>2.<\/h4>\n<p>&nbsp;<\/p>\n<table>\n<tbody>\n<tr>\n<td><strong><b>Par\u00e1metro<\/b><\/strong><\/td>\n<td><strong><b>Especificaci\u00f3n<\/b><\/strong><\/td>\n<\/tr>\n<tr>\n<td><strong><b>Apariencia<\/b><\/strong><\/td>\n<td>L\u00edquido viscoso entre incoloro y amarillo p\u00e1lido (o polvo blanco)<\/td>\n<\/tr>\n<tr>\n<td><strong><b>Ensayo (como cloruro de C12-C16 alquil dimetil bencil amonio)<\/b><\/strong><\/td>\n<td>95.0 &#8211; 105.0%<\/td>\n<\/tr>\n<tr>\n<td><strong><b>pH (soluci\u00f3n acuosa 5%)<\/b><\/strong><\/td>\n<td>4.0 &#8211; 7.0<\/td>\n<\/tr>\n<tr>\n<td><strong><b>Contenido de agua (%)<\/b><\/strong><\/td>\n<td>\u2264 5.0 (l\u00edquido), \u2264 3.0 (polvo)<\/td>\n<\/tr>\n<tr>\n<td><strong><b>Contenido de etanol\/isopropanol (para soluciones, %)<\/b><\/strong><\/td>\n<td>\u2264 10.0<\/td>\n<\/tr>\n<tr>\n<td><strong><b>Residuos al encender (%)<\/b><\/strong><\/td>\n<td>\u2264 0.1<\/td>\n<\/tr>\n<tr>\n<td><strong><b>Metales pesados (como Pb, ppm)<\/b><\/strong><\/td>\n<td>\u2264 10<\/td>\n<\/tr>\n<tr>\n<td><strong><b>Compuestos de amonio (ppm)<\/b><\/strong><\/td>\n<td>\u2264 500<\/td>\n<\/tr>\n<\/tbody>\n<\/table>\n<p>&nbsp;<\/p>\n<h4>3.\u00c1mbito de aplicaci\u00f3n y uso<\/h4>\n<p>El cloruro de benzalconio se utiliza principalmente como desinfectante eficaz (para dispositivos m\u00e9dicos, desinfecci\u00f3n de heridas, soluci\u00f3n para el cuidado de lentes de contacto), conservante (a\u00f1adido a preparados oft\u00e1lmicos, aerosoles nasales y cosm\u00e9ticos) y bactericida industrial (en sistemas de tratamiento de aguas, desinfecci\u00f3n textil), y tambi\u00e9n se utiliza ampliamente en productos qu\u00edmicos de uso diario (toallitas desinfectantes, desinfectantes de manos antibacterianos) para lograr una r\u00e1pida esterilizaci\u00f3n (bacterias\/hongos\/virus encapsulados) mediante la destrucci\u00f3n de las membranas celulares de los microorganismos.<\/p>\n<h4>4.Embalaje y almacenamiento<\/h4>\n<p>Envasado en bidones de hierro de 200 kg y bidones de pl\u00e1stico de 50 kg. Esta serie de productos no son inflamables y pueden almacenarse y transportarse de acuerdo con los m\u00e9todos generales de almacenamiento y transporte de productos qu\u00edmicos. Almacenar en un lugar seco y ventilado. La vida \u00fatil es de dos a\u00f1os.<\/p>\n<p>\u3010CAS\u301163449-41-2<\/p>\n<p>Alias: Compuestos de amonio cuaternario, cloruros de bencil-C8-18-alquildimetilo, roccal.<\/p>\n<p>F\u00f3rmula molecular: C6H5CH2N(CH3)2CnH2n+1Cl\uff08n=8\uff0c10\uff0c12\uff0c14\uff0c16\uff0c18\uff09<\/p>\n<p>F\u00f3rmula estructural:<img alt=\"\" fetchpriority=\"high\" decoding=\"async\" class=\"alignnone size-medium wp-image-4448\" src=\"https:\/\/jinancuchem.com\/wp-content\/uploads\/2025\/07\/\u672a\u6807\u9898-1-28-300x300.jpg\" width=\"300\" height=\"300\" srcset=\"https:\/\/jinancuchem.com\/wp-content\/uploads\/2025\/07\/\u672a\u6807\u9898-1-28-300x300.jpg 300w, https:\/\/jinancuchem.com\/wp-content\/uploads\/2025\/07\/\u672a\u6807\u9898-1-28-100x100.jpg 100w, https:\/\/jinancuchem.com\/wp-content\/uploads\/2025\/07\/\u672a\u6807\u9898-1-28-500x500.jpg 500w, https:\/\/jinancuchem.com\/wp-content\/uploads\/2025\/07\/\u672a\u6807\u9898-1-28-150x150.jpg 150w, https:\/\/jinancuchem.com\/wp-content\/uploads\/2025\/07\/\u672a\u6807\u9898-1-28-768x768.jpg 768w, https:\/\/jinancuchem.com\/wp-content\/uploads\/2025\/07\/\u672a\u6807\u9898-1-28-12x12.jpg 12w, https:\/\/jinancuchem.com\/wp-content\/uploads\/2025\/07\/\u672a\u6807\u9898-1-28.jpg 800w\" sizes=\"(max-width: 300px) 100vw, 300px\" \/><\/p>\n<p>&nbsp;<\/p>\n<h4>1.Propiedad del producto<\/h4>\n<p>El cloruro de benzalconio es un tensioactivo cati\u00f3nico, perteneciente a los desinfectantes no oxidantes. Tiene un amplio espectro y una capacidad muy eficaz para matar bacterias y algas, y puede controlar eficazmente la reproducci\u00f3n de bacterias y algas, as\u00ed como el crecimiento de limo en el agua. Tambi\u00e9n tiene buenos efectos de eliminaci\u00f3n de lodos y cierta capacidad de dispersi\u00f3n y penetraci\u00f3n. Al mismo tiempo, tiene ciertas capacidades de eliminaci\u00f3n de aceite, desodorizaci\u00f3n y prevenci\u00f3n de la corrosi\u00f3n.<\/p>\n<h4>2.<\/h4>\n<p>&nbsp;<\/p>\n<table>\n<tbody>\n<tr>\n<td><strong><b>Par\u00e1metro<\/b><\/strong><\/td>\n<td><strong><b>Especificaci\u00f3n<\/b><\/strong><\/td>\n<\/tr>\n<tr>\n<td><strong><b>Apariencia<\/b><\/strong><\/td>\n<td>L\u00edquido viscoso entre incoloro y amarillo p\u00e1lido (o polvo blanco)<\/td>\n<\/tr>\n<tr>\n<td><strong><b>Ensayo (como cloruro de C12-C16 alquil dimetil bencil amonio)<\/b><\/strong><\/td>\n<td>95.0 &#8211; 105.0%<\/td>\n<\/tr>\n<tr>\n<td><strong><b>pH (soluci\u00f3n acuosa 5%)<\/b><\/strong><\/td>\n<td>4.0 &#8211; 7.0<\/td>\n<\/tr>\n<tr>\n<td><strong><b>Contenido de agua (%)<\/b><\/strong><\/td>\n<td>\u2264 5.0 (l\u00edquido), \u2264 3.0 (polvo)<\/td>\n<\/tr>\n<tr>\n<td><strong><b>Contenido de etanol\/isopropanol (para soluciones, %)<\/b><\/strong><\/td>\n<td>\u2264 10.0<\/td>\n<\/tr>\n<tr>\n<td><strong><b>Residuos al encender (%)<\/b><\/strong><\/td>\n<td>\u2264 0.1<\/td>\n<\/tr>\n<tr>\n<td><strong><b>Metales pesados (como Pb, ppm)<\/b><\/strong><\/td>\n<td>\u2264 10<\/td>\n<\/tr>\n<tr>\n<td><strong><b>Compuestos de amonio (ppm)<\/b><\/strong><\/td>\n<td>\u2264 500<\/td>\n<\/tr>\n<\/tbody>\n<\/table>\n<p>&nbsp;<\/p>\n<h4>3.\u00c1mbito de aplicaci\u00f3n y uso<\/h4>\n<p>El cloruro de benzalconio se utiliza principalmente como desinfectante eficaz (para dispositivos m\u00e9dicos, desinfecci\u00f3n de heridas, soluci\u00f3n para el cuidado de lentes de contacto), conservante (a\u00f1adido a preparados oft\u00e1lmicos, aerosoles nasales y cosm\u00e9ticos) y bactericida industrial (en sistemas de tratamiento de aguas, desinfecci\u00f3n textil), y tambi\u00e9n se utiliza ampliamente en productos qu\u00edmicos de uso diario (toallitas desinfectantes, desinfectantes de manos antibacterianos) para lograr una r\u00e1pida esterilizaci\u00f3n (bacterias\/hongos\/virus encapsulados) mediante la destrucci\u00f3n de las membranas celulares de los microorganismos.<\/p>\n<h4>4.Embalaje y almacenamiento<\/h4>\n<p>Envasado en bidones de hierro de 200 kg y bidones de pl\u00e1stico de 50 kg. Esta serie de productos no son inflamables y pueden almacenarse y transportarse de acuerdo con los m\u00e9todos generales de almacenamiento y transporte de productos qu\u00edmicos. Almacenar en un lugar seco y ventilado. La vida \u00fatil es de dos a\u00f1os.<\/p>\n<p>\u3010CAS\u301118472-51-0<\/p>\n<p>Alias: CLOROHEXIDINA DIGLUCONATO, SOLUCI\u00d3N;Clorhexdina digluconato;Clorhexidina bigluconato<\/p>\n<p>F\u00f3rmula molecular: C<sub>34<\/sub>H<sub>54<\/sub>Cl<sub>2<\/sub>N<sub>10<\/sub>O<sub>14<\/sub>\u00a0\u00a0Masa molecular relativa: 897,76<\/p>\n<p>F\u00f3rmula estructural:<\/p>\n<p><img alt=\"\" decoding=\"async\" class=\"alignnone size-medium wp-image-4454\" src=\"https:\/\/jinancuchem.com\/wp-content\/uploads\/2025\/07\/\u672a\u6807\u9898-1-29-300x300.jpg\" width=\"300\" height=\"300\" srcset=\"https:\/\/jinancuchem.com\/wp-content\/uploads\/2025\/07\/\u672a\u6807\u9898-1-29-300x300.jpg 300w, https:\/\/jinancuchem.com\/wp-content\/uploads\/2025\/07\/\u672a\u6807\u9898-1-29-100x100.jpg 100w, https:\/\/jinancuchem.com\/wp-content\/uploads\/2025\/07\/\u672a\u6807\u9898-1-29-500x500.jpg 500w, https:\/\/jinancuchem.com\/wp-content\/uploads\/2025\/07\/\u672a\u6807\u9898-1-29-150x150.jpg 150w, https:\/\/jinancuchem.com\/wp-content\/uploads\/2025\/07\/\u672a\u6807\u9898-1-29-768x768.jpg 768w, https:\/\/jinancuchem.com\/wp-content\/uploads\/2025\/07\/\u672a\u6807\u9898-1-29-12x12.jpg 12w, https:\/\/jinancuchem.com\/wp-content\/uploads\/2025\/07\/\u672a\u6807\u9898-1-29.jpg 800w\" sizes=\"(max-width: 300px) 100vw, 300px\" \/><\/p>\n<p>1.Propiedad del producto<br \/>\nEl gluconato de clorhexidina es un desinfectante de baja eficacia. Puede eliminar r\u00e1pidamente bacterias supurativas, bacterias pat\u00f3genas intestinales, bacterias pat\u00f3genas comunes causantes de infecciones hospitalarias, bacterias pat\u00f3genas del aire y levaduras pat\u00f3genas. Es adecuado para la protecci\u00f3n de la esterilizaci\u00f3n cut\u00e1nea a largo plazo de las manos y otras partes del cuerpo.<\/p>\n<p>2.<\/p>\n<table>\n<tbody>\n<tr>\n<td><strong><b>Par\u00e1metro<\/b><\/strong><\/td>\n<td><strong><b>Especificaci\u00f3n<\/b><\/strong><\/td>\n<\/tr>\n<tr>\n<td><strong><b>Apariencia<\/b><\/strong><\/td>\n<td>L\u00edquido viscoso claro, entre incoloro y amarillo p\u00e1lido<\/td>\n<\/tr>\n<tr>\n<td><strong><b>Ensayo <\/b><\/strong><\/td>\n<td>19,0 - 21,0% (p\/p)<\/td>\n<\/tr>\n<tr>\n<td><strong><b>pH (soluci\u00f3n acuosa 20%)<\/b><\/strong><\/td>\n<td>5.5 &#8211; 7.0<\/td>\n<\/tr>\n<tr>\n<td><strong><b>Densidad (20\u00b0C, g\/cm\u00b3)<\/b><\/strong><\/td>\n<td>1.06 &#8211; 1.07<\/td>\n<\/tr>\n<tr>\n<td><strong><b>Contenido de agua (%)<\/b><\/strong><\/td>\n<td>\u2264 15.0<\/td>\n<\/tr>\n<tr>\n<td><strong><b>Contenido de glucosa (%)<\/b><\/strong><\/td>\n<td>\u2264 5.0<\/td>\n<\/tr>\n<tr>\n<td><strong><b>Base libre de clorhexidina (%)<\/b><\/strong><\/td>\n<td>\u2264 1.0<\/td>\n<\/tr>\n<tr>\n<td><strong><b>Residuos al encender (%)<\/b><\/strong><\/td>\n<td>\u2264 0.1<\/td>\n<\/tr>\n<tr>\n<td><strong><b>Metales pesados (como Pb, ppm)<\/b><\/strong><\/td>\n<td>\u2264 10<\/td>\n<\/tr>\n<tr>\n<td><strong><b>L\u00edmites microbianos<\/b><\/strong><\/td>\n<td>Recuento aer\u00f3bico total \u2264 100 UFC\/mL<\/td>\n<\/tr>\n<\/tbody>\n<\/table>\n<h4>3.\u00c1mbito de aplicaci\u00f3n y uso<\/h4>\n<p>Los f\u00e1rmacos desinfectantes y antis\u00e9pticos tienen un efecto antibacteriano y antis\u00e9ptico de amplio espectro muy potente, y son eficaces contra las bacterias Gram-positivas y Gram-negativas. Pueden utilizarse para la desinfecci\u00f3n externa de manos y piel, as\u00ed como para el lavado de heridas.<\/p>\n<h4>4.Embalaje y almacenamiento<\/h4>\n<p>Envasado en bidones de hierro de 200 kg y bidones de pl\u00e1stico de 50 kg. Esta serie de productos no son inflamables y pueden almacenarse y transportarse de acuerdo con los m\u00e9todos de almacenamiento y transporte para productos qu\u00edmicos generales. Almacenar en un lugar seco y bien ventilado. Caducidad: dos a\u00f1os.<\/p>","protected":false},"excerpt":{"rendered":"<p>\u3010CAS\u301163449-41-2 Alias: Quaternaryammoniumcompounds,benzyl-C8-18-alkyldimethyl,chlorides;roccal Molecular formula: C6H5CH2N(CH3)2CnH2n+1Cl\uff08n=8\uff0c10\uff0c12\uff0c14\uff0c16\uff0c18\uff09 Structural formula: &nbsp; 1.Product Property Benzalkonium chloride is a cationic surfactant, belonging to non-oxidizing disinfectants. It has a broad-spectrum and highly effective ability to kill bacteria and algae, and can effectively control the reproduction of bacteria and algae as well as the growth of slime in water. It also [&hellip;]<\/p>\n","protected":false},"featured_media":4448,"template":"","meta":{"_seopress_robots_primary_cat":"none","_seopress_titles_title":"","_seopress_titles_desc":"","_seopress_robots_index":"","_uag_custom_page_level_css":"","site-sidebar-layout":"default","site-content-layout":"","ast-site-content-layout":"default","site-content-style":"default","site-sidebar-style":"default","ast-global-header-display":"","ast-banner-title-visibility":"","ast-main-header-display":"","ast-hfb-above-header-display":"","ast-hfb-below-header-display":"","ast-hfb-mobile-header-display":"","site-post-title":"","ast-breadcrumbs-content":"","ast-featured-img":"","footer-sml-layout":"","theme-transparent-header-meta":"default","adv-header-id-meta":"","stick-header-meta":"default","header-above-stick-meta":"","header-main-stick-meta":"","header-below-stick-meta":"","astra-migrate-meta-layouts":"set","ast-page-background-enabled":"default","ast-page-background-meta":{"desktop":{"background-color":"","background-image":"","background-repeat":"repeat","background-position":"center center","background-size":"auto","background-attachment":"scroll","background-type":"","background-media":"","overlay-type":"","overlay-color":"","overlay-opacity":"","overlay-gradient":""},"tablet":{"background-color":"","background-image":"","background-repeat":"repeat","background-position":"center center","background-size":"auto","background-attachment":"scroll","background-type":"","background-media":"","overlay-type":"","overlay-color":"","overlay-opacity":"","overlay-gradient":""},"mobile":{"background-color":"","background-image":"","background-repeat":"repeat","background-position":"center center","background-size":"auto","background-attachment":"scroll","background-type":"","background-media":"","overlay-type":"","overlay-color":"","overlay-opacity":"","overlay-gradient":""}},"ast-content-background-meta":{"desktop":{"background-color":"var(--ast-global-color-5)","background-image":"","background-repeat":"repeat","background-position":"center center","background-size":"auto","background-attachment":"scroll","background-type":"","background-media":"","overlay-type":"","overlay-color":"","overlay-opacity":"","overlay-gradient":""},"tablet":{"background-color":"var(--ast-global-color-5)","background-image":"","background-repeat":"repeat","background-position":"center center","background-size":"auto","background-attachment":"scroll","background-type":"","background-media":"","overlay-type":"","overlay-color":"","overlay-opacity":"","overlay-gradient":""},"mobile":{"background-color":"var(--ast-global-color-5)","background-image":"","background-repeat":"repeat","background-position":"center center","background-size":"auto","background-attachment":"scroll","background-type":"","background-media":"","overlay-type":"","overlay-color":"","overlay-opacity":"","overlay-gradient":""}}},"product_brand":[],"product_cat":[69],"product_tag":[],"class_list":{"0":"post-4445","1":"product","2":"type-product","3":"status-publish","4":"has-post-thumbnail","6":"product_cat-daily-chemical-product","7":"desktop-align-left","8":"tablet-align-left","9":"mobile-align-left","10":"ast-product-gallery-layout-horizontal-slider","11":"ast-product-gallery-with-no-image","12":"ast-product-tabs-layout-horizontal","14":"first","15":"instock","16":"shipping-taxable","17":"product-type-simple"},"uagb_featured_image_src":{"full":["https:\/\/jinancuchem.com\/wp-content\/uploads\/2025\/07\/\u672a\u6807\u9898-1-28.jpg",800,800,false],"thumbnail":["https:\/\/jinancuchem.com\/wp-content\/uploads\/2025\/07\/\u672a\u6807\u9898-1-28-150x150.jpg",150,150,true],"medium":["https:\/\/jinancuchem.com\/wp-content\/uploads\/2025\/07\/\u672a\u6807\u9898-1-28-300x300.jpg",300,300,true],"medium_large":["https:\/\/jinancuchem.com\/wp-content\/uploads\/2025\/07\/\u672a\u6807\u9898-1-28-768x768.jpg",768,768,true],"large":["https:\/\/jinancuchem.com\/wp-content\/uploads\/2025\/07\/\u672a\u6807\u9898-1-28.jpg",800,800,false],"1536x1536":["https:\/\/jinancuchem.com\/wp-content\/uploads\/2025\/07\/\u672a\u6807\u9898-1-28.jpg",800,800,false],"2048x2048":["https:\/\/jinancuchem.com\/wp-content\/uploads\/2025\/07\/\u672a\u6807\u9898-1-28.jpg",800,800,false],"trp-custom-language-flag":["https:\/\/jinancuchem.com\/wp-content\/uploads\/2025\/07\/\u672a\u6807\u9898-1-28-12x12.jpg",12,12,true],"woocommerce_thumbnail":["https:\/\/jinancuchem.com\/wp-content\/uploads\/2025\/07\/\u672a\u6807\u9898-1-28-300x300.jpg",300,300,true],"woocommerce_single":["https:\/\/jinancuchem.com\/wp-content\/uploads\/2025\/07\/\u672a\u6807\u9898-1-28-500x500.jpg",500,500,true],"woocommerce_gallery_thumbnail":["https:\/\/jinancuchem.com\/wp-content\/uploads\/2025\/07\/\u672a\u6807\u9898-1-28-100x100.jpg",100,100,true]},"uagb_author_info":{"display_name":"jinxing6611@gmail.com","author_link":"https:\/\/jinancuchem.com\/es\/author\/"},"uagb_comment_info":0,"uagb_excerpt":"\u3010CAS\u301163449-41-2 Alias: Quaternaryammoniumcompounds,benzyl-C8-18-alkyldimethyl,chlorides;roccal Molecular formula: C6H5CH2N(CH3)2CnH2n+1Cl\uff08n=8\uff0c10\uff0c12\uff0c14\uff0c16\uff0c18\uff09 Structural formula: &nbsp; 1.Product Property Benzalkonium chloride is a cationic surfactant, belonging to non-oxidizing disinfectants. It has a broad-spectrum and highly effective ability to kill bacteria and algae, and can effectively control the reproduction of bacteria and algae as well as the growth of slime in water. It also&hellip;","_links":{"self":[{"href":"https:\/\/jinancuchem.com\/es\/wp-json\/wp\/v2\/product\/4445","targetHints":{"allow":["GET"]}}],"collection":[{"href":"https:\/\/jinancuchem.com\/es\/wp-json\/wp\/v2\/product"}],"about":[{"href":"https:\/\/jinancuchem.com\/es\/wp-json\/wp\/v2\/types\/product"}],"wp:featuredmedia":[{"embeddable":true,"href":"https:\/\/jinancuchem.com\/es\/wp-json\/wp\/v2\/media\/4448"}],"wp:attachment":[{"href":"https:\/\/jinancuchem.com\/es\/wp-json\/wp\/v2\/media?parent=4445"}],"wp:term":[{"taxonomy":"product_brand","embeddable":true,"href":"https:\/\/jinancuchem.com\/es\/wp-json\/wp\/v2\/product_brand?post=4445"},{"taxonomy":"product_cat","embeddable":true,"href":"https:\/\/jinancuchem.com\/es\/wp-json\/wp\/v2\/product_cat?post=4445"},{"taxonomy":"product_tag","embeddable":true,"href":"https:\/\/jinancuchem.com\/es\/wp-json\/wp\/v2\/product_tag?post=4445"}],"curies":[{"name":"wp","href":"https:\/\/api.w.org\/{rel}","templated":true}]}}