{"id":4455,"date":"2025-07-25T05:58:13","date_gmt":"2025-07-25T05:58:13","guid":{"rendered":"https:\/\/jinancuchem.com\/?post_type=product&#038;p=4455"},"modified":"2025-07-25T05:58:13","modified_gmt":"2025-07-25T05:58:13","slug":"poly-hydrochloride","status":"publish","type":"product","link":"https:\/\/jinancuchem.com\/es\/producto\/poly-hydrochloride\/","title":{"rendered":"Poli clorhidrato"},"content":{"rendered":"<p>\u3010CAS\u301127083-27-8<\/p>\n<p>Alias: PHMB<\/p>\n<p>F\u00f3rmula molecular: C<sub>16<\/sub>H<sub>34<\/sub>N<sub>10 <\/sub>\u00a0\u00a0Masa molecular relativa: 366.52<\/p>\n<p>F\u00f3rmula estructural:<\/p>\n<p>&nbsp;<\/p>\n<p><img alt=\"\" fetchpriority=\"high\" decoding=\"async\" class=\"alignnone size-medium wp-image-4459\" src=\"https:\/\/jinancuchem.com\/wp-content\/uploads\/2025\/07\/\u672a\u6807\u9898-1-30-300x300.jpg\" width=\"300\" height=\"300\" srcset=\"https:\/\/jinancuchem.com\/wp-content\/uploads\/2025\/07\/\u672a\u6807\u9898-1-30-300x300.jpg 300w, https:\/\/jinancuchem.com\/wp-content\/uploads\/2025\/07\/\u672a\u6807\u9898-1-30-100x100.jpg 100w, https:\/\/jinancuchem.com\/wp-content\/uploads\/2025\/07\/\u672a\u6807\u9898-1-30-500x500.jpg 500w, https:\/\/jinancuchem.com\/wp-content\/uploads\/2025\/07\/\u672a\u6807\u9898-1-30-150x150.jpg 150w, https:\/\/jinancuchem.com\/wp-content\/uploads\/2025\/07\/\u672a\u6807\u9898-1-30-768x768.jpg 768w, https:\/\/jinancuchem.com\/wp-content\/uploads\/2025\/07\/\u672a\u6807\u9898-1-30-12x12.jpg 12w, https:\/\/jinancuchem.com\/wp-content\/uploads\/2025\/07\/\u672a\u6807\u9898-1-30.jpg 800w\" sizes=\"(max-width: 300px) 100vw, 300px\" \/><\/p>\n<h4>1.Propiedad del producto<\/h4>\n<p>Tiene las siguientes excelentes propiedades: efecto bactericida de amplio espectro; baja concentraci\u00f3n efectiva; acci\u00f3n r\u00e1pida; naturaleza estable; soluble en agua; puede utilizarse a temperatura ambiente; efecto bacteriost\u00e1tico duradero sin efectos secundarios; no corrosivo; incoloro e inodoro; no t\u00f3xico; no inflamable, no explosivo, seguro de usar; precio moderado; transporte c\u00f3modo. Se puede decir que es el mejor bactericida.<\/p>\n<h4>2.<\/h4>\n<p>&nbsp;<\/p>\n<table>\n<tbody>\n<tr>\n<td><strong><b>Par\u00e1metro<\/b><\/strong><\/td>\n<td width=\"342\"><strong><b>Especificaci\u00f3n<\/b><\/strong><\/td>\n<\/tr>\n<tr>\n<td><strong><b>Apariencia<\/b><\/strong><\/td>\n<td width=\"342\">L\u00edquido incoloro a amarillo p\u00e1lido<br \/>\no polvo blanco<\/td>\n<\/tr>\n<tr>\n<td><strong><b>Ensayo (contenido de PHMB)<\/b><\/strong><\/td>\n<td width=\"342\">\u2265 98,0% (pureza HPLC)<\/td>\n<\/tr>\n<tr>\n<td><strong><b>Peso molecular (Da)<\/b><\/strong><\/td>\n<td width=\"342\">1,000 &#8211; 3,000<\/td>\n<\/tr>\n<tr>\n<td><strong><b>pH (soluci\u00f3n acuosa 20%)<\/b><\/strong><\/td>\n<td width=\"342\">7.5 &#8211; 9.0<\/td>\n<\/tr>\n<tr>\n<td><strong><b>Contenido de agua (%)<\/b><\/strong><\/td>\n<td width=\"342\">\u2264 0,5 (polvo), \u2264 50 (l\u00edquido)<\/td>\n<\/tr>\n<tr>\n<td><strong><b>Mon\u00f3meros residuales (%)<\/b><\/strong><\/td>\n<td width=\"342\">\u2264 0.5<\/td>\n<\/tr>\n<tr>\n<td><strong><b>Contenido de cloruro (%)<\/b><\/strong><\/td>\n<td width=\"342\">\u2264 0.5<\/td>\n<\/tr>\n<tr>\n<td><strong><b>Metales pesados (como Pb, ppm)<\/b><\/strong><\/td>\n<td width=\"342\">\u2264 10<\/td>\n<\/tr>\n<tr>\n<td><strong><b>L\u00edmites microbianos<\/b><\/strong><\/td>\n<td width=\"342\">\u2264 100 UFC\/g<\/td>\n<\/tr>\n<tr>\n<td><strong><b>Endotoxina (si es est\u00e9ril)<\/b><\/strong><\/td>\n<td width=\"342\">\u2264 0,5 EU\/mg<\/td>\n<\/tr>\n<\/tbody>\n<\/table>\n<p>&nbsp;<\/p>\n<h4>3.\u00c1mbito de aplicaci\u00f3n y uso<\/h4>\n<p>Desinfecci\u00f3n m\u00e9dica ambiental: Puede utilizarse como dispositivo m\u00e9dico externo y para la desinfecci\u00f3n y esterilizaci\u00f3n de la piel y las heridas.<\/p>\n<p>Industria alimentaria (desinfecci\u00f3n de tuber\u00edas y equipos): Utilizando polihexametileno guanidina para desinfectar regularmente tuber\u00edas, contenedores y suelos de f\u00e1bricas, se puede eliminar el 99,9% de Escherichia coli.<\/p>\n<p>Industria papelera: La polihexametilenguanidina tiene buenas propiedades bactericidas y antibacterianas contra los microorganismos comunes, y tambi\u00e9n puede dispersar y eliminar las sustancias adhesivas producidas durante el proceso de deposici\u00f3n.<\/p>\n<p>Industria acu\u00edcola: Altamente eficaz para matar Vibrio parahaemolyticus, Vibrio verde, Vibrio amarillo, Haemophilus vibrio, Pseudomonas, y reducir r\u00e1pidamente el contenido de bacterias nocivas en los cuerpos de agua.<\/p>\n<p>Industria textil: Los tejidos de lana tratados con polihexametilenguanidina tienen excelentes propiedades antibacterianas y resistencia al lavado frente al Staphylococcus aureus.<\/p>\n<p>Desinfecci\u00f3n de frutas y hortalizas agr\u00edcolas: Trate las semillas, bulbos o tub\u00e9rculos con polihexametileno guanidina. Puede solucionar enfermedades vegetales; abordar problemas del suelo y mejorar su calidad; tambi\u00e9n puede utilizarse para la conservaci\u00f3n y preservaci\u00f3n de frutas y verduras.<\/p>\n<h4>4.Embalaje y almacenamiento<\/h4>\n<p>Envasado de l\u00edquidos: barriles azules de 25kg, barriles de 200kg, envasado de polvos: barriles de cart\u00f3n de 25kg (5, 40L, 60L), barriles con bridas. Esta serie de productos no son inflamables y pueden almacenarse y transportarse de acuerdo con los m\u00e9todos generales de almacenamiento y transporte de productos qu\u00edmicos. Almacenar en un lugar seco y ventilado. Caducidad: dos a\u00f1os.<\/p>","protected":false},"excerpt":{"rendered":"<p>\u3010CAS\u301127083-27-8 Alias: PHMB Molecular formula: C16H34N10 \u00a0\u00a0Relative molecular mass: 366.52 Structural formula: &nbsp; 1.Product Property It has the following excellent properties: broad-spectrum bactericidal effect; low effective concentration; fast action; stable nature; soluble in water; can be used at room temperature; long-lasting bacteriostatic effect without side effects; non-corrosive; colorless and odorless; non-toxic; non-flammable, non-explosive, safe to [&hellip;]<\/p>\n","protected":false},"featured_media":4459,"template":"","meta":{"_seopress_robots_primary_cat":"","_seopress_titles_title":"","_seopress_titles_desc":"","_seopress_robots_index":"","_uag_custom_page_level_css":"","site-sidebar-layout":"default","site-content-layout":"","ast-site-content-layout":"default","site-content-style":"default","site-sidebar-style":"default","ast-global-header-display":"","ast-banner-title-visibility":"","ast-main-header-display":"","ast-hfb-above-header-display":"","ast-hfb-below-header-display":"","ast-hfb-mobile-header-display":"","site-post-title":"","ast-breadcrumbs-content":"","ast-featured-img":"","footer-sml-layout":"","theme-transparent-header-meta":"default","adv-header-id-meta":"","stick-header-meta":"default","header-above-stick-meta":"","header-main-stick-meta":"","header-below-stick-meta":"","astra-migrate-meta-layouts":"set","ast-page-background-enabled":"default","ast-page-background-meta":{"desktop":{"background-color":"","background-image":"","background-repeat":"repeat","background-position":"center center","background-size":"auto","background-attachment":"scroll","background-type":"","background-media":"","overlay-type":"","overlay-color":"","overlay-opacity":"","overlay-gradient":""},"tablet":{"background-color":"","background-image":"","background-repeat":"repeat","background-position":"center center","background-size":"auto","background-attachment":"scroll","background-type":"","background-media":"","overlay-type":"","overlay-color":"","overlay-opacity":"","overlay-gradient":""},"mobile":{"background-color":"","background-image":"","background-repeat":"repeat","background-position":"center center","background-size":"auto","background-attachment":"scroll","background-type":"","background-media":"","overlay-type":"","overlay-color":"","overlay-opacity":"","overlay-gradient":""}},"ast-content-background-meta":{"desktop":{"background-color":"var(--ast-global-color-5)","background-image":"","background-repeat":"repeat","background-position":"center center","background-size":"auto","background-attachment":"scroll","background-type":"","background-media":"","overlay-type":"","overlay-color":"","overlay-opacity":"","overlay-gradient":""},"tablet":{"background-color":"var(--ast-global-color-5)","background-image":"","background-repeat":"repeat","background-position":"center center","background-size":"auto","background-attachment":"scroll","background-type":"","background-media":"","overlay-type":"","overlay-color":"","overlay-opacity":"","overlay-gradient":""},"mobile":{"background-color":"var(--ast-global-color-5)","background-image":"","background-repeat":"repeat","background-position":"center center","background-size":"auto","background-attachment":"scroll","background-type":"","background-media":"","overlay-type":"","overlay-color":"","overlay-opacity":"","overlay-gradient":""}}},"product_brand":[],"product_cat":[69],"product_tag":[],"class_list":{"0":"post-4455","1":"product","2":"type-product","3":"status-publish","4":"has-post-thumbnail","6":"product_cat-daily-chemical-product","7":"desktop-align-left","8":"tablet-align-left","9":"mobile-align-left","10":"ast-product-gallery-layout-horizontal-slider","11":"ast-product-gallery-with-no-image","12":"ast-product-tabs-layout-horizontal","14":"first","15":"instock","16":"shipping-taxable","17":"product-type-simple"},"uagb_featured_image_src":{"full":["https:\/\/jinancuchem.com\/wp-content\/uploads\/2025\/07\/\u672a\u6807\u9898-1-30.jpg",800,800,false],"thumbnail":["https:\/\/jinancuchem.com\/wp-content\/uploads\/2025\/07\/\u672a\u6807\u9898-1-30-150x150.jpg",150,150,true],"medium":["https:\/\/jinancuchem.com\/wp-content\/uploads\/2025\/07\/\u672a\u6807\u9898-1-30-300x300.jpg",300,300,true],"medium_large":["https:\/\/jinancuchem.com\/wp-content\/uploads\/2025\/07\/\u672a\u6807\u9898-1-30-768x768.jpg",768,768,true],"large":["https:\/\/jinancuchem.com\/wp-content\/uploads\/2025\/07\/\u672a\u6807\u9898-1-30.jpg",800,800,false],"1536x1536":["https:\/\/jinancuchem.com\/wp-content\/uploads\/2025\/07\/\u672a\u6807\u9898-1-30.jpg",800,800,false],"2048x2048":["https:\/\/jinancuchem.com\/wp-content\/uploads\/2025\/07\/\u672a\u6807\u9898-1-30.jpg",800,800,false],"trp-custom-language-flag":["https:\/\/jinancuchem.com\/wp-content\/uploads\/2025\/07\/\u672a\u6807\u9898-1-30-12x12.jpg",12,12,true],"woocommerce_thumbnail":["https:\/\/jinancuchem.com\/wp-content\/uploads\/2025\/07\/\u672a\u6807\u9898-1-30-300x300.jpg",300,300,true],"woocommerce_single":["https:\/\/jinancuchem.com\/wp-content\/uploads\/2025\/07\/\u672a\u6807\u9898-1-30-500x500.jpg",500,500,true],"woocommerce_gallery_thumbnail":["https:\/\/jinancuchem.com\/wp-content\/uploads\/2025\/07\/\u672a\u6807\u9898-1-30-100x100.jpg",100,100,true]},"uagb_author_info":{"display_name":"jinxing6611@gmail.com","author_link":"https:\/\/jinancuchem.com\/es\/author\/"},"uagb_comment_info":0,"uagb_excerpt":"\u3010CAS\u301127083-27-8 Alias: PHMB Molecular formula: C16H34N10 \u00a0\u00a0Relative molecular mass: 366.52 Structural formula: &nbsp; 1.Product Property It has the following excellent properties: broad-spectrum bactericidal effect; low effective concentration; fast action; stable nature; soluble in water; can be used at room temperature; long-lasting bacteriostatic effect without side effects; non-corrosive; colorless and odorless; non-toxic; non-flammable, non-explosive, safe to&hellip;","_links":{"self":[{"href":"https:\/\/jinancuchem.com\/es\/wp-json\/wp\/v2\/product\/4455","targetHints":{"allow":["GET"]}}],"collection":[{"href":"https:\/\/jinancuchem.com\/es\/wp-json\/wp\/v2\/product"}],"about":[{"href":"https:\/\/jinancuchem.com\/es\/wp-json\/wp\/v2\/types\/product"}],"wp:featuredmedia":[{"embeddable":true,"href":"https:\/\/jinancuchem.com\/es\/wp-json\/wp\/v2\/media\/4459"}],"wp:attachment":[{"href":"https:\/\/jinancuchem.com\/es\/wp-json\/wp\/v2\/media?parent=4455"}],"wp:term":[{"taxonomy":"product_brand","embeddable":true,"href":"https:\/\/jinancuchem.com\/es\/wp-json\/wp\/v2\/product_brand?post=4455"},{"taxonomy":"product_cat","embeddable":true,"href":"https:\/\/jinancuchem.com\/es\/wp-json\/wp\/v2\/product_cat?post=4455"},{"taxonomy":"product_tag","embeddable":true,"href":"https:\/\/jinancuchem.com\/es\/wp-json\/wp\/v2\/product_tag?post=4455"}],"curies":[{"name":"wp","href":"https:\/\/api.w.org\/{rel}","templated":true}]}}