{"id":4487,"date":"2025-07-25T06:05:56","date_gmt":"2025-07-25T06:05:56","guid":{"rendered":"https:\/\/jinancuchem.com\/?post_type=product&#038;p=4487"},"modified":"2025-07-25T06:05:56","modified_gmt":"2025-07-25T06:05:56","slug":"emulsifier-fm","status":"publish","type":"product","link":"https:\/\/jinancuchem.com\/es\/producto\/emulsifier-fm\/","title":{"rendered":"Emulsionante FM"},"content":{"rendered":"<h4>1.Propiedad del producto<\/h4>\n<p>Este producto es un l\u00edquido oleoso viscoso de color marr\u00f3n que se disuelve en aceite y se dispersa en una emulsi\u00f3n en agua. Tiene excelentes propiedades emulsionantes.<\/p>\n<h4>2.<\/h4>\n<table>\n<tbody>\n<tr>\n<td><strong><b>Par\u00e1metro<\/b><\/strong><\/td>\n<td width=\"345\"><strong><b>Especificaci\u00f3n<\/b><\/strong><\/td>\n<\/tr>\n<tr>\n<td><strong><b>Contenido activo (%)<\/b><\/strong><\/td>\n<td width=\"345\">\u2265 98.0<\/td>\n<\/tr>\n<tr>\n<td><strong><b>Punto de fusi\u00f3n (\u00b0C)<\/b><\/strong><\/td>\n<td width=\"345\">50 &#8211; 55<\/td>\n<\/tr>\n<tr>\n<td><strong><b>\u00cdndice de acidez (mg KOH\/g)<\/b><\/strong><\/td>\n<td width=\"345\">\u2264 2.0<\/td>\n<\/tr>\n<tr>\n<td><strong><b>Valor de saponificaci\u00f3n<\/b><\/strong><\/td>\n<td width=\"345\">140 &#8211; 160<\/td>\n<\/tr>\n<tr>\n<td><strong><b>Valor HLB<\/b><\/strong><\/td>\n<td width=\"345\">5.0 \u00b1 0.5<\/td>\n<\/tr>\n<tr>\n<td><strong><b>Contenido de agua (%)<\/b><\/strong><\/td>\n<td width=\"345\">\u2264 0.5<\/td>\n<\/tr>\n<tr>\n<td><strong><b>Metales pesados (como Pb, ppm)<\/b><\/strong><\/td>\n<td width=\"345\">\u2264 10<\/td>\n<\/tr>\n<tr>\n<td><strong><b>L\u00edmites microbianos<\/b><\/strong><\/td>\n<td width=\"345\">\u2264 100 UFC\/g<\/td>\n<\/tr>\n<\/tbody>\n<\/table>\n<p>&nbsp;<\/p>\n<h4>3.\u00c1mbito de aplicaci\u00f3n y uso<\/h4>\n<p>En el procesamiento de metales, se utiliza para limpiar, lubricar, pulir y prevenir la oxidaci\u00f3n de metales ferrosos y aleaciones de aluminio. En el procesado de pesticidas, sirve como emulsionante de tipo O\/W para pesticidas. En la industria de las tintas, se utiliza como emulsionante de tipo O\/W para preparar tintas, pigmentos y pinturas de l\u00e1tex, realzando la intensidad del color de los pigmentos y mejorando su fluidez.<\/p>\n<h4>4.Embalaje y almacenamiento<\/h4>\n<p>&nbsp;<\/p>\n<p>Bidones de hierro de 200 kg, embalaje de bidones de pl\u00e1stico de 50 kg.<\/p>\n<p>Almacenado y transportado de acuerdo con las normas generales de almacenamiento y transporte de productos qu\u00edmicos. Almacenado en un lugar seco y ventilado.<\/p>\n<p>Caducidad: dos a\u00f1os<\/p>","protected":false},"excerpt":{"rendered":"<p>1.Product Property This product is a brown oily viscous liquid that dissolves in oil and disperses into an emulsion in water. It has excellent emulsifying properties. 2. Parameter Specification Active Content (%) \u2265 98.0 Melting Point (\u00b0C) 50 &#8211; 55 Acid Value (mg KOH\/g) \u2264 2.0 Saponification Value 140 &#8211; 160 HLB Value 5.0 \u00b1 [&hellip;]<\/p>\n","protected":false},"featured_media":4491,"template":"","meta":{"_seopress_robots_primary_cat":"","_seopress_titles_title":"","_seopress_titles_desc":"","_seopress_robots_index":"","_uag_custom_page_level_css":"","site-sidebar-layout":"default","site-content-layout":"","ast-site-content-layout":"default","site-content-style":"default","site-sidebar-style":"default","ast-global-header-display":"","ast-banner-title-visibility":"","ast-main-header-display":"","ast-hfb-above-header-display":"","ast-hfb-below-header-display":"","ast-hfb-mobile-header-display":"","site-post-title":"","ast-breadcrumbs-content":"","ast-featured-img":"","footer-sml-layout":"","theme-transparent-header-meta":"default","adv-header-id-meta":"","stick-header-meta":"default","header-above-stick-meta":"","header-main-stick-meta":"","header-below-stick-meta":"","astra-migrate-meta-layouts":"set","ast-page-background-enabled":"default","ast-page-background-meta":{"desktop":{"background-color":"","background-image":"","background-repeat":"repeat","background-position":"center center","background-size":"auto","background-attachment":"scroll","background-type":"","background-media":"","overlay-type":"","overlay-color":"","overlay-opacity":"","overlay-gradient":""},"tablet":{"background-color":"","background-image":"","background-repeat":"repeat","background-position":"center center","background-size":"auto","background-attachment":"scroll","background-type":"","background-media":"","overlay-type":"","overlay-color":"","overlay-opacity":"","overlay-gradient":""},"mobile":{"background-color":"","background-image":"","background-repeat":"repeat","background-position":"center center","background-size":"auto","background-attachment":"scroll","background-type":"","background-media":"","overlay-type":"","overlay-color":"","overlay-opacity":"","overlay-gradient":""}},"ast-content-background-meta":{"desktop":{"background-color":"var(--ast-global-color-5)","background-image":"","background-repeat":"repeat","background-position":"center center","background-size":"auto","background-attachment":"scroll","background-type":"","background-media":"","overlay-type":"","overlay-color":"","overlay-opacity":"","overlay-gradient":""},"tablet":{"background-color":"var(--ast-global-color-5)","background-image":"","background-repeat":"repeat","background-position":"center center","background-size":"auto","background-attachment":"scroll","background-type":"","background-media":"","overlay-type":"","overlay-color":"","overlay-opacity":"","overlay-gradient":""},"mobile":{"background-color":"var(--ast-global-color-5)","background-image":"","background-repeat":"repeat","background-position":"center center","background-size":"auto","background-attachment":"scroll","background-type":"","background-media":"","overlay-type":"","overlay-color":"","overlay-opacity":"","overlay-gradient":""}}},"product_brand":[],"product_cat":[69],"product_tag":[],"class_list":{"0":"post-4487","1":"product","2":"type-product","3":"status-publish","4":"has-post-thumbnail","6":"product_cat-daily-chemical-product","7":"desktop-align-left","8":"tablet-align-left","9":"mobile-align-left","10":"ast-product-gallery-layout-horizontal-slider","11":"ast-product-gallery-with-no-image","12":"ast-product-tabs-layout-horizontal","14":"first","15":"instock","16":"shipping-taxable","17":"product-type-simple"},"uagb_featured_image_src":{"full":["https:\/\/jinancuchem.com\/wp-content\/uploads\/2025\/07\/\u672a\u6807\u9898-1-34.jpg",800,800,false],"thumbnail":["https:\/\/jinancuchem.com\/wp-content\/uploads\/2025\/07\/\u672a\u6807\u9898-1-34-150x150.jpg",150,150,true],"medium":["https:\/\/jinancuchem.com\/wp-content\/uploads\/2025\/07\/\u672a\u6807\u9898-1-34-300x300.jpg",300,300,true],"medium_large":["https:\/\/jinancuchem.com\/wp-content\/uploads\/2025\/07\/\u672a\u6807\u9898-1-34-768x768.jpg",768,768,true],"large":["https:\/\/jinancuchem.com\/wp-content\/uploads\/2025\/07\/\u672a\u6807\u9898-1-34.jpg",800,800,false],"1536x1536":["https:\/\/jinancuchem.com\/wp-content\/uploads\/2025\/07\/\u672a\u6807\u9898-1-34.jpg",800,800,false],"2048x2048":["https:\/\/jinancuchem.com\/wp-content\/uploads\/2025\/07\/\u672a\u6807\u9898-1-34.jpg",800,800,false],"trp-custom-language-flag":["https:\/\/jinancuchem.com\/wp-content\/uploads\/2025\/07\/\u672a\u6807\u9898-1-34-12x12.jpg",12,12,true],"woocommerce_thumbnail":["https:\/\/jinancuchem.com\/wp-content\/uploads\/2025\/07\/\u672a\u6807\u9898-1-34-300x300.jpg",300,300,true],"woocommerce_single":["https:\/\/jinancuchem.com\/wp-content\/uploads\/2025\/07\/\u672a\u6807\u9898-1-34-500x500.jpg",500,500,true],"woocommerce_gallery_thumbnail":["https:\/\/jinancuchem.com\/wp-content\/uploads\/2025\/07\/\u672a\u6807\u9898-1-34-100x100.jpg",100,100,true]},"uagb_author_info":{"display_name":"jinxing6611@gmail.com","author_link":"https:\/\/jinancuchem.com\/es\/author\/"},"uagb_comment_info":0,"uagb_excerpt":"1.Product Property This product is a brown oily viscous liquid that dissolves in oil and disperses into an emulsion in water. It has excellent emulsifying properties. 2. Parameter Specification Active Content (%) \u2265 98.0 Melting Point (\u00b0C) 50 &#8211; 55 Acid Value (mg KOH\/g) \u2264 2.0 Saponification Value 140 &#8211; 160 HLB Value 5.0 \u00b1&hellip;","_links":{"self":[{"href":"https:\/\/jinancuchem.com\/es\/wp-json\/wp\/v2\/product\/4487","targetHints":{"allow":["GET"]}}],"collection":[{"href":"https:\/\/jinancuchem.com\/es\/wp-json\/wp\/v2\/product"}],"about":[{"href":"https:\/\/jinancuchem.com\/es\/wp-json\/wp\/v2\/types\/product"}],"wp:featuredmedia":[{"embeddable":true,"href":"https:\/\/jinancuchem.com\/es\/wp-json\/wp\/v2\/media\/4491"}],"wp:attachment":[{"href":"https:\/\/jinancuchem.com\/es\/wp-json\/wp\/v2\/media?parent=4487"}],"wp:term":[{"taxonomy":"product_brand","embeddable":true,"href":"https:\/\/jinancuchem.com\/es\/wp-json\/wp\/v2\/product_brand?post=4487"},{"taxonomy":"product_cat","embeddable":true,"href":"https:\/\/jinancuchem.com\/es\/wp-json\/wp\/v2\/product_cat?post=4487"},{"taxonomy":"product_tag","embeddable":true,"href":"https:\/\/jinancuchem.com\/es\/wp-json\/wp\/v2\/product_tag?post=4487"}],"curies":[{"name":"wp","href":"https:\/\/api.w.org\/{rel}","templated":true}]}}