{"id":4493,"date":"2025-07-25T06:08:11","date_gmt":"2025-07-25T06:08:11","guid":{"rendered":"https:\/\/jinancuchem.com\/?post_type=product&#038;p=4493"},"modified":"2025-07-25T06:08:11","modified_gmt":"2025-07-25T06:08:11","slug":"high-temperature-leveling-agent-w","status":"publish","type":"product","link":"https:\/\/jinancuchem.com\/es\/producto\/high-temperature-leveling-agent-w\/","title":{"rendered":"Agente nivelador de alta temperatura W"},"content":{"rendered":"<h4>1.Propiedad del producto<\/h4>\n<p>El agente nivelante de alta temperatura W es un tensioactivo ani\u00f3nico. Su componente principal es la sal de amonio del \u00e9ter polioxietil\u00e9nico de estireno fenol. Se presenta como un l\u00edquido viscoso de color amarillo p\u00e1lido con un rango de pH de 4 a 7.<\/p>\n<h4>2.<\/h4>\n<table>\n<tbody>\n<tr>\n<td><strong><b>Par\u00e1metro<\/b><\/strong><\/td>\n<td><strong><b>Especificaci\u00f3n<\/b><\/strong><\/td>\n<\/tr>\n<tr>\n<td><strong><b>Contenido activo (%)<\/b><\/strong><\/td>\n<td>40.0 \u00b1 2.0<\/td>\n<\/tr>\n<tr>\n<td><strong><b>Naturaleza i\u00f3nica<\/b><\/strong><\/td>\n<td>No i\u00f3nico<\/td>\n<\/tr>\n<tr>\n<td><strong><b>Viscosidad @25\u00b0C (cP)<\/b><\/strong><\/td>\n<td>300 &#8211; 800<\/td>\n<\/tr>\n<tr>\n<td><strong><b>Estabilidad t\u00e9rmica<\/b><\/strong><\/td>\n<td>Estable hasta 140\u00b0C (4h)<\/td>\n<\/tr>\n<tr>\n<td><strong><b>\u00cdndice de migraci\u00f3n de colorantes<\/b><\/strong><\/td>\n<td>\u2264 1,5 (ISO 105-Z08)<\/td>\n<\/tr>\n<tr>\n<td><strong><b>Propiedad espumante (soluci\u00f3n 0,1%, mm)<\/b><\/strong><\/td>\n<td>\u2264 30 (inicial)<\/td>\n<\/tr>\n<tr>\n<td><strong><b>Biodegradabilidad<\/b><\/strong><\/td>\n<td>\u2265 70% (28 d\u00edas)<\/td>\n<\/tr>\n<\/tbody>\n<\/table>\n<p>&nbsp;<\/p>\n<h4>3.\u00c1mbito de aplicaci\u00f3n y uso<\/h4>\n<p>En la industria textil y de tintura, se utiliza como agente de dispersi\u00f3n y nivelaci\u00f3n a alta temperatura y alta presi\u00f3n para fibras de poli\u00e9ster, adecuado para procesos r\u00e1pidos de tintura. Puede mantener el ba\u00f1o de tintura en condiciones \u00e1cidas para la tintura, evitando eficazmente la desviaci\u00f3n del color en los tejidos causada por la hidr\u00f3lisis de tintes sensibles. No contiene disolventes ni componentes portadores, lo que ayuda a mejorar el entorno de trabajo y es adecuado para el te\u00f1ido oscuro a alta temperatura de poli\u00e9ster y el te\u00f1ido claro a alta temperatura con tonos c\u00e1lidos. En la industria general, se utiliza como componente de detergentes.<\/p>\n<p>&nbsp;<\/p>\n<h4>4.Embalaje y almacenamiento<\/h4>\n<p>&nbsp;<\/p>\n<p>El agente de nivelaci\u00f3n W se envasa en un bid\u00f3n de pl\u00e1stico de 50 kg.<\/p>\n<p>El agente nivelante W no es inflamable. Debe almacenarse y transportarse de acuerdo con los requisitos de almacenamiento y transporte de productos qu\u00edmicos generales.<\/p>\n<p>Almacenar en un lugar seco y bien ventilado.<\/p>\n<p>La caducidad es de un a\u00f1o.<\/p>","protected":false},"excerpt":{"rendered":"<p>1.Product Property High-temperature leveling agent W is an anionic surfactant. Its main component is ammonium salt of styrene phenol polyoxyethylene ether. It appears as a pale yellow viscous liquid with a pH range of 4 to 7. 2. Parameter Specification Active Content (%) 40.0 \u00b1 2.0 Ionic Nature Nonionic Viscosity @25\u00b0C (cP) 300 &#8211; 800 [&hellip;]<\/p>\n","protected":false},"featured_media":4500,"template":"","meta":{"_seopress_robots_primary_cat":"","_seopress_titles_title":"","_seopress_titles_desc":"","_seopress_robots_index":"","_uag_custom_page_level_css":"","site-sidebar-layout":"default","site-content-layout":"","ast-site-content-layout":"default","site-content-style":"default","site-sidebar-style":"default","ast-global-header-display":"","ast-banner-title-visibility":"","ast-main-header-display":"","ast-hfb-above-header-display":"","ast-hfb-below-header-display":"","ast-hfb-mobile-header-display":"","site-post-title":"","ast-breadcrumbs-content":"","ast-featured-img":"","footer-sml-layout":"","theme-transparent-header-meta":"default","adv-header-id-meta":"","stick-header-meta":"default","header-above-stick-meta":"","header-main-stick-meta":"","header-below-stick-meta":"","astra-migrate-meta-layouts":"set","ast-page-background-enabled":"default","ast-page-background-meta":{"desktop":{"background-color":"","background-image":"","background-repeat":"repeat","background-position":"center center","background-size":"auto","background-attachment":"scroll","background-type":"","background-media":"","overlay-type":"","overlay-color":"","overlay-opacity":"","overlay-gradient":""},"tablet":{"background-color":"","background-image":"","background-repeat":"repeat","background-position":"center center","background-size":"auto","background-attachment":"scroll","background-type":"","background-media":"","overlay-type":"","overlay-color":"","overlay-opacity":"","overlay-gradient":""},"mobile":{"background-color":"","background-image":"","background-repeat":"repeat","background-position":"center center","background-size":"auto","background-attachment":"scroll","background-type":"","background-media":"","overlay-type":"","overlay-color":"","overlay-opacity":"","overlay-gradient":""}},"ast-content-background-meta":{"desktop":{"background-color":"var(--ast-global-color-5)","background-image":"","background-repeat":"repeat","background-position":"center center","background-size":"auto","background-attachment":"scroll","background-type":"","background-media":"","overlay-type":"","overlay-color":"","overlay-opacity":"","overlay-gradient":""},"tablet":{"background-color":"var(--ast-global-color-5)","background-image":"","background-repeat":"repeat","background-position":"center center","background-size":"auto","background-attachment":"scroll","background-type":"","background-media":"","overlay-type":"","overlay-color":"","overlay-opacity":"","overlay-gradient":""},"mobile":{"background-color":"var(--ast-global-color-5)","background-image":"","background-repeat":"repeat","background-position":"center center","background-size":"auto","background-attachment":"scroll","background-type":"","background-media":"","overlay-type":"","overlay-color":"","overlay-opacity":"","overlay-gradient":""}}},"product_brand":[],"product_cat":[69],"product_tag":[],"class_list":{"0":"post-4493","1":"product","2":"type-product","3":"status-publish","4":"has-post-thumbnail","6":"product_cat-daily-chemical-product","7":"desktop-align-left","8":"tablet-align-left","9":"mobile-align-left","10":"ast-product-gallery-layout-horizontal-slider","11":"ast-product-gallery-with-no-image","12":"ast-product-tabs-layout-horizontal","14":"first","15":"instock","16":"shipping-taxable","17":"product-type-simple"},"uagb_featured_image_src":{"full":["https:\/\/jinancuchem.com\/wp-content\/uploads\/2025\/07\/\u672a\u6807\u9898-1-35.jpg",800,800,false],"thumbnail":["https:\/\/jinancuchem.com\/wp-content\/uploads\/2025\/07\/\u672a\u6807\u9898-1-35-150x150.jpg",150,150,true],"medium":["https:\/\/jinancuchem.com\/wp-content\/uploads\/2025\/07\/\u672a\u6807\u9898-1-35-300x300.jpg",300,300,true],"medium_large":["https:\/\/jinancuchem.com\/wp-content\/uploads\/2025\/07\/\u672a\u6807\u9898-1-35-768x768.jpg",768,768,true],"large":["https:\/\/jinancuchem.com\/wp-content\/uploads\/2025\/07\/\u672a\u6807\u9898-1-35.jpg",800,800,false],"1536x1536":["https:\/\/jinancuchem.com\/wp-content\/uploads\/2025\/07\/\u672a\u6807\u9898-1-35.jpg",800,800,false],"2048x2048":["https:\/\/jinancuchem.com\/wp-content\/uploads\/2025\/07\/\u672a\u6807\u9898-1-35.jpg",800,800,false],"trp-custom-language-flag":["https:\/\/jinancuchem.com\/wp-content\/uploads\/2025\/07\/\u672a\u6807\u9898-1-35-12x12.jpg",12,12,true],"woocommerce_thumbnail":["https:\/\/jinancuchem.com\/wp-content\/uploads\/2025\/07\/\u672a\u6807\u9898-1-35-300x300.jpg",300,300,true],"woocommerce_single":["https:\/\/jinancuchem.com\/wp-content\/uploads\/2025\/07\/\u672a\u6807\u9898-1-35-500x500.jpg",500,500,true],"woocommerce_gallery_thumbnail":["https:\/\/jinancuchem.com\/wp-content\/uploads\/2025\/07\/\u672a\u6807\u9898-1-35-100x100.jpg",100,100,true]},"uagb_author_info":{"display_name":"jinxing6611@gmail.com","author_link":"https:\/\/jinancuchem.com\/es\/author\/"},"uagb_comment_info":0,"uagb_excerpt":"1.Product Property High-temperature leveling agent W is an anionic surfactant. Its main component is ammonium salt of styrene phenol polyoxyethylene ether. It appears as a pale yellow viscous liquid with a pH range of 4 to 7. 2. Parameter Specification Active Content (%) 40.0 \u00b1 2.0 Ionic Nature Nonionic Viscosity @25\u00b0C (cP) 300 &#8211; 800&hellip;","_links":{"self":[{"href":"https:\/\/jinancuchem.com\/es\/wp-json\/wp\/v2\/product\/4493","targetHints":{"allow":["GET"]}}],"collection":[{"href":"https:\/\/jinancuchem.com\/es\/wp-json\/wp\/v2\/product"}],"about":[{"href":"https:\/\/jinancuchem.com\/es\/wp-json\/wp\/v2\/types\/product"}],"wp:featuredmedia":[{"embeddable":true,"href":"https:\/\/jinancuchem.com\/es\/wp-json\/wp\/v2\/media\/4500"}],"wp:attachment":[{"href":"https:\/\/jinancuchem.com\/es\/wp-json\/wp\/v2\/media?parent=4493"}],"wp:term":[{"taxonomy":"product_brand","embeddable":true,"href":"https:\/\/jinancuchem.com\/es\/wp-json\/wp\/v2\/product_brand?post=4493"},{"taxonomy":"product_cat","embeddable":true,"href":"https:\/\/jinancuchem.com\/es\/wp-json\/wp\/v2\/product_cat?post=4493"},{"taxonomy":"product_tag","embeddable":true,"href":"https:\/\/jinancuchem.com\/es\/wp-json\/wp\/v2\/product_tag?post=4493"}],"curies":[{"name":"wp","href":"https:\/\/api.w.org\/{rel}","templated":true}]}}