{"id":4506,"date":"2025-07-25T06:11:47","date_gmt":"2025-07-25T06:11:47","guid":{"rendered":"https:\/\/jinancuchem.com\/?post_type=product&#038;p=4506"},"modified":"2025-07-25T06:11:47","modified_gmt":"2025-07-25T06:11:47","slug":"leveling-agent-se-components-a-and-b","status":"publish","type":"product","link":"https:\/\/jinancuchem.com\/es\/producto\/leveling-agent-se-components-a-and-b\/","title":{"rendered":"Agente nivelador SE (componentes A y B)"},"content":{"rendered":"<table>\n<tbody>\n<tr>\n<td colspan=\"2\" width=\"51.0000%\">Componentes A<\/td>\n<td colspan=\"2\" width=\"49.0000%\">Componentes B<\/td>\n<\/tr>\n<tr>\n<td width=\"16.0000%\">Composici\u00f3n<\/td>\n<td width=\"34.0000%\">Oleato de \u00e9ter de glicerol<\/td>\n<td width=\"12.0000%\">Composici\u00f3n<\/td>\n<td width=\"36.0000%\">\u00c9ter polioxietilenado de estireno fenol sulfato de amonio<\/td>\n<\/tr>\n<tr>\n<td width=\"16.0000%\">Tipo i\u00f3nico<\/td>\n<td width=\"34.0000%\">Tipo no i\u00f3nico<\/td>\n<td width=\"12.0000%\">Tipo i\u00f3nico<\/td>\n<td width=\"36.0000%\">Tipo ani\u00f3nico<\/td>\n<\/tr>\n<tr>\n<td colspan=\"2\" width=\"51.0000%\">Indicadores t\u00e9cnicos<\/td>\n<td colspan=\"2\" width=\"49.0000%\">Indicadores t\u00e9cnicos<\/td>\n<\/tr>\n<tr>\n<td width=\"16.0000%\">Apariencia<\/td>\n<td width=\"34.0000%\">Sustancia oleosa de color amarillo p\u00e1lido a amarillo parduzco\uff0825\u2103\uff09.<\/td>\n<td width=\"12.0000%\">Apariencia<\/td>\n<td width=\"36.0000%\">Sustancia viscosa de color amarillo p\u00e1lido a amarillo parduzco\uff0825\u2103\uff09.<\/td>\n<\/tr>\n<tr>\n<td width=\"16.0000%\">\u00cdndice de acidez<\/td>\n<td width=\"34.0000%\">\u226410mgKOH\/g<\/td>\n<td width=\"12.0000%\">Valor pH<\/td>\n<td width=\"36.0000%\">4~6\uff081% soluci\u00f3n acuosa\uff09<\/td>\n<\/tr>\n<tr>\n<td width=\"16.0000%\">\u00edndice de saponificaci\u00f3n<\/td>\n<td width=\"34.0000%\">90~105mgKOH\/g<\/td>\n<td width=\"12.0000%\">materia activa<\/td>\n<td width=\"36.0000%\">\u226599%(wt%)<\/td>\n<\/tr>\n<tr>\n<td colspan=\"2\" width=\"51.0000%\">Rendimiento y aplicaci\u00f3n:<\/p>\n<p>1. Este producto se dispersa f\u00e1cilmente en agua y es soluble en la mayor\u00eda de los disolventes org\u00e1nicos.<\/p>\n<p>2. Este producto se utiliza como componente A de SE, agente nivelador para el te\u00f1ido a alta temperatura y alta presi\u00f3n de fibras de poli\u00e9ster. 3. Este producto se utiliza como emulsionante en aplicaciones industriales generales.<\/td>\n<td colspan=\"2\" width=\"49.0000%\">Rendimiento y aplicaci\u00f3n:<\/p>\n<p>&nbsp;<\/p>\n<p>1. Este producto es muy soluble en agua y en disolventes org\u00e1nicos comunes, resistente a los \u00e1cidos y a las altas temperaturas, y tiene excelentes propiedades de dispersi\u00f3n, emulsificaci\u00f3n y nivelaci\u00f3n.<\/p>\n<p>2. Este producto se utiliza como componente B de SE, un agente nivelador para el te\u00f1ido a alta temperatura y alta presi\u00f3n de fibras de poli\u00e9ster. 3. Este producto se utiliza en otras industrias como emulsionante, dispersante (dispersante de colofonia) y agente de limpieza.<\/td>\n<\/tr>\n<\/tbody>\n<\/table>\n<p>&nbsp;<\/p>\n<h4>Embalaje y almacenamiento<\/h4>\n<p>&nbsp;<\/p>\n<p>El agente nivelador SE se envasa en un bid\u00f3n de pl\u00e1stico de 50 kg.<\/p>\n<p>El agente nivelador SE debe almacenarse y transportarse de acuerdo con los requisitos de almacenamiento y transporte para productos qu\u00edmicos generales.<\/p>\n<p>Almacenar en un lugar seco y bien ventilado.<\/p>\n<p>Caducidad: dos a\u00f1os.<\/p>","protected":false},"excerpt":{"rendered":"<p>Components\u00a0A Components\u00a0B Composition Glycerol ether oleate Composition Styrene phenol polyoxyethylene ether ammonium sulfate Ionic type Non-ionic type Ionic type Anionic type Technical indicators Technical indicators Appearance Pale yellow to brownish-yellow oily substance\uff0825\u2103\uff09 Appearance Pale yellow to brownish-yellow viscous substance\uff0825\u2103\uff09 Acid value \u226410mgKOH\/g pH value 4~6\uff081% aqueous solution\uff09 saponification value 90~105mgKOH\/g active matter \u226599%(wt%) Performance and [&hellip;]<\/p>\n","protected":false},"featured_media":4513,"template":"","meta":{"_seopress_robots_primary_cat":"","_seopress_titles_title":"","_seopress_titles_desc":"","_seopress_robots_index":"","_uag_custom_page_level_css":"","site-sidebar-layout":"default","site-content-layout":"","ast-site-content-layout":"default","site-content-style":"default","site-sidebar-style":"default","ast-global-header-display":"","ast-banner-title-visibility":"","ast-main-header-display":"","ast-hfb-above-header-display":"","ast-hfb-below-header-display":"","ast-hfb-mobile-header-display":"","site-post-title":"","ast-breadcrumbs-content":"","ast-featured-img":"","footer-sml-layout":"","theme-transparent-header-meta":"default","adv-header-id-meta":"","stick-header-meta":"default","header-above-stick-meta":"","header-main-stick-meta":"","header-below-stick-meta":"","astra-migrate-meta-layouts":"set","ast-page-background-enabled":"default","ast-page-background-meta":{"desktop":{"background-color":"","background-image":"","background-repeat":"repeat","background-position":"center center","background-size":"auto","background-attachment":"scroll","background-type":"","background-media":"","overlay-type":"","overlay-color":"","overlay-opacity":"","overlay-gradient":""},"tablet":{"background-color":"","background-image":"","background-repeat":"repeat","background-position":"center center","background-size":"auto","background-attachment":"scroll","background-type":"","background-media":"","overlay-type":"","overlay-color":"","overlay-opacity":"","overlay-gradient":""},"mobile":{"background-color":"","background-image":"","background-repeat":"repeat","background-position":"center center","background-size":"auto","background-attachment":"scroll","background-type":"","background-media":"","overlay-type":"","overlay-color":"","overlay-opacity":"","overlay-gradient":""}},"ast-content-background-meta":{"desktop":{"background-color":"var(--ast-global-color-5)","background-image":"","background-repeat":"repeat","background-position":"center center","background-size":"auto","background-attachment":"scroll","background-type":"","background-media":"","overlay-type":"","overlay-color":"","overlay-opacity":"","overlay-gradient":""},"tablet":{"background-color":"var(--ast-global-color-5)","background-image":"","background-repeat":"repeat","background-position":"center center","background-size":"auto","background-attachment":"scroll","background-type":"","background-media":"","overlay-type":"","overlay-color":"","overlay-opacity":"","overlay-gradient":""},"mobile":{"background-color":"var(--ast-global-color-5)","background-image":"","background-repeat":"repeat","background-position":"center center","background-size":"auto","background-attachment":"scroll","background-type":"","background-media":"","overlay-type":"","overlay-color":"","overlay-opacity":"","overlay-gradient":""}}},"product_brand":[],"product_cat":[69],"product_tag":[],"class_list":{"0":"post-4506","1":"product","2":"type-product","3":"status-publish","4":"has-post-thumbnail","6":"product_cat-daily-chemical-product","7":"desktop-align-left","8":"tablet-align-left","9":"mobile-align-left","10":"ast-product-gallery-layout-horizontal-slider","11":"ast-product-gallery-with-no-image","12":"ast-product-tabs-layout-horizontal","14":"first","15":"instock","16":"shipping-taxable","17":"product-type-simple"},"uagb_featured_image_src":{"full":["https:\/\/jinancuchem.com\/wp-content\/uploads\/2025\/07\/\u672a\u6807\u9898-1-36.jpg",800,800,false],"thumbnail":["https:\/\/jinancuchem.com\/wp-content\/uploads\/2025\/07\/\u672a\u6807\u9898-1-36-150x150.jpg",150,150,true],"medium":["https:\/\/jinancuchem.com\/wp-content\/uploads\/2025\/07\/\u672a\u6807\u9898-1-36-300x300.jpg",300,300,true],"medium_large":["https:\/\/jinancuchem.com\/wp-content\/uploads\/2025\/07\/\u672a\u6807\u9898-1-36-768x768.jpg",768,768,true],"large":["https:\/\/jinancuchem.com\/wp-content\/uploads\/2025\/07\/\u672a\u6807\u9898-1-36.jpg",800,800,false],"1536x1536":["https:\/\/jinancuchem.com\/wp-content\/uploads\/2025\/07\/\u672a\u6807\u9898-1-36.jpg",800,800,false],"2048x2048":["https:\/\/jinancuchem.com\/wp-content\/uploads\/2025\/07\/\u672a\u6807\u9898-1-36.jpg",800,800,false],"trp-custom-language-flag":["https:\/\/jinancuchem.com\/wp-content\/uploads\/2025\/07\/\u672a\u6807\u9898-1-36-12x12.jpg",12,12,true],"woocommerce_thumbnail":["https:\/\/jinancuchem.com\/wp-content\/uploads\/2025\/07\/\u672a\u6807\u9898-1-36-300x300.jpg",300,300,true],"woocommerce_single":["https:\/\/jinancuchem.com\/wp-content\/uploads\/2025\/07\/\u672a\u6807\u9898-1-36-500x500.jpg",500,500,true],"woocommerce_gallery_thumbnail":["https:\/\/jinancuchem.com\/wp-content\/uploads\/2025\/07\/\u672a\u6807\u9898-1-36-100x100.jpg",100,100,true]},"uagb_author_info":{"display_name":"jinxing6611@gmail.com","author_link":"https:\/\/jinancuchem.com\/es\/author\/"},"uagb_comment_info":0,"uagb_excerpt":"Components\u00a0A Components\u00a0B Composition Glycerol ether oleate Composition Styrene phenol polyoxyethylene ether ammonium sulfate Ionic type Non-ionic type Ionic type Anionic type Technical indicators Technical indicators Appearance Pale yellow to brownish-yellow oily substance\uff0825\u2103\uff09 Appearance Pale yellow to brownish-yellow viscous substance\uff0825\u2103\uff09 Acid value \u226410mgKOH\/g pH value 4~6\uff081% aqueous solution\uff09 saponification value 90~105mgKOH\/g active matter \u226599%(wt%) Performance and&hellip;","_links":{"self":[{"href":"https:\/\/jinancuchem.com\/es\/wp-json\/wp\/v2\/product\/4506","targetHints":{"allow":["GET"]}}],"collection":[{"href":"https:\/\/jinancuchem.com\/es\/wp-json\/wp\/v2\/product"}],"about":[{"href":"https:\/\/jinancuchem.com\/es\/wp-json\/wp\/v2\/types\/product"}],"wp:featuredmedia":[{"embeddable":true,"href":"https:\/\/jinancuchem.com\/es\/wp-json\/wp\/v2\/media\/4513"}],"wp:attachment":[{"href":"https:\/\/jinancuchem.com\/es\/wp-json\/wp\/v2\/media?parent=4506"}],"wp:term":[{"taxonomy":"product_brand","embeddable":true,"href":"https:\/\/jinancuchem.com\/es\/wp-json\/wp\/v2\/product_brand?post=4506"},{"taxonomy":"product_cat","embeddable":true,"href":"https:\/\/jinancuchem.com\/es\/wp-json\/wp\/v2\/product_cat?post=4506"},{"taxonomy":"product_tag","embeddable":true,"href":"https:\/\/jinancuchem.com\/es\/wp-json\/wp\/v2\/product_tag?post=4506"}],"curies":[{"name":"wp","href":"https:\/\/api.w.org\/{rel}","templated":true}]}}