{"id":4512,"date":"2025-07-25T06:14:55","date_gmt":"2025-07-25T06:14:55","guid":{"rendered":"https:\/\/jinancuchem.com\/?post_type=product&#038;p=4512"},"modified":"2025-07-25T06:14:55","modified_gmt":"2025-07-25T06:14:55","slug":"sodium-erythorbate","status":"publish","type":"product","link":"https:\/\/jinancuchem.com\/es\/producto\/sodium-erythorbate\/","title":{"rendered":"Eritorbato s\u00f3dico"},"content":{"rendered":"<p>\u3010CAS\u3011<\/p>\n<p>6381-77-7<\/p>\n<p>\u3010F\u00f3rmula molecular\u3011C6H9NaO6<\/p>\n<p>\u3010F\u00f3rmula estructural\u3011<img alt=\"\" fetchpriority=\"high\" decoding=\"async\" class=\"alignnone size-full wp-image-4520\" src=\"https:\/\/jinancuchem.com\/wp-content\/uploads\/2025\/07\/\u56fe\u724744.png\" width=\"293\" height=\"198\" srcset=\"https:\/\/jinancuchem.com\/wp-content\/uploads\/2025\/07\/\u56fe\u724744.png 293w, https:\/\/jinancuchem.com\/wp-content\/uploads\/2025\/07\/\u56fe\u724744-18x12.png 18w\" sizes=\"(max-width: 293px) 100vw, 293px\" \/><\/p>\n<p>&nbsp;<\/p>\n<h4>1\u3001Propiedades del producto<\/h4>\n<p>El isoascorbato de sodio es un gr\u00e1nulo o polvo cristalino de color blanco a blanco amarillento, inodoro, con un sabor ligeramente salado. Se descompone por encima de 200\u2103 y es bastante estable cuando se expone al aire en estado seco. Sin embargo, en soluci\u00f3n Chemicalbook soluble en agua, la oxidaci\u00f3n se produce cuando hay aire, metal, calor o luz. Es f\u00e1cilmente soluble en agua a 55g\/100ml y casi insoluble en etanol. El valor de PH de una soluci\u00f3n acuosa de 2% es de 6,5-8,0.<\/p>\n<h5><\/h5>\n<h4>2.<\/h4>\n<table>\n<tbody>\n<tr>\n<td>Par\u00e1metro<\/td>\n<td>Especificaci\u00f3n<\/td>\n<\/tr>\n<tr>\n<td>Apariencia<\/td>\n<td>Cristales\/polvo de color blanco a amarillo claro<\/td>\n<\/tr>\n<tr>\n<td>Ensayo (C\u2086H\u2087NaO\u2086)<\/td>\n<td>98,0-100,5%<\/td>\n<\/tr>\n<tr>\n<td>pH (soluci\u00f3n 1%)<\/td>\n<td>6.5-8.0<\/td>\n<\/tr>\n<tr>\n<td>Rotaci\u00f3n espec\u00edfica<\/td>\n<td>+95,5\u00b0 a +98,0\u00b0 (c=1, H\u2082O)<\/td>\n<\/tr>\n<tr>\n<td>Metales pesados (Pb)<\/td>\n<td>\u22645 ppm<\/td>\n<\/tr>\n<tr>\n<td>Ars\u00e9nico (As)<\/td>\n<td>\u22643 ppm<\/td>\n<\/tr>\n<tr>\n<td>P\u00e9rdida por secado<\/td>\n<td>\u22640.25%<\/td>\n<\/tr>\n<tr>\n<td>Prueba de oxalato<\/td>\n<td>Pases<\/td>\n<\/tr>\n<\/tbody>\n<\/table>\n<h5><\/h5>\n<h4>3. \u00c1mbito de aplicaci\u00f3n y uso<\/h4>\n<p>El eritorbato s\u00f3dico se utiliza ampliamente como antioxidante alimentario en carnes (0,5 g\/kg), conservas (1,0 g\/kg) y bebidas (0,15 g\/kg) para evitar la oxidaci\u00f3n, conservar el color e inhibir la formaci\u00f3n de nitrosaminas38. En bebidas (zumos, cerveza, vino), evita el pardeamiento y los sabores desagradables. En el marisco congelado, se aplica mediante inmersiones de 0,1-0,6% antes de la congelaci\u00f3n. Tambi\u00e9n ayuda a los productos de panader\u00eda (0,2 g\/kg) y cosm\u00e9ticos (\u22641,5% en el cuidado de la piel) como antioxidante6. A diferencia de la vitamina C, carece de actividad vitam\u00ednica pero se convierte en CV in vivo sin bloquear la absorci\u00f3n\u3002<\/p>\n<p>&nbsp;<\/p>\n<h4>4\u3001Embalaje y almacenamiento<\/h4>\n<p>Envasado en sacos de 25 kg forrados de polietileno o en bidones de fibra para evitar la humedad. Peque\u00f1as cantidades utilizar bolsas selladas de HDPE\/Al-foil510. Almacenar en lugar fresco, seco y oscuro (&lt;25\u00b0C, humedad &lt;60%) lejos de metales y agentes oxidantes. Conservar 24 meses sin abrir39. Para el transporte, evitar el calor y la luz solar directa. Los productos descompuestos (olor amarillento\/amoniacal) deben desecharse. El almacenamiento industrial a granel requiere contenedores enjuagados con nitr\u00f3geno para minimizar la oxidaci\u00f3n. Etiquetar como no peligroso pero asegurar la ventilaci\u00f3n debido a la potencial liberaci\u00f3n de amon\u00edaco al degradarse.<\/p>","protected":false},"excerpt":{"rendered":"<p>\u3010CAS\u3011 6381-77-7 \u3010Molecular Formula\u3011C6H9NaO6 \u3010Structural Formula\u3011 &nbsp; 1\u3001Product Property Sodium isoascorbate is a white to yellowish-white crystalline granule or powder, odorless, with a slightly salty taste. It decomposes above 200\u2103 and is quite stable when exposed to air in a dry state. However, in water-soluble Chemicalbook solution, oxidation occurs when there is air, metal, heat [&hellip;]<\/p>\n","protected":false},"featured_media":4524,"template":"","meta":{"_seopress_robots_primary_cat":"","_seopress_titles_title":"","_seopress_titles_desc":"","_seopress_robots_index":"","_uag_custom_page_level_css":"","site-sidebar-layout":"default","site-content-layout":"","ast-site-content-layout":"default","site-content-style":"default","site-sidebar-style":"default","ast-global-header-display":"","ast-banner-title-visibility":"","ast-main-header-display":"","ast-hfb-above-header-display":"","ast-hfb-below-header-display":"","ast-hfb-mobile-header-display":"","site-post-title":"","ast-breadcrumbs-content":"","ast-featured-img":"","footer-sml-layout":"","theme-transparent-header-meta":"default","adv-header-id-meta":"","stick-header-meta":"default","header-above-stick-meta":"","header-main-stick-meta":"","header-below-stick-meta":"","astra-migrate-meta-layouts":"set","ast-page-background-enabled":"default","ast-page-background-meta":{"desktop":{"background-color":"","background-image":"","background-repeat":"repeat","background-position":"center center","background-size":"auto","background-attachment":"scroll","background-type":"","background-media":"","overlay-type":"","overlay-color":"","overlay-opacity":"","overlay-gradient":""},"tablet":{"background-color":"","background-image":"","background-repeat":"repeat","background-position":"center center","background-size":"auto","background-attachment":"scroll","background-type":"","background-media":"","overlay-type":"","overlay-color":"","overlay-opacity":"","overlay-gradient":""},"mobile":{"background-color":"","background-image":"","background-repeat":"repeat","background-position":"center center","background-size":"auto","background-attachment":"scroll","background-type":"","background-media":"","overlay-type":"","overlay-color":"","overlay-opacity":"","overlay-gradient":""}},"ast-content-background-meta":{"desktop":{"background-color":"var(--ast-global-color-5)","background-image":"","background-repeat":"repeat","background-position":"center center","background-size":"auto","background-attachment":"scroll","background-type":"","background-media":"","overlay-type":"","overlay-color":"","overlay-opacity":"","overlay-gradient":""},"tablet":{"background-color":"var(--ast-global-color-5)","background-image":"","background-repeat":"repeat","background-position":"center center","background-size":"auto","background-attachment":"scroll","background-type":"","background-media":"","overlay-type":"","overlay-color":"","overlay-opacity":"","overlay-gradient":""},"mobile":{"background-color":"var(--ast-global-color-5)","background-image":"","background-repeat":"repeat","background-position":"center center","background-size":"auto","background-attachment":"scroll","background-type":"","background-media":"","overlay-type":"","overlay-color":"","overlay-opacity":"","overlay-gradient":""}}},"product_brand":[],"product_cat":[67],"product_tag":[],"class_list":{"0":"post-4512","1":"product","2":"type-product","3":"status-publish","4":"has-post-thumbnail","6":"product_cat-food-additives","7":"desktop-align-left","8":"tablet-align-left","9":"mobile-align-left","10":"ast-product-gallery-layout-horizontal-slider","11":"ast-product-gallery-with-no-image","12":"ast-product-tabs-layout-horizontal","14":"first","15":"instock","16":"shipping-taxable","17":"product-type-simple"},"uagb_featured_image_src":{"full":["https:\/\/jinancuchem.com\/wp-content\/uploads\/2025\/07\/44.png",800,800,false],"thumbnail":["https:\/\/jinancuchem.com\/wp-content\/uploads\/2025\/07\/44-150x150.png",150,150,true],"medium":["https:\/\/jinancuchem.com\/wp-content\/uploads\/2025\/07\/44-300x300.png",300,300,true],"medium_large":["https:\/\/jinancuchem.com\/wp-content\/uploads\/2025\/07\/44-768x768.png",768,768,true],"large":["https:\/\/jinancuchem.com\/wp-content\/uploads\/2025\/07\/44.png",800,800,false],"1536x1536":["https:\/\/jinancuchem.com\/wp-content\/uploads\/2025\/07\/44.png",800,800,false],"2048x2048":["https:\/\/jinancuchem.com\/wp-content\/uploads\/2025\/07\/44.png",800,800,false],"trp-custom-language-flag":["https:\/\/jinancuchem.com\/wp-content\/uploads\/2025\/07\/44-12x12.png",12,12,true],"woocommerce_thumbnail":["https:\/\/jinancuchem.com\/wp-content\/uploads\/2025\/07\/44-300x300.png",300,300,true],"woocommerce_single":["https:\/\/jinancuchem.com\/wp-content\/uploads\/2025\/07\/44-500x500.png",500,500,true],"woocommerce_gallery_thumbnail":["https:\/\/jinancuchem.com\/wp-content\/uploads\/2025\/07\/44-100x100.png",100,100,true]},"uagb_author_info":{"display_name":"jinxing6611@gmail.com","author_link":"https:\/\/jinancuchem.com\/es\/author\/"},"uagb_comment_info":0,"uagb_excerpt":"\u3010CAS\u3011 6381-77-7 \u3010Molecular Formula\u3011C6H9NaO6 \u3010Structural Formula\u3011 &nbsp; 1\u3001Product Property Sodium isoascorbate is a white to yellowish-white crystalline granule or powder, odorless, with a slightly salty taste. It decomposes above 200\u2103 and is quite stable when exposed to air in a dry state. However, in water-soluble Chemicalbook solution, oxidation occurs when there is air, metal, heat&hellip;","_links":{"self":[{"href":"https:\/\/jinancuchem.com\/es\/wp-json\/wp\/v2\/product\/4512","targetHints":{"allow":["GET"]}}],"collection":[{"href":"https:\/\/jinancuchem.com\/es\/wp-json\/wp\/v2\/product"}],"about":[{"href":"https:\/\/jinancuchem.com\/es\/wp-json\/wp\/v2\/types\/product"}],"wp:featuredmedia":[{"embeddable":true,"href":"https:\/\/jinancuchem.com\/es\/wp-json\/wp\/v2\/media\/4524"}],"wp:attachment":[{"href":"https:\/\/jinancuchem.com\/es\/wp-json\/wp\/v2\/media?parent=4512"}],"wp:term":[{"taxonomy":"product_brand","embeddable":true,"href":"https:\/\/jinancuchem.com\/es\/wp-json\/wp\/v2\/product_brand?post=4512"},{"taxonomy":"product_cat","embeddable":true,"href":"https:\/\/jinancuchem.com\/es\/wp-json\/wp\/v2\/product_cat?post=4512"},{"taxonomy":"product_tag","embeddable":true,"href":"https:\/\/jinancuchem.com\/es\/wp-json\/wp\/v2\/product_tag?post=4512"}],"curies":[{"name":"wp","href":"https:\/\/api.w.org\/{rel}","templated":true}]}}