{"id":4549,"date":"2025-07-25T06:26:32","date_gmt":"2025-07-25T06:26:32","guid":{"rendered":"https:\/\/jinancuchem.com\/?post_type=product&#038;p=4549"},"modified":"2025-07-25T06:26:32","modified_gmt":"2025-07-25T06:26:32","slug":"anionic-pretreated-surfactants","status":"publish","type":"product","link":"https:\/\/jinancuchem.com\/es\/producto\/anionic-pretreated-surfactants\/","title":{"rendered":"Tensioactivos ani\u00f3nicos pretratados"},"content":{"rendered":"<table>\n<tbody>\n<tr>\n<td width=\"101\"><strong><b>especificaci\u00f3n<\/b><\/strong><\/td>\n<td width=\"148\"><strong><b>aparici\u00f3n<\/b><\/strong><strong><b><br \/>\n<\/b><\/strong><strong><b>\uff0825\u2103\uff09<\/b><\/strong><\/td>\n<td width=\"94\"><strong><b>Valor pH <\/b><\/strong><\/p>\n<p><strong><b>(1% soluci\u00f3n acuosa)<\/b><\/strong><\/td>\n<td width=\"80\"><strong><b>Contenido<\/b><\/strong><\/td>\n<td width=\"145\"><strong><b>fuerza de infiltraci\u00f3n<\/b><\/strong><\/td>\n<td width=\"119\"><strong><b>Resistencia a los \u00e1lcalis<\/b><\/strong><\/td>\n<\/tr>\n<tr>\n<td width=\"101\">OEP-98<\/td>\n<td width=\"148\">L\u00edquido viscoso amarillo claro transparente<\/td>\n<td width=\"94\">\u22643<\/td>\n<td width=\"80\">\u226598%<\/td>\n<td width=\"145\">6\uff5e8s \uff085g\/L\uff0c100gNaOH\/L\uff09<\/td>\n<td width=\"119\">250gNaOH\/L Sin derrame de aceite<\/td>\n<\/tr>\n<tr>\n<td width=\"101\">TEP<\/td>\n<td width=\"148\">L\u00edquido viscoso amarillo claro transparente<\/td>\n<td width=\"94\">\u22643<\/td>\n<td width=\"80\">\u226598%<\/td>\n<td width=\"145\">\u226460s \uff085g\/L\uff0c100gNaOH\/L\uff09<\/td>\n<td width=\"119\">-<\/td>\n<\/tr>\n<tr>\n<td width=\"101\">RP-98<\/td>\n<td width=\"148\">&nbsp;<\/p>\n<p>L\u00edquido viscoso amarillo claro transparente<\/td>\n<td width=\"94\">\u22643<\/td>\n<td width=\"80\">\u226598%<\/td>\n<td width=\"145\">\u22645s \uff085g\/L\uff0c25\u2103\uff0cneutral\uff09<\/td>\n<td width=\"119\">-<\/td>\n<\/tr>\n<tr>\n<td width=\"101\">KT-08<\/td>\n<td width=\"148\">Pasta blanca a amarilla<\/td>\n<td width=\"94\">5\uff5e8<\/td>\n<td width=\"80\">70\u00b12%<\/td>\n<td width=\"145\">\u22645s \uff085g\/L\uff0c280gNaOH\/L\uff09<\/td>\n<td width=\"119\">\u2265250gNaOH\/L<\/td>\n<\/tr>\n<tr>\n<td width=\"101\">OES-70<\/td>\n<td width=\"148\">&nbsp;<\/p>\n<p>Sustancia pastosa de color amarillo claro<\/td>\n<td width=\"94\">5\uff5e8<\/td>\n<td width=\"80\">70\u00b12%<\/td>\n<td width=\"145\">\u22645s \uff085g\/L\uff0c200gNaOH\/L\uff09<\/td>\n<td width=\"119\">\u2265200gNaOH\/L<\/td>\n<\/tr>\n<tr>\n<td width=\"101\">OEA<\/td>\n<td width=\"148\">&nbsp;<\/p>\n<p>Sustancia pastosa de color amarillo claro<\/td>\n<td width=\"94\">5\uff5e8<\/td>\n<td width=\"80\">\u226560%<\/td>\n<td width=\"145\">\u22645s \uff085g\/L\uff0c25\u2103\uff09<\/td>\n<td width=\"119\">\u2265150gNaOH\/L<\/td>\n<\/tr>\n<tr>\n<td width=\"101\">OASE<\/td>\n<td width=\"148\">&nbsp;<\/p>\n<p>Sustancia pastosa de color amarillo claro<\/td>\n<td width=\"94\">5\uff5e8<\/td>\n<td width=\"80\">\u226560%<\/td>\n<td width=\"145\">\u22645s \uff085g\/L\uff0c25\u2103\uff09<\/td>\n<td width=\"119\">\u2265180gNaOH\/L<\/td>\n<\/tr>\n<\/tbody>\n<\/table>\n<h4>\nOEP-98<\/h4>\n<p>&nbsp;<\/p>\n<p>1.Este producto presenta una gran capacidad desengrasante, emulsionante, dispersante, penetrante y limpiadora en condiciones alcalinas, es resistente a la oxidaci\u00f3n y a los agentes reductores, y tiene una buena estabilidad frente al per\u00f3xido de hidr\u00f3geno.<\/p>\n<ol start=\"2\">\n<li>Este producto se utiliza principalmente para la producci\u00f3n de agentes de refinado anti\u00e1lcali y penetrantes de acabado de seda, entre otros auxiliares de estampaci\u00f3n y te\u00f1ido.<\/li>\n<\/ol>\n<h4>TEP<\/h4>\n<p>&nbsp;<\/p>\n<p>1.Este producto tiene un poder de penetraci\u00f3n extremadamente fuerte en condiciones fuertemente alcalinas y de alta temperatura. Posee excelentes funciones de emulsificaci\u00f3n, eliminaci\u00f3n de aceite y lavado. Durante el proceso de blanqueo con \u00e1lcali y ox\u00edgeno, puede emulsionar y eliminar r\u00e1pidamente el material de pulpa, mejorando significativamente el rendimiento de las fibras.<\/p>\n<ol start=\"2\">\n<li>Puede componerse con OEP-70, OASE, RP98, etc. para formar un agente de acabado eficaz y altamente resistente a los \u00e1lcalis. Se utiliza principalmente en la producci\u00f3n de penetrantes, agentes de acabado y detergentes.<\/li>\n<\/ol>\n<h4>RP-98<\/h4>\n<p>&nbsp;<\/p>\n<p>1. Este producto tiene una gran capacidad humectante, emulsionante y dispersante en condiciones neutras. Se utiliza principalmente en la producci\u00f3n de penetrantes y agentes humectantes. En el proceso de blanqueo con sulfito s\u00f3dico, inhibe la agregaci\u00f3n de otros tensioactivos y evita la formaci\u00f3n de manchas blancas.<\/p>\n<h4>KT-08 OES-70<\/h4>\n<p>&nbsp;<\/p>\n<p>Este producto no contiene f\u00f3sforo y es respetuoso con el medio ambiente. No tiene actividad superficial en condiciones neutras y tiene un poder de penetraci\u00f3n extremadamente fuerte en soluciones alcalinas concentradas. Est\u00e1 especialmente indicado para fabricar penetrantes para el lavado de la seda o agentes de acabado antialcalinos.<\/p>\n<h4>OEA OASE<\/h4>\n<p>&nbsp;<\/p>\n<ol>\n<li>Este producto no contiene f\u00f3sforo y es respetuoso con el medio ambiente. Es soluble en agua (alcalina) y tiene actividad superficial tanto en condiciones neutras como alcalinas. Tambi\u00e9n tiene una gran capacidad de penetraci\u00f3n, dispersi\u00f3n, emulsi\u00f3n y limpieza a altas temperaturas y en soluciones alcalinas concentradas (sus diversas propiedades han superado a las del alquil sulfonato de sodio secundario).<\/li>\n<li>Este producto no requiere la adici\u00f3n de tensioactivos de tipo \u00e9ster de fosfato para mejorar su resistencia a los \u00e1lcalis. Cuando se utiliza solo en el proceso de pretratamiento, puede lograr excelentes resultados de refinado.<\/li>\n<li>Cuando este producto se combina con tensioactivos no i\u00f3nicos, puede conseguir un coste de producto satisfactorio, un aspecto excelente, una excelente capacidad de penetraci\u00f3n, una excelente resistencia a los \u00e1lcalis y un buen brillo de los tejidos.<\/li>\n<li>Dado que este producto no contiene f\u00f3sforo, puede utilizarse para fabricar agentes refinadores y agentes penetrantes altamente eficaces y respetuosos con el medio ambiente para procesos de impresi\u00f3n y te\u00f1ido.<\/li>\n<\/ol>\n<p>Embalaje y almacenamiento<\/p>\n<p>Embalaje en barril de pl\u00e1stico de 50 kg.<\/p>\n<p>De acuerdo con el almacenamiento y transporte de productos qu\u00edmicos en general.<\/p>\n<p>Almacenar en un lugar seco y bien ventilado.<\/p>\n<p>Caducidad: dos a\u00f1os.<\/p>\n<p>&nbsp;<\/p>","protected":false},"excerpt":{"rendered":"<p>specification appearance \uff0825\u2103\uff09 pH value (1% aqueous solution) Content seepage force Alkali resistance OEP-98 Light yellow transparent viscous liquid \u22643 \u226598% 6\uff5e8s\u00a0\uff085g\/L\uff0c100gNaOH\/L\uff09 250gNaOH\/LNo oil spill TEP Light yellow transparent viscous liquid \u22643 \u226598% \u226460s\u00a0\uff085g\/L\uff0c100gNaOH\/L\uff09 \u2014 RP-98 &nbsp; Light yellow transparent viscous liquid \u22643 \u226598% \u22645s\u00a0\uff085g\/L\uff0c25\u2103\uff0cneutral\uff09 \u2014 KT-08 White to yellow paste 5\uff5e8 70\u00b12% \u22645s\u00a0\uff085g\/L\uff0c280gNaOH\/L\uff09 \u2265250gNaOH\/L [&hellip;]<\/p>\n","protected":false},"featured_media":4557,"template":"","meta":{"_seopress_robots_primary_cat":"","_seopress_titles_title":"","_seopress_titles_desc":"","_seopress_robots_index":"","_uag_custom_page_level_css":"","site-sidebar-layout":"default","site-content-layout":"","ast-site-content-layout":"default","site-content-style":"default","site-sidebar-style":"default","ast-global-header-display":"","ast-banner-title-visibility":"","ast-main-header-display":"","ast-hfb-above-header-display":"","ast-hfb-below-header-display":"","ast-hfb-mobile-header-display":"","site-post-title":"","ast-breadcrumbs-content":"","ast-featured-img":"","footer-sml-layout":"","theme-transparent-header-meta":"default","adv-header-id-meta":"","stick-header-meta":"default","header-above-stick-meta":"","header-main-stick-meta":"","header-below-stick-meta":"","astra-migrate-meta-layouts":"set","ast-page-background-enabled":"default","ast-page-background-meta":{"desktop":{"background-color":"","background-image":"","background-repeat":"repeat","background-position":"center center","background-size":"auto","background-attachment":"scroll","background-type":"","background-media":"","overlay-type":"","overlay-color":"","overlay-opacity":"","overlay-gradient":""},"tablet":{"background-color":"","background-image":"","background-repeat":"repeat","background-position":"center center","background-size":"auto","background-attachment":"scroll","background-type":"","background-media":"","overlay-type":"","overlay-color":"","overlay-opacity":"","overlay-gradient":""},"mobile":{"background-color":"","background-image":"","background-repeat":"repeat","background-position":"center center","background-size":"auto","background-attachment":"scroll","background-type":"","background-media":"","overlay-type":"","overlay-color":"","overlay-opacity":"","overlay-gradient":""}},"ast-content-background-meta":{"desktop":{"background-color":"var(--ast-global-color-5)","background-image":"","background-repeat":"repeat","background-position":"center center","background-size":"auto","background-attachment":"scroll","background-type":"","background-media":"","overlay-type":"","overlay-color":"","overlay-opacity":"","overlay-gradient":""},"tablet":{"background-color":"var(--ast-global-color-5)","background-image":"","background-repeat":"repeat","background-position":"center center","background-size":"auto","background-attachment":"scroll","background-type":"","background-media":"","overlay-type":"","overlay-color":"","overlay-opacity":"","overlay-gradient":""},"mobile":{"background-color":"var(--ast-global-color-5)","background-image":"","background-repeat":"repeat","background-position":"center center","background-size":"auto","background-attachment":"scroll","background-type":"","background-media":"","overlay-type":"","overlay-color":"","overlay-opacity":"","overlay-gradient":""}}},"product_brand":[],"product_cat":[69],"product_tag":[],"class_list":{"0":"post-4549","1":"product","2":"type-product","3":"status-publish","4":"has-post-thumbnail","6":"product_cat-daily-chemical-product","7":"desktop-align-left","8":"tablet-align-left","9":"mobile-align-left","10":"ast-product-gallery-layout-horizontal-slider","11":"ast-product-gallery-with-no-image","12":"ast-product-tabs-layout-horizontal","14":"first","15":"instock","16":"shipping-taxable","17":"product-type-simple"},"uagb_featured_image_src":{"full":["https:\/\/jinancuchem.com\/wp-content\/uploads\/2025\/07\/\u672a\u6807\u9898-1-41.jpg",800,800,false],"thumbnail":["https:\/\/jinancuchem.com\/wp-content\/uploads\/2025\/07\/\u672a\u6807\u9898-1-41-150x150.jpg",150,150,true],"medium":["https:\/\/jinancuchem.com\/wp-content\/uploads\/2025\/07\/\u672a\u6807\u9898-1-41-300x300.jpg",300,300,true],"medium_large":["https:\/\/jinancuchem.com\/wp-content\/uploads\/2025\/07\/\u672a\u6807\u9898-1-41-768x768.jpg",768,768,true],"large":["https:\/\/jinancuchem.com\/wp-content\/uploads\/2025\/07\/\u672a\u6807\u9898-1-41.jpg",800,800,false],"1536x1536":["https:\/\/jinancuchem.com\/wp-content\/uploads\/2025\/07\/\u672a\u6807\u9898-1-41.jpg",800,800,false],"2048x2048":["https:\/\/jinancuchem.com\/wp-content\/uploads\/2025\/07\/\u672a\u6807\u9898-1-41.jpg",800,800,false],"trp-custom-language-flag":["https:\/\/jinancuchem.com\/wp-content\/uploads\/2025\/07\/\u672a\u6807\u9898-1-41-12x12.jpg",12,12,true],"woocommerce_thumbnail":["https:\/\/jinancuchem.com\/wp-content\/uploads\/2025\/07\/\u672a\u6807\u9898-1-41-300x300.jpg",300,300,true],"woocommerce_single":["https:\/\/jinancuchem.com\/wp-content\/uploads\/2025\/07\/\u672a\u6807\u9898-1-41-500x500.jpg",500,500,true],"woocommerce_gallery_thumbnail":["https:\/\/jinancuchem.com\/wp-content\/uploads\/2025\/07\/\u672a\u6807\u9898-1-41-100x100.jpg",100,100,true]},"uagb_author_info":{"display_name":"jinxing6611@gmail.com","author_link":"https:\/\/jinancuchem.com\/es\/author\/"},"uagb_comment_info":0,"uagb_excerpt":"specification appearance \uff0825\u2103\uff09 pH value (1% aqueous solution) Content seepage force Alkali resistance OEP-98 Light yellow transparent viscous liquid \u22643 \u226598% 6\uff5e8s\u00a0\uff085g\/L\uff0c100gNaOH\/L\uff09 250gNaOH\/LNo oil spill TEP Light yellow transparent viscous liquid \u22643 \u226598% \u226460s\u00a0\uff085g\/L\uff0c100gNaOH\/L\uff09 \u2014 RP-98 &nbsp; Light yellow transparent viscous liquid \u22643 \u226598% \u22645s\u00a0\uff085g\/L\uff0c25\u2103\uff0cneutral\uff09 \u2014 KT-08 White to yellow paste 5\uff5e8 70\u00b12% \u22645s\u00a0\uff085g\/L\uff0c280gNaOH\/L\uff09 \u2265250gNaOH\/L&hellip;","_links":{"self":[{"href":"https:\/\/jinancuchem.com\/es\/wp-json\/wp\/v2\/product\/4549","targetHints":{"allow":["GET"]}}],"collection":[{"href":"https:\/\/jinancuchem.com\/es\/wp-json\/wp\/v2\/product"}],"about":[{"href":"https:\/\/jinancuchem.com\/es\/wp-json\/wp\/v2\/types\/product"}],"wp:featuredmedia":[{"embeddable":true,"href":"https:\/\/jinancuchem.com\/es\/wp-json\/wp\/v2\/media\/4557"}],"wp:attachment":[{"href":"https:\/\/jinancuchem.com\/es\/wp-json\/wp\/v2\/media?parent=4549"}],"wp:term":[{"taxonomy":"product_brand","embeddable":true,"href":"https:\/\/jinancuchem.com\/es\/wp-json\/wp\/v2\/product_brand?post=4549"},{"taxonomy":"product_cat","embeddable":true,"href":"https:\/\/jinancuchem.com\/es\/wp-json\/wp\/v2\/product_cat?post=4549"},{"taxonomy":"product_tag","embeddable":true,"href":"https:\/\/jinancuchem.com\/es\/wp-json\/wp\/v2\/product_tag?post=4549"}],"curies":[{"name":"wp","href":"https:\/\/api.w.org\/{rel}","templated":true}]}}