{"id":4568,"date":"2025-07-25T06:32:43","date_gmt":"2025-07-25T06:32:43","guid":{"rendered":"https:\/\/jinancuchem.com\/?post_type=product&#038;p=4568"},"modified":"2025-07-25T06:32:44","modified_gmt":"2025-07-25T06:32:44","slug":"low-foam-alkali-resistant-silk-penetrant-ha-lf","status":"publish","type":"product","link":"https:\/\/jinancuchem.com\/es\/producto\/low-foam-alkali-resistant-silk-penetrant-ha-lf\/","title":{"rendered":"Penetrante de seda de baja espuma resistente a los \u00e1lcalis HA-LF"},"content":{"rendered":"<h4>1.Propiedad del producto<\/h4>\n<p>HA-LF es un penetrante resistente a los \u00e1lcalis, de baja formaci\u00f3n de espuma, que se utiliza principalmente en soluciones de hidr\u00f3xido s\u00f3dico de alta concentraci\u00f3n. Sus procesos de aplicaci\u00f3n t\u00edpicos incluyen la mercerizaci\u00f3n y la deslignificaci\u00f3n alcalina.<\/p>\n<h4>2.<\/h4>\n<p>&nbsp;<\/p>\n<table>\n<tbody>\n<tr>\n<td><strong><b>Par\u00e1metro<\/b><\/strong><\/td>\n<td width=\"350\"><strong><b>Especificaci\u00f3n<\/b><\/strong><\/td>\n<\/tr>\n<tr>\n<td><strong><b>Apariencia<\/b><\/strong><\/td>\n<td width=\"350\">L\u00edquido entre transparente y amarillo p\u00e1lido<\/td>\n<\/tr>\n<tr>\n<td><strong><b>Contenido activo (%)<\/b><\/strong><\/td>\n<td width=\"350\">65.0 \u00b1 2.0<\/td>\n<\/tr>\n<tr>\n<td><strong><b>pH (soluci\u00f3n acuosa 1%)<\/b><\/strong><\/td>\n<td width=\"350\">7.0 &#8211; 9.0<\/td>\n<\/tr>\n<tr>\n<td><strong><b>Viscosidad @25\u00b0C (cP)<\/b><\/strong><\/td>\n<td width=\"350\">100 &#8211; 300<\/td>\n<\/tr>\n<tr>\n<td><strong><b>Estabilidad alcalina<\/b><\/strong><\/td>\n<td width=\"350\">Estable en 50\u00b0 B\u00e9 NaOH (24h)<\/td>\n<\/tr>\n<tr>\n<td><strong><b>Tiempo de humectaci\u00f3n (s)<\/b><\/strong><\/td>\n<td width=\"350\">\u22643 (5g\/L, 25\u00b0C)<\/td>\n<\/tr>\n<tr>\n<td><strong><b>Altura de la espuma (0,1%, mm)<\/b><\/strong><\/td>\n<td width=\"350\">\u226420 (inicial)<\/td>\n<\/tr>\n<\/tbody>\n<\/table>\n<p>&nbsp;<\/p>\n<h4>3.\u00c1mbito de aplicaci\u00f3n y uso<\/h4>\n<p>El agente penetrante de seda HA-LF, de baja espuma y resistente a los \u00e1lcalis, se utiliza principalmente para el tratamiento de seda de tejidos de algod\u00f3n. Puede penetrar r\u00e1pidamente en una soluci\u00f3n alcalina concentrada, lo que reduce el tiempo de procesamiento y no da\u00f1a las fibras. Es adecuado para l\u00edneas de producci\u00f3n de alta velocidad, resistente a altas temperaturas (por encima de 95\u00b0C) y casi sin espuma, apto para procesos de vaporizado por laminaci\u00f3n y apilado en fr\u00edo. Puede reducir la tensi\u00f3n del tejido, mejorar la estabilidad dimensional, ahorrar agua y energ\u00eda. Es compatible con el per\u00f3xido de hidr\u00f3geno, pero debe evitarse mezclarlo con aditivos cati\u00f3nicos.<\/p>\n<h4>4.Embalaje y almacenamiento<\/h4>\n<p>&nbsp;<\/p>\n<p>Embalaje en barril de pl\u00e1stico de 50 kg.<\/p>\n<p>De acuerdo con el almacenamiento y transporte de productos qu\u00edmicos en general.<\/p>\n<p>Almacenar en un lugar seco y bien ventilado.<\/p>\n<p>Caducidad: dos a\u00f1os.<\/p>\n<p>&nbsp;<\/p>","protected":false},"excerpt":{"rendered":"<p>1.Product Property HA-LF is a low-foaming alkali-resistant penetrant, mainly used in high-concentration sodium hydroxide solutions. Its typical application processes include mercerization and alkali delignification. 2. &nbsp; Parameter Specification Appearance Clear to pale yellow liquid Active Content (%) 65.0 \u00b1 2.0 pH (1% aqueous solution) 7.0 &#8211; 9.0 Viscosity @25\u00b0C (cP) 100 &#8211; 300 Alkali Stability [&hellip;]<\/p>\n","protected":false},"featured_media":4574,"template":"","meta":{"_seopress_robots_primary_cat":"","_seopress_titles_title":"","_seopress_titles_desc":"","_seopress_robots_index":"","_uag_custom_page_level_css":"","site-sidebar-layout":"default","site-content-layout":"","ast-site-content-layout":"default","site-content-style":"default","site-sidebar-style":"default","ast-global-header-display":"","ast-banner-title-visibility":"","ast-main-header-display":"","ast-hfb-above-header-display":"","ast-hfb-below-header-display":"","ast-hfb-mobile-header-display":"","site-post-title":"","ast-breadcrumbs-content":"","ast-featured-img":"","footer-sml-layout":"","theme-transparent-header-meta":"default","adv-header-id-meta":"","stick-header-meta":"default","header-above-stick-meta":"","header-main-stick-meta":"","header-below-stick-meta":"","astra-migrate-meta-layouts":"set","ast-page-background-enabled":"default","ast-page-background-meta":{"desktop":{"background-color":"","background-image":"","background-repeat":"repeat","background-position":"center center","background-size":"auto","background-attachment":"scroll","background-type":"","background-media":"","overlay-type":"","overlay-color":"","overlay-opacity":"","overlay-gradient":""},"tablet":{"background-color":"","background-image":"","background-repeat":"repeat","background-position":"center center","background-size":"auto","background-attachment":"scroll","background-type":"","background-media":"","overlay-type":"","overlay-color":"","overlay-opacity":"","overlay-gradient":""},"mobile":{"background-color":"","background-image":"","background-repeat":"repeat","background-position":"center center","background-size":"auto","background-attachment":"scroll","background-type":"","background-media":"","overlay-type":"","overlay-color":"","overlay-opacity":"","overlay-gradient":""}},"ast-content-background-meta":{"desktop":{"background-color":"var(--ast-global-color-5)","background-image":"","background-repeat":"repeat","background-position":"center center","background-size":"auto","background-attachment":"scroll","background-type":"","background-media":"","overlay-type":"","overlay-color":"","overlay-opacity":"","overlay-gradient":""},"tablet":{"background-color":"var(--ast-global-color-5)","background-image":"","background-repeat":"repeat","background-position":"center center","background-size":"auto","background-attachment":"scroll","background-type":"","background-media":"","overlay-type":"","overlay-color":"","overlay-opacity":"","overlay-gradient":""},"mobile":{"background-color":"var(--ast-global-color-5)","background-image":"","background-repeat":"repeat","background-position":"center center","background-size":"auto","background-attachment":"scroll","background-type":"","background-media":"","overlay-type":"","overlay-color":"","overlay-opacity":"","overlay-gradient":""}}},"product_brand":[],"product_cat":[69],"product_tag":[],"class_list":{"0":"post-4568","1":"product","2":"type-product","3":"status-publish","4":"has-post-thumbnail","6":"product_cat-daily-chemical-product","7":"desktop-align-left","8":"tablet-align-left","9":"mobile-align-left","10":"ast-product-gallery-layout-horizontal-slider","11":"ast-product-gallery-with-no-image","12":"ast-product-tabs-layout-horizontal","14":"first","15":"instock","16":"shipping-taxable","17":"product-type-simple"},"uagb_featured_image_src":{"full":["https:\/\/jinancuchem.com\/wp-content\/uploads\/2025\/07\/\u672a\u6807\u9898-1-43.jpg",800,800,false],"thumbnail":["https:\/\/jinancuchem.com\/wp-content\/uploads\/2025\/07\/\u672a\u6807\u9898-1-43-150x150.jpg",150,150,true],"medium":["https:\/\/jinancuchem.com\/wp-content\/uploads\/2025\/07\/\u672a\u6807\u9898-1-43-300x300.jpg",300,300,true],"medium_large":["https:\/\/jinancuchem.com\/wp-content\/uploads\/2025\/07\/\u672a\u6807\u9898-1-43-768x768.jpg",768,768,true],"large":["https:\/\/jinancuchem.com\/wp-content\/uploads\/2025\/07\/\u672a\u6807\u9898-1-43.jpg",800,800,false],"1536x1536":["https:\/\/jinancuchem.com\/wp-content\/uploads\/2025\/07\/\u672a\u6807\u9898-1-43.jpg",800,800,false],"2048x2048":["https:\/\/jinancuchem.com\/wp-content\/uploads\/2025\/07\/\u672a\u6807\u9898-1-43.jpg",800,800,false],"trp-custom-language-flag":["https:\/\/jinancuchem.com\/wp-content\/uploads\/2025\/07\/\u672a\u6807\u9898-1-43-12x12.jpg",12,12,true],"woocommerce_thumbnail":["https:\/\/jinancuchem.com\/wp-content\/uploads\/2025\/07\/\u672a\u6807\u9898-1-43-300x300.jpg",300,300,true],"woocommerce_single":["https:\/\/jinancuchem.com\/wp-content\/uploads\/2025\/07\/\u672a\u6807\u9898-1-43-500x500.jpg",500,500,true],"woocommerce_gallery_thumbnail":["https:\/\/jinancuchem.com\/wp-content\/uploads\/2025\/07\/\u672a\u6807\u9898-1-43-100x100.jpg",100,100,true]},"uagb_author_info":{"display_name":"jinxing6611@gmail.com","author_link":"https:\/\/jinancuchem.com\/es\/author\/"},"uagb_comment_info":0,"uagb_excerpt":"1.Product Property HA-LF is a low-foaming alkali-resistant penetrant, mainly used in high-concentration sodium hydroxide solutions. Its typical application processes include mercerization and alkali delignification. 2. &nbsp; Parameter Specification Appearance Clear to pale yellow liquid Active Content (%) 65.0 \u00b1 2.0 pH (1% aqueous solution) 7.0 &#8211; 9.0 Viscosity @25\u00b0C (cP) 100 &#8211; 300 Alkali Stability&hellip;","_links":{"self":[{"href":"https:\/\/jinancuchem.com\/es\/wp-json\/wp\/v2\/product\/4568","targetHints":{"allow":["GET"]}}],"collection":[{"href":"https:\/\/jinancuchem.com\/es\/wp-json\/wp\/v2\/product"}],"about":[{"href":"https:\/\/jinancuchem.com\/es\/wp-json\/wp\/v2\/types\/product"}],"wp:featuredmedia":[{"embeddable":true,"href":"https:\/\/jinancuchem.com\/es\/wp-json\/wp\/v2\/media\/4574"}],"wp:attachment":[{"href":"https:\/\/jinancuchem.com\/es\/wp-json\/wp\/v2\/media?parent=4568"}],"wp:term":[{"taxonomy":"product_brand","embeddable":true,"href":"https:\/\/jinancuchem.com\/es\/wp-json\/wp\/v2\/product_brand?post=4568"},{"taxonomy":"product_cat","embeddable":true,"href":"https:\/\/jinancuchem.com\/es\/wp-json\/wp\/v2\/product_cat?post=4568"},{"taxonomy":"product_tag","embeddable":true,"href":"https:\/\/jinancuchem.com\/es\/wp-json\/wp\/v2\/product_tag?post=4568"}],"curies":[{"name":"wp","href":"https:\/\/api.w.org\/{rel}","templated":true}]}}