{"id":4592,"date":"2025-07-25T06:40:19","date_gmt":"2025-07-25T06:40:19","guid":{"rendered":"https:\/\/jinancuchem.com\/?post_type=product&#038;p=4592"},"modified":"2025-07-25T06:40:19","modified_gmt":"2025-07-25T06:40:19","slug":"acetonitrile","status":"publish","type":"product","link":"https:\/\/jinancuchem.com\/es\/producto\/acetonitrile\/","title":{"rendered":"Acetonitrilo"},"content":{"rendered":"<p>&nbsp;<\/p>\n<p>\u3010CAS\u301175-05-8<\/p>\n<p>Alias: ACETONITRILO DE FASE M\u00d3VIL;Cianometano;ACN<\/p>\n<p>F\u00f3rmula molecular: C<sub>2<\/sub>H<sub>3<\/sub>N Masa molecular relativa: 41.05<\/p>\n<p>F\u00f3rmula estructural:<\/p>\n<p>&nbsp;<\/p>\n<h4>1.Propiedad del producto<\/h4>\n<p>El acetonitrilo, abreviado como ACN, es el nitrilo org\u00e1nico m\u00e1s simple. Tambi\u00e9n se conoce com\u00fanmente como metanocianuro y nitrilo de metilo. A temperatura ambiente, es un l\u00edquido transparente incoloro, muy vol\u00e1til, con un olor especial similar al del \u00e9ter, inflamable, y cuando arde produce una llama brillante. Es miscible con agua, metanol, tetracloruro de carbono, acetato de metilo, acetato de etilo, dicloroetano y muchos disolventes de hidrocarburos insaturados. Es t\u00f3xico y puede metabolizarse en cianuro de hidr\u00f3geno y \u00e1cido tioci\u00e1nico.<\/p>\n<h4>2.<\/h4>\n<p>&nbsp;<\/p>\n<table>\n<tbody>\n<tr>\n<td><strong><b>Par\u00e1metro<\/b><\/strong><\/td>\n<td width=\"309\"><strong><b>Especificaci\u00f3n<\/b><\/strong><\/td>\n<\/tr>\n<tr>\n<td><strong><b>Apariencia<\/b><\/strong><\/td>\n<td width=\"309\">L\u00edquido transparente e incoloro<\/td>\n<\/tr>\n<tr>\n<td><strong><b>Pureza (%)<\/b><\/strong><\/td>\n<td width=\"309\">\u2265 99.9<\/td>\n<\/tr>\n<tr>\n<td><strong><b>Densidad @20\u00b0C (g\/cm\u00b3)<\/b><\/strong><\/td>\n<td width=\"309\">0.782 &#8211; 0.786<\/td>\n<\/tr>\n<tr>\n<td><strong><b>Contenido de agua (ppm)<\/b><\/strong><\/td>\n<td width=\"309\">\u2264 100<\/td>\n<\/tr>\n<tr>\n<td><strong><b>Acidez (como CH\u2083COOH, ppm)<\/b><\/strong><\/td>\n<td width=\"309\">\u2264 10<\/td>\n<\/tr>\n<tr>\n<td><strong><b>Absorbancia UV<\/b><\/strong><\/td>\n<td width=\"309\">\u2264 0,05 (210 nm)<\/td>\n<\/tr>\n<tr>\n<td><strong><b>Residuo por evaporaci\u00f3n (ppm)<\/b><\/strong><\/td>\n<td width=\"309\">\u2264 5<\/td>\n<\/tr>\n<tr>\n<td><strong><b>APHA Color<\/b><\/strong><\/td>\n<td width=\"309\">\u2264 10<\/td>\n<\/tr>\n<tr>\n<td><strong><b>Metales pesados (como Pb, ppm)<\/b><\/strong><\/td>\n<td width=\"309\">\u2264 0.1<\/td>\n<\/tr>\n<\/tbody>\n<\/table>\n<p>&nbsp;<\/p>\n<h4>3.\u00c1mbito de aplicaci\u00f3n y uso<\/h4>\n<p>Tiene excelentes propiedades disolventes y puede disolver diversas sustancias org\u00e1nicas, inorg\u00e1nicas y gaseosas. Es infinitamente miscible con agua y alcoholes. El acetonitrilo puede someterse a reacciones acilantes t\u00edpicas y se utiliza para preparar muchos compuestos t\u00edpicos que contienen nitr\u00f3geno, lo que lo convierte en un importante intermediario org\u00e1nico.<\/p>\n<h4>4.Embalaje y almacenamiento<\/h4>\n<p>&nbsp;<\/p>\n<p>Este producto se envasa en bidones de hierro. El lugar de almacenamiento debe ser un almac\u00e9n fresco y bien ventilado, alejado de fuentes de fuego y calor. La temperatura del almac\u00e9n no debe superar los 30\u2103 y debe evitarse la luz solar directa. Debe prestarse especial atenci\u00f3n a que el envase est\u00e9 intacto para evitar fugas e intoxicaciones.<\/p>","protected":false},"excerpt":{"rendered":"<p>&nbsp; \u3010CAS\u301175-05-8 Alias: MOBILE PHASE ACETONITRILE;Cyanomethan;ACN Molecular formula: C2H3N \u00a0Relative molecular mass: 41.05 Structural formula: &nbsp; 1.Product Property Acetonitrile, abbreviated as ACN, is the simplest organic nitrile. It is also commonly known as methanecyanide and methyl nitrile. At room temperature, it is a colorless transparent liquid, highly volatile, with a special odor similar to ether, [&hellip;]<\/p>\n","protected":false},"featured_media":4599,"template":"","meta":{"_seopress_robots_primary_cat":"","_seopress_titles_title":"","_seopress_titles_desc":"","_seopress_robots_index":"","_uag_custom_page_level_css":"","site-sidebar-layout":"default","site-content-layout":"","ast-site-content-layout":"default","site-content-style":"default","site-sidebar-style":"default","ast-global-header-display":"","ast-banner-title-visibility":"","ast-main-header-display":"","ast-hfb-above-header-display":"","ast-hfb-below-header-display":"","ast-hfb-mobile-header-display":"","site-post-title":"","ast-breadcrumbs-content":"","ast-featured-img":"","footer-sml-layout":"","theme-transparent-header-meta":"default","adv-header-id-meta":"","stick-header-meta":"default","header-above-stick-meta":"","header-main-stick-meta":"","header-below-stick-meta":"","astra-migrate-meta-layouts":"set","ast-page-background-enabled":"default","ast-page-background-meta":{"desktop":{"background-color":"","background-image":"","background-repeat":"repeat","background-position":"center center","background-size":"auto","background-attachment":"scroll","background-type":"","background-media":"","overlay-type":"","overlay-color":"","overlay-opacity":"","overlay-gradient":""},"tablet":{"background-color":"","background-image":"","background-repeat":"repeat","background-position":"center center","background-size":"auto","background-attachment":"scroll","background-type":"","background-media":"","overlay-type":"","overlay-color":"","overlay-opacity":"","overlay-gradient":""},"mobile":{"background-color":"","background-image":"","background-repeat":"repeat","background-position":"center center","background-size":"auto","background-attachment":"scroll","background-type":"","background-media":"","overlay-type":"","overlay-color":"","overlay-opacity":"","overlay-gradient":""}},"ast-content-background-meta":{"desktop":{"background-color":"var(--ast-global-color-5)","background-image":"","background-repeat":"repeat","background-position":"center center","background-size":"auto","background-attachment":"scroll","background-type":"","background-media":"","overlay-type":"","overlay-color":"","overlay-opacity":"","overlay-gradient":""},"tablet":{"background-color":"var(--ast-global-color-5)","background-image":"","background-repeat":"repeat","background-position":"center center","background-size":"auto","background-attachment":"scroll","background-type":"","background-media":"","overlay-type":"","overlay-color":"","overlay-opacity":"","overlay-gradient":""},"mobile":{"background-color":"var(--ast-global-color-5)","background-image":"","background-repeat":"repeat","background-position":"center center","background-size":"auto","background-attachment":"scroll","background-type":"","background-media":"","overlay-type":"","overlay-color":"","overlay-opacity":"","overlay-gradient":""}}},"product_brand":[],"product_cat":[69],"product_tag":[],"class_list":{"0":"post-4592","1":"product","2":"type-product","3":"status-publish","4":"has-post-thumbnail","6":"product_cat-daily-chemical-product","7":"desktop-align-left","8":"tablet-align-left","9":"mobile-align-left","10":"ast-product-gallery-layout-horizontal-slider","11":"ast-product-gallery-with-no-image","12":"ast-product-tabs-layout-horizontal","14":"first","15":"instock","16":"shipping-taxable","17":"product-type-simple"},"uagb_featured_image_src":{"full":["https:\/\/jinancuchem.com\/wp-content\/uploads\/2025\/07\/\u672a\u6807\u9898-1-46.jpg",800,800,false],"thumbnail":["https:\/\/jinancuchem.com\/wp-content\/uploads\/2025\/07\/\u672a\u6807\u9898-1-46-150x150.jpg",150,150,true],"medium":["https:\/\/jinancuchem.com\/wp-content\/uploads\/2025\/07\/\u672a\u6807\u9898-1-46-300x300.jpg",300,300,true],"medium_large":["https:\/\/jinancuchem.com\/wp-content\/uploads\/2025\/07\/\u672a\u6807\u9898-1-46-768x768.jpg",768,768,true],"large":["https:\/\/jinancuchem.com\/wp-content\/uploads\/2025\/07\/\u672a\u6807\u9898-1-46.jpg",800,800,false],"1536x1536":["https:\/\/jinancuchem.com\/wp-content\/uploads\/2025\/07\/\u672a\u6807\u9898-1-46.jpg",800,800,false],"2048x2048":["https:\/\/jinancuchem.com\/wp-content\/uploads\/2025\/07\/\u672a\u6807\u9898-1-46.jpg",800,800,false],"trp-custom-language-flag":["https:\/\/jinancuchem.com\/wp-content\/uploads\/2025\/07\/\u672a\u6807\u9898-1-46-12x12.jpg",12,12,true],"woocommerce_thumbnail":["https:\/\/jinancuchem.com\/wp-content\/uploads\/2025\/07\/\u672a\u6807\u9898-1-46-300x300.jpg",300,300,true],"woocommerce_single":["https:\/\/jinancuchem.com\/wp-content\/uploads\/2025\/07\/\u672a\u6807\u9898-1-46-500x500.jpg",500,500,true],"woocommerce_gallery_thumbnail":["https:\/\/jinancuchem.com\/wp-content\/uploads\/2025\/07\/\u672a\u6807\u9898-1-46-100x100.jpg",100,100,true]},"uagb_author_info":{"display_name":"jinxing6611@gmail.com","author_link":"https:\/\/jinancuchem.com\/es\/author\/"},"uagb_comment_info":0,"uagb_excerpt":"&nbsp; \u3010CAS\u301175-05-8 Alias: MOBILE PHASE ACETONITRILE;Cyanomethan;ACN Molecular formula: C2H3N \u00a0Relative molecular mass: 41.05 Structural formula: &nbsp; 1.Product Property Acetonitrile, abbreviated as ACN, is the simplest organic nitrile. It is also commonly known as methanecyanide and methyl nitrile. At room temperature, it is a colorless transparent liquid, highly volatile, with a special odor similar to ether,&hellip;","_links":{"self":[{"href":"https:\/\/jinancuchem.com\/es\/wp-json\/wp\/v2\/product\/4592","targetHints":{"allow":["GET"]}}],"collection":[{"href":"https:\/\/jinancuchem.com\/es\/wp-json\/wp\/v2\/product"}],"about":[{"href":"https:\/\/jinancuchem.com\/es\/wp-json\/wp\/v2\/types\/product"}],"wp:featuredmedia":[{"embeddable":true,"href":"https:\/\/jinancuchem.com\/es\/wp-json\/wp\/v2\/media\/4599"}],"wp:attachment":[{"href":"https:\/\/jinancuchem.com\/es\/wp-json\/wp\/v2\/media?parent=4592"}],"wp:term":[{"taxonomy":"product_brand","embeddable":true,"href":"https:\/\/jinancuchem.com\/es\/wp-json\/wp\/v2\/product_brand?post=4592"},{"taxonomy":"product_cat","embeddable":true,"href":"https:\/\/jinancuchem.com\/es\/wp-json\/wp\/v2\/product_cat?post=4592"},{"taxonomy":"product_tag","embeddable":true,"href":"https:\/\/jinancuchem.com\/es\/wp-json\/wp\/v2\/product_tag?post=4592"}],"curies":[{"name":"wp","href":"https:\/\/api.w.org\/{rel}","templated":true}]}}