{"id":4604,"date":"2025-07-25T06:43:08","date_gmt":"2025-07-25T06:43:08","guid":{"rendered":"https:\/\/jinancuchem.com\/?post_type=product&#038;p=4604"},"modified":"2025-07-25T06:43:08","modified_gmt":"2025-07-25T06:43:08","slug":"tetrasodium-pyrophosphate-food-grade","status":"publish","type":"product","link":"https:\/\/jinancuchem.com\/es\/producto\/tetrasodium-pyrophosphate-food-grade\/","title":{"rendered":"PIROFOSFATO TETRAS\u00d3DICO DE CALIDAD ALIMENTARIA"},"content":{"rendered":"<p><strong><b>F\u00f3rmula molecular:<\/b><\/strong>Na4P2O7;Na4P2O7\u00b710H2O<\/p>\n<p><strong><b>Peso molecular:\u00a0<\/b><\/strong>265.91;446.07<\/p>\n<p><strong><b>N\u00ba CAS.:<\/b><\/strong>7722-88-5(Anhydrous);13472-36-1(Decahydrate )<\/p>\n<p><strong><b>\u3010F\u00f3rmula estructural\u3011<img alt=\"\" decoding=\"async\" class=\"alignnone size-full wp-image-4608\" src=\"https:\/\/jinancuchem.com\/wp-content\/uploads\/2025\/07\/\u56fe\u724752.png\" width=\"226\" height=\"147\" srcset=\"https:\/\/jinancuchem.com\/wp-content\/uploads\/2025\/07\/\u56fe\u724752.png 226w, https:\/\/jinancuchem.com\/wp-content\/uploads\/2025\/07\/\u56fe\u724752-18x12.png 18w\" sizes=\"(max-width: 226px) 100vw, 226px\" \/><\/b><\/strong><\/p>\n<h3><\/h3>\n<h4><strong><b>1. Propiedad del producto<\/b><\/strong><\/h4>\n<p>El pirofosfato s\u00f3dico de calidad alimentaria es un polvo cristalino blanco o un s\u00f3lido granular, muy soluble en agua pero insoluble en alcohol. Tiene un pH fuertemente alcalino (9,9-10,7 en soluci\u00f3n de 10 g\/L) y act\u00faa como agente quelante de iones met\u00e1licos. La forma anhidra funde a 880\u00b0C, mientras que el decahidrato pierde agua a 100\u00b0C. Es higrosc\u00f3pico, absorbe la humedad del aire y se hidroliza a fosfato dis\u00f3dico cuando se hierve en agua.<\/p>\n<h3><\/h3>\n<h4><strong><b>2. Normas de calidad<\/b><\/strong><\/h4>\n<table>\n<tbody>\n<tr>\n<td><strong><b>Par\u00e1metro<\/b><\/strong><\/td>\n<td><strong><b>Especificaci\u00f3n <\/b><\/strong><\/td>\n<\/tr>\n<tr>\n<td><strong><b>Ensayo (Na\u2084P\u2082O\u2087)<\/b><\/strong><\/td>\n<td>\u2265 96,5% (anhidro) \/ \u2265 98,0% (decahidrato)<\/td>\n<\/tr>\n<tr>\n<td><strong><b>pH (soluci\u00f3n 10 g\/L)<\/b><\/strong><\/td>\n<td>9.9-10.7<\/td>\n<\/tr>\n<tr>\n<td><strong><b>Ars\u00e9nico (As)<\/b><\/strong><\/td>\n<td>\u2264 3 mg\/kg<\/td>\n<\/tr>\n<tr>\n<td><strong><b>Metales pesados (Pb)<\/b><\/strong><\/td>\n<td>\u2264 10 mg\/kg<\/td>\n<\/tr>\n<tr>\n<td><strong><b>Fluoruro (F)<\/b><\/strong><\/td>\n<td>\u2264 50 mg\/kg<\/td>\n<\/tr>\n<tr>\n<td><strong><b>Insolubles en agua<\/b><\/strong><\/td>\n<td>\u2264 0,2%<\/td>\n<\/tr>\n<tr>\n<td><strong><b>Prueba de fosfato<\/b><\/strong><\/td>\n<td>Pases<\/td>\n<\/tr>\n<tr>\n<td><strong><b>P\u00e9rdida en el encendido<\/b><\/strong><\/td>\n<td>\u2264 0,5% (anhidro)<\/td>\n<\/tr>\n<\/tbody>\n<\/table>\n<h3><\/h3>\n<h4><strong><b>3. \u00c1mbito de aplicaci\u00f3n y uso<\/b><\/strong><\/h4>\n<p>Como aditivo alimentario, act\u00faa como mejorador de la calidad. En productos c\u00e1rnicos, retiene la humedad, mejora la ternura y la jugosidad. En el marisco, evita la decoloraci\u00f3n. Se utiliza en productos l\u00e1cteos para estabilizar emulsiones y en productos horneados para mejorar la textura. Tambi\u00e9n funciona como secuestrante en bebidas, con niveles de uso generalmente de 0,05% - 0,5%, siguiendo la normativa sobre aditivos alimentarios.<\/p>\n<h3><\/h3>\n<h4><strong><b>4. Embalaje y almacenamiento<\/b><\/strong><\/h4>\n<p>Envasado en bolsas tejidas forradas de polietileno, bolsas de papel o bolsas de pl\u00e1stico compuestas, con pesos netos comunes como 25kg\/50kg. Almacenar en un almac\u00e9n fresco, seco y ventilado. Evitar la humedad, la luz solar directa y el contacto con \u00e1cidos. Mant\u00e9ngase sellado para evitar el apelmazamiento y el deterioro de la calidad. La vida \u00fatil es de unos 24 meses en condiciones de almacenamiento adecuadas.<\/p>","protected":false},"excerpt":{"rendered":"<p>Molecular Formula:Na4P2O7;Na4P2O7\u00b710H2O Molecular Weight:\u00a0265.91;446.07 CAS NO.:7722-88-5(Anhydrous);13472-36-1(Decahydrate ) \u3010Structural Formula\u3011 1. Product Property Food-grade sodium pyrophosphate is a\u00a0white crystalline powder or granular solid, highly soluble in water but insoluble in alcohol. It has a\u00a0strong alkaline pH (9.9\u201310.7 in 10 g\/L solution)\u00a0and acts as a\u00a0chelating agent for metal ions. The anhydrous form melts at\u00a0880\u00b0C, while the decahydrate [&hellip;]<\/p>\n","protected":false},"featured_media":4609,"template":"","meta":{"_seopress_robots_primary_cat":"","_seopress_titles_title":"","_seopress_titles_desc":"","_seopress_robots_index":"","_uag_custom_page_level_css":"","site-sidebar-layout":"default","site-content-layout":"","ast-site-content-layout":"default","site-content-style":"default","site-sidebar-style":"default","ast-global-header-display":"","ast-banner-title-visibility":"","ast-main-header-display":"","ast-hfb-above-header-display":"","ast-hfb-below-header-display":"","ast-hfb-mobile-header-display":"","site-post-title":"","ast-breadcrumbs-content":"","ast-featured-img":"","footer-sml-layout":"","theme-transparent-header-meta":"default","adv-header-id-meta":"","stick-header-meta":"default","header-above-stick-meta":"","header-main-stick-meta":"","header-below-stick-meta":"","astra-migrate-meta-layouts":"set","ast-page-background-enabled":"default","ast-page-background-meta":{"desktop":{"background-color":"","background-image":"","background-repeat":"repeat","background-position":"center center","background-size":"auto","background-attachment":"scroll","background-type":"","background-media":"","overlay-type":"","overlay-color":"","overlay-opacity":"","overlay-gradient":""},"tablet":{"background-color":"","background-image":"","background-repeat":"repeat","background-position":"center center","background-size":"auto","background-attachment":"scroll","background-type":"","background-media":"","overlay-type":"","overlay-color":"","overlay-opacity":"","overlay-gradient":""},"mobile":{"background-color":"","background-image":"","background-repeat":"repeat","background-position":"center center","background-size":"auto","background-attachment":"scroll","background-type":"","background-media":"","overlay-type":"","overlay-color":"","overlay-opacity":"","overlay-gradient":""}},"ast-content-background-meta":{"desktop":{"background-color":"var(--ast-global-color-5)","background-image":"","background-repeat":"repeat","background-position":"center center","background-size":"auto","background-attachment":"scroll","background-type":"","background-media":"","overlay-type":"","overlay-color":"","overlay-opacity":"","overlay-gradient":""},"tablet":{"background-color":"var(--ast-global-color-5)","background-image":"","background-repeat":"repeat","background-position":"center center","background-size":"auto","background-attachment":"scroll","background-type":"","background-media":"","overlay-type":"","overlay-color":"","overlay-opacity":"","overlay-gradient":""},"mobile":{"background-color":"var(--ast-global-color-5)","background-image":"","background-repeat":"repeat","background-position":"center center","background-size":"auto","background-attachment":"scroll","background-type":"","background-media":"","overlay-type":"","overlay-color":"","overlay-opacity":"","overlay-gradient":""}}},"product_brand":[],"product_cat":[67],"product_tag":[],"class_list":{"0":"post-4604","1":"product","2":"type-product","3":"status-publish","4":"has-post-thumbnail","6":"product_cat-food-additives","7":"desktop-align-left","8":"tablet-align-left","9":"mobile-align-left","10":"ast-product-gallery-layout-horizontal-slider","11":"ast-product-gallery-with-no-image","12":"ast-product-tabs-layout-horizontal","14":"first","15":"instock","16":"shipping-taxable","17":"product-type-simple"},"uagb_featured_image_src":{"full":["https:\/\/jinancuchem.com\/wp-content\/uploads\/2025\/07\/52.png",800,800,false],"thumbnail":["https:\/\/jinancuchem.com\/wp-content\/uploads\/2025\/07\/52-150x150.png",150,150,true],"medium":["https:\/\/jinancuchem.com\/wp-content\/uploads\/2025\/07\/52-300x300.png",300,300,true],"medium_large":["https:\/\/jinancuchem.com\/wp-content\/uploads\/2025\/07\/52-768x768.png",768,768,true],"large":["https:\/\/jinancuchem.com\/wp-content\/uploads\/2025\/07\/52.png",800,800,false],"1536x1536":["https:\/\/jinancuchem.com\/wp-content\/uploads\/2025\/07\/52.png",800,800,false],"2048x2048":["https:\/\/jinancuchem.com\/wp-content\/uploads\/2025\/07\/52.png",800,800,false],"trp-custom-language-flag":["https:\/\/jinancuchem.com\/wp-content\/uploads\/2025\/07\/52-12x12.png",12,12,true],"woocommerce_thumbnail":["https:\/\/jinancuchem.com\/wp-content\/uploads\/2025\/07\/52-300x300.png",300,300,true],"woocommerce_single":["https:\/\/jinancuchem.com\/wp-content\/uploads\/2025\/07\/52-500x500.png",500,500,true],"woocommerce_gallery_thumbnail":["https:\/\/jinancuchem.com\/wp-content\/uploads\/2025\/07\/52-100x100.png",100,100,true]},"uagb_author_info":{"display_name":"jinxing6611@gmail.com","author_link":"https:\/\/jinancuchem.com\/es\/author\/"},"uagb_comment_info":0,"uagb_excerpt":"Molecular Formula:Na4P2O7;Na4P2O7\u00b710H2O Molecular Weight:\u00a0265.91;446.07 CAS NO.:7722-88-5(Anhydrous);13472-36-1(Decahydrate ) \u3010Structural Formula\u3011 1. Product Property Food-grade sodium pyrophosphate is a\u00a0white crystalline powder or granular solid, highly soluble in water but insoluble in alcohol. It has a\u00a0strong alkaline pH (9.9\u201310.7 in 10 g\/L solution)\u00a0and acts as a\u00a0chelating agent for metal ions. The anhydrous form melts at\u00a0880\u00b0C, while the decahydrate&hellip;","_links":{"self":[{"href":"https:\/\/jinancuchem.com\/es\/wp-json\/wp\/v2\/product\/4604","targetHints":{"allow":["GET"]}}],"collection":[{"href":"https:\/\/jinancuchem.com\/es\/wp-json\/wp\/v2\/product"}],"about":[{"href":"https:\/\/jinancuchem.com\/es\/wp-json\/wp\/v2\/types\/product"}],"wp:featuredmedia":[{"embeddable":true,"href":"https:\/\/jinancuchem.com\/es\/wp-json\/wp\/v2\/media\/4609"}],"wp:attachment":[{"href":"https:\/\/jinancuchem.com\/es\/wp-json\/wp\/v2\/media?parent=4604"}],"wp:term":[{"taxonomy":"product_brand","embeddable":true,"href":"https:\/\/jinancuchem.com\/es\/wp-json\/wp\/v2\/product_brand?post=4604"},{"taxonomy":"product_cat","embeddable":true,"href":"https:\/\/jinancuchem.com\/es\/wp-json\/wp\/v2\/product_cat?post=4604"},{"taxonomy":"product_tag","embeddable":true,"href":"https:\/\/jinancuchem.com\/es\/wp-json\/wp\/v2\/product_tag?post=4604"}],"curies":[{"name":"wp","href":"https:\/\/api.w.org\/{rel}","templated":true}]}}