{"id":4613,"date":"2025-07-25T06:45:49","date_gmt":"2025-07-25T06:45:49","guid":{"rendered":"https:\/\/jinancuchem.com\/?post_type=product&#038;p=4613"},"modified":"2025-07-25T06:45:49","modified_gmt":"2025-07-25T06:45:49","slug":"methanol","status":"publish","type":"product","link":"https:\/\/jinancuchem.com\/es\/producto\/methanol\/","title":{"rendered":"Metanol"},"content":{"rendered":"<p>\u3010CAS\u301167-56-1<\/p>\n<p>Alias: ROJO DE METILO SOLUCI\u00d3N MIXTA<\/p>\n<p>F\u00f3rmula molecular: CH4O Masa molecular relativa: 32.04<\/p>\n<p>F\u00f3rmula estructural:<img alt=\"\" fetchpriority=\"high\" decoding=\"async\" class=\"alignnone size-medium wp-image-4619\" src=\"https:\/\/jinancuchem.com\/wp-content\/uploads\/2025\/07\/\u672a\u6807\u9898-1-48-300x300.jpg\" width=\"300\" height=\"300\" srcset=\"https:\/\/jinancuchem.com\/wp-content\/uploads\/2025\/07\/\u672a\u6807\u9898-1-48-300x300.jpg 300w, https:\/\/jinancuchem.com\/wp-content\/uploads\/2025\/07\/\u672a\u6807\u9898-1-48-100x100.jpg 100w, https:\/\/jinancuchem.com\/wp-content\/uploads\/2025\/07\/\u672a\u6807\u9898-1-48-500x500.jpg 500w, https:\/\/jinancuchem.com\/wp-content\/uploads\/2025\/07\/\u672a\u6807\u9898-1-48-150x150.jpg 150w, https:\/\/jinancuchem.com\/wp-content\/uploads\/2025\/07\/\u672a\u6807\u9898-1-48-768x768.jpg 768w, https:\/\/jinancuchem.com\/wp-content\/uploads\/2025\/07\/\u672a\u6807\u9898-1-48-12x12.jpg 12w, https:\/\/jinancuchem.com\/wp-content\/uploads\/2025\/07\/\u672a\u6807\u9898-1-48.jpg 800w\" sizes=\"(max-width: 300px) 100vw, 300px\" \/><\/p>\n<p>&nbsp;<\/p>\n<h4>1.Propiedad del producto<\/h4>\n<p>El metanol, tambi\u00e9n conocido como \"alcohol de madera\", es un compuesto org\u00e1nico y el alcohol monoh\u00eddrico saturado m\u00e1s simple en t\u00e9rminos de estructura. Su aspecto es de l\u00edquido incoloro, transparente, inflamable, vol\u00e1til y t\u00f3xico.<\/p>\n<h4>2.<\/h4>\n<p>&nbsp;<\/p>\n<table>\n<tbody>\n<tr>\n<td><strong><b>Par\u00e1metro<\/b><\/strong><\/td>\n<td width=\"353\"><strong><b>Especificaci\u00f3n<\/b><\/strong><\/td>\n<\/tr>\n<tr>\n<td><strong><b>Apariencia<\/b><\/strong><\/td>\n<td width=\"353\">L\u00edquido claro, incoloro, sin part\u00edculas<\/td>\n<\/tr>\n<tr>\n<td><strong><b>Pureza (GC, % peso)<\/b><\/strong><\/td>\n<td width=\"353\">\u2265 99,85%<\/td>\n<\/tr>\n<tr>\n<td><strong><b>Contenido en agua<\/b><\/strong><\/td>\n<td width=\"353\">\u2264 0,10% (1000 ppm)<\/td>\n<\/tr>\n<tr>\n<td><strong><b>Acetona y aldeh\u00eddos<\/b><\/strong><\/td>\n<td width=\"353\">\u2264 0,003% (30 ppm)<\/td>\n<\/tr>\n<tr>\n<td><strong><b>Contenido de etanol<\/b><\/strong><\/td>\n<td width=\"353\">\u2264 0,001% (10 ppm)<\/td>\n<\/tr>\n<tr>\n<td><strong><b>Densidad (20\u00b0C, g\/cm\u00b3)<\/b><\/strong><\/td>\n<td width=\"353\">0.791 &#8211; 0.793<\/td>\n<\/tr>\n<tr>\n<td><strong><b>Punto de ebullici\u00f3n (\u00b0C)<\/b><\/strong><\/td>\n<td width=\"353\">64.0 &#8211; 65.5<\/td>\n<\/tr>\n<tr>\n<td><strong><b>\u00cdndice de refracci\u00f3n (nD\u00b2\u2070)<\/b><\/strong><\/td>\n<td width=\"353\">1.328 &#8211; 1.330<\/td>\n<\/tr>\n<\/tbody>\n<\/table>\n<p>&nbsp;<\/p>\n<h4>3.\u00c1mbito de aplicaci\u00f3n y uso<\/h4>\n<p>El metanol tiene una amplia gama de aplicaciones y es una materia prima qu\u00edmica org\u00e1nica b\u00e1sica y un combustible de alta calidad. Se utiliza principalmente en qu\u00edmica fina, pl\u00e1sticos y otros campos, y sirve para fabricar diversos productos org\u00e1nicos como formaldeh\u00eddo, \u00e1cido ac\u00e9tico, cloroformo, metanolamina, dimetilsulfato, etc. Tambi\u00e9n es una de las materias primas importantes para pesticidas y medicamentos. Tras su procesamiento posterior, el metanol puede utilizarse como un nuevo tipo de combustible limpio y tambi\u00e9n puede mezclarse con gasolina para su combusti\u00f3n.<\/p>\n<h4>4.Embalaje y almacenamiento<\/h4>\n<p>&nbsp;<\/p>\n<p>Bidones de acero de peque\u00f1a abertura; botellas de vidrio de boca roscada, botellas de vidrio con tap\u00f3n de rosca recubierto de hierro, botellas de pl\u00e1stico o barriles met\u00e1licos (latas); cajas de madera en el exterior. El almac\u00e9n est\u00e1 bien ventilado, se mantiene a baja temperatura y seco; se almacena separado de oxidantes y \u00e1cidos.<\/p>\n<p>&nbsp;<\/p>","protected":false},"excerpt":{"rendered":"<p>\u3010CAS\u301167-56-1 Alias: METHYL RED MIXED SOLUTION Molecular formula: CH4O \u00a0\u00a0Relative molecular mass: 32.04 Structural formula: &nbsp; 1.Product Property Methanol, also known as &#8220;wood alcohol&#8221;, is an organic compound and the simplest saturated monohydric alcohol in terms of structure. Its appearance is colorless, transparent, flammable, volatile and toxic liquid. 2. &nbsp; Parameter Specification Appearance Clear, colorless [&hellip;]<\/p>\n","protected":false},"featured_media":4619,"template":"","meta":{"_seopress_robots_primary_cat":"","_seopress_titles_title":"","_seopress_titles_desc":"","_seopress_robots_index":"","_uag_custom_page_level_css":"","site-sidebar-layout":"default","site-content-layout":"","ast-site-content-layout":"default","site-content-style":"default","site-sidebar-style":"default","ast-global-header-display":"","ast-banner-title-visibility":"","ast-main-header-display":"","ast-hfb-above-header-display":"","ast-hfb-below-header-display":"","ast-hfb-mobile-header-display":"","site-post-title":"","ast-breadcrumbs-content":"","ast-featured-img":"","footer-sml-layout":"","theme-transparent-header-meta":"default","adv-header-id-meta":"","stick-header-meta":"default","header-above-stick-meta":"","header-main-stick-meta":"","header-below-stick-meta":"","astra-migrate-meta-layouts":"set","ast-page-background-enabled":"default","ast-page-background-meta":{"desktop":{"background-color":"","background-image":"","background-repeat":"repeat","background-position":"center center","background-size":"auto","background-attachment":"scroll","background-type":"","background-media":"","overlay-type":"","overlay-color":"","overlay-opacity":"","overlay-gradient":""},"tablet":{"background-color":"","background-image":"","background-repeat":"repeat","background-position":"center center","background-size":"auto","background-attachment":"scroll","background-type":"","background-media":"","overlay-type":"","overlay-color":"","overlay-opacity":"","overlay-gradient":""},"mobile":{"background-color":"","background-image":"","background-repeat":"repeat","background-position":"center center","background-size":"auto","background-attachment":"scroll","background-type":"","background-media":"","overlay-type":"","overlay-color":"","overlay-opacity":"","overlay-gradient":""}},"ast-content-background-meta":{"desktop":{"background-color":"var(--ast-global-color-5)","background-image":"","background-repeat":"repeat","background-position":"center center","background-size":"auto","background-attachment":"scroll","background-type":"","background-media":"","overlay-type":"","overlay-color":"","overlay-opacity":"","overlay-gradient":""},"tablet":{"background-color":"var(--ast-global-color-5)","background-image":"","background-repeat":"repeat","background-position":"center center","background-size":"auto","background-attachment":"scroll","background-type":"","background-media":"","overlay-type":"","overlay-color":"","overlay-opacity":"","overlay-gradient":""},"mobile":{"background-color":"var(--ast-global-color-5)","background-image":"","background-repeat":"repeat","background-position":"center center","background-size":"auto","background-attachment":"scroll","background-type":"","background-media":"","overlay-type":"","overlay-color":"","overlay-opacity":"","overlay-gradient":""}}},"product_brand":[],"product_cat":[69],"product_tag":[],"class_list":{"0":"post-4613","1":"product","2":"type-product","3":"status-publish","4":"has-post-thumbnail","6":"product_cat-daily-chemical-product","7":"desktop-align-left","8":"tablet-align-left","9":"mobile-align-left","10":"ast-product-gallery-layout-horizontal-slider","11":"ast-product-gallery-with-no-image","12":"ast-product-tabs-layout-horizontal","14":"first","15":"instock","16":"shipping-taxable","17":"product-type-simple"},"uagb_featured_image_src":{"full":["https:\/\/jinancuchem.com\/wp-content\/uploads\/2025\/07\/\u672a\u6807\u9898-1-48.jpg",800,800,false],"thumbnail":["https:\/\/jinancuchem.com\/wp-content\/uploads\/2025\/07\/\u672a\u6807\u9898-1-48-150x150.jpg",150,150,true],"medium":["https:\/\/jinancuchem.com\/wp-content\/uploads\/2025\/07\/\u672a\u6807\u9898-1-48-300x300.jpg",300,300,true],"medium_large":["https:\/\/jinancuchem.com\/wp-content\/uploads\/2025\/07\/\u672a\u6807\u9898-1-48-768x768.jpg",768,768,true],"large":["https:\/\/jinancuchem.com\/wp-content\/uploads\/2025\/07\/\u672a\u6807\u9898-1-48.jpg",800,800,false],"1536x1536":["https:\/\/jinancuchem.com\/wp-content\/uploads\/2025\/07\/\u672a\u6807\u9898-1-48.jpg",800,800,false],"2048x2048":["https:\/\/jinancuchem.com\/wp-content\/uploads\/2025\/07\/\u672a\u6807\u9898-1-48.jpg",800,800,false],"trp-custom-language-flag":["https:\/\/jinancuchem.com\/wp-content\/uploads\/2025\/07\/\u672a\u6807\u9898-1-48-12x12.jpg",12,12,true],"woocommerce_thumbnail":["https:\/\/jinancuchem.com\/wp-content\/uploads\/2025\/07\/\u672a\u6807\u9898-1-48-300x300.jpg",300,300,true],"woocommerce_single":["https:\/\/jinancuchem.com\/wp-content\/uploads\/2025\/07\/\u672a\u6807\u9898-1-48-500x500.jpg",500,500,true],"woocommerce_gallery_thumbnail":["https:\/\/jinancuchem.com\/wp-content\/uploads\/2025\/07\/\u672a\u6807\u9898-1-48-100x100.jpg",100,100,true]},"uagb_author_info":{"display_name":"jinxing6611@gmail.com","author_link":"https:\/\/jinancuchem.com\/es\/author\/"},"uagb_comment_info":0,"uagb_excerpt":"\u3010CAS\u301167-56-1 Alias: METHYL RED MIXED SOLUTION Molecular formula: CH4O \u00a0\u00a0Relative molecular mass: 32.04 Structural formula: &nbsp; 1.Product Property Methanol, also known as &#8220;wood alcohol&#8221;, is an organic compound and the simplest saturated monohydric alcohol in terms of structure. Its appearance is colorless, transparent, flammable, volatile and toxic liquid. 2. &nbsp; Parameter Specification Appearance Clear, colorless&hellip;","_links":{"self":[{"href":"https:\/\/jinancuchem.com\/es\/wp-json\/wp\/v2\/product\/4613","targetHints":{"allow":["GET"]}}],"collection":[{"href":"https:\/\/jinancuchem.com\/es\/wp-json\/wp\/v2\/product"}],"about":[{"href":"https:\/\/jinancuchem.com\/es\/wp-json\/wp\/v2\/types\/product"}],"wp:featuredmedia":[{"embeddable":true,"href":"https:\/\/jinancuchem.com\/es\/wp-json\/wp\/v2\/media\/4619"}],"wp:attachment":[{"href":"https:\/\/jinancuchem.com\/es\/wp-json\/wp\/v2\/media?parent=4613"}],"wp:term":[{"taxonomy":"product_brand","embeddable":true,"href":"https:\/\/jinancuchem.com\/es\/wp-json\/wp\/v2\/product_brand?post=4613"},{"taxonomy":"product_cat","embeddable":true,"href":"https:\/\/jinancuchem.com\/es\/wp-json\/wp\/v2\/product_cat?post=4613"},{"taxonomy":"product_tag","embeddable":true,"href":"https:\/\/jinancuchem.com\/es\/wp-json\/wp\/v2\/product_tag?post=4613"}],"curies":[{"name":"wp","href":"https:\/\/api.w.org\/{rel}","templated":true}]}}