{"id":4628,"date":"2025-07-25T06:48:58","date_gmt":"2025-07-25T06:48:58","guid":{"rendered":"https:\/\/jinancuchem.com\/?post_type=product&#038;p=4628"},"modified":"2025-07-25T06:48:58","modified_gmt":"2025-07-25T06:48:58","slug":"monoammonium-phosphate-food-grade","status":"publish","type":"product","link":"https:\/\/jinancuchem.com\/es\/producto\/monoammonium-phosphate-food-grade\/","title":{"rendered":"FOSFATO MONOAM\u00d3NICO ALIMENTARIO"},"content":{"rendered":"<p><strong><b>F\u00f3rmula molecular:\u00a0<\/b><\/strong>NH4H2PO4<br \/>\n<strong><b>Peso molecular:<\/b><\/strong>115.02<br \/>\n<strong><b>N\u00ba CAS<\/b><\/strong>7722-76-1<br \/>\n<strong><b>Est\u00e1ndar ejecutado:<\/b><\/strong>GB1886.330-2021;FCC; Q\/WLD08-20<strong><b>\u3010F\u00f3rmula estructural\u3011<img alt=\"\" decoding=\"async\" class=\"alignnone size-full wp-image-4633\" src=\"https:\/\/jinancuchem.com\/wp-content\/uploads\/2025\/07\/\u56fe\u724755.png\" width=\"160\" height=\"91\" srcset=\"https:\/\/jinancuchem.com\/wp-content\/uploads\/2025\/07\/\u56fe\u724755.png 160w, https:\/\/jinancuchem.com\/wp-content\/uploads\/2025\/07\/\u56fe\u724755-18x10.png 18w\" sizes=\"(max-width: 160px) 100vw, 160px\" \/><\/b><\/strong><\/p>\n<h3><\/h3>\n<h4><strong><b>1. Propiedad del producto<\/b><\/strong><\/h4>\n<p>El dihidrogenofosfato de amonio de calidad alimentaria es un polvo cristalino blanco con buena solubilidad en agua pero insoluble en disolventes org\u00e1nicos. Presenta propiedades \u00e1cidas (pH 4,4-4,8 en soluci\u00f3n 1%) y se descompone a 190\u00b0C. El compuesto es estable en condiciones normales pero puede perder amon\u00edaco cuando se calienta. Sirve como eficaz regulador del pH y fuente de nutrientes en aplicaciones alimentarias.<\/p>\n<h3><\/h3>\n<h4><strong><b>2. Normas de calidad<\/b><\/strong><\/h4>\n<table>\n<tbody>\n<tr>\n<td><strong><b>Par\u00e1metro<\/b><\/strong><\/td>\n<td><strong><b>Especificaci\u00f3n<\/b><\/strong><\/td>\n<\/tr>\n<tr>\n<td><strong><b>Ensayo (NH\u2084H\u2082PO\u2084)<\/b><\/strong><\/td>\n<td>\u2265 99.0%<\/td>\n<\/tr>\n<tr>\n<td><strong><b>P\u2082O\u2085 Contenido<\/b><\/strong><\/td>\n<td>\u2265 61.0%<\/td>\n<\/tr>\n<tr>\n<td><strong><b>Contenido de nitr\u00f3geno (N)<\/b><\/strong><\/td>\n<td>\u2265 12.0%<\/td>\n<\/tr>\n<tr>\n<td><strong><b>pH (soluci\u00f3n 10 g\/L)<\/b><\/strong><\/td>\n<td>4.4-4.8<\/td>\n<\/tr>\n<tr>\n<td><strong><b>Humedad<\/b><\/strong><\/td>\n<td>\u2264 0,2%<\/td>\n<\/tr>\n<tr>\n<td><strong><b>Insolubles en agua<\/b><\/strong><\/td>\n<td>\u2264 0,1%<\/td>\n<\/tr>\n<tr>\n<td><strong><b>Metales pesados (Pb)<\/b><\/strong><\/td>\n<td>\u2264 10 ppm<\/td>\n<\/tr>\n<tr>\n<td><strong><b>Ars\u00e9nico (As)<\/b><\/strong><\/td>\n<td>\u2264 3 ppm<\/td>\n<\/tr>\n<tr>\n<td><strong><b>Fluoruro (F)<\/b><\/strong><\/td>\n<td>\u2264 10 ppm<\/td>\n<\/tr>\n<\/tbody>\n<\/table>\n<p>&nbsp;<\/p>\n<h4><strong><b>3. \u00c1mbito de aplicaci\u00f3n y uso<\/b><\/strong><\/h4>\n<p>El dihidrogenofosfato de amonio se utiliza ampliamente en el procesado de alimentos como agente leudante, acondicionador de la masa y nutriente de la levadura en productos horneados. Funciona como regulador del pH en bebidas y como fuente de nutrientes en procesos de fermentaci\u00f3n. El compuesto tambi\u00e9n tiene aplicaciones en retardantes del fuego, productos qu\u00edmicos para el tratamiento del agua y como fertilizante en la agricultura. En la producci\u00f3n de alimentos, debe utilizarse dentro de unos l\u00edmites regulados para garantizar la seguridad y la calidad del producto.<\/p>\n<h3><\/h3>\n<h4><strong><b>4. Embalaje y almacenamiento<\/b><\/strong><\/h4>\n<p>El producto suele envasarse en bolsas tejidas forradas de polietileno de 25 kg o en recipientes a prueba de humedad. El almacenamiento debe realizarse en zonas frescas, secas y bien ventiladas, lejos de sustancias incompatibles. Los recipientes deben mantenerse herm\u00e9ticamente cerrados para evitar la absorci\u00f3n de humedad y el apelmazamiento. Debe utilizarse equipo de manipulaci\u00f3n adecuado para evitar la generaci\u00f3n de polvo. En condiciones \u00f3ptimas, la vida \u00fatil es de 24 meses.<\/p>","protected":false},"excerpt":{"rendered":"<p>Molecular formula:\u00a0NH4H2PO4 Molecular weight:115.02 CAS NO:7722-76-1 Standard executed:GB1886.330-2021;FCC; Q\/WLD08-20\u3010Structural Formula\u3011 1. Product Property Food-grade ammonium dihydrogen phosphate is a white crystalline powder with good solubility in water but insolubility in organic solvents. It exhibits acidic properties (pH 4.4-4.8 in 1% solution) and decomposes at 190\u00b0C. The compound is stable under normal conditions but may lose [&hellip;]<\/p>\n","protected":false},"featured_media":4638,"template":"","meta":{"_seopress_robots_primary_cat":"","_seopress_titles_title":"","_seopress_titles_desc":"","_seopress_robots_index":"","_uag_custom_page_level_css":"","site-sidebar-layout":"default","site-content-layout":"","ast-site-content-layout":"default","site-content-style":"default","site-sidebar-style":"default","ast-global-header-display":"","ast-banner-title-visibility":"","ast-main-header-display":"","ast-hfb-above-header-display":"","ast-hfb-below-header-display":"","ast-hfb-mobile-header-display":"","site-post-title":"","ast-breadcrumbs-content":"","ast-featured-img":"","footer-sml-layout":"","theme-transparent-header-meta":"default","adv-header-id-meta":"","stick-header-meta":"default","header-above-stick-meta":"","header-main-stick-meta":"","header-below-stick-meta":"","astra-migrate-meta-layouts":"set","ast-page-background-enabled":"default","ast-page-background-meta":{"desktop":{"background-color":"","background-image":"","background-repeat":"repeat","background-position":"center center","background-size":"auto","background-attachment":"scroll","background-type":"","background-media":"","overlay-type":"","overlay-color":"","overlay-opacity":"","overlay-gradient":""},"tablet":{"background-color":"","background-image":"","background-repeat":"repeat","background-position":"center center","background-size":"auto","background-attachment":"scroll","background-type":"","background-media":"","overlay-type":"","overlay-color":"","overlay-opacity":"","overlay-gradient":""},"mobile":{"background-color":"","background-image":"","background-repeat":"repeat","background-position":"center center","background-size":"auto","background-attachment":"scroll","background-type":"","background-media":"","overlay-type":"","overlay-color":"","overlay-opacity":"","overlay-gradient":""}},"ast-content-background-meta":{"desktop":{"background-color":"var(--ast-global-color-5)","background-image":"","background-repeat":"repeat","background-position":"center center","background-size":"auto","background-attachment":"scroll","background-type":"","background-media":"","overlay-type":"","overlay-color":"","overlay-opacity":"","overlay-gradient":""},"tablet":{"background-color":"var(--ast-global-color-5)","background-image":"","background-repeat":"repeat","background-position":"center center","background-size":"auto","background-attachment":"scroll","background-type":"","background-media":"","overlay-type":"","overlay-color":"","overlay-opacity":"","overlay-gradient":""},"mobile":{"background-color":"var(--ast-global-color-5)","background-image":"","background-repeat":"repeat","background-position":"center center","background-size":"auto","background-attachment":"scroll","background-type":"","background-media":"","overlay-type":"","overlay-color":"","overlay-opacity":"","overlay-gradient":""}}},"product_brand":[],"product_cat":[67],"product_tag":[],"class_list":{"0":"post-4628","1":"product","2":"type-product","3":"status-publish","4":"has-post-thumbnail","6":"product_cat-food-additives","7":"desktop-align-left","8":"tablet-align-left","9":"mobile-align-left","10":"ast-product-gallery-layout-horizontal-slider","11":"ast-product-gallery-with-no-image","12":"ast-product-tabs-layout-horizontal","14":"first","15":"instock","16":"shipping-taxable","17":"product-type-simple"},"uagb_featured_image_src":{"full":["https:\/\/jinancuchem.com\/wp-content\/uploads\/2025\/07\/55.png",800,800,false],"thumbnail":["https:\/\/jinancuchem.com\/wp-content\/uploads\/2025\/07\/55-150x150.png",150,150,true],"medium":["https:\/\/jinancuchem.com\/wp-content\/uploads\/2025\/07\/55-300x300.png",300,300,true],"medium_large":["https:\/\/jinancuchem.com\/wp-content\/uploads\/2025\/07\/55-768x768.png",768,768,true],"large":["https:\/\/jinancuchem.com\/wp-content\/uploads\/2025\/07\/55.png",800,800,false],"1536x1536":["https:\/\/jinancuchem.com\/wp-content\/uploads\/2025\/07\/55.png",800,800,false],"2048x2048":["https:\/\/jinancuchem.com\/wp-content\/uploads\/2025\/07\/55.png",800,800,false],"trp-custom-language-flag":["https:\/\/jinancuchem.com\/wp-content\/uploads\/2025\/07\/55-12x12.png",12,12,true],"woocommerce_thumbnail":["https:\/\/jinancuchem.com\/wp-content\/uploads\/2025\/07\/55-300x300.png",300,300,true],"woocommerce_single":["https:\/\/jinancuchem.com\/wp-content\/uploads\/2025\/07\/55-500x500.png",500,500,true],"woocommerce_gallery_thumbnail":["https:\/\/jinancuchem.com\/wp-content\/uploads\/2025\/07\/55-100x100.png",100,100,true]},"uagb_author_info":{"display_name":"jinxing6611@gmail.com","author_link":"https:\/\/jinancuchem.com\/es\/author\/"},"uagb_comment_info":0,"uagb_excerpt":"Molecular formula:\u00a0NH4H2PO4 Molecular weight:115.02 CAS NO:7722-76-1 Standard executed:GB1886.330-2021;FCC; Q\/WLD08-20\u3010Structural Formula\u3011 1. Product Property Food-grade ammonium dihydrogen phosphate is a white crystalline powder with good solubility in water but insolubility in organic solvents. It exhibits acidic properties (pH 4.4-4.8 in 1% solution) and decomposes at 190\u00b0C. The compound is stable under normal conditions but may lose&hellip;","_links":{"self":[{"href":"https:\/\/jinancuchem.com\/es\/wp-json\/wp\/v2\/product\/4628","targetHints":{"allow":["GET"]}}],"collection":[{"href":"https:\/\/jinancuchem.com\/es\/wp-json\/wp\/v2\/product"}],"about":[{"href":"https:\/\/jinancuchem.com\/es\/wp-json\/wp\/v2\/types\/product"}],"wp:featuredmedia":[{"embeddable":true,"href":"https:\/\/jinancuchem.com\/es\/wp-json\/wp\/v2\/media\/4638"}],"wp:attachment":[{"href":"https:\/\/jinancuchem.com\/es\/wp-json\/wp\/v2\/media?parent=4628"}],"wp:term":[{"taxonomy":"product_brand","embeddable":true,"href":"https:\/\/jinancuchem.com\/es\/wp-json\/wp\/v2\/product_brand?post=4628"},{"taxonomy":"product_cat","embeddable":true,"href":"https:\/\/jinancuchem.com\/es\/wp-json\/wp\/v2\/product_cat?post=4628"},{"taxonomy":"product_tag","embeddable":true,"href":"https:\/\/jinancuchem.com\/es\/wp-json\/wp\/v2\/product_tag?post=4628"}],"curies":[{"name":"wp","href":"https:\/\/api.w.org\/{rel}","templated":true}]}}