{"id":4639,"date":"2025-07-25T06:51:11","date_gmt":"2025-07-25T06:51:11","guid":{"rendered":"https:\/\/jinancuchem.com\/?post_type=product&#038;p=4639"},"modified":"2025-07-25T06:51:12","modified_gmt":"2025-07-25T06:51:12","slug":"ethylenediaminetetraacetic-acid-disodium-salt%ef%bc%88edta2na%ef%bc%89","status":"publish","type":"product","link":"https:\/\/jinancuchem.com\/es\/producto\/ethylenediaminetetraacetic-acid-disodium-salt%ef%bc%88edta2na%ef%bc%89\/","title":{"rendered":"Sal dis\u00f3dica del \u00e1cido etilendiaminotetraac\u00e9tico\uff08EDTA2NA\uff09"},"content":{"rendered":"<p>\u3010CAS\u3011139-33-3<\/p>\n<p>\u3010F\u00f3rmula molecular\u3011C10H14N2Na2O8<\/p>\n<p>\u3010Masa molecular relativa\u3011336.21<\/p>\n<p>\u3010F\u00f3rmula estructural\u3011<img alt=\"\" decoding=\"async\" class=\"alignnone size-full wp-image-4643\" src=\"https:\/\/jinancuchem.com\/wp-content\/uploads\/2025\/07\/\u56fe\u724756.png\" width=\"157\" height=\"119\" srcset=\"https:\/\/jinancuchem.com\/wp-content\/uploads\/2025\/07\/\u56fe\u724756.png 157w, https:\/\/jinancuchem.com\/wp-content\/uploads\/2025\/07\/\u56fe\u724756-16x12.png 16w\" sizes=\"(max-width: 157px) 100vw, 157px\" \/><\/p>\n<p>&nbsp;<\/p>\n<h4><strong>1. Propiedad del producto<\/strong><\/h4>\n<p>El diaminetetraacetato dis\u00f3dico es un polvo cristalino o granular blanco o blanco lechoso, inodoro e ins\u00edpido. Es soluble en agua pero extremadamente insoluble en etanol. Es un importante agente quelante que puede quelar iones met\u00e1licos en soluciones. Puede evitar la decoloraci\u00f3n, el deterioro y la turbidez causados por los metales y la p\u00e9rdida por oxidaci\u00f3n de la vitamina C, adem\u00e1s de potenciar la propiedad antioxidante de los aceites (los oligoelementos presentes en los aceites, como el hierro y el cobre, favorecen la oxidaci\u00f3n de los aceites).<\/p>\n<p>&nbsp;<\/p>\n<h4><strong><b>2. Normas de calidad<\/b><\/strong><\/h4>\n<table>\n<tbody>\n<tr>\n<td><strong><b>Elemento de prueba<\/b><\/strong><\/td>\n<td><strong><b>Especificaci\u00f3n<\/b><\/strong><\/td>\n<\/tr>\n<tr>\n<td>&nbsp;<\/td>\n<td width=\"148\">Grado cosm\u00e9tico<\/td>\n<\/tr>\n<tr>\n<td>Ensayo \/%<\/td>\n<td width=\"148\">\u2265 99.5<\/td>\n<\/tr>\n<tr>\n<td>Cloruro (como Cl)\/%<\/td>\n<td width=\"148\">\u2264 0.01<\/td>\n<\/tr>\n<tr>\n<td>Sulfato (como SO\u2084)\/%<\/td>\n<td width=\"148\">\u2264 0.05<\/td>\n<\/tr>\n<tr>\n<td>Metales pesados (como Pb)\/%<\/td>\n<td width=\"148\">\u2264 0.001<\/td>\n<\/tr>\n<tr>\n<td>Hierro (como Fe)\/%<\/td>\n<td width=\"148\">\u2264 0.001<\/td>\n<\/tr>\n<tr>\n<td>Valor quelante \/(mgCaCO\u2083\/g)<\/td>\n<td width=\"148\">\u2265 267<\/td>\n<\/tr>\n<tr>\n<td>pH<\/td>\n<td width=\"148\">4.0 &#8211; 5.0<\/td>\n<\/tr>\n<tr>\n<td>NTA \/%<\/td>\n<td width=\"148\">\u2264 0.1<\/td>\n<\/tr>\n<\/tbody>\n<\/table>\n<p>&nbsp;<\/p>\n<h4><strong><b>3. \u00c1mbito de aplicaci\u00f3n y uso<\/b><\/strong><\/h4>\n<p>El EDTA dis\u00f3dico sirve como agente quelante vers\u00e1til en aplicaciones alimentarias, farmac\u00e9uticas e industriales. En el procesado de alimentos (E386), previene la oxidaci\u00f3n secuestrando iones met\u00e1licos, manteniendo la estabilidad del color y el sabor en alimentos enlatados, aderezos y bebidas. La industria cosm\u00e9tica lo utiliza para mejorar la eficacia conservante en productos de cuidado personal. Las aplicaciones m\u00e9dicas incluyen propiedades anticoagulantes en tubos de extracci\u00f3n de sangre y terapia de quelaci\u00f3n para el envenenamiento por metales. Los usos industriales abarcan el tratamiento del agua, el procesado textil y la formulaci\u00f3n de detergentes. Es esencial un estricto control de la dosificaci\u00f3n, con niveles de uso t\u00edpicos que oscilan entre 0,01% y 0,1% en funci\u00f3n de los requisitos de la aplicaci\u00f3n.<\/p>\n<p>&nbsp;<\/p>\n<h4><strong><b>4. Embalaje y almacenamiento<\/b><\/strong><\/h4>\n<p>El producto suele envasarse en bolsas tejidas forradas de polietileno de 25 kg o en bidones de fibra para cantidades industriales, mientras que para cantidades menores se utilizan contenedores sellados de HDPE. El almacenamiento requiere un ambiente fresco y seco, por debajo de 30\u00b0C, con una humedad relativa inferior a 65%. Un sellado adecuado es crucial para evitar la absorci\u00f3n de humedad y el apelmazamiento. El material debe mantenerse alejado de oxidantes fuertes y sales met\u00e1licas para evitar reacciones indeseables. Si se almacena en las condiciones recomendadas, su vida \u00fatil se prolonga hasta 36 meses. Para su manipulaci\u00f3n, se aconseja el uso de equipo de protecci\u00f3n est\u00e1ndar (guantes, gafas) debido a la posible irritaci\u00f3n leve. La clasificaci\u00f3n para el transporte es la siguiente no peligroso<\/p>","protected":false},"excerpt":{"rendered":"<p>\u3010CAS\u3011139-33-3 \u3010Molecular Formula\u3011C10H14N2Na2O8 \u3010Relative Molecular Mass\u3011336.21 \u3010Structural Formula\u3011 &nbsp; 1. Product Property Disodium diaminetetraacetate is a tasteless, odorless or slightly salty white or milky white crystalline or granular powder, odorless and tasteless. It is soluble in water but extremely insoluble in ethanol. It is an important chelating agent that can chelate metal ions in solutions. [&hellip;]<\/p>\n","protected":false},"featured_media":4648,"template":"","meta":{"_seopress_robots_primary_cat":"","_seopress_titles_title":"","_seopress_titles_desc":"","_seopress_robots_index":"","_uag_custom_page_level_css":"","site-sidebar-layout":"default","site-content-layout":"","ast-site-content-layout":"default","site-content-style":"default","site-sidebar-style":"default","ast-global-header-display":"","ast-banner-title-visibility":"","ast-main-header-display":"","ast-hfb-above-header-display":"","ast-hfb-below-header-display":"","ast-hfb-mobile-header-display":"","site-post-title":"","ast-breadcrumbs-content":"","ast-featured-img":"","footer-sml-layout":"","theme-transparent-header-meta":"default","adv-header-id-meta":"","stick-header-meta":"default","header-above-stick-meta":"","header-main-stick-meta":"","header-below-stick-meta":"","astra-migrate-meta-layouts":"set","ast-page-background-enabled":"default","ast-page-background-meta":{"desktop":{"background-color":"","background-image":"","background-repeat":"repeat","background-position":"center center","background-size":"auto","background-attachment":"scroll","background-type":"","background-media":"","overlay-type":"","overlay-color":"","overlay-opacity":"","overlay-gradient":""},"tablet":{"background-color":"","background-image":"","background-repeat":"repeat","background-position":"center center","background-size":"auto","background-attachment":"scroll","background-type":"","background-media":"","overlay-type":"","overlay-color":"","overlay-opacity":"","overlay-gradient":""},"mobile":{"background-color":"","background-image":"","background-repeat":"repeat","background-position":"center center","background-size":"auto","background-attachment":"scroll","background-type":"","background-media":"","overlay-type":"","overlay-color":"","overlay-opacity":"","overlay-gradient":""}},"ast-content-background-meta":{"desktop":{"background-color":"var(--ast-global-color-5)","background-image":"","background-repeat":"repeat","background-position":"center center","background-size":"auto","background-attachment":"scroll","background-type":"","background-media":"","overlay-type":"","overlay-color":"","overlay-opacity":"","overlay-gradient":""},"tablet":{"background-color":"var(--ast-global-color-5)","background-image":"","background-repeat":"repeat","background-position":"center center","background-size":"auto","background-attachment":"scroll","background-type":"","background-media":"","overlay-type":"","overlay-color":"","overlay-opacity":"","overlay-gradient":""},"mobile":{"background-color":"var(--ast-global-color-5)","background-image":"","background-repeat":"repeat","background-position":"center center","background-size":"auto","background-attachment":"scroll","background-type":"","background-media":"","overlay-type":"","overlay-color":"","overlay-opacity":"","overlay-gradient":""}}},"product_brand":[],"product_cat":[67],"product_tag":[],"class_list":{"0":"post-4639","1":"product","2":"type-product","3":"status-publish","4":"has-post-thumbnail","6":"product_cat-food-additives","7":"desktop-align-left","8":"tablet-align-left","9":"mobile-align-left","10":"ast-product-gallery-layout-horizontal-slider","11":"ast-product-gallery-with-no-image","12":"ast-product-tabs-layout-horizontal","14":"first","15":"instock","16":"shipping-taxable","17":"product-type-simple"},"uagb_featured_image_src":{"full":["https:\/\/jinancuchem.com\/wp-content\/uploads\/2025\/07\/56.png",800,800,false],"thumbnail":["https:\/\/jinancuchem.com\/wp-content\/uploads\/2025\/07\/56-150x150.png",150,150,true],"medium":["https:\/\/jinancuchem.com\/wp-content\/uploads\/2025\/07\/56-300x300.png",300,300,true],"medium_large":["https:\/\/jinancuchem.com\/wp-content\/uploads\/2025\/07\/56-768x768.png",768,768,true],"large":["https:\/\/jinancuchem.com\/wp-content\/uploads\/2025\/07\/56.png",800,800,false],"1536x1536":["https:\/\/jinancuchem.com\/wp-content\/uploads\/2025\/07\/56.png",800,800,false],"2048x2048":["https:\/\/jinancuchem.com\/wp-content\/uploads\/2025\/07\/56.png",800,800,false],"trp-custom-language-flag":["https:\/\/jinancuchem.com\/wp-content\/uploads\/2025\/07\/56-12x12.png",12,12,true],"woocommerce_thumbnail":["https:\/\/jinancuchem.com\/wp-content\/uploads\/2025\/07\/56-300x300.png",300,300,true],"woocommerce_single":["https:\/\/jinancuchem.com\/wp-content\/uploads\/2025\/07\/56-500x500.png",500,500,true],"woocommerce_gallery_thumbnail":["https:\/\/jinancuchem.com\/wp-content\/uploads\/2025\/07\/56-100x100.png",100,100,true]},"uagb_author_info":{"display_name":"jinxing6611@gmail.com","author_link":"https:\/\/jinancuchem.com\/es\/author\/"},"uagb_comment_info":0,"uagb_excerpt":"\u3010CAS\u3011139-33-3 \u3010Molecular Formula\u3011C10H14N2Na2O8 \u3010Relative Molecular Mass\u3011336.21 \u3010Structural Formula\u3011 &nbsp; 1. Product Property Disodium diaminetetraacetate is a tasteless, odorless or slightly salty white or milky white crystalline or granular powder, odorless and tasteless. It is soluble in water but extremely insoluble in ethanol. It is an important chelating agent that can chelate metal ions in solutions.&hellip;","_links":{"self":[{"href":"https:\/\/jinancuchem.com\/es\/wp-json\/wp\/v2\/product\/4639","targetHints":{"allow":["GET"]}}],"collection":[{"href":"https:\/\/jinancuchem.com\/es\/wp-json\/wp\/v2\/product"}],"about":[{"href":"https:\/\/jinancuchem.com\/es\/wp-json\/wp\/v2\/types\/product"}],"wp:featuredmedia":[{"embeddable":true,"href":"https:\/\/jinancuchem.com\/es\/wp-json\/wp\/v2\/media\/4648"}],"wp:attachment":[{"href":"https:\/\/jinancuchem.com\/es\/wp-json\/wp\/v2\/media?parent=4639"}],"wp:term":[{"taxonomy":"product_brand","embeddable":true,"href":"https:\/\/jinancuchem.com\/es\/wp-json\/wp\/v2\/product_brand?post=4639"},{"taxonomy":"product_cat","embeddable":true,"href":"https:\/\/jinancuchem.com\/es\/wp-json\/wp\/v2\/product_cat?post=4639"},{"taxonomy":"product_tag","embeddable":true,"href":"https:\/\/jinancuchem.com\/es\/wp-json\/wp\/v2\/product_tag?post=4639"}],"curies":[{"name":"wp","href":"https:\/\/api.w.org\/{rel}","templated":true}]}}