{"id":4654,"date":"2025-07-25T06:53:38","date_gmt":"2025-07-25T06:53:38","guid":{"rendered":"https:\/\/jinancuchem.com\/?post_type=product&#038;p=4654"},"modified":"2025-07-25T06:53:38","modified_gmt":"2025-07-25T06:53:38","slug":"aniline","status":"publish","type":"product","link":"https:\/\/jinancuchem.com\/es\/producto\/aniline\/","title":{"rendered":"Anilina"},"content":{"rendered":"<p>\u3010CAS\u301162-53-3<\/p>\n<p>Alias: amino-benceno;Aminofeno;Anilina<\/p>\n<p>F\u00f3rmula molecular: C6H7N Masa molecular relativa: 93,13<\/p>\n<p>F\u00f3rmula estructural:<img alt=\"\" fetchpriority=\"high\" decoding=\"async\" class=\"alignnone size-medium wp-image-4662\" src=\"https:\/\/jinancuchem.com\/wp-content\/uploads\/2025\/07\/\u672a\u6807\u9898-1-53-300x300.jpg\" width=\"300\" height=\"300\" srcset=\"https:\/\/jinancuchem.com\/wp-content\/uploads\/2025\/07\/\u672a\u6807\u9898-1-53-300x300.jpg 300w, https:\/\/jinancuchem.com\/wp-content\/uploads\/2025\/07\/\u672a\u6807\u9898-1-53-100x100.jpg 100w, https:\/\/jinancuchem.com\/wp-content\/uploads\/2025\/07\/\u672a\u6807\u9898-1-53-500x500.jpg 500w, https:\/\/jinancuchem.com\/wp-content\/uploads\/2025\/07\/\u672a\u6807\u9898-1-53-150x150.jpg 150w, https:\/\/jinancuchem.com\/wp-content\/uploads\/2025\/07\/\u672a\u6807\u9898-1-53-768x768.jpg 768w, https:\/\/jinancuchem.com\/wp-content\/uploads\/2025\/07\/\u672a\u6807\u9898-1-53-12x12.jpg 12w, https:\/\/jinancuchem.com\/wp-content\/uploads\/2025\/07\/\u672a\u6807\u9898-1-53.jpg 800w\" sizes=\"(max-width: 300px) 100vw, 300px\" \/><\/p>\n<p>&nbsp;<\/p>\n<h4>1.Propiedad del producto<\/h4>\n<p>La anilina es la amina arom\u00e1tica primaria m\u00e1s simple. Es un compuesto formado por la sustituci\u00f3n de un \u00e1tomo de hidr\u00f3geno en la mol\u00e9cula de benceno por un grupo amino. Es un l\u00edquido incoloro, aceitoso, inflamable y de fuerte olor.<\/p>\n<h4>2.<\/h4>\n<table>\n<tbody>\n<tr>\n<td><strong><b>Par\u00e1metro<\/b><\/strong><\/td>\n<td width=\"371\"><strong><b>Especificaci\u00f3n<\/b><\/strong><\/td>\n<\/tr>\n<tr>\n<td><strong><b>Pureza (GC, % peso)<\/b><\/strong><\/td>\n<td width=\"371\">\u2265 99,5% (Industrial), \u2265 99,9% (Reactivo)<\/td>\n<\/tr>\n<tr>\n<td><strong><b>Contenido en agua<\/b><\/strong><\/td>\n<td width=\"371\">\u2264 0,1% (1000 ppm)<\/td>\n<\/tr>\n<tr>\n<td><strong><b>Contenido de nitrobenceno<\/b><\/strong><\/td>\n<td width=\"371\">\u2264 0,01% (100 ppm)<\/td>\n<\/tr>\n<tr>\n<td><strong><b>Densidad (20\u00b0C, g\/cm\u00b3)<\/b><\/strong><\/td>\n<td width=\"371\">1.021 &#8211; 1.024<\/td>\n<\/tr>\n<tr>\n<td><strong><b>Punto de ebullici\u00f3n (\u00b0C)<\/b><\/strong><\/td>\n<td width=\"371\">184 &#8211; 186<\/td>\n<\/tr>\n<tr>\n<td><strong><b>\u00cdndice de refracci\u00f3n (nD\u00b2\u2070)<\/b><\/strong><\/td>\n<td width=\"371\">1.583 &#8211; 1.586<\/td>\n<\/tr>\n<tr>\n<td><strong><b>Color (APHA)<\/b><\/strong><\/td>\n<td width=\"371\">\u2264 30<\/td>\n<\/tr>\n<\/tbody>\n<\/table>\n<p>&nbsp;<\/p>\n<h4>3.\u00c1mbito de aplicaci\u00f3n y uso<\/h4>\n<p>La anilina es uno de los productos intermedios m\u00e1s importantes en la industria de los tintes, y tambi\u00e9n es una importante materia prima para medicamentos, aceleradores del caucho e inhibidores del envejecimiento. Tambi\u00e9n puede utilizarse para producir fragancias, barnices, explosivos, etc. La anilina tambi\u00e9n puede utilizarse para fabricar tintes, medicamentos, resinas, barnices, perfumes, caucho vulcanizado e incluso disolventes.<\/p>\n<h4>4.Embalaje y almacenamiento<\/h4>\n<p>Almacenar en un almac\u00e9n fresco y bien ventilado. Mantener alejado de fuentes de fuego y fuentes de calor. La temperatura del almac\u00e9n no debe superar los 30\u2103, y la humedad relativa no debe superar los 80%. Almacenar en un lugar oscuro. El embalaje debe estar sellado y no debe entrar en contacto con el aire. Debe almacenarse separado de oxidantes, \u00e1cidos y productos qu\u00edmicos comestibles. Evitar el almacenamiento mixto.<\/p>","protected":false},"excerpt":{"rendered":"<p>\u3010CAS\u301162-53-3 Alias: amino-benzen;Aminophen;Anilin Molecular formula: C6H7N \u00a0\u00a0Relative molecular mass: 93.13 Structural formula: &nbsp; 1.Product Property Aniline is the simplest primary aromatic amine. It is a compound formed by replacing one hydrogen atom in the benzene molecule with an amino group. It is a colorless, oily, flammable liquid with a strong odor. 2. Parameter Specification Purity [&hellip;]<\/p>\n","protected":false},"featured_media":4662,"template":"","meta":{"_seopress_robots_primary_cat":"","_seopress_titles_title":"","_seopress_titles_desc":"","_seopress_robots_index":"","_uag_custom_page_level_css":"","site-sidebar-layout":"default","site-content-layout":"","ast-site-content-layout":"default","site-content-style":"default","site-sidebar-style":"default","ast-global-header-display":"","ast-banner-title-visibility":"","ast-main-header-display":"","ast-hfb-above-header-display":"","ast-hfb-below-header-display":"","ast-hfb-mobile-header-display":"","site-post-title":"","ast-breadcrumbs-content":"","ast-featured-img":"","footer-sml-layout":"","theme-transparent-header-meta":"default","adv-header-id-meta":"","stick-header-meta":"default","header-above-stick-meta":"","header-main-stick-meta":"","header-below-stick-meta":"","astra-migrate-meta-layouts":"set","ast-page-background-enabled":"default","ast-page-background-meta":{"desktop":{"background-color":"","background-image":"","background-repeat":"repeat","background-position":"center center","background-size":"auto","background-attachment":"scroll","background-type":"","background-media":"","overlay-type":"","overlay-color":"","overlay-opacity":"","overlay-gradient":""},"tablet":{"background-color":"","background-image":"","background-repeat":"repeat","background-position":"center center","background-size":"auto","background-attachment":"scroll","background-type":"","background-media":"","overlay-type":"","overlay-color":"","overlay-opacity":"","overlay-gradient":""},"mobile":{"background-color":"","background-image":"","background-repeat":"repeat","background-position":"center center","background-size":"auto","background-attachment":"scroll","background-type":"","background-media":"","overlay-type":"","overlay-color":"","overlay-opacity":"","overlay-gradient":""}},"ast-content-background-meta":{"desktop":{"background-color":"var(--ast-global-color-5)","background-image":"","background-repeat":"repeat","background-position":"center center","background-size":"auto","background-attachment":"scroll","background-type":"","background-media":"","overlay-type":"","overlay-color":"","overlay-opacity":"","overlay-gradient":""},"tablet":{"background-color":"var(--ast-global-color-5)","background-image":"","background-repeat":"repeat","background-position":"center center","background-size":"auto","background-attachment":"scroll","background-type":"","background-media":"","overlay-type":"","overlay-color":"","overlay-opacity":"","overlay-gradient":""},"mobile":{"background-color":"var(--ast-global-color-5)","background-image":"","background-repeat":"repeat","background-position":"center center","background-size":"auto","background-attachment":"scroll","background-type":"","background-media":"","overlay-type":"","overlay-color":"","overlay-opacity":"","overlay-gradient":""}}},"product_brand":[],"product_cat":[69],"product_tag":[],"class_list":{"0":"post-4654","1":"product","2":"type-product","3":"status-publish","4":"has-post-thumbnail","6":"product_cat-daily-chemical-product","7":"desktop-align-left","8":"tablet-align-left","9":"mobile-align-left","10":"ast-product-gallery-layout-horizontal-slider","11":"ast-product-gallery-with-no-image","12":"ast-product-tabs-layout-horizontal","14":"first","15":"instock","16":"shipping-taxable","17":"product-type-simple"},"uagb_featured_image_src":{"full":["https:\/\/jinancuchem.com\/wp-content\/uploads\/2025\/07\/\u672a\u6807\u9898-1-53.jpg",800,800,false],"thumbnail":["https:\/\/jinancuchem.com\/wp-content\/uploads\/2025\/07\/\u672a\u6807\u9898-1-53-150x150.jpg",150,150,true],"medium":["https:\/\/jinancuchem.com\/wp-content\/uploads\/2025\/07\/\u672a\u6807\u9898-1-53-300x300.jpg",300,300,true],"medium_large":["https:\/\/jinancuchem.com\/wp-content\/uploads\/2025\/07\/\u672a\u6807\u9898-1-53-768x768.jpg",768,768,true],"large":["https:\/\/jinancuchem.com\/wp-content\/uploads\/2025\/07\/\u672a\u6807\u9898-1-53.jpg",800,800,false],"1536x1536":["https:\/\/jinancuchem.com\/wp-content\/uploads\/2025\/07\/\u672a\u6807\u9898-1-53.jpg",800,800,false],"2048x2048":["https:\/\/jinancuchem.com\/wp-content\/uploads\/2025\/07\/\u672a\u6807\u9898-1-53.jpg",800,800,false],"trp-custom-language-flag":["https:\/\/jinancuchem.com\/wp-content\/uploads\/2025\/07\/\u672a\u6807\u9898-1-53-12x12.jpg",12,12,true],"woocommerce_thumbnail":["https:\/\/jinancuchem.com\/wp-content\/uploads\/2025\/07\/\u672a\u6807\u9898-1-53-300x300.jpg",300,300,true],"woocommerce_single":["https:\/\/jinancuchem.com\/wp-content\/uploads\/2025\/07\/\u672a\u6807\u9898-1-53-500x500.jpg",500,500,true],"woocommerce_gallery_thumbnail":["https:\/\/jinancuchem.com\/wp-content\/uploads\/2025\/07\/\u672a\u6807\u9898-1-53-100x100.jpg",100,100,true]},"uagb_author_info":{"display_name":"jinxing6611@gmail.com","author_link":"https:\/\/jinancuchem.com\/es\/author\/"},"uagb_comment_info":0,"uagb_excerpt":"\u3010CAS\u301162-53-3 Alias: amino-benzen;Aminophen;Anilin Molecular formula: C6H7N \u00a0\u00a0Relative molecular mass: 93.13 Structural formula: &nbsp; 1.Product Property Aniline is the simplest primary aromatic amine. It is a compound formed by replacing one hydrogen atom in the benzene molecule with an amino group. It is a colorless, oily, flammable liquid with a strong odor. 2. Parameter Specification Purity&hellip;","_links":{"self":[{"href":"https:\/\/jinancuchem.com\/es\/wp-json\/wp\/v2\/product\/4654","targetHints":{"allow":["GET"]}}],"collection":[{"href":"https:\/\/jinancuchem.com\/es\/wp-json\/wp\/v2\/product"}],"about":[{"href":"https:\/\/jinancuchem.com\/es\/wp-json\/wp\/v2\/types\/product"}],"wp:featuredmedia":[{"embeddable":true,"href":"https:\/\/jinancuchem.com\/es\/wp-json\/wp\/v2\/media\/4662"}],"wp:attachment":[{"href":"https:\/\/jinancuchem.com\/es\/wp-json\/wp\/v2\/media?parent=4654"}],"wp:term":[{"taxonomy":"product_brand","embeddable":true,"href":"https:\/\/jinancuchem.com\/es\/wp-json\/wp\/v2\/product_brand?post=4654"},{"taxonomy":"product_cat","embeddable":true,"href":"https:\/\/jinancuchem.com\/es\/wp-json\/wp\/v2\/product_cat?post=4654"},{"taxonomy":"product_tag","embeddable":true,"href":"https:\/\/jinancuchem.com\/es\/wp-json\/wp\/v2\/product_tag?post=4654"}],"curies":[{"name":"wp","href":"https:\/\/api.w.org\/{rel}","templated":true}]}}