{"id":4686,"date":"2025-07-25T07:01:20","date_gmt":"2025-07-25T07:01:20","guid":{"rendered":"https:\/\/jinancuchem.com\/?post_type=product&#038;p=4686"},"modified":"2025-07-25T07:01:20","modified_gmt":"2025-07-25T07:01:20","slug":"toluene-diisocyanate","status":"publish","type":"product","link":"https:\/\/jinancuchem.com\/es\/producto\/toluene-diisocyanate\/","title":{"rendered":"Diisocianato de tolueno"},"content":{"rendered":"<p>\u3010CAS\u301126471-62-5<\/p>\n<p>Alias: 1,3-diisocianometilbenceno;1,3-diisocianometilbenceno<\/p>\n<p>F\u00f3rmula molecular: C<sub>9<\/sub>H<sub>6<\/sub>N<sub>2<\/sub>O<sub>2<\/sub>\u00a0\u00a0\u00a0Masa molecular relativa: 174,16<\/p>\n<p>F\u00f3rmula estructural:<img alt=\"\" fetchpriority=\"high\" decoding=\"async\" class=\"alignnone size-medium wp-image-4691\" src=\"https:\/\/jinancuchem.com\/wp-content\/uploads\/2025\/07\/\u672a\u6807\u9898-1-57-300x300.jpg\" width=\"300\" height=\"300\" srcset=\"https:\/\/jinancuchem.com\/wp-content\/uploads\/2025\/07\/\u672a\u6807\u9898-1-57-300x300.jpg 300w, https:\/\/jinancuchem.com\/wp-content\/uploads\/2025\/07\/\u672a\u6807\u9898-1-57-100x100.jpg 100w, https:\/\/jinancuchem.com\/wp-content\/uploads\/2025\/07\/\u672a\u6807\u9898-1-57-500x500.jpg 500w, https:\/\/jinancuchem.com\/wp-content\/uploads\/2025\/07\/\u672a\u6807\u9898-1-57-150x150.jpg 150w, https:\/\/jinancuchem.com\/wp-content\/uploads\/2025\/07\/\u672a\u6807\u9898-1-57-768x768.jpg 768w, https:\/\/jinancuchem.com\/wp-content\/uploads\/2025\/07\/\u672a\u6807\u9898-1-57-12x12.jpg 12w, https:\/\/jinancuchem.com\/wp-content\/uploads\/2025\/07\/\u672a\u6807\u9898-1-57.jpg 800w\" sizes=\"(max-width: 300px) 100vw, 300px\" \/><\/p>\n<p>&nbsp;<\/p>\n<h4>1.Propiedad del producto<\/h4>\n<p>&nbsp;<\/p>\n<p>L\u00edquido incoloro transparente o amarillo p\u00e1lido inflamable. Tiene un fuerte olor irritante. Es miscible con etanol (en descomposici\u00f3n), dietilenglicol, \u00e9ter, acetona, tetracloruro de carbono, benceno, clorobenceno, queroseno y aceite de oliva. El diisocianato de tolueno (TDI) tiene seis is\u00f3meros: 2,3-TDI, 2,4-TDI, 2,5-TDI, 2,6-TDI, 3,4-TDI y 3,5-TDI. Entre ellos, el 2,4-TDI y el 2,6-TDI son los m\u00e1s comunes, y los productos industriales suelen ser una mezcla de 2,4-TDI y 2,6-TDI.<\/p>\n<h4>2.<\/h4>\n<p>&nbsp;<\/p>\n<table>\n<tbody>\n<tr>\n<td><strong><b>Par\u00e1metro<\/b><\/strong><\/td>\n<td width=\"342\"><strong><b>Especificaci\u00f3n<\/b><\/strong><\/td>\n<\/tr>\n<tr>\n<td><strong><b>Relaci\u00f3n de is\u00f3meros (2,4-\/2,6-TDI)<\/b><\/strong><\/td>\n<td width=\"342\">80:20 o 65:35 (seg\u00fan se especifique)<\/td>\n<\/tr>\n<tr>\n<td><strong><b>Pureza (GC, % peso)<\/b><\/strong><\/td>\n<td width=\"342\">\u2265 99,5%<\/td>\n<\/tr>\n<tr>\n<td><strong><b>Cloruro hidrolizable<\/b><\/strong><\/td>\n<td width=\"342\">\u2264 0,01% (100 ppm)<\/td>\n<\/tr>\n<tr>\n<td><strong><b>Cloro total<\/b><\/strong><\/td>\n<td width=\"342\">\u2264 0,1% (1000 ppm)<\/td>\n<\/tr>\n<tr>\n<td><strong><b>Color (APHA)<\/b><\/strong><\/td>\n<td width=\"342\">\u2264 30<\/td>\n<\/tr>\n<tr>\n<td><strong><b>Viscosidad (25\u00b0C, mPa-s)<\/b><\/strong><\/td>\n<td width=\"342\">3.0 &#8211; 4.0<\/td>\n<\/tr>\n<tr>\n<td><strong><b>Densidad (20\u00b0C, g\/cm\u00b3)<\/b><\/strong><\/td>\n<td width=\"342\">1.220 &#8211; 1.224<\/td>\n<\/tr>\n<tr>\n<td><strong><b>Punto de inflamaci\u00f3n (\u00b0C)<\/b><\/strong><\/td>\n<td width=\"342\">\u2265 127 (copa cerrada)<\/td>\n<\/tr>\n<tr>\n<td><strong><b>Contenido NCO (peso %)<\/b><\/strong><\/td>\n<td width=\"342\">48.0 &#8211; 48.5<\/td>\n<\/tr>\n<tr>\n<td><strong><b>Contenido en agua<\/b><\/strong><\/td>\n<td width=\"342\">\u2264 0,05% (500 ppm)<\/td>\n<\/tr>\n<\/tbody>\n<\/table>\n<p>&nbsp;<\/p>\n<h4>3.\u00c1mbito de aplicaci\u00f3n y uso<\/h4>\n<p>Se utiliza como materia prima para la fabricaci\u00f3n de pl\u00e1sticos de espuma blanda de poliuretano, revestimientos, caucho y adhesivos.<\/p>\n<h4>4.Embalaje y almacenamiento<\/h4>\n<p>Los envases habituales son botellas de vidrio de 500 ml, botellas de vidrio con tapones de hierro y cuellos sellados, o botellas de pl\u00e1stico. Para grandes cantidades, suelen utilizarse bidones met\u00e1licos (como los de hierro galvanizado) o dep\u00f3sitos de acero inoxidable.<\/p>\n<p>Debe almacenarse en un lugar fresco y seco. La temperatura recomendada es de 20-35\u2103. Evite las temperaturas elevadas, ya que pueden provocar su descomposici\u00f3n.<\/p>","protected":false},"excerpt":{"rendered":"<p>\u3010CAS\u301126471-62-5 Alias: 1,3-diisocyanatomethyl-benzen;1,3-diisocyanatomethyl-Benzene Molecular formula: C9H6N2O2\u00a0\u00a0\u00a0Relative molecular mass: 174.16 Structural formula: &nbsp; 1.Product Property &nbsp; Colorless transparent or pale yellow flammable liquid. It has a strong irritating odor. It is miscible with ethanol (upon decomposition), diethylene glycol, ether, acetone, carbon tetrachloride, benzene, chlorobenzene, kerosene, and olive oil. Toluene diisocyanate (TDI) has six isomers: 2,3-TDI, 2,4-TDI, [&hellip;]<\/p>\n","protected":false},"featured_media":4691,"template":"","meta":{"_seopress_robots_primary_cat":"","_seopress_titles_title":"","_seopress_titles_desc":"","_seopress_robots_index":"","_uag_custom_page_level_css":"","site-sidebar-layout":"default","site-content-layout":"","ast-site-content-layout":"default","site-content-style":"default","site-sidebar-style":"default","ast-global-header-display":"","ast-banner-title-visibility":"","ast-main-header-display":"","ast-hfb-above-header-display":"","ast-hfb-below-header-display":"","ast-hfb-mobile-header-display":"","site-post-title":"","ast-breadcrumbs-content":"","ast-featured-img":"","footer-sml-layout":"","theme-transparent-header-meta":"default","adv-header-id-meta":"","stick-header-meta":"default","header-above-stick-meta":"","header-main-stick-meta":"","header-below-stick-meta":"","astra-migrate-meta-layouts":"set","ast-page-background-enabled":"default","ast-page-background-meta":{"desktop":{"background-color":"","background-image":"","background-repeat":"repeat","background-position":"center center","background-size":"auto","background-attachment":"scroll","background-type":"","background-media":"","overlay-type":"","overlay-color":"","overlay-opacity":"","overlay-gradient":""},"tablet":{"background-color":"","background-image":"","background-repeat":"repeat","background-position":"center center","background-size":"auto","background-attachment":"scroll","background-type":"","background-media":"","overlay-type":"","overlay-color":"","overlay-opacity":"","overlay-gradient":""},"mobile":{"background-color":"","background-image":"","background-repeat":"repeat","background-position":"center center","background-size":"auto","background-attachment":"scroll","background-type":"","background-media":"","overlay-type":"","overlay-color":"","overlay-opacity":"","overlay-gradient":""}},"ast-content-background-meta":{"desktop":{"background-color":"var(--ast-global-color-5)","background-image":"","background-repeat":"repeat","background-position":"center center","background-size":"auto","background-attachment":"scroll","background-type":"","background-media":"","overlay-type":"","overlay-color":"","overlay-opacity":"","overlay-gradient":""},"tablet":{"background-color":"var(--ast-global-color-5)","background-image":"","background-repeat":"repeat","background-position":"center center","background-size":"auto","background-attachment":"scroll","background-type":"","background-media":"","overlay-type":"","overlay-color":"","overlay-opacity":"","overlay-gradient":""},"mobile":{"background-color":"var(--ast-global-color-5)","background-image":"","background-repeat":"repeat","background-position":"center center","background-size":"auto","background-attachment":"scroll","background-type":"","background-media":"","overlay-type":"","overlay-color":"","overlay-opacity":"","overlay-gradient":""}}},"product_brand":[],"product_cat":[69],"product_tag":[],"class_list":{"0":"post-4686","1":"product","2":"type-product","3":"status-publish","4":"has-post-thumbnail","6":"product_cat-daily-chemical-product","7":"desktop-align-left","8":"tablet-align-left","9":"mobile-align-left","10":"ast-product-gallery-layout-horizontal-slider","11":"ast-product-gallery-with-no-image","12":"ast-product-tabs-layout-horizontal","14":"first","15":"instock","16":"shipping-taxable","17":"product-type-simple"},"uagb_featured_image_src":{"full":["https:\/\/jinancuchem.com\/wp-content\/uploads\/2025\/07\/\u672a\u6807\u9898-1-57.jpg",800,800,false],"thumbnail":["https:\/\/jinancuchem.com\/wp-content\/uploads\/2025\/07\/\u672a\u6807\u9898-1-57-150x150.jpg",150,150,true],"medium":["https:\/\/jinancuchem.com\/wp-content\/uploads\/2025\/07\/\u672a\u6807\u9898-1-57-300x300.jpg",300,300,true],"medium_large":["https:\/\/jinancuchem.com\/wp-content\/uploads\/2025\/07\/\u672a\u6807\u9898-1-57-768x768.jpg",768,768,true],"large":["https:\/\/jinancuchem.com\/wp-content\/uploads\/2025\/07\/\u672a\u6807\u9898-1-57.jpg",800,800,false],"1536x1536":["https:\/\/jinancuchem.com\/wp-content\/uploads\/2025\/07\/\u672a\u6807\u9898-1-57.jpg",800,800,false],"2048x2048":["https:\/\/jinancuchem.com\/wp-content\/uploads\/2025\/07\/\u672a\u6807\u9898-1-57.jpg",800,800,false],"trp-custom-language-flag":["https:\/\/jinancuchem.com\/wp-content\/uploads\/2025\/07\/\u672a\u6807\u9898-1-57-12x12.jpg",12,12,true],"woocommerce_thumbnail":["https:\/\/jinancuchem.com\/wp-content\/uploads\/2025\/07\/\u672a\u6807\u9898-1-57-300x300.jpg",300,300,true],"woocommerce_single":["https:\/\/jinancuchem.com\/wp-content\/uploads\/2025\/07\/\u672a\u6807\u9898-1-57-500x500.jpg",500,500,true],"woocommerce_gallery_thumbnail":["https:\/\/jinancuchem.com\/wp-content\/uploads\/2025\/07\/\u672a\u6807\u9898-1-57-100x100.jpg",100,100,true]},"uagb_author_info":{"display_name":"jinxing6611@gmail.com","author_link":"https:\/\/jinancuchem.com\/es\/author\/"},"uagb_comment_info":0,"uagb_excerpt":"\u3010CAS\u301126471-62-5 Alias: 1,3-diisocyanatomethyl-benzen;1,3-diisocyanatomethyl-Benzene Molecular formula: C9H6N2O2\u00a0\u00a0\u00a0Relative molecular mass: 174.16 Structural formula: &nbsp; 1.Product Property &nbsp; Colorless transparent or pale yellow flammable liquid. It has a strong irritating odor. It is miscible with ethanol (upon decomposition), diethylene glycol, ether, acetone, carbon tetrachloride, benzene, chlorobenzene, kerosene, and olive oil. Toluene diisocyanate (TDI) has six isomers: 2,3-TDI, 2,4-TDI,&hellip;","_links":{"self":[{"href":"https:\/\/jinancuchem.com\/es\/wp-json\/wp\/v2\/product\/4686","targetHints":{"allow":["GET"]}}],"collection":[{"href":"https:\/\/jinancuchem.com\/es\/wp-json\/wp\/v2\/product"}],"about":[{"href":"https:\/\/jinancuchem.com\/es\/wp-json\/wp\/v2\/types\/product"}],"wp:featuredmedia":[{"embeddable":true,"href":"https:\/\/jinancuchem.com\/es\/wp-json\/wp\/v2\/media\/4691"}],"wp:attachment":[{"href":"https:\/\/jinancuchem.com\/es\/wp-json\/wp\/v2\/media?parent=4686"}],"wp:term":[{"taxonomy":"product_brand","embeddable":true,"href":"https:\/\/jinancuchem.com\/es\/wp-json\/wp\/v2\/product_brand?post=4686"},{"taxonomy":"product_cat","embeddable":true,"href":"https:\/\/jinancuchem.com\/es\/wp-json\/wp\/v2\/product_cat?post=4686"},{"taxonomy":"product_tag","embeddable":true,"href":"https:\/\/jinancuchem.com\/es\/wp-json\/wp\/v2\/product_tag?post=4686"}],"curies":[{"name":"wp","href":"https:\/\/api.w.org\/{rel}","templated":true}]}}