{"id":4694,"date":"2025-07-25T07:04:32","date_gmt":"2025-07-25T07:04:32","guid":{"rendered":"https:\/\/jinancuchem.com\/?post_type=product&#038;p=4694"},"modified":"2025-07-25T07:04:33","modified_gmt":"2025-07-25T07:04:33","slug":"44-diphenylmethane-diisocyanate","status":"publish","type":"product","link":"https:\/\/jinancuchem.com\/es\/producto\/44-diphenylmethane-diisocyanate\/","title":{"rendered":"4,4\u2032-Difenilmetano diisocianato"},"content":{"rendered":"<p>\u3010CAS\u3011101-68-8<\/p>\n<p>Alias: 1,1'-metilenbis(4-isocianato)-benceno;para,para'-difenilmetanodiisocianato<\/p>\n<p>F\u00f3rmula molecular: C<sub>15<\/sub>H<sub>10<\/sub>N<sub>2<\/sub>O<sub>2<\/sub>\u00a0\u00a0\u00a0Masa molecular relativa: 250,25<\/p>\n<p>F\u00f3rmula estructural:<img alt=\"\" fetchpriority=\"high\" decoding=\"async\" class=\"alignnone size-medium wp-image-4705\" src=\"https:\/\/jinancuchem.com\/wp-content\/uploads\/2025\/07\/\u672a\u6807\u9898-1-58-300x300.jpg\" width=\"300\" height=\"300\" srcset=\"https:\/\/jinancuchem.com\/wp-content\/uploads\/2025\/07\/\u672a\u6807\u9898-1-58-300x300.jpg 300w, https:\/\/jinancuchem.com\/wp-content\/uploads\/2025\/07\/\u672a\u6807\u9898-1-58-100x100.jpg 100w, https:\/\/jinancuchem.com\/wp-content\/uploads\/2025\/07\/\u672a\u6807\u9898-1-58-500x500.jpg 500w, https:\/\/jinancuchem.com\/wp-content\/uploads\/2025\/07\/\u672a\u6807\u9898-1-58-150x150.jpg 150w, https:\/\/jinancuchem.com\/wp-content\/uploads\/2025\/07\/\u672a\u6807\u9898-1-58-768x768.jpg 768w, https:\/\/jinancuchem.com\/wp-content\/uploads\/2025\/07\/\u672a\u6807\u9898-1-58-12x12.jpg 12w, https:\/\/jinancuchem.com\/wp-content\/uploads\/2025\/07\/\u672a\u6807\u9898-1-58.jpg 800w\" sizes=\"(max-width: 300px) 100vw, 300px\" \/><\/p>\n<p>&nbsp;<\/p>\n<h4>1.Propiedad del producto<\/h4>\n<p>S\u00f3lido fundido de color amarillo claro y fuerte olor irritante. Soluble en acetona, benceno, queroseno y nitrobenceno.<\/p>\n<h4>2.<\/h4>\n<p>&nbsp;<\/p>\n<table>\n<tbody>\n<tr>\n<td><strong><b>Par\u00e1metro<\/b><\/strong><\/td>\n<td width=\"308\"><strong><b>Especificaci\u00f3n<\/b><\/strong><\/td>\n<\/tr>\n<tr>\n<td><strong><b>Apariencia<\/b><\/strong><\/td>\n<td width=\"308\">S\u00f3lido\/l\u00edquido entre amarillo claro y marr\u00f3n<\/td>\n<\/tr>\n<tr>\n<td><strong><b>Pureza (GC, % peso)<\/b><\/strong><\/td>\n<td width=\"308\">\u2265 99,5% (calidad de pol\u00edmero)<\/td>\n<\/tr>\n<tr>\n<td><strong><b>Contenido NCO (peso %)<\/b><\/strong><\/td>\n<td width=\"308\">33,5 - 33,7 (MDI puro)<\/td>\n<\/tr>\n<tr>\n<td><strong><b>Cloruro hidrolizable<\/b><\/strong><\/td>\n<td width=\"308\">\u2264 0,01% (100 ppm)<\/td>\n<\/tr>\n<tr>\n<td><strong><b>Acidez (como HCl)<\/b><\/strong><\/td>\n<td width=\"308\">\u2264 0,002% (20 ppm)<\/td>\n<\/tr>\n<tr>\n<td><strong><b>Cloro total<\/b><\/strong><\/td>\n<td width=\"308\">\u2264 0,1% (1000 ppm)<\/td>\n<\/tr>\n<tr>\n<td><strong><b>Viscosidad (25\u00b0C, mPa-s)<\/b><\/strong><\/td>\n<td width=\"308\">150 - 250 (MDI l\u00edquido)<\/td>\n<\/tr>\n<tr>\n<td><strong><b>Contenido en agua<\/b><\/strong><\/td>\n<td width=\"308\">\u2264 0,05% (500 ppm)<\/td>\n<\/tr>\n<\/tbody>\n<\/table>\n<p>&nbsp;<\/p>\n<h4>3.\u00c1mbito de aplicaci\u00f3n y uso<\/h4>\n<p>Los productos principales de este art\u00edculo se utilizan ampliamente en revestimientos de poliuretano, y tambi\u00e9n se aplican en materiales impermeables, materiales de sellado, materiales cer\u00e1micos, etc. Los pl\u00e1sticos de espuma de poliuretano fabricados a partir de este art\u00edculo se utilizan como componentes de aislamiento (refrigeraci\u00f3n), materiales de construcci\u00f3n, piezas de veh\u00edculos y piezas de barcos. Los productos refinados pueden convertirse en parachoques de autom\u00f3viles, amortiguadores, cuero sint\u00e9tico, poliuretano no pl\u00e1stico, fibras el\u00e1sticas de poliuretano, fibras el\u00e1sticas no pl\u00e1sticas, pel\u00edculas para bl\u00edsteres, adhesivos, etc.<\/p>\n<h4>4.Embalaje y almacenamiento<\/h4>\n<p>El almac\u00e9n debe estar bien ventilado, mantenerse a baja temperatura y seco; los art\u00edculos que contengan agua, alcoholes y aminas deben almacenarse por separado.<\/p>","protected":false},"excerpt":{"rendered":"<p>\u3010CAS\u3011101-68-8 Alias: 1,1\u2019-methylenebis(4-isocyanato)-benzene;para,para\u2019-diphenylmethanediisocyanate Molecular formula: C15H10N2O2\u00a0\u00a0\u00a0Relative molecular mass: 250.25 Structural formula: &nbsp; 1.Product Property Light yellow molten solid with a strong irritating odor. Soluble in acetone, benzene, kerosene and nitrobenzene. 2. &nbsp; Parameter Specification Appearance Light yellow to brown solid\/liquid Purity (GC, % wt.) \u2265 99.5% (Polymer-grade) NCO Content (% wt.) 33.5 &#8211; 33.7 (Pure [&hellip;]<\/p>\n","protected":false},"featured_media":4705,"template":"","meta":{"_seopress_robots_primary_cat":"","_seopress_titles_title":"","_seopress_titles_desc":"","_seopress_robots_index":"","_uag_custom_page_level_css":"","site-sidebar-layout":"default","site-content-layout":"","ast-site-content-layout":"default","site-content-style":"default","site-sidebar-style":"default","ast-global-header-display":"","ast-banner-title-visibility":"","ast-main-header-display":"","ast-hfb-above-header-display":"","ast-hfb-below-header-display":"","ast-hfb-mobile-header-display":"","site-post-title":"","ast-breadcrumbs-content":"","ast-featured-img":"","footer-sml-layout":"","theme-transparent-header-meta":"default","adv-header-id-meta":"","stick-header-meta":"default","header-above-stick-meta":"","header-main-stick-meta":"","header-below-stick-meta":"","astra-migrate-meta-layouts":"set","ast-page-background-enabled":"default","ast-page-background-meta":{"desktop":{"background-color":"","background-image":"","background-repeat":"repeat","background-position":"center center","background-size":"auto","background-attachment":"scroll","background-type":"","background-media":"","overlay-type":"","overlay-color":"","overlay-opacity":"","overlay-gradient":""},"tablet":{"background-color":"","background-image":"","background-repeat":"repeat","background-position":"center center","background-size":"auto","background-attachment":"scroll","background-type":"","background-media":"","overlay-type":"","overlay-color":"","overlay-opacity":"","overlay-gradient":""},"mobile":{"background-color":"","background-image":"","background-repeat":"repeat","background-position":"center center","background-size":"auto","background-attachment":"scroll","background-type":"","background-media":"","overlay-type":"","overlay-color":"","overlay-opacity":"","overlay-gradient":""}},"ast-content-background-meta":{"desktop":{"background-color":"var(--ast-global-color-5)","background-image":"","background-repeat":"repeat","background-position":"center center","background-size":"auto","background-attachment":"scroll","background-type":"","background-media":"","overlay-type":"","overlay-color":"","overlay-opacity":"","overlay-gradient":""},"tablet":{"background-color":"var(--ast-global-color-5)","background-image":"","background-repeat":"repeat","background-position":"center center","background-size":"auto","background-attachment":"scroll","background-type":"","background-media":"","overlay-type":"","overlay-color":"","overlay-opacity":"","overlay-gradient":""},"mobile":{"background-color":"var(--ast-global-color-5)","background-image":"","background-repeat":"repeat","background-position":"center center","background-size":"auto","background-attachment":"scroll","background-type":"","background-media":"","overlay-type":"","overlay-color":"","overlay-opacity":"","overlay-gradient":""}}},"product_brand":[],"product_cat":[69],"product_tag":[],"class_list":{"0":"post-4694","1":"product","2":"type-product","3":"status-publish","4":"has-post-thumbnail","6":"product_cat-daily-chemical-product","7":"desktop-align-left","8":"tablet-align-left","9":"mobile-align-left","10":"ast-product-gallery-layout-horizontal-slider","11":"ast-product-gallery-with-no-image","12":"ast-product-tabs-layout-horizontal","14":"first","15":"instock","16":"shipping-taxable","17":"product-type-simple"},"uagb_featured_image_src":{"full":["https:\/\/jinancuchem.com\/wp-content\/uploads\/2025\/07\/\u672a\u6807\u9898-1-58.jpg",800,800,false],"thumbnail":["https:\/\/jinancuchem.com\/wp-content\/uploads\/2025\/07\/\u672a\u6807\u9898-1-58-150x150.jpg",150,150,true],"medium":["https:\/\/jinancuchem.com\/wp-content\/uploads\/2025\/07\/\u672a\u6807\u9898-1-58-300x300.jpg",300,300,true],"medium_large":["https:\/\/jinancuchem.com\/wp-content\/uploads\/2025\/07\/\u672a\u6807\u9898-1-58-768x768.jpg",768,768,true],"large":["https:\/\/jinancuchem.com\/wp-content\/uploads\/2025\/07\/\u672a\u6807\u9898-1-58.jpg",800,800,false],"1536x1536":["https:\/\/jinancuchem.com\/wp-content\/uploads\/2025\/07\/\u672a\u6807\u9898-1-58.jpg",800,800,false],"2048x2048":["https:\/\/jinancuchem.com\/wp-content\/uploads\/2025\/07\/\u672a\u6807\u9898-1-58.jpg",800,800,false],"trp-custom-language-flag":["https:\/\/jinancuchem.com\/wp-content\/uploads\/2025\/07\/\u672a\u6807\u9898-1-58-12x12.jpg",12,12,true],"woocommerce_thumbnail":["https:\/\/jinancuchem.com\/wp-content\/uploads\/2025\/07\/\u672a\u6807\u9898-1-58-300x300.jpg",300,300,true],"woocommerce_single":["https:\/\/jinancuchem.com\/wp-content\/uploads\/2025\/07\/\u672a\u6807\u9898-1-58-500x500.jpg",500,500,true],"woocommerce_gallery_thumbnail":["https:\/\/jinancuchem.com\/wp-content\/uploads\/2025\/07\/\u672a\u6807\u9898-1-58-100x100.jpg",100,100,true]},"uagb_author_info":{"display_name":"jinxing6611@gmail.com","author_link":"https:\/\/jinancuchem.com\/es\/author\/"},"uagb_comment_info":0,"uagb_excerpt":"\u3010CAS\u3011101-68-8 Alias: 1,1\u2019-methylenebis(4-isocyanato)-benzene;para,para\u2019-diphenylmethanediisocyanate Molecular formula: C15H10N2O2\u00a0\u00a0\u00a0Relative molecular mass: 250.25 Structural formula: &nbsp; 1.Product Property Light yellow molten solid with a strong irritating odor. Soluble in acetone, benzene, kerosene and nitrobenzene. 2. &nbsp; Parameter Specification Appearance Light yellow to brown solid\/liquid Purity (GC, % wt.) \u2265 99.5% (Polymer-grade) NCO Content (% wt.) 33.5 &#8211; 33.7 (Pure&hellip;","_links":{"self":[{"href":"https:\/\/jinancuchem.com\/es\/wp-json\/wp\/v2\/product\/4694","targetHints":{"allow":["GET"]}}],"collection":[{"href":"https:\/\/jinancuchem.com\/es\/wp-json\/wp\/v2\/product"}],"about":[{"href":"https:\/\/jinancuchem.com\/es\/wp-json\/wp\/v2\/types\/product"}],"wp:featuredmedia":[{"embeddable":true,"href":"https:\/\/jinancuchem.com\/es\/wp-json\/wp\/v2\/media\/4705"}],"wp:attachment":[{"href":"https:\/\/jinancuchem.com\/es\/wp-json\/wp\/v2\/media?parent=4694"}],"wp:term":[{"taxonomy":"product_brand","embeddable":true,"href":"https:\/\/jinancuchem.com\/es\/wp-json\/wp\/v2\/product_brand?post=4694"},{"taxonomy":"product_cat","embeddable":true,"href":"https:\/\/jinancuchem.com\/es\/wp-json\/wp\/v2\/product_cat?post=4694"},{"taxonomy":"product_tag","embeddable":true,"href":"https:\/\/jinancuchem.com\/es\/wp-json\/wp\/v2\/product_tag?post=4694"}],"curies":[{"name":"wp","href":"https:\/\/api.w.org\/{rel}","templated":true}]}}