{"id":4707,"date":"2025-07-25T07:06:19","date_gmt":"2025-07-25T07:06:19","guid":{"rendered":"https:\/\/jinancuchem.com\/?post_type=product&#038;p=4707"},"modified":"2025-07-25T07:06:20","modified_gmt":"2025-07-25T07:06:20","slug":"sodium-diacetate","status":"publish","type":"product","link":"https:\/\/jinancuchem.com\/es\/producto\/sodium-diacetate\/","title":{"rendered":"Diacetato de sodio"},"content":{"rendered":"<p>\u3010CAS\u3011126-96-5<\/p>\n<p>F\u00f3rmula qu\u00edmica: C2H5NaO2<\/p>\n<p>Peso molecular: 84,05<\/p>\n<p>\u3010F\u00f3rmula estructural\u3011<img alt=\"\" decoding=\"async\" class=\"alignnone size-full wp-image-4713\" src=\"https:\/\/jinancuchem.com\/wp-content\/uploads\/2025\/07\/\u56fe\u724763.png\" width=\"203\" height=\"217\" srcset=\"https:\/\/jinancuchem.com\/wp-content\/uploads\/2025\/07\/\u56fe\u724763.png 203w, https:\/\/jinancuchem.com\/wp-content\/uploads\/2025\/07\/\u56fe\u724763-11x12.png 11w\" sizes=\"(max-width: 203px) 100vw, 203px\" \/><\/p>\n<p>&nbsp;<\/p>\n<h4><strong><b>1\u3001Propiedades del producto<\/b><\/strong><\/h4>\n<p>El diacetato de sodio es un polvo cristalino blanco con un olor caracter\u00edstico a \u00e1cido ac\u00e9tico. Es libremente soluble en agua y presenta propiedades antimicrobianas, en particular contra mohos y bacterias. El compuesto es un complejo molecular de acetato de sodio y \u00e1cido ac\u00e9tico, que libera \u00e1cido ac\u00e9tico gradualmente en soluciones acuosas. Es estable en condiciones normales, pero puede descomponerse a temperaturas elevadas. Como aditivo alimentario, sirve tanto de conservante como de aromatizante, con estatus GRAS (Generally Recognized As Safe).<\/p>\n<h3><\/h3>\n<h4><strong><b>2. Normas de calidad<\/b><\/strong><\/h4>\n<table>\n<tbody>\n<tr>\n<td>Nombre del \u00edndice<\/td>\n<td>GB25538-2010<\/td>\n<\/tr>\n<tr>\n<td>\u00c1cido ac\u00e9tico libre<\/td>\n<td>39.0-41.0<\/td>\n<\/tr>\n<tr>\n<td>Acetato de sodio<\/td>\n<td>58.0-60.0<\/td>\n<\/tr>\n<tr>\n<td>Humedad, \u2264%<\/td>\n<td>2.0<\/td>\n<\/tr>\n<tr>\n<td>Metales pesados (As Pb) \u2264%<\/td>\n<td>0.001<\/td>\n<\/tr>\n<tr>\n<td>Valor PH(101TP3Soluci\u00f3nAgua)<\/td>\n<td>4.5-5.0<\/td>\n<\/tr>\n<tr>\n<td>Sustancias oxidizalle, \u2264%<\/td>\n<td>0.2<\/td>\n<\/tr>\n<tr>\n<td>Ars\u00e9nico<\/td>\n<td>0.0003<\/td>\n<\/tr>\n<tr>\n<td>Plomo<\/td>\n<td>0.0002<\/td>\n<\/tr>\n<\/tbody>\n<\/table>\n<h3><\/h3>\n<h4><strong><b>3. \u00c1mbito de aplicaci\u00f3n y uso<\/b><\/strong><\/h4>\n<p>El diacetato de sodio se utiliza ampliamente como conservante en productos horneados, productos c\u00e1rnicos y aperitivos para inhibir el crecimiento de moho y bacterias. Funciona como potenciador del sabor en aderezos y condimentos, proporcionando un suave sabor a vinagre. El compuesto es especialmente eficaz en la conservaci\u00f3n del pan, ya que prolonga su vida \u00fatil sin afectar a su calidad. En la alimentaci\u00f3n animal, act\u00faa como agente antimicrobiano y acidificante. Los niveles de uso aprobados var\u00edan seg\u00fan la aplicaci\u00f3n, oscilando normalmente entre 0,1% y 0,4% en productos alimentarios. Su liberaci\u00f3n gradual de \u00e1cido ac\u00e9tico lo hace m\u00e1s eficaz que la adici\u00f3n directa de vinagre en muchas aplicaciones.<\/p>\n<h3><\/h3>\n<h4><strong><b>4. Embalaje y almacenamiento<\/b><\/strong><\/h4>\n<p>El diacetato de sodio se envasa en bolsas de pl\u00e1stico como envase interior y en bolsas de papel kraft como envase exterior, con un peso neto de 25KG. Cuando lo almacene, mant\u00e9ngalo sellado, a bajas temperaturas, protegido de la humedad y de la luz solar. No almacenarlo junto con otras sustancias alcalinas o t\u00f3xicas. Durante el procesado de aditivos en piensos, deben evitarse las altas temperaturas para prevenir la descomposici\u00f3n del diacetato s\u00f3dico y reducir su efecto comestible.<\/p>","protected":false},"excerpt":{"rendered":"<p>\u3010CAS\u3011126-96-5 Chemical formula: C2H5NaO2 Molecular weight: 84.05 \u3010Structural Formula\u3011 &nbsp; 1\u3001\u200cProduct Property\u200c Sodium diacetate is a white crystalline powder with a characteristic acetic acid odor. It is freely soluble in water and exhibits antimicrobial properties, particularly against molds and bacteria. The compound is a molecular complex of sodium acetate and acetic acid, releasing acetic acid [&hellip;]<\/p>\n","protected":false},"featured_media":4714,"template":"","meta":{"_seopress_robots_primary_cat":"","_seopress_titles_title":"","_seopress_titles_desc":"","_seopress_robots_index":"","_uag_custom_page_level_css":"","site-sidebar-layout":"default","site-content-layout":"","ast-site-content-layout":"default","site-content-style":"default","site-sidebar-style":"default","ast-global-header-display":"","ast-banner-title-visibility":"","ast-main-header-display":"","ast-hfb-above-header-display":"","ast-hfb-below-header-display":"","ast-hfb-mobile-header-display":"","site-post-title":"","ast-breadcrumbs-content":"","ast-featured-img":"","footer-sml-layout":"","theme-transparent-header-meta":"default","adv-header-id-meta":"","stick-header-meta":"default","header-above-stick-meta":"","header-main-stick-meta":"","header-below-stick-meta":"","astra-migrate-meta-layouts":"set","ast-page-background-enabled":"default","ast-page-background-meta":{"desktop":{"background-color":"","background-image":"","background-repeat":"repeat","background-position":"center center","background-size":"auto","background-attachment":"scroll","background-type":"","background-media":"","overlay-type":"","overlay-color":"","overlay-opacity":"","overlay-gradient":""},"tablet":{"background-color":"","background-image":"","background-repeat":"repeat","background-position":"center center","background-size":"auto","background-attachment":"scroll","background-type":"","background-media":"","overlay-type":"","overlay-color":"","overlay-opacity":"","overlay-gradient":""},"mobile":{"background-color":"","background-image":"","background-repeat":"repeat","background-position":"center center","background-size":"auto","background-attachment":"scroll","background-type":"","background-media":"","overlay-type":"","overlay-color":"","overlay-opacity":"","overlay-gradient":""}},"ast-content-background-meta":{"desktop":{"background-color":"var(--ast-global-color-5)","background-image":"","background-repeat":"repeat","background-position":"center center","background-size":"auto","background-attachment":"scroll","background-type":"","background-media":"","overlay-type":"","overlay-color":"","overlay-opacity":"","overlay-gradient":""},"tablet":{"background-color":"var(--ast-global-color-5)","background-image":"","background-repeat":"repeat","background-position":"center center","background-size":"auto","background-attachment":"scroll","background-type":"","background-media":"","overlay-type":"","overlay-color":"","overlay-opacity":"","overlay-gradient":""},"mobile":{"background-color":"var(--ast-global-color-5)","background-image":"","background-repeat":"repeat","background-position":"center center","background-size":"auto","background-attachment":"scroll","background-type":"","background-media":"","overlay-type":"","overlay-color":"","overlay-opacity":"","overlay-gradient":""}}},"product_brand":[],"product_cat":[67],"product_tag":[],"class_list":{"0":"post-4707","1":"product","2":"type-product","3":"status-publish","4":"has-post-thumbnail","6":"product_cat-food-additives","7":"desktop-align-left","8":"tablet-align-left","9":"mobile-align-left","10":"ast-product-gallery-layout-horizontal-slider","11":"ast-product-gallery-with-no-image","12":"ast-product-tabs-layout-horizontal","14":"first","15":"instock","16":"shipping-taxable","17":"product-type-simple"},"uagb_featured_image_src":{"full":["https:\/\/jinancuchem.com\/wp-content\/uploads\/2025\/07\/63.png",800,800,false],"thumbnail":["https:\/\/jinancuchem.com\/wp-content\/uploads\/2025\/07\/63-150x150.png",150,150,true],"medium":["https:\/\/jinancuchem.com\/wp-content\/uploads\/2025\/07\/63-300x300.png",300,300,true],"medium_large":["https:\/\/jinancuchem.com\/wp-content\/uploads\/2025\/07\/63-768x768.png",768,768,true],"large":["https:\/\/jinancuchem.com\/wp-content\/uploads\/2025\/07\/63.png",800,800,false],"1536x1536":["https:\/\/jinancuchem.com\/wp-content\/uploads\/2025\/07\/63.png",800,800,false],"2048x2048":["https:\/\/jinancuchem.com\/wp-content\/uploads\/2025\/07\/63.png",800,800,false],"trp-custom-language-flag":["https:\/\/jinancuchem.com\/wp-content\/uploads\/2025\/07\/63-12x12.png",12,12,true],"woocommerce_thumbnail":["https:\/\/jinancuchem.com\/wp-content\/uploads\/2025\/07\/63-300x300.png",300,300,true],"woocommerce_single":["https:\/\/jinancuchem.com\/wp-content\/uploads\/2025\/07\/63-500x500.png",500,500,true],"woocommerce_gallery_thumbnail":["https:\/\/jinancuchem.com\/wp-content\/uploads\/2025\/07\/63-100x100.png",100,100,true]},"uagb_author_info":{"display_name":"jinxing6611@gmail.com","author_link":"https:\/\/jinancuchem.com\/es\/author\/"},"uagb_comment_info":0,"uagb_excerpt":"\u3010CAS\u3011126-96-5 Chemical formula: C2H5NaO2 Molecular weight: 84.05 \u3010Structural Formula\u3011 &nbsp; 1\u3001\u200cProduct Property\u200c Sodium diacetate is a white crystalline powder with a characteristic acetic acid odor. It is freely soluble in water and exhibits antimicrobial properties, particularly against molds and bacteria. The compound is a molecular complex of sodium acetate and acetic acid, releasing acetic acid&hellip;","_links":{"self":[{"href":"https:\/\/jinancuchem.com\/es\/wp-json\/wp\/v2\/product\/4707","targetHints":{"allow":["GET"]}}],"collection":[{"href":"https:\/\/jinancuchem.com\/es\/wp-json\/wp\/v2\/product"}],"about":[{"href":"https:\/\/jinancuchem.com\/es\/wp-json\/wp\/v2\/types\/product"}],"wp:featuredmedia":[{"embeddable":true,"href":"https:\/\/jinancuchem.com\/es\/wp-json\/wp\/v2\/media\/4714"}],"wp:attachment":[{"href":"https:\/\/jinancuchem.com\/es\/wp-json\/wp\/v2\/media?parent=4707"}],"wp:term":[{"taxonomy":"product_brand","embeddable":true,"href":"https:\/\/jinancuchem.com\/es\/wp-json\/wp\/v2\/product_brand?post=4707"},{"taxonomy":"product_cat","embeddable":true,"href":"https:\/\/jinancuchem.com\/es\/wp-json\/wp\/v2\/product_cat?post=4707"},{"taxonomy":"product_tag","embeddable":true,"href":"https:\/\/jinancuchem.com\/es\/wp-json\/wp\/v2\/product_tag?post=4707"}],"curies":[{"name":"wp","href":"https:\/\/api.w.org\/{rel}","templated":true}]}}