{"id":4716,"date":"2025-07-25T07:08:08","date_gmt":"2025-07-25T07:08:08","guid":{"rendered":"https:\/\/jinancuchem.com\/?post_type=product&#038;p=4716"},"modified":"2025-07-25T07:08:08","modified_gmt":"2025-07-25T07:08:08","slug":"sodium-dehydroacetate","status":"publish","type":"product","link":"https:\/\/jinancuchem.com\/es\/producto\/sodium-dehydroacetate\/","title":{"rendered":"Deshidroacetato de sodio"},"content":{"rendered":"<p>\u3010CAS\u30114418-26-2<\/p>\n<p>F\u00f3rmula qu\u00edmica: C8H7NaO4-H2O<\/p>\n<p>Peso molecular: 208,15<\/p>\n<p>\u3010F\u00f3rmula estructural\u3011<img alt=\"\" decoding=\"async\" class=\"alignnone size-full wp-image-4722\" src=\"https:\/\/jinancuchem.com\/wp-content\/uploads\/2025\/07\/\u56fe\u724764.png\" width=\"205\" height=\"189\" srcset=\"https:\/\/jinancuchem.com\/wp-content\/uploads\/2025\/07\/\u56fe\u724764.png 205w, https:\/\/jinancuchem.com\/wp-content\/uploads\/2025\/07\/\u56fe\u724764-13x12.png 13w\" sizes=\"(max-width: 205px) 100vw, 205px\" \/><\/p>\n<p>&nbsp;<\/p>\n<h4><strong><b>1\u3001Propiedades del producto<\/b><\/strong><\/h4>\n<p>El deshidroacetato s\u00f3dico es un polvo cristalino blanco o casi blanco, inodoro y ligeramente soluble en etanol\/acetona, pero muy soluble en agua, glicerol y propilenglicol. Presenta una excelente estabilidad t\u00e9rmica (estable a 120\u00b0C durante 2h) y neutralidad de pH (pH 7-8 en soluci\u00f3n). Como conservante de amplio espectro, inhibe mohos, levaduras y bacterias al interrumpir la respiraci\u00f3n microbiana\u3002.<\/p>\n<h3><\/h3>\n<h4><strong><b>2. Normas de calidad<\/b><\/strong><\/h4>\n<table>\n<tbody>\n<tr>\n<td width=\"246\"><strong><b>Art\u00edculo<\/b><\/strong><\/td>\n<td width=\"245\"><strong><b>Especificaci\u00f3n (calculada en base seca como C\u2088H\u2087NaO\u2084)<\/b><\/strong><\/td>\n<td width=\"97\"><strong><b>Resultado de la prueba<\/b><\/strong><\/td>\n<\/tr>\n<tr>\n<td width=\"246\">Contenido (con %)<\/td>\n<td width=\"245\">98.5 &#8211; 100.5<\/td>\n<td width=\"97\">99.97<\/td>\n<\/tr>\n<tr>\n<td width=\"246\">Humedad (con %)<\/td>\n<td width=\"245\">8.5 &#8211; 10.5<\/td>\n<td width=\"97\">8.8<\/td>\n<\/tr>\n<tr>\n<td width=\"246\">Cloruro (Calculado como Cl-, w\/%) \u2264<\/td>\n<td width=\"245\">0.011<\/td>\n<td width=\"97\">Cualificado<\/td>\n<\/tr>\n<tr>\n<td width=\"246\">Plomo (Calculado como Pb, mg\/kg) \u2264<\/td>\n<td width=\"245\">2<\/td>\n<td width=\"97\">Cualificado<\/td>\n<\/tr>\n<tr>\n<td width=\"246\">Ars\u00e9nico (calculado como As, mg\/kg) \u2264<\/td>\n<td width=\"245\">3<\/td>\n<td width=\"97\">Cualificado<\/td>\n<\/tr>\n<tr>\n<td width=\"246\">Prueba de \u00e1lcalis gratuita<\/td>\n<td width=\"245\">Pasar la prueba<\/td>\n<td width=\"97\">Pasar la prueba<\/td>\n<\/tr>\n<\/tbody>\n<\/table>\n<p>&nbsp;<\/p>\n<h4><strong><b>3. \u00c1mbito de aplicaci\u00f3n y uso<\/b><\/strong><\/h4>\n<p>El dehidroacetato s\u00f3dico es una nueva generaci\u00f3n de conservantes alimentarios tras el benzoato s\u00f3dico, los parabenos y el sorbato pot\u00e1sico. Tiene un buen efecto inhibidor sobre mohos, levaduras y bacterias, y se utiliza ampliamente en la elaboraci\u00f3n de bebidas, alimentos y piensos. Puede prolongar el periodo de almacenamiento y evitar p\u00e9rdidas por moho. Su mecanismo de acci\u00f3n consiste en penetrar eficazmente en el cuerpo celular, inhibir la respiraci\u00f3n de los microorganismos y lograr as\u00ed los efectos de anticorrosi\u00f3n, antimoho, conservaci\u00f3n y retenci\u00f3n de la humedad. El deshidroacetato de sodio tiene capacidad antibacteriana de amplio espectro, especialmente contra mohos y levaduras. Tiene un fuerte efecto inhibidor sobre las levaduras y mohos que causan el deterioro de los alimentos, con una concentraci\u00f3n inhibidora efectiva de 0,05%-0,1%, y la dosis general es de 0,03%-0,05%. Se utiliza principalmente para la cuajada de jud\u00edas fermentada, encurtidos y mermelada (dosis m\u00e1xima 0,3g \/kg); Base de sopa, pasteles, queso, crema, margarina, etc. (uso m\u00e1ximo 0,5g \/kg); La dosis m\u00e1xima en verduras saladas es 0,3g \/kg\u3002<\/p>\n<h3><\/h3>\n<h4><strong><b>4. Embalaje y almacenamiento<\/b><\/strong><\/h4>\n<p>Envasado en sacos kraft forrados de polietileno de 25 kg o en bidones de fibra. Almacenar a menos de 25\u00b0C en lugares secos y ventilados, lejos de \u00e1cidos y oxidantes. Caducidad: 24 meses. Evitar la humedad para evitar el apelmazamiento\u3002.<\/p>","protected":false},"excerpt":{"rendered":"<p>\u3010CAS\u30114418-26-2 Chemical formula: C8H7NaO4\u2022H2O Molecular weight: 208.15 \u3010Structural Formula\u3011 &nbsp; 1\u3001\u200cProduct Property\u200c Sodium dehydroacetate is a white or near-white crystalline powder, odorless, and slightly soluble in ethanol\/acetone but highly soluble in water, glycerol, and propylene glycol. It exhibits excellent thermal stability (stable at 120\u00b0C for 2h) and pH neutrality (pH 7\u20138 in solution). As a [&hellip;]<\/p>\n","protected":false},"featured_media":4724,"template":"","meta":{"_seopress_robots_primary_cat":"","_seopress_titles_title":"","_seopress_titles_desc":"","_seopress_robots_index":"","_uag_custom_page_level_css":"","site-sidebar-layout":"default","site-content-layout":"","ast-site-content-layout":"default","site-content-style":"default","site-sidebar-style":"default","ast-global-header-display":"","ast-banner-title-visibility":"","ast-main-header-display":"","ast-hfb-above-header-display":"","ast-hfb-below-header-display":"","ast-hfb-mobile-header-display":"","site-post-title":"","ast-breadcrumbs-content":"","ast-featured-img":"","footer-sml-layout":"","theme-transparent-header-meta":"default","adv-header-id-meta":"","stick-header-meta":"default","header-above-stick-meta":"","header-main-stick-meta":"","header-below-stick-meta":"","astra-migrate-meta-layouts":"set","ast-page-background-enabled":"default","ast-page-background-meta":{"desktop":{"background-color":"","background-image":"","background-repeat":"repeat","background-position":"center center","background-size":"auto","background-attachment":"scroll","background-type":"","background-media":"","overlay-type":"","overlay-color":"","overlay-opacity":"","overlay-gradient":""},"tablet":{"background-color":"","background-image":"","background-repeat":"repeat","background-position":"center center","background-size":"auto","background-attachment":"scroll","background-type":"","background-media":"","overlay-type":"","overlay-color":"","overlay-opacity":"","overlay-gradient":""},"mobile":{"background-color":"","background-image":"","background-repeat":"repeat","background-position":"center center","background-size":"auto","background-attachment":"scroll","background-type":"","background-media":"","overlay-type":"","overlay-color":"","overlay-opacity":"","overlay-gradient":""}},"ast-content-background-meta":{"desktop":{"background-color":"var(--ast-global-color-5)","background-image":"","background-repeat":"repeat","background-position":"center center","background-size":"auto","background-attachment":"scroll","background-type":"","background-media":"","overlay-type":"","overlay-color":"","overlay-opacity":"","overlay-gradient":""},"tablet":{"background-color":"var(--ast-global-color-5)","background-image":"","background-repeat":"repeat","background-position":"center center","background-size":"auto","background-attachment":"scroll","background-type":"","background-media":"","overlay-type":"","overlay-color":"","overlay-opacity":"","overlay-gradient":""},"mobile":{"background-color":"var(--ast-global-color-5)","background-image":"","background-repeat":"repeat","background-position":"center center","background-size":"auto","background-attachment":"scroll","background-type":"","background-media":"","overlay-type":"","overlay-color":"","overlay-opacity":"","overlay-gradient":""}}},"product_brand":[],"product_cat":[67],"product_tag":[],"class_list":{"0":"post-4716","1":"product","2":"type-product","3":"status-publish","4":"has-post-thumbnail","6":"product_cat-food-additives","7":"desktop-align-left","8":"tablet-align-left","9":"mobile-align-left","10":"ast-product-gallery-layout-horizontal-slider","11":"ast-product-gallery-with-no-image","12":"ast-product-tabs-layout-horizontal","14":"first","15":"instock","16":"shipping-taxable","17":"product-type-simple"},"uagb_featured_image_src":{"full":["https:\/\/jinancuchem.com\/wp-content\/uploads\/2025\/07\/64.png",800,800,false],"thumbnail":["https:\/\/jinancuchem.com\/wp-content\/uploads\/2025\/07\/64-150x150.png",150,150,true],"medium":["https:\/\/jinancuchem.com\/wp-content\/uploads\/2025\/07\/64-300x300.png",300,300,true],"medium_large":["https:\/\/jinancuchem.com\/wp-content\/uploads\/2025\/07\/64-768x768.png",768,768,true],"large":["https:\/\/jinancuchem.com\/wp-content\/uploads\/2025\/07\/64.png",800,800,false],"1536x1536":["https:\/\/jinancuchem.com\/wp-content\/uploads\/2025\/07\/64.png",800,800,false],"2048x2048":["https:\/\/jinancuchem.com\/wp-content\/uploads\/2025\/07\/64.png",800,800,false],"trp-custom-language-flag":["https:\/\/jinancuchem.com\/wp-content\/uploads\/2025\/07\/64-12x12.png",12,12,true],"woocommerce_thumbnail":["https:\/\/jinancuchem.com\/wp-content\/uploads\/2025\/07\/64-300x300.png",300,300,true],"woocommerce_single":["https:\/\/jinancuchem.com\/wp-content\/uploads\/2025\/07\/64-500x500.png",500,500,true],"woocommerce_gallery_thumbnail":["https:\/\/jinancuchem.com\/wp-content\/uploads\/2025\/07\/64-100x100.png",100,100,true]},"uagb_author_info":{"display_name":"jinxing6611@gmail.com","author_link":"https:\/\/jinancuchem.com\/es\/author\/"},"uagb_comment_info":0,"uagb_excerpt":"\u3010CAS\u30114418-26-2 Chemical formula: C8H7NaO4\u2022H2O Molecular weight: 208.15 \u3010Structural Formula\u3011 &nbsp; 1\u3001\u200cProduct Property\u200c Sodium dehydroacetate is a white or near-white crystalline powder, odorless, and slightly soluble in ethanol\/acetone but highly soluble in water, glycerol, and propylene glycol. It exhibits excellent thermal stability (stable at 120\u00b0C for 2h) and pH neutrality (pH 7\u20138 in solution). As a&hellip;","_links":{"self":[{"href":"https:\/\/jinancuchem.com\/es\/wp-json\/wp\/v2\/product\/4716","targetHints":{"allow":["GET"]}}],"collection":[{"href":"https:\/\/jinancuchem.com\/es\/wp-json\/wp\/v2\/product"}],"about":[{"href":"https:\/\/jinancuchem.com\/es\/wp-json\/wp\/v2\/types\/product"}],"wp:featuredmedia":[{"embeddable":true,"href":"https:\/\/jinancuchem.com\/es\/wp-json\/wp\/v2\/media\/4724"}],"wp:attachment":[{"href":"https:\/\/jinancuchem.com\/es\/wp-json\/wp\/v2\/media?parent=4716"}],"wp:term":[{"taxonomy":"product_brand","embeddable":true,"href":"https:\/\/jinancuchem.com\/es\/wp-json\/wp\/v2\/product_brand?post=4716"},{"taxonomy":"product_cat","embeddable":true,"href":"https:\/\/jinancuchem.com\/es\/wp-json\/wp\/v2\/product_cat?post=4716"},{"taxonomy":"product_tag","embeddable":true,"href":"https:\/\/jinancuchem.com\/es\/wp-json\/wp\/v2\/product_tag?post=4716"}],"curies":[{"name":"wp","href":"https:\/\/api.w.org\/{rel}","templated":true}]}}