{"id":4725,"date":"2025-07-25T07:09:50","date_gmt":"2025-07-25T07:09:50","guid":{"rendered":"https:\/\/jinancuchem.com\/?post_type=product&#038;p=4725"},"modified":"2025-07-25T07:09:51","modified_gmt":"2025-07-25T07:09:51","slug":"sodium-nitrite","status":"publish","type":"product","link":"https:\/\/jinancuchem.com\/es\/producto\/sodium-nitrite\/","title":{"rendered":"Nitrito de sodio"},"content":{"rendered":"<p>\u3010CAS\u30117632-00-0<\/p>\n<p>F\u00f3rmula qu\u00edmica: NaNO2<\/p>\n<p>Peso molecular: 69<\/p>\n<p>\u3010F\u00f3rmula estructural\u3011<img alt=\"\" decoding=\"async\" class=\"alignnone size-full wp-image-4731\" src=\"https:\/\/jinancuchem.com\/wp-content\/uploads\/2025\/07\/\u56fe\u724765.png\" width=\"173\" height=\"188\" srcset=\"https:\/\/jinancuchem.com\/wp-content\/uploads\/2025\/07\/\u56fe\u724765.png 173w, https:\/\/jinancuchem.com\/wp-content\/uploads\/2025\/07\/\u56fe\u724765-11x12.png 11w\" sizes=\"(max-width: 173px) 100vw, 173px\" \/><\/p>\n<h3><\/h3>\n<h4><strong><b>1\u3001Propiedades del producto<\/b><\/strong><\/h4>\n<p>El nitrito de sodio se presenta en forma de polvo o gr\u00e1nulos cristalinos de color blanco a amarillento, inodoros y con un sabor ligeramente salado. Muy soluble en agua (82g\/100mL a 20\u00b0C) y amon\u00edaco l\u00edquido, poco soluble en etanol\/metanol. Su soluci\u00f3n acuosa es alcalina (pH~9). Se descompone t\u00e9rmicamente a 320\u00b0C, liberando \u00f3xidos de nitr\u00f3geno t\u00f3xicos. Se oxida gradualmente en el aire para formar nitrato de sodio.<\/p>\n<h3><\/h3>\n<h4><b>2. <\/b><strong><b>Normas de calidad<\/b><\/strong><\/h4>\n<table>\n<tbody>\n<tr>\n<td><strong><b>Par\u00e1metro<\/b><\/strong><\/td>\n<td><strong><b>Especificaci\u00f3n de calidad alimentaria<\/b><\/strong><\/td>\n<\/tr>\n<tr>\n<td><strong><b>Ensayo (NaNO\u2082), % \u2265<\/b><\/strong><\/td>\n<td>99.0<\/td>\n<\/tr>\n<tr>\n<td><strong><b>Cloruro (Cl), % \u2264<\/b><\/strong><\/td>\n<td>0.10<\/td>\n<\/tr>\n<tr>\n<td><strong><b>Sulfato (SO\u2084), % \u2264<\/b><\/strong><\/td>\n<td>0.05<\/td>\n<\/tr>\n<tr>\n<td><strong><b>Metales pesados (Pb), ppm \u2264.<\/b><\/strong><\/td>\n<td>5<\/td>\n<\/tr>\n<tr>\n<td><strong><b>Ars\u00e9nico (As), en ppm \u2264.<\/b><\/strong><\/td>\n<td>2<\/td>\n<\/tr>\n<tr>\n<td><strong><b>Hierro (Fe), ppm \u2264.<\/b><\/strong><\/td>\n<td>10<\/td>\n<\/tr>\n<tr>\n<td><strong><b>Insoluble en agua, % \u2264.<\/b><\/strong><\/td>\n<td>0.01<\/td>\n<\/tr>\n<tr>\n<td><strong><b>Humedad, % \u2264<\/b><\/strong><\/td>\n<td>0.5<\/td>\n<\/tr>\n<tr>\n<td><strong><b>pH (soluci\u00f3n 50g\/L)<\/b><\/strong><\/td>\n<td>8-9<\/td>\n<\/tr>\n<\/tbody>\n<\/table>\n<p>&nbsp;<\/p>\n<h4><strong><b>3. \u00c1mbito de aplicaci\u00f3n y uso<\/b><\/strong><\/h4>\n<p>El nitrito de sodio tiene una amplia gama de usos. Como aditivo alimentario, el nitrito de sodio (NaNO2) tiene funciones de inhibici\u00f3n de bacterias, desarrollo del color, antioxidaci\u00f3n y mejora del sabor, y se utiliza ampliamente en la conservaci\u00f3n de productos c\u00e1rnicos. Adem\u00e1s de utilizarse como conservante alimentario, tambi\u00e9n es un excelente fijador del color y potenciador del sabor de los productos c\u00e1rnicos, especialmente aplicado en la industria del curado de la carne. El nitrito s\u00f3dico tambi\u00e9n puede utilizarse como agente anticorrosivo en la industria de fabricaci\u00f3n de productos de acero y como coagulante en la industria de la construcci\u00f3n. El nitrito s\u00f3dico tambi\u00e9n es un inhibidor de la corrosi\u00f3n an\u00f3dica y se utiliza mucho en la industria de la maquinaria. El nitrito s\u00f3dico reacciona con la superficie del metal formando una densa pel\u00edcula de \u00f3xido sobre ella. Esta capa protectora dificulta la ionizaci\u00f3n de la capa met\u00e1lica interior y suprime la reacci\u00f3n electroqu\u00edmica an\u00f3dica, ralentizando as\u00ed la corrosi\u00f3n electroqu\u00edmica del metal.<\/p>\n<p>&nbsp;<\/p>\n<h4><b>4. <\/b><strong><b>Embalaje y almacenamiento<\/b><\/strong><\/h4>\n<p>Envasado en bolsas tejidas forradas de polietileno de 25 kg o en bidones de hierro de 50 kg. Almacenar en lugar fresco (&lt;25\u00b0C), seco y ventilado, alejado de \u00e1cidos, productos inflamables y reductores. Caducidad: 24 meses. Cerrar herm\u00e9ticamente para evitar la absorci\u00f3n de humedad y la oxidaci\u00f3n.<\/p>","protected":false},"excerpt":{"rendered":"<p>\u3010CAS\u30117632-00-0 Chemical formula: NaNO2 Molecular weight: 69 \u3010Structural Formula\u3011 1\u3001\u200cProduct Property\u200c Sodium nitrite appears as white to yellowish crystalline powder or granules, odorless with a slightly salty taste. Highly soluble in water (82g\/100mL at 20\u00b0C) and liquid ammonia, weakly soluble in ethanol\/methanol. Its aqueous solution is alkaline (pH~9). Thermally decomposes at 320\u00b0C, releasing toxic nitrogen [&hellip;]<\/p>\n","protected":false},"featured_media":4733,"template":"","meta":{"_seopress_robots_primary_cat":"","_seopress_titles_title":"","_seopress_titles_desc":"","_seopress_robots_index":"","_uag_custom_page_level_css":"","site-sidebar-layout":"default","site-content-layout":"","ast-site-content-layout":"default","site-content-style":"default","site-sidebar-style":"default","ast-global-header-display":"","ast-banner-title-visibility":"","ast-main-header-display":"","ast-hfb-above-header-display":"","ast-hfb-below-header-display":"","ast-hfb-mobile-header-display":"","site-post-title":"","ast-breadcrumbs-content":"","ast-featured-img":"","footer-sml-layout":"","theme-transparent-header-meta":"default","adv-header-id-meta":"","stick-header-meta":"default","header-above-stick-meta":"","header-main-stick-meta":"","header-below-stick-meta":"","astra-migrate-meta-layouts":"set","ast-page-background-enabled":"default","ast-page-background-meta":{"desktop":{"background-color":"","background-image":"","background-repeat":"repeat","background-position":"center center","background-size":"auto","background-attachment":"scroll","background-type":"","background-media":"","overlay-type":"","overlay-color":"","overlay-opacity":"","overlay-gradient":""},"tablet":{"background-color":"","background-image":"","background-repeat":"repeat","background-position":"center center","background-size":"auto","background-attachment":"scroll","background-type":"","background-media":"","overlay-type":"","overlay-color":"","overlay-opacity":"","overlay-gradient":""},"mobile":{"background-color":"","background-image":"","background-repeat":"repeat","background-position":"center center","background-size":"auto","background-attachment":"scroll","background-type":"","background-media":"","overlay-type":"","overlay-color":"","overlay-opacity":"","overlay-gradient":""}},"ast-content-background-meta":{"desktop":{"background-color":"var(--ast-global-color-5)","background-image":"","background-repeat":"repeat","background-position":"center center","background-size":"auto","background-attachment":"scroll","background-type":"","background-media":"","overlay-type":"","overlay-color":"","overlay-opacity":"","overlay-gradient":""},"tablet":{"background-color":"var(--ast-global-color-5)","background-image":"","background-repeat":"repeat","background-position":"center center","background-size":"auto","background-attachment":"scroll","background-type":"","background-media":"","overlay-type":"","overlay-color":"","overlay-opacity":"","overlay-gradient":""},"mobile":{"background-color":"var(--ast-global-color-5)","background-image":"","background-repeat":"repeat","background-position":"center center","background-size":"auto","background-attachment":"scroll","background-type":"","background-media":"","overlay-type":"","overlay-color":"","overlay-opacity":"","overlay-gradient":""}}},"product_brand":[],"product_cat":[67],"product_tag":[],"class_list":{"0":"post-4725","1":"product","2":"type-product","3":"status-publish","4":"has-post-thumbnail","6":"product_cat-food-additives","7":"desktop-align-left","8":"tablet-align-left","9":"mobile-align-left","10":"ast-product-gallery-layout-horizontal-slider","11":"ast-product-gallery-with-no-image","12":"ast-product-tabs-layout-horizontal","14":"first","15":"instock","16":"shipping-taxable","17":"product-type-simple"},"uagb_featured_image_src":{"full":["https:\/\/jinancuchem.com\/wp-content\/uploads\/2025\/07\/65.png",800,800,false],"thumbnail":["https:\/\/jinancuchem.com\/wp-content\/uploads\/2025\/07\/65-150x150.png",150,150,true],"medium":["https:\/\/jinancuchem.com\/wp-content\/uploads\/2025\/07\/65-300x300.png",300,300,true],"medium_large":["https:\/\/jinancuchem.com\/wp-content\/uploads\/2025\/07\/65-768x768.png",768,768,true],"large":["https:\/\/jinancuchem.com\/wp-content\/uploads\/2025\/07\/65.png",800,800,false],"1536x1536":["https:\/\/jinancuchem.com\/wp-content\/uploads\/2025\/07\/65.png",800,800,false],"2048x2048":["https:\/\/jinancuchem.com\/wp-content\/uploads\/2025\/07\/65.png",800,800,false],"trp-custom-language-flag":["https:\/\/jinancuchem.com\/wp-content\/uploads\/2025\/07\/65-12x12.png",12,12,true],"woocommerce_thumbnail":["https:\/\/jinancuchem.com\/wp-content\/uploads\/2025\/07\/65-300x300.png",300,300,true],"woocommerce_single":["https:\/\/jinancuchem.com\/wp-content\/uploads\/2025\/07\/65-500x500.png",500,500,true],"woocommerce_gallery_thumbnail":["https:\/\/jinancuchem.com\/wp-content\/uploads\/2025\/07\/65-100x100.png",100,100,true]},"uagb_author_info":{"display_name":"jinxing6611@gmail.com","author_link":"https:\/\/jinancuchem.com\/es\/author\/"},"uagb_comment_info":0,"uagb_excerpt":"\u3010CAS\u30117632-00-0 Chemical formula: NaNO2 Molecular weight: 69 \u3010Structural Formula\u3011 1\u3001\u200cProduct Property\u200c Sodium nitrite appears as white to yellowish crystalline powder or granules, odorless with a slightly salty taste. Highly soluble in water (82g\/100mL at 20\u00b0C) and liquid ammonia, weakly soluble in ethanol\/methanol. Its aqueous solution is alkaline (pH~9). Thermally decomposes at 320\u00b0C, releasing toxic nitrogen&hellip;","_links":{"self":[{"href":"https:\/\/jinancuchem.com\/es\/wp-json\/wp\/v2\/product\/4725","targetHints":{"allow":["GET"]}}],"collection":[{"href":"https:\/\/jinancuchem.com\/es\/wp-json\/wp\/v2\/product"}],"about":[{"href":"https:\/\/jinancuchem.com\/es\/wp-json\/wp\/v2\/types\/product"}],"wp:featuredmedia":[{"embeddable":true,"href":"https:\/\/jinancuchem.com\/es\/wp-json\/wp\/v2\/media\/4733"}],"wp:attachment":[{"href":"https:\/\/jinancuchem.com\/es\/wp-json\/wp\/v2\/media?parent=4725"}],"wp:term":[{"taxonomy":"product_brand","embeddable":true,"href":"https:\/\/jinancuchem.com\/es\/wp-json\/wp\/v2\/product_brand?post=4725"},{"taxonomy":"product_cat","embeddable":true,"href":"https:\/\/jinancuchem.com\/es\/wp-json\/wp\/v2\/product_cat?post=4725"},{"taxonomy":"product_tag","embeddable":true,"href":"https:\/\/jinancuchem.com\/es\/wp-json\/wp\/v2\/product_tag?post=4725"}],"curies":[{"name":"wp","href":"https:\/\/api.w.org\/{rel}","templated":true}]}}