{"id":4734,"date":"2025-07-25T07:11:26","date_gmt":"2025-07-25T07:11:26","guid":{"rendered":"https:\/\/jinancuchem.com\/?post_type=product&#038;p=4734"},"modified":"2025-07-25T07:11:26","modified_gmt":"2025-07-25T07:11:26","slug":"orthophosphorus-acid","status":"publish","type":"product","link":"https:\/\/jinancuchem.com\/es\/producto\/orthophosphorus-acid\/","title":{"rendered":"\u00c1cido ortofosf\u00f3rico"},"content":{"rendered":"<p>\u3010CAS\u301110294-56-1<\/p>\n<p>Alias: \u00c1cido fosforoso<\/p>\n<p>F\u00f3rmula molecular: H<sub>3<\/sub>O<sub>3<\/sub>P Masa molecular relativa: 82<\/p>\n<p>F\u00f3rmula estructural:<img alt=\"\" fetchpriority=\"high\" decoding=\"async\" class=\"alignnone size-medium wp-image-4741\" src=\"https:\/\/jinancuchem.com\/wp-content\/uploads\/2025\/07\/\u672a\u6807\u9898-1-62-300x300.jpg\" width=\"300\" height=\"300\" srcset=\"https:\/\/jinancuchem.com\/wp-content\/uploads\/2025\/07\/\u672a\u6807\u9898-1-62-300x300.jpg 300w, https:\/\/jinancuchem.com\/wp-content\/uploads\/2025\/07\/\u672a\u6807\u9898-1-62-100x100.jpg 100w, https:\/\/jinancuchem.com\/wp-content\/uploads\/2025\/07\/\u672a\u6807\u9898-1-62-500x500.jpg 500w, https:\/\/jinancuchem.com\/wp-content\/uploads\/2025\/07\/\u672a\u6807\u9898-1-62-150x150.jpg 150w, https:\/\/jinancuchem.com\/wp-content\/uploads\/2025\/07\/\u672a\u6807\u9898-1-62-768x768.jpg 768w, https:\/\/jinancuchem.com\/wp-content\/uploads\/2025\/07\/\u672a\u6807\u9898-1-62-12x12.jpg 12w, https:\/\/jinancuchem.com\/wp-content\/uploads\/2025\/07\/\u672a\u6807\u9898-1-62.jpg 800w\" sizes=\"(max-width: 300px) 100vw, 300px\" \/><\/p>\n<p>&nbsp;<\/p>\n<h3>1.Propiedad del producto<\/h3>\n<p>El \u00e1cido fosf\u00f3rico, un compuesto inorg\u00e1nico, es soluble en agua y alcoholes. Se oxida lentamente en el aire a \u00e1cido ortofosf\u00f3rico. A 180\u2103, se descompone en fosfina y \u00e1cido ortofosf\u00f3rico. Es corrosivo. El \u00e1cido fosf\u00f3rico es un \u00e1cido binario en Chemicalbook. Su acidez es ligeramente m\u00e1s fuerte que la del \u00e1cido fosf\u00f3rico. Tiene una fuerte reducibilidad y puede reducir los iones de plata (Ag+) a plata met\u00e1lica (Ag), y puede reducir el \u00e1cido sulf\u00farico a di\u00f3xido de azufre.<\/p>\n<h3>2.<\/h3>\n<p>&nbsp;<\/p>\n<table>\n<tbody>\n<tr>\n<td><strong><b>Par\u00e1metro<\/b><\/strong><\/td>\n<td width=\"360\"><strong><b>Especificaci\u00f3n<\/b><\/strong><\/td>\n<\/tr>\n<tr>\n<td><strong><b>Apariencia<\/b><\/strong><\/td>\n<td width=\"360\">Polvo cristalino blanco o escamas<\/td>\n<\/tr>\n<tr>\n<td><strong><b>Ensayo (H\u2083PO\u2083, % peso)<\/b><\/strong><\/td>\n<td width=\"360\">\u2265 99,0% (Industrial), \u2265 99,5% (Reactivo)<\/td>\n<\/tr>\n<tr>\n<td><strong><b>\u00c1cido fosf\u00f3rico (H\u2083PO\u2084)<\/b><\/strong><\/td>\n<td width=\"360\">\u2264 0,5%<\/td>\n<\/tr>\n<tr>\n<td><strong><b>Insolubles en agua<\/b><\/strong><\/td>\n<td width=\"360\">\u2264 0,01%<\/td>\n<\/tr>\n<tr>\n<td><strong><b>pH (Soluci\u00f3n 1%)<\/b><\/strong><\/td>\n<td width=\"360\">1.5 &#8211; 2.5<\/td>\n<\/tr>\n<\/tbody>\n<\/table>\n<p>&nbsp;<\/p>\n<h3>3.\u00c1mbito de aplicaci\u00f3n y uso<\/h3>\n<p>Agricultura: El \u00e1cido fosf\u00f3rico es la materia prima para producir importantes fertilizantes fosfatados (como el superfosfato, el dihidrogenofosfato pot\u00e1sico, etc.) y tambi\u00e9n la materia prima para producir agentes nutritivos para piensos (dihidrogenofosfato c\u00e1lcico).<\/p>\n<p>Industria: El \u00e1cido fosf\u00f3rico es una importante materia prima qu\u00edmica. Sus principales funciones son las siguientes 1. Se utiliza para tratar la superficie de los metales, generando pel\u00edculas insolubles de fosfato sobre la superficie met\u00e1lica para proteger el metal de la corrosi\u00f3n. 2. Se mezcla con \u00e1cido n\u00edtrico como agente de pulido qu\u00edmico para mejorar la suavidad de la superficie met\u00e1lica. 3. Se utiliza para producir \u00e9steres de fosfato como materia prima para productos de limpieza y pesticidas. 4. 4. Se utiliza para producir materias primas para retardantes de llama que contienen f\u00f3sforo.<\/p>\n<p>Alimentos: El \u00e1cido fosf\u00f3rico es uno de los aditivos alimentarios. Se utiliza como acidulante y nutriente de levaduras en los alimentos. La cola contiene \u00e1cido fosf\u00f3rico. Las sales de fosfato tambi\u00e9n son importantes aditivos alimentarios y pueden utilizarse como potenciadores de nutrientes.<\/p>\n<p>Medicamentos: El \u00e1cido fosf\u00f3rico puede utilizarse para producir medicamentos que contienen f\u00f3sforo, como el glicerofosfato s\u00f3dico, etc.<\/p>\n<h3>4.Embalaje y almacenamiento<\/h3>\n<p>&nbsp;<\/p>\n<p>La zona de almacenamiento debe mantenerse fresca y bien ventilada, alejada de fuentes de fuego y altas temperaturas, y protegida de la luz solar directa.<\/p>\n<p>Manipulaci\u00f3n de envases: Utilizar recipientes resistentes a la corrosi\u00f3n (como polietileno o vidrio), y evitar el contacto con recipientes met\u00e1licos. Medidas de aislamiento: Almacenar separado de alimentos, piensos, oxidantes y otros productos qu\u00edmicos para evitar fugas o reacciones.<\/p>","protected":false},"excerpt":{"rendered":"<p>\u3010CAS\u301110294-56-1 Alias: Phosphorou acid Molecular formula: H3O3P \u00a0\u00a0Relative molecular mass: 82 Structural formula: &nbsp; 1.Product Property Phosphoric acid, an inorganic compound, is soluble in water and alcohols. It slowly oxidizes in the air to orthophosphoric acid. At 180\u2103, it decomposes into phosphine and orthophosphoric acid. It is corrosive. Phosphoric acid is a binary acid in [&hellip;]<\/p>\n","protected":false},"featured_media":4741,"template":"","meta":{"_seopress_robots_primary_cat":"","_seopress_titles_title":"","_seopress_titles_desc":"","_seopress_robots_index":"","_uag_custom_page_level_css":"","site-sidebar-layout":"default","site-content-layout":"","ast-site-content-layout":"default","site-content-style":"default","site-sidebar-style":"default","ast-global-header-display":"","ast-banner-title-visibility":"","ast-main-header-display":"","ast-hfb-above-header-display":"","ast-hfb-below-header-display":"","ast-hfb-mobile-header-display":"","site-post-title":"","ast-breadcrumbs-content":"","ast-featured-img":"","footer-sml-layout":"","theme-transparent-header-meta":"default","adv-header-id-meta":"","stick-header-meta":"default","header-above-stick-meta":"","header-main-stick-meta":"","header-below-stick-meta":"","astra-migrate-meta-layouts":"set","ast-page-background-enabled":"default","ast-page-background-meta":{"desktop":{"background-color":"","background-image":"","background-repeat":"repeat","background-position":"center center","background-size":"auto","background-attachment":"scroll","background-type":"","background-media":"","overlay-type":"","overlay-color":"","overlay-opacity":"","overlay-gradient":""},"tablet":{"background-color":"","background-image":"","background-repeat":"repeat","background-position":"center center","background-size":"auto","background-attachment":"scroll","background-type":"","background-media":"","overlay-type":"","overlay-color":"","overlay-opacity":"","overlay-gradient":""},"mobile":{"background-color":"","background-image":"","background-repeat":"repeat","background-position":"center center","background-size":"auto","background-attachment":"scroll","background-type":"","background-media":"","overlay-type":"","overlay-color":"","overlay-opacity":"","overlay-gradient":""}},"ast-content-background-meta":{"desktop":{"background-color":"var(--ast-global-color-5)","background-image":"","background-repeat":"repeat","background-position":"center center","background-size":"auto","background-attachment":"scroll","background-type":"","background-media":"","overlay-type":"","overlay-color":"","overlay-opacity":"","overlay-gradient":""},"tablet":{"background-color":"var(--ast-global-color-5)","background-image":"","background-repeat":"repeat","background-position":"center center","background-size":"auto","background-attachment":"scroll","background-type":"","background-media":"","overlay-type":"","overlay-color":"","overlay-opacity":"","overlay-gradient":""},"mobile":{"background-color":"var(--ast-global-color-5)","background-image":"","background-repeat":"repeat","background-position":"center center","background-size":"auto","background-attachment":"scroll","background-type":"","background-media":"","overlay-type":"","overlay-color":"","overlay-opacity":"","overlay-gradient":""}}},"product_brand":[],"product_cat":[69],"product_tag":[],"class_list":{"0":"post-4734","1":"product","2":"type-product","3":"status-publish","4":"has-post-thumbnail","6":"product_cat-daily-chemical-product","7":"desktop-align-left","8":"tablet-align-left","9":"mobile-align-left","10":"ast-product-gallery-layout-horizontal-slider","11":"ast-product-gallery-with-no-image","12":"ast-product-tabs-layout-horizontal","14":"first","15":"instock","16":"shipping-taxable","17":"product-type-simple"},"uagb_featured_image_src":{"full":["https:\/\/jinancuchem.com\/wp-content\/uploads\/2025\/07\/\u672a\u6807\u9898-1-62.jpg",800,800,false],"thumbnail":["https:\/\/jinancuchem.com\/wp-content\/uploads\/2025\/07\/\u672a\u6807\u9898-1-62-150x150.jpg",150,150,true],"medium":["https:\/\/jinancuchem.com\/wp-content\/uploads\/2025\/07\/\u672a\u6807\u9898-1-62-300x300.jpg",300,300,true],"medium_large":["https:\/\/jinancuchem.com\/wp-content\/uploads\/2025\/07\/\u672a\u6807\u9898-1-62-768x768.jpg",768,768,true],"large":["https:\/\/jinancuchem.com\/wp-content\/uploads\/2025\/07\/\u672a\u6807\u9898-1-62.jpg",800,800,false],"1536x1536":["https:\/\/jinancuchem.com\/wp-content\/uploads\/2025\/07\/\u672a\u6807\u9898-1-62.jpg",800,800,false],"2048x2048":["https:\/\/jinancuchem.com\/wp-content\/uploads\/2025\/07\/\u672a\u6807\u9898-1-62.jpg",800,800,false],"trp-custom-language-flag":["https:\/\/jinancuchem.com\/wp-content\/uploads\/2025\/07\/\u672a\u6807\u9898-1-62-12x12.jpg",12,12,true],"woocommerce_thumbnail":["https:\/\/jinancuchem.com\/wp-content\/uploads\/2025\/07\/\u672a\u6807\u9898-1-62-300x300.jpg",300,300,true],"woocommerce_single":["https:\/\/jinancuchem.com\/wp-content\/uploads\/2025\/07\/\u672a\u6807\u9898-1-62-500x500.jpg",500,500,true],"woocommerce_gallery_thumbnail":["https:\/\/jinancuchem.com\/wp-content\/uploads\/2025\/07\/\u672a\u6807\u9898-1-62-100x100.jpg",100,100,true]},"uagb_author_info":{"display_name":"jinxing6611@gmail.com","author_link":"https:\/\/jinancuchem.com\/es\/author\/"},"uagb_comment_info":0,"uagb_excerpt":"\u3010CAS\u301110294-56-1 Alias: Phosphorou acid Molecular formula: H3O3P \u00a0\u00a0Relative molecular mass: 82 Structural formula: &nbsp; 1.Product Property Phosphoric acid, an inorganic compound, is soluble in water and alcohols. It slowly oxidizes in the air to orthophosphoric acid. At 180\u2103, it decomposes into phosphine and orthophosphoric acid. It is corrosive. Phosphoric acid is a binary acid in&hellip;","_links":{"self":[{"href":"https:\/\/jinancuchem.com\/es\/wp-json\/wp\/v2\/product\/4734","targetHints":{"allow":["GET"]}}],"collection":[{"href":"https:\/\/jinancuchem.com\/es\/wp-json\/wp\/v2\/product"}],"about":[{"href":"https:\/\/jinancuchem.com\/es\/wp-json\/wp\/v2\/types\/product"}],"wp:featuredmedia":[{"embeddable":true,"href":"https:\/\/jinancuchem.com\/es\/wp-json\/wp\/v2\/media\/4741"}],"wp:attachment":[{"href":"https:\/\/jinancuchem.com\/es\/wp-json\/wp\/v2\/media?parent=4734"}],"wp:term":[{"taxonomy":"product_brand","embeddable":true,"href":"https:\/\/jinancuchem.com\/es\/wp-json\/wp\/v2\/product_brand?post=4734"},{"taxonomy":"product_cat","embeddable":true,"href":"https:\/\/jinancuchem.com\/es\/wp-json\/wp\/v2\/product_cat?post=4734"},{"taxonomy":"product_tag","embeddable":true,"href":"https:\/\/jinancuchem.com\/es\/wp-json\/wp\/v2\/product_tag?post=4734"}],"curies":[{"name":"wp","href":"https:\/\/api.w.org\/{rel}","templated":true}]}}