{"id":4784,"date":"2025-07-25T07:20:24","date_gmt":"2025-07-25T07:20:24","guid":{"rendered":"https:\/\/jinancuchem.com\/?post_type=product&#038;p=4784"},"modified":"2025-07-25T07:20:24","modified_gmt":"2025-07-25T07:20:24","slug":"c16-18-fatty-alcohol","status":"publish","type":"product","link":"https:\/\/jinancuchem.com\/es\/producto\/c16-18-fatty-alcohol\/","title":{"rendered":"Alcohol graso C16-18"},"content":{"rendered":"<p>CAS:67762-27-0<br \/>\nAlias: Alcohol cetear\u00edlico<br \/>\nF\u00f3rmula molecular: C\u2083\u2086H\u2087\u2084O<br \/>\nMasa molecular relativa: 522.96<\/p>\n<h3><strong><b>1. Propiedad del producto<\/b><\/strong><\/h3>\n<p>Los alcoholes C16-18, tambi\u00e9n conocidos como alcohol cetear\u00edlico, son una mezcla de alcoholes grasos con una longitud media de cadena de carbono de 16 a 18. Son s\u00f3lidos cerosos incoloros a amarillo p\u00e1lido con un olor suave caracter\u00edstico. Son s\u00f3lidos cerosos entre incoloros y amarillo p\u00e1lido con un suave olor caracter\u00edstico. Estos alcoholes no son vol\u00e1tiles y su punto de fusi\u00f3n oscila entre 48 y 55\u00baC. Son insolubles en agua pero solubles en disolventes org\u00e1nicos.<\/p>\n<h3><strong><b>2. Norma de calidad<\/b><\/strong><\/h3>\n<table>\n<tbody>\n<tr>\n<td><strong><b>Par\u00e1metro<\/b><\/strong><\/td>\n<td><strong><b>Especificaci\u00f3n<\/b><\/strong><\/td>\n<\/tr>\n<tr>\n<td>Apariencia<\/td>\n<td>S\u00f3lido incoloro a amarillo p\u00e1lido<\/td>\n<\/tr>\n<tr>\n<td>Pureza (GC)<\/td>\n<td>\u2265 98.0%<\/td>\n<\/tr>\n<tr>\n<td>Contenido en agua<\/td>\n<td>\u2264 0,5%<\/td>\n<\/tr>\n<tr>\n<td>\u00cdndice de acidez<\/td>\n<td>\u2264 0,5 mg KOH\/g<\/td>\n<\/tr>\n<tr>\n<td>\u00cdndice de saponificaci\u00f3n<\/td>\n<td>240-260 mg KOH\/g<\/td>\n<\/tr>\n<tr>\n<td>Valor de yodo<\/td>\n<td>\u2264 2,0 g I\u2082\/100g<\/td>\n<\/tr>\n<tr>\n<td>\u00c1cidos grasos libres<\/td>\n<td>\u2264 0,5%<\/td>\n<\/tr>\n<\/tbody>\n<\/table>\n<h3><strong><b>3. \u00c1mbito de aplicaci\u00f3n y uso<\/b><\/strong><\/h3>\n<p>Los alcoholes C16-18 se utilizan ampliamente en la industria cosm\u00e9tica como emolientes, espesantes y estabilizantes. Tambi\u00e9n se emplean en la producci\u00f3n de tensioactivos, lubricantes y plastificantes. Adem\u00e1s, sirven como productos intermedios en la s\u00edntesis de diversos productos qu\u00edmicos y se utilizan en la formulaci\u00f3n de lociones, cremas y productos para el cuidado del cabello debido a sus propiedades acondicionadoras de la piel.<\/p>\n<h3><strong><b>4. Embalaje y almacenamiento<\/b><\/strong><\/h3>\n<p>Los alcoholes C16-18 suelen envasarse en bidones forrados de pl\u00e1stico de 25 kg o 50 kg. Deben almacenarse en un lugar fresco, seco y bien ventilado, lejos de la luz solar directa y de la humedad. La temperatura de almacenamiento no debe superar los 30\u00b0C. Los bidones deben mantenerse sellados para evitar la contaminaci\u00f3n y la degradaci\u00f3n. Se recomienda utilizar el producto en el plazo de un a\u00f1o desde su compra para garantizar una calidad y un rendimiento \u00f3ptimos.<\/p>","protected":false},"excerpt":{"rendered":"<p>CAS:67762-27-0 Alias: Cetearyl Alcohol Molecular formula: C\u2083\u2086H\u2087\u2084O Relative molecular mass: 522.96 1. Product Property C16-18 alcohols, also known as cetearyl alcohol, are a mixture of fatty alcohols with an average carbon chain length of 16 to 18. They are colorless to pale yellow waxy solids with a mild characteristic odor. These alcohols are non-volatile and [&hellip;]<\/p>\n","protected":false},"featured_media":4791,"template":"","meta":{"_seopress_robots_primary_cat":"","_seopress_titles_title":"","_seopress_titles_desc":"","_seopress_robots_index":"","_uag_custom_page_level_css":"","site-sidebar-layout":"default","site-content-layout":"","ast-site-content-layout":"default","site-content-style":"default","site-sidebar-style":"default","ast-global-header-display":"","ast-banner-title-visibility":"","ast-main-header-display":"","ast-hfb-above-header-display":"","ast-hfb-below-header-display":"","ast-hfb-mobile-header-display":"","site-post-title":"","ast-breadcrumbs-content":"","ast-featured-img":"","footer-sml-layout":"","theme-transparent-header-meta":"default","adv-header-id-meta":"","stick-header-meta":"default","header-above-stick-meta":"","header-main-stick-meta":"","header-below-stick-meta":"","astra-migrate-meta-layouts":"set","ast-page-background-enabled":"default","ast-page-background-meta":{"desktop":{"background-color":"","background-image":"","background-repeat":"repeat","background-position":"center center","background-size":"auto","background-attachment":"scroll","background-type":"","background-media":"","overlay-type":"","overlay-color":"","overlay-opacity":"","overlay-gradient":""},"tablet":{"background-color":"","background-image":"","background-repeat":"repeat","background-position":"center center","background-size":"auto","background-attachment":"scroll","background-type":"","background-media":"","overlay-type":"","overlay-color":"","overlay-opacity":"","overlay-gradient":""},"mobile":{"background-color":"","background-image":"","background-repeat":"repeat","background-position":"center center","background-size":"auto","background-attachment":"scroll","background-type":"","background-media":"","overlay-type":"","overlay-color":"","overlay-opacity":"","overlay-gradient":""}},"ast-content-background-meta":{"desktop":{"background-color":"var(--ast-global-color-5)","background-image":"","background-repeat":"repeat","background-position":"center center","background-size":"auto","background-attachment":"scroll","background-type":"","background-media":"","overlay-type":"","overlay-color":"","overlay-opacity":"","overlay-gradient":""},"tablet":{"background-color":"var(--ast-global-color-5)","background-image":"","background-repeat":"repeat","background-position":"center center","background-size":"auto","background-attachment":"scroll","background-type":"","background-media":"","overlay-type":"","overlay-color":"","overlay-opacity":"","overlay-gradient":""},"mobile":{"background-color":"var(--ast-global-color-5)","background-image":"","background-repeat":"repeat","background-position":"center center","background-size":"auto","background-attachment":"scroll","background-type":"","background-media":"","overlay-type":"","overlay-color":"","overlay-opacity":"","overlay-gradient":""}}},"product_brand":[],"product_cat":[69],"product_tag":[],"class_list":{"0":"post-4784","1":"product","2":"type-product","3":"status-publish","4":"has-post-thumbnail","6":"product_cat-daily-chemical-product","7":"desktop-align-left","8":"tablet-align-left","9":"mobile-align-left","10":"ast-product-gallery-layout-horizontal-slider","11":"ast-product-gallery-with-no-image","12":"ast-product-tabs-layout-horizontal","14":"first","15":"instock","16":"shipping-taxable","17":"product-type-simple"},"uagb_featured_image_src":{"full":["https:\/\/jinancuchem.com\/wp-content\/uploads\/2025\/07\/\u672a\u6807\u9898-1-66.jpg",800,800,false],"thumbnail":["https:\/\/jinancuchem.com\/wp-content\/uploads\/2025\/07\/\u672a\u6807\u9898-1-66-150x150.jpg",150,150,true],"medium":["https:\/\/jinancuchem.com\/wp-content\/uploads\/2025\/07\/\u672a\u6807\u9898-1-66-300x300.jpg",300,300,true],"medium_large":["https:\/\/jinancuchem.com\/wp-content\/uploads\/2025\/07\/\u672a\u6807\u9898-1-66-768x768.jpg",768,768,true],"large":["https:\/\/jinancuchem.com\/wp-content\/uploads\/2025\/07\/\u672a\u6807\u9898-1-66.jpg",800,800,false],"1536x1536":["https:\/\/jinancuchem.com\/wp-content\/uploads\/2025\/07\/\u672a\u6807\u9898-1-66.jpg",800,800,false],"2048x2048":["https:\/\/jinancuchem.com\/wp-content\/uploads\/2025\/07\/\u672a\u6807\u9898-1-66.jpg",800,800,false],"trp-custom-language-flag":["https:\/\/jinancuchem.com\/wp-content\/uploads\/2025\/07\/\u672a\u6807\u9898-1-66-12x12.jpg",12,12,true],"woocommerce_thumbnail":["https:\/\/jinancuchem.com\/wp-content\/uploads\/2025\/07\/\u672a\u6807\u9898-1-66-300x300.jpg",300,300,true],"woocommerce_single":["https:\/\/jinancuchem.com\/wp-content\/uploads\/2025\/07\/\u672a\u6807\u9898-1-66-500x500.jpg",500,500,true],"woocommerce_gallery_thumbnail":["https:\/\/jinancuchem.com\/wp-content\/uploads\/2025\/07\/\u672a\u6807\u9898-1-66-100x100.jpg",100,100,true]},"uagb_author_info":{"display_name":"jinxing6611@gmail.com","author_link":"https:\/\/jinancuchem.com\/es\/author\/"},"uagb_comment_info":0,"uagb_excerpt":"CAS:67762-27-0 Alias: Cetearyl Alcohol Molecular formula: C\u2083\u2086H\u2087\u2084O Relative molecular mass: 522.96 1. Product Property C16-18 alcohols, also known as cetearyl alcohol, are a mixture of fatty alcohols with an average carbon chain length of 16 to 18. They are colorless to pale yellow waxy solids with a mild characteristic odor. These alcohols are non-volatile and&hellip;","_links":{"self":[{"href":"https:\/\/jinancuchem.com\/es\/wp-json\/wp\/v2\/product\/4784","targetHints":{"allow":["GET"]}}],"collection":[{"href":"https:\/\/jinancuchem.com\/es\/wp-json\/wp\/v2\/product"}],"about":[{"href":"https:\/\/jinancuchem.com\/es\/wp-json\/wp\/v2\/types\/product"}],"wp:featuredmedia":[{"embeddable":true,"href":"https:\/\/jinancuchem.com\/es\/wp-json\/wp\/v2\/media\/4791"}],"wp:attachment":[{"href":"https:\/\/jinancuchem.com\/es\/wp-json\/wp\/v2\/media?parent=4784"}],"wp:term":[{"taxonomy":"product_brand","embeddable":true,"href":"https:\/\/jinancuchem.com\/es\/wp-json\/wp\/v2\/product_brand?post=4784"},{"taxonomy":"product_cat","embeddable":true,"href":"https:\/\/jinancuchem.com\/es\/wp-json\/wp\/v2\/product_cat?post=4784"},{"taxonomy":"product_tag","embeddable":true,"href":"https:\/\/jinancuchem.com\/es\/wp-json\/wp\/v2\/product_tag?post=4784"}],"curies":[{"name":"wp","href":"https:\/\/api.w.org\/{rel}","templated":true}]}}